{"id":22580,"date":"2022-12-14T17:30:33","date_gmt":"2022-12-14T17:30:33","guid":{"rendered":"https:\/\/szeplast.com\/tenderi\/razvoj-i-implementacija-sistema-upravljanja-preduzecem-u-szeplast-zrt\/"},"modified":"2023-10-04T12:41:31","modified_gmt":"2023-10-04T12:41:31","slug":"razvoj-i-implementacija-sistema-upravljanja-preduzecem-u-szeplast-zrt","status":"publish","type":"page","link":"https:\/\/szeplast.com\/sr\/tenderi\/razvoj-i-implementacija-sistema-upravljanja-preduzecem-u-szeplast-zrt\/","title":{"rendered":"Razvoj i implementacija sistema upravljanja preduze\u0107em u Szeplast Zrt"},"content":{"rendered":"\t\t<div data-elementor-type=\"wp-page\" data-elementor-id=\"22580\" class=\"elementor elementor-22580 elementor-15103\">\n\t\t\t\t\t\t<section class=\"elementor-section elementor-top-section elementor-element elementor-element-a18aee9 elementor-section-height-min-height elementor-section-items-stretch elementor-section-stretched page-title elementor-section-boxed elementor-section-height-default\" data-id=\"a18aee9\" data-element_type=\"section\" data-e-type=\"section\" data-settings=\"{&quot;background_background&quot;:&quot;classic&quot;,&quot;stretch_section&quot;:&quot;section-stretched&quot;}\">\n\t\t\t\t\t\t<div class=\"elementor-container elementor-column-gap-default\">\n\t\t\t\t\t<div class=\"elementor-column elementor-col-100 elementor-top-column elementor-element elementor-element-928a4c6\" data-id=\"928a4c6\" data-element_type=\"column\" data-e-type=\"column\">\n\t\t\t<div class=\"elementor-widget-wrap elementor-element-populated\">\n\t\t\t\t\t\t<div class=\"elementor-element elementor-element-260db32 elementor-widget elementor-widget-image\" data-id=\"260db32\" data-element_type=\"widget\" data-e-type=\"widget\" data-settings=\"{&quot;_animation&quot;:&quot;none&quot;}\" data-widget_type=\"image.default\">\n\t\t\t\t<div class=\"elementor-widget-container\">\n\t\t\t\t\t\t\t\t\t\t\t\t\t\t\t<img decoding=\"async\" width=\"180\" height=\"180\" data-src=\"https:\/\/szeplast.com\/wp-content\/uploads\/2022\/11\/Logomark_Szeplast.png\" class=\"attachment-large size-large wp-image-11532 lazyload\" alt=\"Szeplast logomark\" data-srcset=\"https:\/\/szeplast.com\/wp-content\/uploads\/2022\/11\/Logomark_Szeplast.png 180w, https:\/\/szeplast.com\/wp-content\/uploads\/2022\/11\/Logomark_Szeplast-150x150.png 150w\" data-sizes=\"(max-width: 180px) 100vw, 180px\" src=\"data:image\/svg+xml;base64,PHN2ZyB3aWR0aD0iMSIgaGVpZ2h0PSIxIiB4bWxucz0iaHR0cDovL3d3dy53My5vcmcvMjAwMC9zdmciPjwvc3ZnPg==\" style=\"--smush-placeholder-width: 180px; --smush-placeholder-aspect-ratio: 180\/180;\" \/>\t\t\t\t\t\t\t\t\t\t\t\t\t\t\t<\/div>\n\t\t\t\t<\/div>\n\t\t\t\t<div class=\"elementor-element elementor-element-81fbd9b elementor-widget elementor-widget-industrium_heading\" data-id=\"81fbd9b\" data-element_type=\"widget\" data-e-type=\"widget\" data-widget_type=\"industrium_heading.default\">\n\t\t\t\t<div class=\"elementor-widget-container\">\n\t\t\t\t\t<div class=\"industrium-heading-widget\"><h1 class=\"industrium-heading\"><span class=\"industrium-heading-content\">Tenderi<\/span><\/h1><\/div>\t\t\t\t<\/div>\n\t\t\t\t<\/div>\n\t\t\t\t<div class=\"elementor-element elementor-element-e5a41ff elementor-widget elementor-widget-html\" data-id=\"e5a41ff\" data-element_type=\"widget\" data-e-type=\"widget\" data-widget_type=\"html.default\">\n\t\t\t\t<div class=\"elementor-widget-container\">\n\t\t\t\t\t<nav class=\"breadcrumbs\"><a href=\"https:\/\/szeplast.com\/sr\/\">Home<\/a><span class=\"delimiter\"><\/span><a href=\"https:\/\/szeplast.com\/sr\/tenderi\/\">Tenderi<\/a><span class=\"delimiter\"><\/span><span class=\"current\" style=\"color:#fff\">Razvoj i implementacija sistema upravljanja preduze\u0107em u Szeplast Zrt<\/span><\/nav>\r\n\t\t\t\t<\/div>\n\t\t\t\t<\/div>\n\t\t\t\t<div class=\"elementor-element elementor-element-8ea8485 elementor-absolute elementor-hidden-tablet elementor-hidden-mobile_extra elementor-hidden-mobile elementor-widget__width-auto animated-fast decoration-type-1 elementor-invisible elementor-widget elementor-widget-industrium_decoration\" data-id=\"8ea8485\" data-element_type=\"widget\" data-e-type=\"widget\" data-settings=\"{&quot;_position&quot;:&quot;absolute&quot;,&quot;_animation&quot;:&quot;industrium_decoration&quot;,&quot;_animation_tablet_extra&quot;:&quot;none&quot;,&quot;_animation_delay&quot;:300}\" data-widget_type=\"industrium_decoration.default\">\n\t\t\t\t<div class=\"elementor-widget-container\">\n\t\t\t\t\t        <div class=\"decoration-widget\">\n            <div class=\"decoration-container\">\n                <div class=\"industrium-decoration\">\n                    <div><\/div><div><\/div><div><\/div>\n                <\/div>\n            <\/div>\n        <\/div>\n        \t\t\t\t<\/div>\n\t\t\t\t<\/div>\n\t\t\t\t\t<\/div>\n\t\t<\/div>\n\t\t\t\t\t<\/div>\n\t\t<\/section>\n\t\t\t\t<section class=\"elementor-section elementor-top-section elementor-element elementor-element-68258b58 elementor-section-boxed elementor-section-height-default elementor-section-height-default\" data-id=\"68258b58\" data-element_type=\"section\" data-e-type=\"section\">\n\t\t\t\t\t\t<div class=\"elementor-container elementor-column-gap-default\">\n\t\t\t\t\t<div class=\"elementor-column elementor-col-100 elementor-top-column elementor-element elementor-element-129725c\" data-id=\"129725c\" data-element_type=\"column\" data-e-type=\"column\">\n\t\t\t<div class=\"elementor-widget-wrap elementor-element-populated\">\n\t\t\t\t\t\t<div class=\"elementor-element elementor-element-7324d6d0 elementor-widget elementor-widget-text-editor\" data-id=\"7324d6d0\" data-element_type=\"widget\" data-e-type=\"widget\" data-widget_type=\"text-editor.default\">\n\t\t\t\t<div class=\"elementor-widget-container\">\n\t\t\t\t\t\t\t\t\t\r\n<p><strong>ID projekta: <\/strong>&nbsp;GINOP-322-824-16-2019-01928<\/p>\r\n\r\n\r\n\r\n<p><strong>Ime korisnika:<\/strong>&nbsp;Szeplast Zrt.<br><strong>Naziv projekta: <\/strong>&nbsp; Razvoj i uvo\u0111enje sistema upravljanja preduze\u0107em u Szeplast Zrt <br><strong>Iznos bespovratne pomo\u0107i:<\/strong>&nbsp; 15.986.800 HUF <br><strong>Stopa subvencije:<\/strong>&nbsp;40%<br><strong>Iznos kredita za otplatu:<\/strong>&nbsp;16.386.470.-<br><strong>Iznos kredita za otplatu:<\/strong>&nbsp;41%<br><strong>Izvor:<\/strong>&nbsp;vropski fond za regionalni razvoj<br><strong>Datum zavr\u0161etka projekta: <\/strong>&nbsp; 14.06.2022. <\/p>\r\n\r\n\r\n\r\n<h3 class=\"has-text-color\" style=\"color:#1f2428\">Opis projekta<\/h3>\r\n\r\n\r\n\r\n<p>U okviru projekta dizajniran je, razvijen i uveden integrisan i fleksibilan kompleksan sistem upravljanja kompanijom, u kombinaciji sa edukacijom i obukom, koji pokriva celokupno poslovanje kompanije i podr\u017eava njene aktivnosti. Izgra\u0111en i implementiran kompleksan sistem upravljanja preduze\u0107em obuhvata slede\u0107e module: Korporativni CRM; Finansijsko ra\u010dunovodstvo; Nabavka, logistika; Podr\u0161ka proizvodnji; Kontrolisanje i podr\u0161ka odlu\u010divanju; Elektronsko upravljanje dokumentima<\/p>\r\n\r\n\r\n\r\n<div class=\"wp-block-columns\">\r\n<div class=\"wp-block-column\">\r\n<figure class=\"wp-block-image size-large\"><img fetchpriority=\"high\" decoding=\"async\" width=\"1024\" height=\"708\" src=\"https:\/\/szeplast.com\/wp-content\/uploads\/2022\/12\/ESZA-1024x708.png\" alt=\"\" class=\"wp-image-13625\" srcset=\"https:\/\/szeplast.com\/wp-content\/uploads\/2022\/12\/ESZA-1024x708.png 1024w, https:\/\/szeplast.com\/wp-content\/uploads\/2022\/12\/ESZA-300x207.png 300w, https:\/\/szeplast.com\/wp-content\/uploads\/2022\/12\/ESZA-768x531.png 768w, https:\/\/szeplast.com\/wp-content\/uploads\/2022\/12\/ESZA-835x578.png 835w, https:\/\/szeplast.com\/wp-content\/uploads\/2022\/12\/ESZA.png 1453w\" sizes=\"(max-width: 1024px) 100vw, 1024px\" \/><\/figure>\r\n<\/div>\r\n<\/div>\r\n\r\n\r\n\r\n<p><\/p>\r\n\t\t\t\t\t\t\t\t<\/div>\n\t\t\t\t<\/div>\n\t\t\t\t\t<\/div>\n\t\t<\/div>\n\t\t\t\t\t<\/div>\n\t\t<\/section>\n\t\t\t\t<\/div>\n\t\t","protected":false},"excerpt":{"rendered":"<p>HomeTenderiRazvoj i implementacija sistema upravljanja preduze\u0107em u Szeplast Zrt ID projekta: &nbsp;GINOP-322-824-16-2019-01928 Ime korisnika:&nbsp;Szeplast Zrt.Naziv projekta: &nbsp; Razvoj i uvo\u0111enje sistema upravljanja preduze\u0107em u Szeplast Zrt Iznos bespovratne pomo\u0107i:&nbsp; 15.986.800 HUF Stopa subvencije:&nbsp;40%Iznos kredita za otplatu:&nbsp;16.386.470.-Iznos kredita za otplatu:&nbsp;41%Izvor:&nbsp;vropski fond za&#8230;<\/p>\n","protected":false},"author":1,"featured_media":0,"parent":22466,"menu_order":0,"comment_status":"closed","ping_status":"closed","template":"","meta":{"om_disable_all_campaigns":false,"_monsterinsights_skip_tracking":false,"_monsterinsights_sitenote_active":false,"_monsterinsights_sitenote_note":"","_monsterinsights_sitenote_category":0,"footnotes":""},"class_list":["post-22580","page","type-page","status-publish","hentry"],"aioseo_notices":[],"_links":{"self":[{"href":"https:\/\/szeplast.com\/sr\/wp-json\/wp\/v2\/pages\/22580","targetHints":{"allow":["GET"]}}],"collection":[{"href":"https:\/\/szeplast.com\/sr\/wp-json\/wp\/v2\/pages"}],"about":[{"href":"https:\/\/szeplast.com\/sr\/wp-json\/wp\/v2\/types\/page"}],"author":[{"embeddable":true,"href":"https:\/\/szeplast.com\/sr\/wp-json\/wp\/v2\/users\/1"}],"replies":[{"embeddable":true,"href":"https:\/\/szeplast.com\/sr\/wp-json\/wp\/v2\/comments?post=22580"}],"version-history":[{"count":7,"href":"https:\/\/szeplast.com\/sr\/wp-json\/wp\/v2\/pages\/22580\/revisions"}],"predecessor-version":[{"id":22641,"href":"https:\/\/szeplast.com\/sr\/wp-json\/wp\/v2\/pages\/22580\/revisions\/22641"}],"up":[{"embeddable":true,"href":"https:\/\/szeplast.com\/sr\/wp-json\/wp\/v2\/pages\/22466"}],"wp:attachment":[{"href":"https:\/\/szeplast.com\/sr\/wp-json\/wp\/v2\/media?parent=22580"}],"curies":[{"name":"wp","href":"https:\/\/api.w.org\/{rel}","templated":true}]}}