{"id":22578,"date":"2022-12-14T17:19:49","date_gmt":"2022-12-14T17:19:49","guid":{"rendered":"https:\/\/szeplast.com\/tenderi\/prosirenje-proizvodnih-kapaciteta-u-szeplast-zrt\/"},"modified":"2023-10-04T12:36:52","modified_gmt":"2023-10-04T12:36:52","slug":"prosirenje-proizvodnih-kapaciteta-u-szeplast-zrt","status":"publish","type":"page","link":"https:\/\/szeplast.com\/sr\/tenderi\/prosirenje-proizvodnih-kapaciteta-u-szeplast-zrt\/","title":{"rendered":"Pro\u0161irenje proizvodnih kapaciteta u Szeplast Zrt"},"content":{"rendered":"\t\t<div data-elementor-type=\"wp-page\" data-elementor-id=\"22578\" class=\"elementor elementor-22578 elementor-15083\">\n\t\t\t\t\t\t<section class=\"elementor-section elementor-top-section elementor-element elementor-element-71dd454 elementor-section-height-min-height elementor-section-items-stretch elementor-section-stretched page-title elementor-section-boxed elementor-section-height-default\" data-id=\"71dd454\" data-element_type=\"section\" data-e-type=\"section\" data-settings=\"{&quot;background_background&quot;:&quot;classic&quot;,&quot;stretch_section&quot;:&quot;section-stretched&quot;}\">\n\t\t\t\t\t\t<div class=\"elementor-container elementor-column-gap-default\">\n\t\t\t\t\t<div class=\"elementor-column elementor-col-100 elementor-top-column elementor-element elementor-element-5cdcfcb\" data-id=\"5cdcfcb\" data-element_type=\"column\" data-e-type=\"column\">\n\t\t\t<div class=\"elementor-widget-wrap elementor-element-populated\">\n\t\t\t\t\t\t<div class=\"elementor-element elementor-element-428007d elementor-widget elementor-widget-image\" data-id=\"428007d\" data-element_type=\"widget\" data-e-type=\"widget\" data-settings=\"{&quot;_animation&quot;:&quot;none&quot;}\" data-widget_type=\"image.default\">\n\t\t\t\t<div class=\"elementor-widget-container\">\n\t\t\t\t\t\t\t\t\t\t\t\t\t\t\t<img decoding=\"async\" width=\"180\" height=\"180\" data-src=\"https:\/\/szeplast.com\/wp-content\/uploads\/2022\/11\/Logomark_Szeplast.png\" class=\"attachment-large size-large wp-image-11532 lazyload\" alt=\"Szeplast logomark\" data-srcset=\"https:\/\/szeplast.com\/wp-content\/uploads\/2022\/11\/Logomark_Szeplast.png 180w, https:\/\/szeplast.com\/wp-content\/uploads\/2022\/11\/Logomark_Szeplast-150x150.png 150w\" data-sizes=\"(max-width: 180px) 100vw, 180px\" src=\"data:image\/svg+xml;base64,PHN2ZyB3aWR0aD0iMSIgaGVpZ2h0PSIxIiB4bWxucz0iaHR0cDovL3d3dy53My5vcmcvMjAwMC9zdmciPjwvc3ZnPg==\" style=\"--smush-placeholder-width: 180px; --smush-placeholder-aspect-ratio: 180\/180;\" \/>\t\t\t\t\t\t\t\t\t\t\t\t\t\t\t<\/div>\n\t\t\t\t<\/div>\n\t\t\t\t<div class=\"elementor-element elementor-element-fa5f218 elementor-widget elementor-widget-industrium_heading\" data-id=\"fa5f218\" data-element_type=\"widget\" data-e-type=\"widget\" data-widget_type=\"industrium_heading.default\">\n\t\t\t\t<div class=\"elementor-widget-container\">\n\t\t\t\t\t<div class=\"industrium-heading-widget\"><h1 class=\"industrium-heading\"><span class=\"industrium-heading-content\">Tenderi<\/span><\/h1><\/div>\t\t\t\t<\/div>\n\t\t\t\t<\/div>\n\t\t\t\t<div class=\"elementor-element elementor-element-9f62d7e elementor-widget elementor-widget-html\" data-id=\"9f62d7e\" data-element_type=\"widget\" data-e-type=\"widget\" data-widget_type=\"html.default\">\n\t\t\t\t<div class=\"elementor-widget-container\">\n\t\t\t\t\t<nav class=\"breadcrumbs\"><a href=\"https:\/\/szeplast.com\/sr\/\">Home<\/a><span class=\"delimiter\"><\/span><a href=\"https:\/\/szeplast.com\/sr\/tenderi\/\">Tenderi<\/a><span class=\"delimiter\"><\/span><span class=\"current\" style=\"color:#fff\">Pro\u0161irenje proizvodnih kapaciteta u Szeplast Zrt<\/span><\/nav>\r\n\t\t\t\t<\/div>\n\t\t\t\t<\/div>\n\t\t\t\t<div class=\"elementor-element elementor-element-9fbe80e elementor-absolute elementor-hidden-tablet elementor-hidden-mobile_extra elementor-hidden-mobile elementor-widget__width-auto animated-fast decoration-type-1 elementor-invisible elementor-widget elementor-widget-industrium_decoration\" data-id=\"9fbe80e\" data-element_type=\"widget\" data-e-type=\"widget\" data-settings=\"{&quot;_position&quot;:&quot;absolute&quot;,&quot;_animation&quot;:&quot;industrium_decoration&quot;,&quot;_animation_tablet_extra&quot;:&quot;none&quot;,&quot;_animation_delay&quot;:300}\" data-widget_type=\"industrium_decoration.default\">\n\t\t\t\t<div class=\"elementor-widget-container\">\n\t\t\t\t\t        <div class=\"decoration-widget\">\n            <div class=\"decoration-container\">\n                <div class=\"industrium-decoration\">\n                    <div><\/div><div><\/div><div><\/div>\n                <\/div>\n            <\/div>\n        <\/div>\n        \t\t\t\t<\/div>\n\t\t\t\t<\/div>\n\t\t\t\t\t<\/div>\n\t\t<\/div>\n\t\t\t\t\t<\/div>\n\t\t<\/section>\n\t\t\t\t<section class=\"elementor-section elementor-top-section elementor-element elementor-element-6f0df25f elementor-section-boxed elementor-section-height-default elementor-section-height-default\" data-id=\"6f0df25f\" data-element_type=\"section\" data-e-type=\"section\">\n\t\t\t\t\t\t<div class=\"elementor-container elementor-column-gap-default\">\n\t\t\t\t\t<div class=\"elementor-column elementor-col-100 elementor-top-column elementor-element elementor-element-72bacc09\" data-id=\"72bacc09\" data-element_type=\"column\" data-e-type=\"column\">\n\t\t\t<div class=\"elementor-widget-wrap elementor-element-populated\">\n\t\t\t\t\t\t<div class=\"elementor-element elementor-element-2b8ae120 elementor-widget elementor-widget-text-editor\" data-id=\"2b8ae120\" data-element_type=\"widget\" data-e-type=\"widget\" data-widget_type=\"text-editor.default\">\n\t\t\t\t<div class=\"elementor-widget-container\">\n\t\t\t\t\t\t\t\t\t<p><strong>ID projekta: <\/strong>&nbsp;GINOP-121-16-2017-00368<\/p>\n<p><strong>Ime korisnika:<\/strong>&nbsp;Szeplast Zrt.&nbsp;<br>\n<strong>Naziv projekta:<\/strong>&nbsp;Pro\u0161irenje proizvodnih kapaciteta u Szeplast Zrt<br>\n<strong>Iznos ugovorene podr\u0161ke:<\/strong>&nbsp;499.976.244 HUF<br>\n<strong>Stopa subvencije: <\/strong>&nbsp;45,72 %<br>\n<strong>Izvor<\/strong>&nbsp;Evropski fond za regionalni razvoj<br>\n<strong>Planirani rok zavr\u0161etka projekta:<\/strong>&nbsp;31.05.2019.<\/p>\n<h3 class=\"has-text-color\" style=\"color: #1f2428;\">Opis projekta<\/h3>\n<p>Investicija je usmerena na razvoj osnovne delatnosti kompanije, proizvodnje plasti\u010dnih sirovina. Kao rezultat projekta sa ukupnim bud\u017eetom od skoro 1,1 milijardu HUF, proizvodni kapacitet kompanije bi\u0107e udvostru\u010den. Pu\u0161tanje u rad proizvodne opreme uklju\u010dene u investiciju doprinosi br\u017eem i ekonomi\u010dnijem zadovoljavanju potreba tr\u017ei\u0161ta, pove\u0107anju proizvodnih kapaciteta preduze\u0107a, o\u010duvanju i ja\u010danju njegove konkurentnosti i sposobnosti ostvarivanja prihoda.<\/p>\n<figure class=\"wp-block-image size-large\"><img fetchpriority=\"high\" decoding=\"async\" width=\"1024\" height=\"708\" class=\"wp-image-13625\" src=\"https:\/\/szeplast.com\/wp-content\/uploads\/2022\/12\/ESZA-1024x708.png\" alt=\"\" srcset=\"https:\/\/szeplast.com\/wp-content\/uploads\/2022\/12\/ESZA-1024x708.png 1024w, https:\/\/szeplast.com\/wp-content\/uploads\/2022\/12\/ESZA-300x207.png 300w, https:\/\/szeplast.com\/wp-content\/uploads\/2022\/12\/ESZA-768x531.png 768w, https:\/\/szeplast.com\/wp-content\/uploads\/2022\/12\/ESZA-835x578.png 835w, https:\/\/szeplast.com\/wp-content\/uploads\/2022\/12\/ESZA.png 1453w\" sizes=\"(max-width: 1024px) 100vw, 1024px\" \/><\/figure>\t\t\t\t\t\t\t\t<\/div>\n\t\t\t\t<\/div>\n\t\t\t\t\t<\/div>\n\t\t<\/div>\n\t\t\t\t\t<\/div>\n\t\t<\/section>\n\t\t\t\t<\/div>\n\t\t","protected":false},"excerpt":{"rendered":"<p>HomeTenderiPro\u0161irenje proizvodnih kapaciteta u Szeplast Zrt ID projekta: &nbsp;GINOP-121-16-2017-00368 Ime korisnika:&nbsp;Szeplast Zrt.&nbsp; Naziv projekta:&nbsp;Pro\u0161irenje proizvodnih kapaciteta u Szeplast Zrt Iznos ugovorene podr\u0161ke:&nbsp;499.976.244 HUF Stopa subvencije: &nbsp;45,72 % Izvor&nbsp;Evropski fond za regionalni razvoj Planirani rok zavr\u0161etka projekta:&nbsp;31.05.2019. Opis projekta Investicija je usmerena&#8230;<\/p>\n","protected":false},"author":1,"featured_media":0,"parent":22466,"menu_order":0,"comment_status":"closed","ping_status":"closed","template":"","meta":{"om_disable_all_campaigns":false,"_monsterinsights_skip_tracking":false,"_monsterinsights_sitenote_active":false,"_monsterinsights_sitenote_note":"","_monsterinsights_sitenote_category":0,"footnotes":""},"class_list":["post-22578","page","type-page","status-publish","hentry"],"aioseo_notices":[],"_links":{"self":[{"href":"https:\/\/szeplast.com\/sr\/wp-json\/wp\/v2\/pages\/22578","targetHints":{"allow":["GET"]}}],"collection":[{"href":"https:\/\/szeplast.com\/sr\/wp-json\/wp\/v2\/pages"}],"about":[{"href":"https:\/\/szeplast.com\/sr\/wp-json\/wp\/v2\/types\/page"}],"author":[{"embeddable":true,"href":"https:\/\/szeplast.com\/sr\/wp-json\/wp\/v2\/users\/1"}],"replies":[{"embeddable":true,"href":"https:\/\/szeplast.com\/sr\/wp-json\/wp\/v2\/comments?post=22578"}],"version-history":[{"count":5,"href":"https:\/\/szeplast.com\/sr\/wp-json\/wp\/v2\/pages\/22578\/revisions"}],"predecessor-version":[{"id":22632,"href":"https:\/\/szeplast.com\/sr\/wp-json\/wp\/v2\/pages\/22578\/revisions\/22632"}],"up":[{"embeddable":true,"href":"https:\/\/szeplast.com\/sr\/wp-json\/wp\/v2\/pages\/22466"}],"wp:attachment":[{"href":"https:\/\/szeplast.com\/sr\/wp-json\/wp\/v2\/media?parent=22578"}],"curies":[{"name":"wp","href":"https:\/\/api.w.org\/{rel}","templated":true}]}}