{"id":22536,"date":"2022-12-14T17:06:55","date_gmt":"2022-12-14T17:06:55","guid":{"rendered":"https:\/\/szeplast.com\/tenderi\/uvodjenje-fleksibilnog-zaposljavanja-u-szeplast-zrt\/"},"modified":"2023-10-04T11:04:56","modified_gmt":"2023-10-04T11:04:56","slug":"uvodjenje-fleksibilnog-zaposljavanja-u-szeplast-zrt","status":"publish","type":"page","link":"https:\/\/szeplast.com\/sr\/tenderi\/uvodjenje-fleksibilnog-zaposljavanja-u-szeplast-zrt\/","title":{"rendered":"Uvo\u0111enje fleksibilnog zapo\u0161ljavanja u Szeplast Zrt"},"content":{"rendered":"\t\t<div data-elementor-type=\"wp-page\" data-elementor-id=\"22536\" class=\"elementor elementor-22536 elementor-15061\">\n\t\t\t\t\t\t<section class=\"elementor-section elementor-top-section elementor-element elementor-element-bc16cbd elementor-section-height-min-height elementor-section-items-stretch elementor-section-stretched page-title elementor-section-boxed elementor-section-height-default\" data-id=\"bc16cbd\" data-element_type=\"section\" data-e-type=\"section\" data-settings=\"{&quot;background_background&quot;:&quot;classic&quot;,&quot;stretch_section&quot;:&quot;section-stretched&quot;}\">\n\t\t\t\t\t\t<div class=\"elementor-container elementor-column-gap-default\">\n\t\t\t\t\t<div class=\"elementor-column elementor-col-100 elementor-top-column elementor-element elementor-element-fa15af3\" data-id=\"fa15af3\" data-element_type=\"column\" data-e-type=\"column\">\n\t\t\t<div class=\"elementor-widget-wrap elementor-element-populated\">\n\t\t\t\t\t\t<div class=\"elementor-element elementor-element-4899318 elementor-widget elementor-widget-image\" data-id=\"4899318\" data-element_type=\"widget\" data-e-type=\"widget\" data-settings=\"{&quot;_animation&quot;:&quot;none&quot;}\" data-widget_type=\"image.default\">\n\t\t\t\t<div class=\"elementor-widget-container\">\n\t\t\t\t\t\t\t\t\t\t\t\t\t\t\t<img decoding=\"async\" width=\"180\" height=\"180\" data-src=\"https:\/\/szeplast.com\/wp-content\/uploads\/2022\/11\/Logomark_Szeplast.png\" class=\"attachment-large size-large wp-image-11532 lazyload\" alt=\"Szeplast logomark\" data-srcset=\"https:\/\/szeplast.com\/wp-content\/uploads\/2022\/11\/Logomark_Szeplast.png 180w, https:\/\/szeplast.com\/wp-content\/uploads\/2022\/11\/Logomark_Szeplast-150x150.png 150w\" data-sizes=\"(max-width: 180px) 100vw, 180px\" src=\"data:image\/svg+xml;base64,PHN2ZyB3aWR0aD0iMSIgaGVpZ2h0PSIxIiB4bWxucz0iaHR0cDovL3d3dy53My5vcmcvMjAwMC9zdmciPjwvc3ZnPg==\" style=\"--smush-placeholder-width: 180px; --smush-placeholder-aspect-ratio: 180\/180;\" \/>\t\t\t\t\t\t\t\t\t\t\t\t\t\t\t<\/div>\n\t\t\t\t<\/div>\n\t\t\t\t<div class=\"elementor-element elementor-element-83a39c4 elementor-widget elementor-widget-industrium_heading\" data-id=\"83a39c4\" data-element_type=\"widget\" data-e-type=\"widget\" data-widget_type=\"industrium_heading.default\">\n\t\t\t\t<div class=\"elementor-widget-container\">\n\t\t\t\t\t<div class=\"industrium-heading-widget\"><h1 class=\"industrium-heading\"><span class=\"industrium-heading-content\">P\u00e1ly\u00e1zatok<\/span><\/h1><\/div>\t\t\t\t<\/div>\n\t\t\t\t<\/div>\n\t\t\t\t<div class=\"elementor-element elementor-element-809e188 elementor-widget elementor-widget-html\" data-id=\"809e188\" data-element_type=\"widget\" data-e-type=\"widget\" data-widget_type=\"html.default\">\n\t\t\t\t<div class=\"elementor-widget-container\">\n\t\t\t\t\t<nav class=\"breadcrumbs\"><a href=\"https:\/\/szeplast.com\/sr\/\">Home<\/a><span class=\"delimiter\"><\/span><a href=\"https:\/\/szeplast.com\/sr\/tenderi\/\">Tenderi<\/a><span class=\"delimiter\"><\/span><span class=\"current\" style=\"color:#fff\">Uvo\u0111enje fleksibilnog zapo\u0161ljavanja u Szeplast Zrt<\/span><\/nav>\r\n\t\t\t\t<\/div>\n\t\t\t\t<\/div>\n\t\t\t\t<div class=\"elementor-element elementor-element-d99d276 elementor-absolute elementor-hidden-tablet elementor-hidden-mobile_extra elementor-hidden-mobile elementor-widget__width-auto animated-fast decoration-type-1 elementor-invisible elementor-widget elementor-widget-industrium_decoration\" data-id=\"d99d276\" data-element_type=\"widget\" data-e-type=\"widget\" data-settings=\"{&quot;_position&quot;:&quot;absolute&quot;,&quot;_animation&quot;:&quot;industrium_decoration&quot;,&quot;_animation_tablet_extra&quot;:&quot;none&quot;,&quot;_animation_delay&quot;:300}\" data-widget_type=\"industrium_decoration.default\">\n\t\t\t\t<div class=\"elementor-widget-container\">\n\t\t\t\t\t        <div class=\"decoration-widget\">\n            <div class=\"decoration-container\">\n                <div class=\"industrium-decoration\">\n                    <div><\/div><div><\/div><div><\/div>\n                <\/div>\n            <\/div>\n        <\/div>\n        \t\t\t\t<\/div>\n\t\t\t\t<\/div>\n\t\t\t\t\t<\/div>\n\t\t<\/div>\n\t\t\t\t\t<\/div>\n\t\t<\/section>\n\t\t\t\t<section class=\"elementor-section elementor-top-section elementor-element elementor-element-513304c5 elementor-section-boxed elementor-section-height-default elementor-section-height-default\" data-id=\"513304c5\" data-element_type=\"section\" data-e-type=\"section\">\n\t\t\t\t\t\t<div class=\"elementor-container elementor-column-gap-default\">\n\t\t\t\t\t<div class=\"elementor-column elementor-col-100 elementor-top-column elementor-element elementor-element-6063932a\" data-id=\"6063932a\" data-element_type=\"column\" data-e-type=\"column\">\n\t\t\t<div class=\"elementor-widget-wrap elementor-element-populated\">\n\t\t\t\t\t\t<div class=\"elementor-element elementor-element-1fd3792b elementor-widget elementor-widget-text-editor\" data-id=\"1fd3792b\" data-element_type=\"widget\" data-e-type=\"widget\" data-widget_type=\"text-editor.default\">\n\t\t\t\t<div class=\"elementor-widget-container\">\n\t\t\t\t\t\t\t\t\t\r\n<p><\/p>\r\n\r\n\r\n\r\n<p><strong>A projekt azonos\u00edt\u00f3 sz\u00e1ma:<\/strong>&nbsp;GINOP\u20135.3.2.\u201316\u20132017\u201300655<\/p>\r\n\r\n\r\n\r\n<p><strong>A kedvezm\u00e9nyezett neve:<\/strong>&nbsp;Szeplast Zrt.<br><strong>A projekt c\u00edme:<\/strong>&nbsp;Rugalmas foglalkoztat\u00e1s bevezet\u00e9se a Szeplast Zrt.-n\u00e9l<br><strong>A szerz\u0151d\u00f6tt t\u00e1mogat\u00e1s \u00f6sszege:<\/strong>&nbsp;12.640.770.- Ft<br><strong>A t\u00e1mogat\u00e1s m\u00e9rt\u00e9ke:<\/strong>&nbsp;100 %<br><strong>Forr\u00e1s:<\/strong>&nbsp;Eur\u00f3pai Szoci\u00e1lis Alap<br><strong>A projekt t\u00e9nyleges befejez\u00e9si d\u00e1tuma:<\/strong>&nbsp;2018. 10. 15.<\/p>\r\n\r\n\r\n\r\n<h3 class=\"has-text-color\" style=\"color:#1f2428\">A projekt le\u00edr\u00e1sa<\/h3>\r\n\r\n\r\n\r\n<p>Megl\u00e9v\u0151 koll\u00e9g\u00e1k r\u00e9sz\u00e9re bevezet\u00e9sre ker\u00fcltek a rugalmas foglalkoztat\u00e1si form\u00e1k, melyek el\u0151seg\u00edtik a rugalmasabb, optim\u00e1lis id\u0151beoszt\u00e1s\u00fa munkav\u00e9gz\u00e9s\u00fcket, ezzel seg\u00edtve az \u00e9lethelyzet\u00fckb\u0151l ered\u0151 feladatukat. A projekt keret\u00e9ben megval\u00f3sult fejleszt\u00e9s f\u0151 elemei: munkak\u00f6r\u00f6k \u00e1tszervez\u00e9se, megval\u00f3s\u00edtott vezet\u0151i \u00e9s munkav\u00e1llal\u00f3i felk\u00e9sz\u00edt\u00e9s, k\u00e9pz\u00e9s, coaching, munkahelyi mentor alkalmaz\u00e1sa, t\u00e1rgyi eszk\u00f6z\u00f6k beszerz\u00e9se.<\/p>\r\n\r\n\r\n\r\n<figure class=\"wp-block-image size-large\"><img fetchpriority=\"high\" decoding=\"async\" width=\"1024\" height=\"708\" src=\"https:\/\/szeplast.com\/wp-content\/uploads\/2022\/12\/ESZA-1024x708.png\" alt=\"\" class=\"wp-image-13625\" srcset=\"https:\/\/szeplast.com\/wp-content\/uploads\/2022\/12\/ESZA-1024x708.png 1024w, https:\/\/szeplast.com\/wp-content\/uploads\/2022\/12\/ESZA-300x207.png 300w, https:\/\/szeplast.com\/wp-content\/uploads\/2022\/12\/ESZA-768x531.png 768w, https:\/\/szeplast.com\/wp-content\/uploads\/2022\/12\/ESZA-835x578.png 835w, https:\/\/szeplast.com\/wp-content\/uploads\/2022\/12\/ESZA.png 1453w\" sizes=\"(max-width: 1024px) 100vw, 1024px\" \/><\/figure>\r\n\t\t\t\t\t\t\t\t<\/div>\n\t\t\t\t<\/div>\n\t\t\t\t\t<\/div>\n\t\t<\/div>\n\t\t\t\t\t<\/div>\n\t\t<\/section>\n\t\t\t\t<\/div>\n\t\t","protected":false},"excerpt":{"rendered":"<p>HomeTenderiUvo\u0111enje fleksibilnog zapo\u0161ljavanja u Szeplast Zrt A projekt azonos\u00edt\u00f3 sz\u00e1ma:&nbsp;GINOP\u20135.3.2.\u201316\u20132017\u201300655 A kedvezm\u00e9nyezett neve:&nbsp;Szeplast Zrt.A projekt c\u00edme:&nbsp;Rugalmas foglalkoztat\u00e1s bevezet\u00e9se a Szeplast Zrt.-n\u00e9lA szerz\u0151d\u00f6tt t\u00e1mogat\u00e1s \u00f6sszege:&nbsp;12.640.770.- FtA t\u00e1mogat\u00e1s m\u00e9rt\u00e9ke:&nbsp;100 %Forr\u00e1s:&nbsp;Eur\u00f3pai Szoci\u00e1lis AlapA projekt t\u00e9nyleges befejez\u00e9si d\u00e1tuma:&nbsp;2018. 10. 15. A projekt le\u00edr\u00e1sa Megl\u00e9v\u0151 koll\u00e9g\u00e1k&#8230;<\/p>\n","protected":false},"author":1,"featured_media":0,"parent":22466,"menu_order":0,"comment_status":"closed","ping_status":"closed","template":"","meta":{"om_disable_all_campaigns":false,"_monsterinsights_skip_tracking":false,"_monsterinsights_sitenote_active":false,"_monsterinsights_sitenote_note":"","_monsterinsights_sitenote_category":0,"footnotes":""},"class_list":["post-22536","page","type-page","status-publish","hentry"],"aioseo_notices":[],"_links":{"self":[{"href":"https:\/\/szeplast.com\/sr\/wp-json\/wp\/v2\/pages\/22536","targetHints":{"allow":["GET"]}}],"collection":[{"href":"https:\/\/szeplast.com\/sr\/wp-json\/wp\/v2\/pages"}],"about":[{"href":"https:\/\/szeplast.com\/sr\/wp-json\/wp\/v2\/types\/page"}],"author":[{"embeddable":true,"href":"https:\/\/szeplast.com\/sr\/wp-json\/wp\/v2\/users\/1"}],"replies":[{"embeddable":true,"href":"https:\/\/szeplast.com\/sr\/wp-json\/wp\/v2\/comments?post=22536"}],"version-history":[{"count":7,"href":"https:\/\/szeplast.com\/sr\/wp-json\/wp\/v2\/pages\/22536\/revisions"}],"predecessor-version":[{"id":22543,"href":"https:\/\/szeplast.com\/sr\/wp-json\/wp\/v2\/pages\/22536\/revisions\/22543"}],"up":[{"embeddable":true,"href":"https:\/\/szeplast.com\/sr\/wp-json\/wp\/v2\/pages\/22466"}],"wp:attachment":[{"href":"https:\/\/szeplast.com\/sr\/wp-json\/wp\/v2\/media?parent=22536"}],"curies":[{"name":"wp","href":"https:\/\/api.w.org\/{rel}","templated":true}]}}