{"id":22532,"date":"2022-12-14T17:22:20","date_gmt":"2022-12-14T17:22:20","guid":{"rendered":"https:\/\/szeplast.com\/tenderi\/tehnoloska-modernizacija-mikro-malih-i-srednjih-preduzeca\/"},"modified":"2023-10-04T12:39:53","modified_gmt":"2023-10-04T12:39:53","slug":"tehnoloska-modernizacija-mikro-malih-i-srednjih-preduzeca","status":"publish","type":"page","link":"https:\/\/szeplast.com\/sr\/tenderi\/tehnoloska-modernizacija-mikro-malih-i-srednjih-preduzeca\/","title":{"rendered":"Tehnolo\u0161ka modernizacija mikro, malih i srednjih preduze\u0107a"},"content":{"rendered":"\t\t<div data-elementor-type=\"wp-page\" data-elementor-id=\"22532\" class=\"elementor elementor-22532 elementor-15088\">\n\t\t\t\t\t\t<section class=\"elementor-section elementor-top-section elementor-element elementor-element-040fc42 elementor-section-height-min-height elementor-section-items-stretch elementor-section-stretched page-title elementor-section-boxed elementor-section-height-default\" data-id=\"040fc42\" data-element_type=\"section\" data-e-type=\"section\" data-settings=\"{&quot;background_background&quot;:&quot;classic&quot;,&quot;stretch_section&quot;:&quot;section-stretched&quot;}\">\n\t\t\t\t\t\t<div class=\"elementor-container elementor-column-gap-default\">\n\t\t\t\t\t<div class=\"elementor-column elementor-col-100 elementor-top-column elementor-element elementor-element-2d6a052\" data-id=\"2d6a052\" data-element_type=\"column\" data-e-type=\"column\">\n\t\t\t<div class=\"elementor-widget-wrap elementor-element-populated\">\n\t\t\t\t\t\t<div class=\"elementor-element elementor-element-a0e7750 elementor-widget elementor-widget-image\" data-id=\"a0e7750\" data-element_type=\"widget\" data-e-type=\"widget\" data-settings=\"{&quot;_animation&quot;:&quot;none&quot;}\" data-widget_type=\"image.default\">\n\t\t\t\t<div class=\"elementor-widget-container\">\n\t\t\t\t\t\t\t\t\t\t\t\t\t\t\t<img decoding=\"async\" width=\"180\" height=\"180\" data-src=\"https:\/\/szeplast.com\/wp-content\/uploads\/2022\/11\/Logomark_Szeplast.png\" class=\"attachment-large size-large wp-image-11532 lazyload\" alt=\"Szeplast logomark\" data-srcset=\"https:\/\/szeplast.com\/wp-content\/uploads\/2022\/11\/Logomark_Szeplast.png 180w, https:\/\/szeplast.com\/wp-content\/uploads\/2022\/11\/Logomark_Szeplast-150x150.png 150w\" data-sizes=\"(max-width: 180px) 100vw, 180px\" src=\"data:image\/svg+xml;base64,PHN2ZyB3aWR0aD0iMSIgaGVpZ2h0PSIxIiB4bWxucz0iaHR0cDovL3d3dy53My5vcmcvMjAwMC9zdmciPjwvc3ZnPg==\" style=\"--smush-placeholder-width: 180px; --smush-placeholder-aspect-ratio: 180\/180;\" \/>\t\t\t\t\t\t\t\t\t\t\t\t\t\t\t<\/div>\n\t\t\t\t<\/div>\n\t\t\t\t<div class=\"elementor-element elementor-element-74702a8 elementor-widget elementor-widget-industrium_heading\" data-id=\"74702a8\" data-element_type=\"widget\" data-e-type=\"widget\" data-widget_type=\"industrium_heading.default\">\n\t\t\t\t<div class=\"elementor-widget-container\">\n\t\t\t\t\t<div class=\"industrium-heading-widget\"><h1 class=\"industrium-heading\"><span class=\"industrium-heading-content\">P\u00e1ly\u00e1zatok<\/span><\/h1><\/div>\t\t\t\t<\/div>\n\t\t\t\t<\/div>\n\t\t\t\t<div class=\"elementor-element elementor-element-4637b17 elementor-widget elementor-widget-html\" data-id=\"4637b17\" data-element_type=\"widget\" data-e-type=\"widget\" data-widget_type=\"html.default\">\n\t\t\t\t<div class=\"elementor-widget-container\">\n\t\t\t\t\t<nav class=\"breadcrumbs\"><a href=\"https:\/\/szeplast.com\/sr\/\">Home<\/a><span class=\"delimiter\"><\/span><a href=\"https:\/\/szeplast.com\/sr\/tenderi\/\">Tenderi<\/a><span class=\"delimiter\"><\/span><span class=\"current\" style=\"color:#fff\">Tehnolo\u0161ka modernizacija mikro, malih i srednjih preduze\u0107a<\/span><\/nav>\r\n\t\t\t\t<\/div>\n\t\t\t\t<\/div>\n\t\t\t\t<div class=\"elementor-element elementor-element-d55708d elementor-absolute elementor-hidden-tablet elementor-hidden-mobile_extra elementor-hidden-mobile elementor-widget__width-auto animated-fast decoration-type-1 elementor-invisible elementor-widget elementor-widget-industrium_decoration\" data-id=\"d55708d\" data-element_type=\"widget\" data-e-type=\"widget\" data-settings=\"{&quot;_position&quot;:&quot;absolute&quot;,&quot;_animation&quot;:&quot;industrium_decoration&quot;,&quot;_animation_tablet_extra&quot;:&quot;none&quot;,&quot;_animation_delay&quot;:300}\" data-widget_type=\"industrium_decoration.default\">\n\t\t\t\t<div class=\"elementor-widget-container\">\n\t\t\t\t\t        <div class=\"decoration-widget\">\n            <div class=\"decoration-container\">\n                <div class=\"industrium-decoration\">\n                    <div><\/div><div><\/div><div><\/div>\n                <\/div>\n            <\/div>\n        <\/div>\n        \t\t\t\t<\/div>\n\t\t\t\t<\/div>\n\t\t\t\t\t<\/div>\n\t\t<\/div>\n\t\t\t\t\t<\/div>\n\t\t<\/section>\n\t\t\t\t<section class=\"elementor-section elementor-top-section elementor-element elementor-element-293d5b2f elementor-section-boxed elementor-section-height-default elementor-section-height-default\" data-id=\"293d5b2f\" data-element_type=\"section\" data-e-type=\"section\">\n\t\t\t\t\t\t<div class=\"elementor-container elementor-column-gap-default\">\n\t\t\t\t\t<div class=\"elementor-column elementor-col-100 elementor-top-column elementor-element elementor-element-6f0d4d1e\" data-id=\"6f0d4d1e\" data-element_type=\"column\" data-e-type=\"column\">\n\t\t\t<div class=\"elementor-widget-wrap elementor-element-populated\">\n\t\t\t\t\t\t<div class=\"elementor-element elementor-element-5491558a elementor-widget elementor-widget-text-editor\" data-id=\"5491558a\" data-element_type=\"widget\" data-e-type=\"widget\" data-widget_type=\"text-editor.default\">\n\t\t\t\t<div class=\"elementor-widget-container\">\n\t\t\t\t\t\t\t\t\t\r\n<p><strong>Identifikacioni broj projekta: <\/strong>&nbsp;GINOP-8.3.5-18<\/p>\r\n\r\n\r\n\r\n<p><strong>Ime korisnika:<\/strong>&nbsp;Szeplast Zrt.<br><strong>Naziv projekta:<\/strong>&nbsp; TEHNOLO\u0160KA MODERNIZACIJA MIKRO, MALIH I SREDNJIH PREDUZE\u0106A <br><strong>Iznos ugovorene podr\u0161ke:<\/strong>&nbsp;80.000.000 HUF<br><strong>Iznos podr\u0161ke:<\/strong>&nbsp;100 %<br><strong>Izvor:<\/strong>&nbsp; Evropski socijalni fond <br><strong>Planirani rok zavr\u0161etka projekta: <\/strong>&nbsp; 08.11.2020. <\/p>\r\n\r\n\r\n\r\n<h3 class=\"has-text-color\" style=\"color:#1f2428\">Opis projekta<\/h3>\r\n\r\n\r\n\r\n<p>Investicija je usmerena na razvoj osnovne delatnosti kompanije, proizvodnje plasti\u010dnih sirovina. Oprema nabavljena kao rezultat projekta sa ukupnim bud\u017eetom od skoro 1,1 milijardu forinti predstavlja najsavremeniju, najsavremeniju tehnologiju, uz pomo\u0107 koje mo\u017eete obavljati glavne aktivnosti kompanije na vi\u0161em nivou. standardno i sa modernijim procesom, sa iskorakom u kvalitetu i tehnologiji. Implementacija razvoja doprinosi br\u017eem i ekonomi\u010dnijem zadovoljavanju potreba tr\u017ei\u0161ta, pove\u0107anju proizvodnih kapaciteta preduze\u0107a, o\u010duvanju i ja\u010danju njegove konkurentnosti i sposobnosti ostvarivanja prihoda.<\/p>\r\n\r\n\r\n\r\n<figure class=\"wp-block-image size-large\"><img fetchpriority=\"high\" decoding=\"async\" width=\"1024\" height=\"708\" src=\"https:\/\/szeplast.com\/wp-content\/uploads\/2022\/12\/ESZA-1024x708.png\" alt=\"\" class=\"wp-image-13625\" srcset=\"https:\/\/szeplast.com\/wp-content\/uploads\/2022\/12\/ESZA-1024x708.png 1024w, https:\/\/szeplast.com\/wp-content\/uploads\/2022\/12\/ESZA-300x207.png 300w, https:\/\/szeplast.com\/wp-content\/uploads\/2022\/12\/ESZA-768x531.png 768w, https:\/\/szeplast.com\/wp-content\/uploads\/2022\/12\/ESZA-835x578.png 835w, https:\/\/szeplast.com\/wp-content\/uploads\/2022\/12\/ESZA.png 1453w\" sizes=\"(max-width: 1024px) 100vw, 1024px\" \/><\/figure>\r\n\t\t\t\t\t\t\t\t<\/div>\n\t\t\t\t<\/div>\n\t\t\t\t\t<\/div>\n\t\t<\/div>\n\t\t\t\t\t<\/div>\n\t\t<\/section>\n\t\t\t\t<\/div>\n\t\t","protected":false},"excerpt":{"rendered":"<p>HomeTenderiTehnolo\u0161ka modernizacija mikro, malih i srednjih preduze\u0107a Identifikacioni broj projekta: &nbsp;GINOP-8.3.5-18 Ime korisnika:&nbsp;Szeplast Zrt. Naziv projekta:&nbsp; TEHNOLO\u0160KA MODERNIZACIJA MIKRO, MALIH I SREDNJIH PREDUZE\u0106A Iznos ugovorene podr\u0161ke:&nbsp;80.000.000 HUF Iznos podr\u0161ke:&nbsp;100 % Izvor:&nbsp; Evropski socijalni fond Planirani rok zavr\u0161etka projekta: &nbsp; 08.11.2020. Opis&#8230;<\/p>\n","protected":false},"author":1,"featured_media":0,"parent":22466,"menu_order":0,"comment_status":"closed","ping_status":"closed","template":"","meta":{"om_disable_all_campaigns":false,"_monsterinsights_skip_tracking":false,"_monsterinsights_sitenote_active":false,"_monsterinsights_sitenote_note":"","_monsterinsights_sitenote_category":0,"footnotes":""},"class_list":["post-22532","page","type-page","status-publish","hentry"],"aioseo_notices":[],"_links":{"self":[{"href":"https:\/\/szeplast.com\/sr\/wp-json\/wp\/v2\/pages\/22532","targetHints":{"allow":["GET"]}}],"collection":[{"href":"https:\/\/szeplast.com\/sr\/wp-json\/wp\/v2\/pages"}],"about":[{"href":"https:\/\/szeplast.com\/sr\/wp-json\/wp\/v2\/types\/page"}],"author":[{"embeddable":true,"href":"https:\/\/szeplast.com\/sr\/wp-json\/wp\/v2\/users\/1"}],"replies":[{"embeddable":true,"href":"https:\/\/szeplast.com\/sr\/wp-json\/wp\/v2\/comments?post=22532"}],"version-history":[{"count":8,"href":"https:\/\/szeplast.com\/sr\/wp-json\/wp\/v2\/pages\/22532\/revisions"}],"predecessor-version":[{"id":22637,"href":"https:\/\/szeplast.com\/sr\/wp-json\/wp\/v2\/pages\/22532\/revisions\/22637"}],"up":[{"embeddable":true,"href":"https:\/\/szeplast.com\/sr\/wp-json\/wp\/v2\/pages\/22466"}],"wp:attachment":[{"href":"https:\/\/szeplast.com\/sr\/wp-json\/wp\/v2\/media?parent=22532"}],"curies":[{"name":"wp","href":"https:\/\/api.w.org\/{rel}","templated":true}]}}