{"id":22493,"date":"2022-12-14T17:16:40","date_gmt":"2022-12-14T17:16:40","guid":{"rendered":"https:\/\/szeplast.com\/tenderi\/razvoj-industri-4-0-resenja-u-szeplast-zrt\/"},"modified":"2023-10-04T12:39:05","modified_gmt":"2023-10-04T12:39:05","slug":"razvoj-industri-4-0-resenja-u-szeplast-zrt","status":"publish","type":"page","link":"https:\/\/szeplast.com\/sr\/tenderi\/razvoj-industri-4-0-resenja-u-szeplast-zrt\/","title":{"rendered":"Razvoj Industri 4.0 re\u0161enja u Szeplast Zrt"},"content":{"rendered":"\t\t<div data-elementor-type=\"wp-page\" data-elementor-id=\"22493\" class=\"elementor elementor-22493 elementor-15076\">\n\t\t\t\t\t\t<section class=\"elementor-section elementor-top-section elementor-element elementor-element-7665bfb elementor-section-height-min-height elementor-section-items-stretch elementor-section-stretched page-title elementor-section-boxed elementor-section-height-default\" data-id=\"7665bfb\" data-element_type=\"section\" data-e-type=\"section\" data-settings=\"{&quot;background_background&quot;:&quot;classic&quot;,&quot;stretch_section&quot;:&quot;section-stretched&quot;}\">\n\t\t\t\t\t\t<div class=\"elementor-container elementor-column-gap-default\">\n\t\t\t\t\t<div class=\"elementor-column elementor-col-100 elementor-top-column elementor-element elementor-element-597eacf\" data-id=\"597eacf\" data-element_type=\"column\" data-e-type=\"column\">\n\t\t\t<div class=\"elementor-widget-wrap elementor-element-populated\">\n\t\t\t\t\t\t<div class=\"elementor-element elementor-element-2a220a5 elementor-widget elementor-widget-image\" data-id=\"2a220a5\" data-element_type=\"widget\" data-e-type=\"widget\" data-settings=\"{&quot;_animation&quot;:&quot;none&quot;}\" data-widget_type=\"image.default\">\n\t\t\t\t<div class=\"elementor-widget-container\">\n\t\t\t\t\t\t\t\t\t\t\t\t\t\t\t<img decoding=\"async\" width=\"180\" height=\"180\" data-src=\"https:\/\/szeplast.com\/wp-content\/uploads\/2022\/11\/Logomark_Szeplast.png\" class=\"attachment-large size-large wp-image-11532 lazyload\" alt=\"Szeplast logomark\" data-srcset=\"https:\/\/szeplast.com\/wp-content\/uploads\/2022\/11\/Logomark_Szeplast.png 180w, https:\/\/szeplast.com\/wp-content\/uploads\/2022\/11\/Logomark_Szeplast-150x150.png 150w\" data-sizes=\"(max-width: 180px) 100vw, 180px\" src=\"data:image\/svg+xml;base64,PHN2ZyB3aWR0aD0iMSIgaGVpZ2h0PSIxIiB4bWxucz0iaHR0cDovL3d3dy53My5vcmcvMjAwMC9zdmciPjwvc3ZnPg==\" style=\"--smush-placeholder-width: 180px; --smush-placeholder-aspect-ratio: 180\/180;\" \/>\t\t\t\t\t\t\t\t\t\t\t\t\t\t\t<\/div>\n\t\t\t\t<\/div>\n\t\t\t\t<div class=\"elementor-element elementor-element-99ce4dc elementor-widget elementor-widget-industrium_heading\" data-id=\"99ce4dc\" data-element_type=\"widget\" data-e-type=\"widget\" data-widget_type=\"industrium_heading.default\">\n\t\t\t\t<div class=\"elementor-widget-container\">\n\t\t\t\t\t<div class=\"industrium-heading-widget\"><h1 class=\"industrium-heading\"><span class=\"industrium-heading-content\">Tenderi<\/span><\/h1><\/div>\t\t\t\t<\/div>\n\t\t\t\t<\/div>\n\t\t\t\t<div class=\"elementor-element elementor-element-08ac25a elementor-widget elementor-widget-html\" data-id=\"08ac25a\" data-element_type=\"widget\" data-e-type=\"widget\" data-widget_type=\"html.default\">\n\t\t\t\t<div class=\"elementor-widget-container\">\n\t\t\t\t\t<nav class=\"breadcrumbs\"><a href=\"https:\/\/szeplast.com\/sr\/\">Home<\/a><span class=\"delimiter\"><\/span><a href=\"https:\/\/szeplast.com\/sr\/tenderi\/\">Tenderi<\/a><span class=\"delimiter\"><\/span><span class=\"current\" style=\"color:#fff\">Razvoj Industri 4.0 re\u0161enja u Szeplast Zrt<\/span><\/nav>\r\n\t\t\t\t<\/div>\n\t\t\t\t<\/div>\n\t\t\t\t<div class=\"elementor-element elementor-element-3d79aa9 elementor-absolute elementor-hidden-tablet elementor-hidden-mobile_extra elementor-hidden-mobile elementor-widget__width-auto animated-fast decoration-type-1 elementor-invisible elementor-widget elementor-widget-industrium_decoration\" data-id=\"3d79aa9\" data-element_type=\"widget\" data-e-type=\"widget\" data-settings=\"{&quot;_position&quot;:&quot;absolute&quot;,&quot;_animation&quot;:&quot;industrium_decoration&quot;,&quot;_animation_tablet_extra&quot;:&quot;none&quot;,&quot;_animation_delay&quot;:300}\" data-widget_type=\"industrium_decoration.default\">\n\t\t\t\t<div class=\"elementor-widget-container\">\n\t\t\t\t\t        <div class=\"decoration-widget\">\n            <div class=\"decoration-container\">\n                <div class=\"industrium-decoration\">\n                    <div><\/div><div><\/div><div><\/div>\n                <\/div>\n            <\/div>\n        <\/div>\n        \t\t\t\t<\/div>\n\t\t\t\t<\/div>\n\t\t\t\t\t<\/div>\n\t\t<\/div>\n\t\t\t\t\t<\/div>\n\t\t<\/section>\n\t\t\t\t<section class=\"elementor-section elementor-top-section elementor-element elementor-element-332bd9d8 elementor-section-boxed elementor-section-height-default elementor-section-height-default\" data-id=\"332bd9d8\" data-element_type=\"section\" data-e-type=\"section\">\n\t\t\t\t\t\t<div class=\"elementor-container elementor-column-gap-default\">\n\t\t\t\t\t<div class=\"elementor-column elementor-col-100 elementor-top-column elementor-element elementor-element-30a88dd8\" data-id=\"30a88dd8\" data-element_type=\"column\" data-e-type=\"column\">\n\t\t\t<div class=\"elementor-widget-wrap elementor-element-populated\">\n\t\t\t\t\t\t<div class=\"elementor-element elementor-element-38172f0 elementor-widget elementor-widget-text-editor\" data-id=\"38172f0\" data-element_type=\"widget\" data-e-type=\"widget\" data-widget_type=\"text-editor.default\">\n\t\t\t\t<div class=\"elementor-widget-container\">\n\t\t\t\t\t\t\t\t\t<p><strong>ID projekta:<\/strong>&nbsp;GINOP\u2013128\u201317\u20132017\u201300004<\/p>\n<p><strong>Ime korisnika:<\/strong>&nbsp;Szeplast Zrt.&nbsp;<br><strong>Naziv projekta:<\/strong>&nbsp;Razvoj Industri 4.0 re\u0161enja u Szeplast Zrt<br><strong>Iznos ugovorene podr\u0161ke: <\/strong>&nbsp;397.849.999 HUF<br><strong>Stopa subvencije:<\/strong>&nbsp;50 %<br><strong>Izvor: <\/strong>&nbsp;Evropski fond za regionalni razvoj&nbsp;<br><strong>Planirani rok zavr\u0161etka projekta:<\/strong> 15. 05. 2019.&nbsp;<\/p>\n<h3 class=\"has-text-color\" style=\"color: #1f2428;\">Opis projekta:<\/h3>\n<p>Investicija je usmerena na razvoj osnovne delatnosti kompanije, proizvodnje plasti\u010dnih sirovina. Oprema nabavljena kao rezultat projekta sa ukupnim bud\u017eetom od skoro 1,1 milijardu forinti predstavlja najsavremeniju tehnologiju, uz pomo\u0107 koje mo\u017eete obavljati glavne aktivnosti kompanije na vi\u0161em nivou. standardno i sa modernijim procesom, sa iskorakom u kvalitetu i tehnologiji. Implementacija razvoja doprinosi br\u017eem i ekonomi\u010dnijem zadovoljavanju potreba tr\u017ei\u0161ta, pove\u0107anju proizvodnih kapaciteta preduze\u0107a, o\u010duvanju i ja\u010danju njegove konkurentnosti i sposobnosti ostvarivanja prihoda.<\/p>\n<figure class=\"wp-block-image size-large\"><img fetchpriority=\"high\" decoding=\"async\" width=\"1024\" height=\"708\" class=\"wp-image-13625\" src=\"https:\/\/szeplast.com\/wp-content\/uploads\/2022\/12\/ESZA-1024x708.png\" alt=\"\" srcset=\"https:\/\/szeplast.com\/wp-content\/uploads\/2022\/12\/ESZA-1024x708.png 1024w, https:\/\/szeplast.com\/wp-content\/uploads\/2022\/12\/ESZA-300x207.png 300w, https:\/\/szeplast.com\/wp-content\/uploads\/2022\/12\/ESZA-768x531.png 768w, https:\/\/szeplast.com\/wp-content\/uploads\/2022\/12\/ESZA-835x578.png 835w, https:\/\/szeplast.com\/wp-content\/uploads\/2022\/12\/ESZA.png 1453w\" sizes=\"(max-width: 1024px) 100vw, 1024px\" \/><\/figure>\t\t\t\t\t\t\t\t<\/div>\n\t\t\t\t<\/div>\n\t\t\t\t\t<\/div>\n\t\t<\/div>\n\t\t\t\t\t<\/div>\n\t\t<\/section>\n\t\t\t\t<\/div>\n\t\t","protected":false},"excerpt":{"rendered":"<p>HomeTenderiRazvoj Industri 4.0 re\u0161enja u Szeplast Zrt ID projekta:&nbsp;GINOP\u2013128\u201317\u20132017\u201300004 Ime korisnika:&nbsp;Szeplast Zrt.&nbsp;Naziv projekta:&nbsp;Razvoj Industri 4.0 re\u0161enja u Szeplast ZrtIznos ugovorene podr\u0161ke: &nbsp;397.849.999 HUFStopa subvencije:&nbsp;50 %Izvor: &nbsp;Evropski fond za regionalni razvoj&nbsp;Planirani rok zavr\u0161etka projekta: 15. 05. 2019.&nbsp; Opis projekta: Investicija je usmerena&#8230;<\/p>\n","protected":false},"author":1,"featured_media":0,"parent":22466,"menu_order":0,"comment_status":"closed","ping_status":"closed","template":"","meta":{"om_disable_all_campaigns":false,"_monsterinsights_skip_tracking":false,"_monsterinsights_sitenote_active":false,"_monsterinsights_sitenote_note":"","_monsterinsights_sitenote_category":0,"footnotes":""},"class_list":["post-22493","page","type-page","status-publish","hentry"],"aioseo_notices":[],"_links":{"self":[{"href":"https:\/\/szeplast.com\/sr\/wp-json\/wp\/v2\/pages\/22493","targetHints":{"allow":["GET"]}}],"collection":[{"href":"https:\/\/szeplast.com\/sr\/wp-json\/wp\/v2\/pages"}],"about":[{"href":"https:\/\/szeplast.com\/sr\/wp-json\/wp\/v2\/types\/page"}],"author":[{"embeddable":true,"href":"https:\/\/szeplast.com\/sr\/wp-json\/wp\/v2\/users\/1"}],"replies":[{"embeddable":true,"href":"https:\/\/szeplast.com\/sr\/wp-json\/wp\/v2\/comments?post=22493"}],"version-history":[{"count":19,"href":"https:\/\/szeplast.com\/sr\/wp-json\/wp\/v2\/pages\/22493\/revisions"}],"predecessor-version":[{"id":22636,"href":"https:\/\/szeplast.com\/sr\/wp-json\/wp\/v2\/pages\/22493\/revisions\/22636"}],"up":[{"embeddable":true,"href":"https:\/\/szeplast.com\/sr\/wp-json\/wp\/v2\/pages\/22466"}],"wp:attachment":[{"href":"https:\/\/szeplast.com\/sr\/wp-json\/wp\/v2\/media?parent=22493"}],"curies":[{"name":"wp","href":"https:\/\/api.w.org\/{rel}","templated":true}]}}