{"id":22487,"date":"2023-05-22T12:16:11","date_gmt":"2023-05-22T12:16:11","guid":{"rendered":"https:\/\/szeplast.com\/tenderi\/izvozno-orijentisano-prosirenje-kapaciteta-i-diverzifikacija-proizvoda\/"},"modified":"2024-12-11T09:38:36","modified_gmt":"2024-12-11T09:38:36","slug":"izvozno-orijentisano-prosirenje-kapaciteta-i-diverzifikacija-proizvoda","status":"publish","type":"page","link":"https:\/\/szeplast.com\/sr\/tenderi\/izvozno-orijentisano-prosirenje-kapaciteta-i-diverzifikacija-proizvoda\/","title":{"rendered":"Izvozno orijentisano pro\u0161irenje kapaciteta i diverzifikacija proizvoda"},"content":{"rendered":"\t\t<div data-elementor-type=\"wp-page\" data-elementor-id=\"22487\" class=\"elementor elementor-22487 elementor-19847\">\n\t\t\t\t\t\t<section class=\"elementor-section elementor-top-section elementor-element elementor-element-84c9617 elementor-section-height-min-height elementor-section-items-stretch elementor-section-stretched page-title elementor-section-boxed elementor-section-height-default\" data-id=\"84c9617\" data-element_type=\"section\" data-e-type=\"section\" data-settings=\"{&quot;background_background&quot;:&quot;classic&quot;,&quot;stretch_section&quot;:&quot;section-stretched&quot;}\">\n\t\t\t\t\t\t<div class=\"elementor-container elementor-column-gap-default\">\n\t\t\t\t\t<div class=\"elementor-column elementor-col-100 elementor-top-column elementor-element elementor-element-0757f92\" data-id=\"0757f92\" data-element_type=\"column\" data-e-type=\"column\">\n\t\t\t<div class=\"elementor-widget-wrap elementor-element-populated\">\n\t\t\t\t\t\t<div class=\"elementor-element elementor-element-4c349fe elementor-widget elementor-widget-image\" data-id=\"4c349fe\" data-element_type=\"widget\" data-e-type=\"widget\" data-settings=\"{&quot;_animation&quot;:&quot;none&quot;}\" data-widget_type=\"image.default\">\n\t\t\t\t<div class=\"elementor-widget-container\">\n\t\t\t\t\t\t\t\t\t\t\t\t\t\t\t<img decoding=\"async\" width=\"180\" height=\"180\" data-src=\"https:\/\/szeplast.com\/wp-content\/uploads\/2022\/11\/Logomark_Szeplast.png\" class=\"attachment-large size-large wp-image-11532 lazyload\" alt=\"Szeplast logomark\" data-srcset=\"https:\/\/szeplast.com\/wp-content\/uploads\/2022\/11\/Logomark_Szeplast.png 180w, https:\/\/szeplast.com\/wp-content\/uploads\/2022\/11\/Logomark_Szeplast-150x150.png 150w\" data-sizes=\"(max-width: 180px) 100vw, 180px\" src=\"data:image\/svg+xml;base64,PHN2ZyB3aWR0aD0iMSIgaGVpZ2h0PSIxIiB4bWxucz0iaHR0cDovL3d3dy53My5vcmcvMjAwMC9zdmciPjwvc3ZnPg==\" style=\"--smush-placeholder-width: 180px; --smush-placeholder-aspect-ratio: 180\/180;\" \/>\t\t\t\t\t\t\t\t\t\t\t\t\t\t\t<\/div>\n\t\t\t\t<\/div>\n\t\t\t\t<div class=\"elementor-element elementor-element-6190d41 elementor-widget elementor-widget-industrium_heading\" data-id=\"6190d41\" data-element_type=\"widget\" data-e-type=\"widget\" data-widget_type=\"industrium_heading.default\">\n\t\t\t\t<div class=\"elementor-widget-container\">\n\t\t\t\t\t<div class=\"industrium-heading-widget\"><h1 class=\"industrium-heading\"><span class=\"industrium-heading-content\">Tenderi<\/span><\/h1><\/div>\t\t\t\t<\/div>\n\t\t\t\t<\/div>\n\t\t\t\t<div class=\"elementor-element elementor-element-0e48dc1 elementor-widget elementor-widget-html\" data-id=\"0e48dc1\" data-element_type=\"widget\" data-e-type=\"widget\" data-widget_type=\"html.default\">\n\t\t\t\t<div class=\"elementor-widget-container\">\n\t\t\t\t\t<nav class=\"breadcrumbs\"><a href=\"https:\/\/szeplast.com\/sr\/\">Home<\/a><span class=\"delimiter\"><\/span><a href=\"https:\/\/szeplast.com\/sr\/tenderi\/\">Tenderi<\/a><span class=\"delimiter\"><\/span><span class=\"current\" style=\"color:#fff\">Izvozno orijentisano pro\u0161irenje kapaciteta i diverzifikacija proizvoda<\/span><\/nav>\r\n\t\t\t\t<\/div>\n\t\t\t\t<\/div>\n\t\t\t\t<div class=\"elementor-element elementor-element-6b8570c elementor-absolute elementor-hidden-tablet elementor-hidden-mobile_extra elementor-hidden-mobile elementor-widget__width-auto animated-fast decoration-type-1 elementor-invisible elementor-widget elementor-widget-industrium_decoration\" data-id=\"6b8570c\" data-element_type=\"widget\" data-e-type=\"widget\" data-settings=\"{&quot;_position&quot;:&quot;absolute&quot;,&quot;_animation&quot;:&quot;industrium_decoration&quot;,&quot;_animation_tablet_extra&quot;:&quot;none&quot;,&quot;_animation_delay&quot;:300}\" data-widget_type=\"industrium_decoration.default\">\n\t\t\t\t<div class=\"elementor-widget-container\">\n\t\t\t\t\t        <div class=\"decoration-widget\">\n            <div class=\"decoration-container\">\n                <div class=\"industrium-decoration\">\n                    <div><\/div><div><\/div><div><\/div>\n                <\/div>\n            <\/div>\n        <\/div>\n        \t\t\t\t<\/div>\n\t\t\t\t<\/div>\n\t\t\t\t\t<\/div>\n\t\t<\/div>\n\t\t\t\t\t<\/div>\n\t\t<\/section>\n\t\t\t\t<section class=\"elementor-section elementor-top-section elementor-element elementor-element-e2caba3 elementor-section-boxed elementor-section-height-default elementor-section-height-default\" data-id=\"e2caba3\" data-element_type=\"section\" data-e-type=\"section\">\n\t\t\t\t\t\t<div class=\"elementor-container elementor-column-gap-default\">\n\t\t\t\t\t<div class=\"elementor-column elementor-col-100 elementor-top-column elementor-element elementor-element-386f963\" data-id=\"386f963\" data-element_type=\"column\" data-e-type=\"column\">\n\t\t\t<div class=\"elementor-widget-wrap elementor-element-populated\">\n\t\t\t\t\t\t<div class=\"elementor-element elementor-element-75aa041 elementor-widget elementor-widget-text-editor\" data-id=\"75aa041\" data-element_type=\"widget\" data-e-type=\"widget\" data-widget_type=\"text-editor.default\">\n\t\t\t\t<div class=\"elementor-widget-container\">\n\t\t\t\t\t\t\t\t\t<p><strong style=\"letter-spacing: 0em;\">Identifikacioni broj projekta: <\/strong><span style=\"letter-spacing: 0em;\">\u00a0GINOP_PLUSZ-1.1.2-21-2022-00070<\/span><\/p><p><strong>Ime korisnika:<\/strong>\u00a0Szeplast Zrt.<br \/><strong>Naziv projekta:\u00a0<\/strong>Izvozno orijentisano pro\u0161irenje kapaciteta i diverzifikacija proizvoda, kao i dalje pove\u0107anje vrednosti brenda Szeplast Zrt., dono\u0161enjem nove linije proizvoda na strana tr\u017ei\u0161ta<br \/><strong> Ukupni tro\u0161kovi projekta: \u00a0<\/strong> 1.263.211.261 HUF<br \/><strong> Iznos subvencije: <\/strong> 631.605.630 HUF\u00a0<br \/><strong> Intenzitet podr\u0161ke: <\/strong>\u00a050 %<br \/><strong>Mesto implementacije:<\/strong>\u00a06728 Szeged, Vass M\u00e1ty\u00e1s \u00fat 5.<br \/><strong>Datum zavr\u0161etka projekta: <\/strong>\u00a02024. november<\/p><h4 style=\"font-weight: 400;\"><strong>Cilj projekta:<\/strong><\/h4><p style=\"font-weight: 400;\">Pro\u0161irenje proizvodnih kapaciteta PVC granula, stvaranje neophodnih proizvodnih kapaciteta za proizvodnju nove vrste inovativnog proizvoda od plasti\u010dne granule sirovine, razvoj parka opreme za kontrolu kvaliteta i razvoj infrastrukture lokacije za smanjenje uticaja na \u017eivotnu sredinu.<\/p><p style=\"font-weight: 400;\">Implementacija projekta doprinosi strate\u0161kom cilju Szeplast Zrt., da postigne veli\u010dinu preduze\u0107a vi\u0161e srednje klase prema industrijskim standardima.<\/p><h4 style=\"font-weight: 400;\"><strong>Elementi projekta:<\/strong><\/h4><ul><li style=\"font-weight: 400;\">Kupovina PVC ekstrudera<\/li><li style=\"font-weight: 400;\">Nabavka HFFR ma\u0161inske linije<\/li><li style=\"font-weight: 400;\">Nabavka probnog ekstrudera<\/li><li style=\"font-weight: 400;\">Nabavka probne proizvodne linije<\/li><li style=\"font-weight: 400;\">Razvoj sistema merenja i doziranja<\/li><li style=\"font-weight: 400;\">Sistem za prikupljanje podataka Industrije 4.0<\/li><li style=\"font-weight: 400;\">Nabavite kolorimetar<\/li><li style=\"font-weight: 400;\">Nabavite LOI mera\u010d<\/li><li style=\"font-weight: 400;\">Razvoj elektri\u010dne mre\u017ee<\/li><li style=\"font-weight: 400;\">Izgradnja solarnog sistema<\/li><li style=\"font-weight: 400;\">Razvoj spoljne infrastrukture \u2013 trafo stanica<\/li><li style=\"font-weight: 400;\">Izgradnja sistema za dojavu po\u017eara<\/li><li style=\"font-weight: 400;\">Temelj silosa<\/li><li style=\"font-weight: 400;\">Izgradnja puteva<\/li><\/ul><h4><strong>Najsavremenija tehnolo\u0161ka re\u0161enja u projektu:<\/strong><\/h4><p><span style=\"font-weight: 400;\">Inovativne sirovine: izgradnjom linije za proizvodnju HFFR granulata, kompanija mo\u017ee da proizvodi inovativne sirovine koje su va\u017ene za privredu i ispunjavaju najvi\u0161a o\u010dekivanja i tr\u017ei\u0161ne standarde. HFFR granulat (kao plasti\u010dni materijal bez halogena i otpornog na plamen) pru\u017ea niz za\u0161titnih i sigurnosnih karakteristika, prvenstveno za proizvo\u0111a\u010de kablova, \u0161to \u0107e u budu\u0107nosti postati sve \u010de\u0161\u0107i zahtev ovog segmenta. Realizacijom projekta proizvodni kapacitet Ma\u0111arske bi\u0107e pro\u0161iren proizvodom koji trenutno nije dostupan kod nas, ali, koliko nam je poznato, nijedna kompanija u susednim zemljama nema proizvodnu tehnologiju\/kapacitet pogodan za proizvodnju HFFR-a. granule u ve\u0107im koli\u010dinama. I oprema za pro\u0161irenje kapaciteta postoje\u0107e PVC linije i ma\u0161ine u novoj HFFR liniji sposobne su da proizvode proizvode visoke dodate vrednosti i <\/span><b>koriste najbolje tehnologije koje su trenutno dostupne u industriji<\/b>. Pored toga \u0161to mo\u017ee da proizvodi ekonomi\u010dno, sa malo otpada i uz pristupa\u010dno odr\u017eavanje, ova oprema je opremljena digitalnim re\u0161enjima koja su pogodna za implementaciju proizvodnog metoda Industrije 4.0. Kompanija \u0107e iskoristiti ove karakteristike opreme, jer \u0107e oprema raditi u zajedni\u010dkom i integrisanom sistemu kontrole proizvodnje, kakav je sada. Zahvaljuju\u0107i kompjuterski kontrolisanom automatskom sistemu, glavne faze proizvodnje ne zahtevaju ljudsku intervenciju: merenje, priprema i me\u0161anje pojedina\u010dnih receptura i sirovina, kao i ekstruzija i peletiranje, kontroli\u0161u se integrisanim digitalnim sistemom. Ceo proizvodni proces se mo\u017ee pratiti i pode\u0161avati iz kontrolnog centra, a po potrebi, na osnovu podataka dobijenih od senzora i drugih ure\u0111aja za povratnu spregu, mogu\u0107e je intervenisati, prekinuti ili promeniti zadati proizvodni proces, \u010desto bez fizi\u010dke intervencije. zaposlenih.<\/p><p><span style=\"font-weight: 400;\">Softverska tehnologija <\/span><b>Flovork Industri 4.0<\/b> bi\u0107e integrisana u okviru projekta, \u0161to dodatno ja\u010da posve\u0107enost kompanije Industriji 4.0. Sa re\u0161enjem Flovork Industri 4.0 prikupljanje potrebnih podataka postaje kompletno. Skladi\u0161tenjem generisanih podataka u jedinstven sistem, mogu\u0107a je kontinuirana kontrola kvaliteta i pra\u0107enje proizvoda. Iako sada\u0161nje proizvodne jedinice ve\u0107 imaju funkcije prikupljanja podataka, neophodno je podi\u0107i analizu podataka koje oni generi\u0161u i njihove povratne informacije na me\u0111uproizvodnu kontrolu kvaliteta na jo\u0161 vi\u0161i nivo. Ovo re\u0161enje proizvodi sveobuhvatne podatke u realnom vremenu o svim tehnolo\u0161kim procesima ciklusa proizvodnje granulata. Njihovim povratnim informacijama podr\u017eava trenutno re\u0161enje ili otklanjanje problema koji su nastali tokom proizvodnje. Sistem koji se uvodi omogu\u0107ava pra\u0107enje vi\u0161e od 300 mernih mesta u oblasti proizvodnje.<\/p>\t\t\t\t\t\t\t\t<\/div>\n\t\t\t\t<\/div>\n\t\t\t\t\t<\/div>\n\t\t<\/div>\n\t\t\t\t\t<\/div>\n\t\t<\/section>\n\t\t\t\t<section class=\"elementor-section elementor-top-section elementor-element elementor-element-6f83a91 elementor-section-boxed elementor-section-height-default elementor-section-height-default\" data-id=\"6f83a91\" data-element_type=\"section\" data-e-type=\"section\">\n\t\t\t\t\t\t<div class=\"elementor-container elementor-column-gap-default\">\n\t\t\t\t\t<div class=\"elementor-column elementor-col-100 elementor-top-column elementor-element elementor-element-cffb8f2\" data-id=\"cffb8f2\" data-element_type=\"column\" data-e-type=\"column\">\n\t\t\t<div class=\"elementor-widget-wrap elementor-element-populated\">\n\t\t\t\t\t\t<div class=\"elementor-element elementor-element-2afaaff elementor-widget__width-initial elementor-fixed elementor-widget elementor-widget-image\" data-id=\"2afaaff\" data-element_type=\"widget\" data-e-type=\"widget\" data-settings=\"{&quot;_position&quot;:&quot;fixed&quot;}\" data-widget_type=\"image.default\">\n\t\t\t\t<div class=\"elementor-widget-container\">\n\t\t\t\t\t\t\t\t\t\t\t\t\t\t\t<img fetchpriority=\"high\" decoding=\"async\" width=\"1024\" height=\"287\" src=\"https:\/\/szeplast.com\/wp-content\/uploads\/2024\/12\/RRF-kedvezmenyezetti-infoblokk-1024x287.jpg\" class=\"attachment-large size-large wp-image-26571\" alt=\"\" srcset=\"https:\/\/szeplast.com\/wp-content\/uploads\/2024\/12\/RRF-kedvezmenyezetti-infoblokk-1024x287.jpg 1024w, https:\/\/szeplast.com\/wp-content\/uploads\/2024\/12\/RRF-kedvezmenyezetti-infoblokk-300x84.jpg 300w, https:\/\/szeplast.com\/wp-content\/uploads\/2024\/12\/RRF-kedvezmenyezetti-infoblokk-768x215.jpg 768w, https:\/\/szeplast.com\/wp-content\/uploads\/2024\/12\/RRF-kedvezmenyezetti-infoblokk.jpg 1047w\" sizes=\"(max-width: 1024px) 100vw, 1024px\" \/>\t\t\t\t\t\t\t\t\t\t\t\t\t\t\t<\/div>\n\t\t\t\t<\/div>\n\t\t\t\t\t<\/div>\n\t\t<\/div>\n\t\t\t\t\t<\/div>\n\t\t<\/section>\n\t\t\t\t<\/div>\n\t\t","protected":false},"excerpt":{"rendered":"<p>HomeTenderiIzvozno orijentisano pro\u0161irenje kapaciteta i diverzifikacija proizvoda Identifikacioni broj projekta: \u00a0GINOP_PLUSZ-1.1.2-21-2022-00070 Ime korisnika:\u00a0Szeplast Zrt.Naziv projekta:\u00a0Izvozno orijentisano pro\u0161irenje kapaciteta i diverzifikacija proizvoda, kao i dalje pove\u0107anje vrednosti brenda Szeplast Zrt., dono\u0161enjem nove linije proizvoda na strana tr\u017ei\u0161ta Ukupni tro\u0161kovi projekta: \u00a0 1.263.211.261&#8230;<\/p>\n","protected":false},"author":1,"featured_media":0,"parent":22466,"menu_order":0,"comment_status":"closed","ping_status":"closed","template":"","meta":{"om_disable_all_campaigns":false,"_monsterinsights_skip_tracking":false,"_monsterinsights_sitenote_active":false,"_monsterinsights_sitenote_note":"","_monsterinsights_sitenote_category":0,"footnotes":""},"class_list":["post-22487","page","type-page","status-publish","hentry"],"aioseo_notices":[],"_links":{"self":[{"href":"https:\/\/szeplast.com\/sr\/wp-json\/wp\/v2\/pages\/22487","targetHints":{"allow":["GET"]}}],"collection":[{"href":"https:\/\/szeplast.com\/sr\/wp-json\/wp\/v2\/pages"}],"about":[{"href":"https:\/\/szeplast.com\/sr\/wp-json\/wp\/v2\/types\/page"}],"author":[{"embeddable":true,"href":"https:\/\/szeplast.com\/sr\/wp-json\/wp\/v2\/users\/1"}],"replies":[{"embeddable":true,"href":"https:\/\/szeplast.com\/sr\/wp-json\/wp\/v2\/comments?post=22487"}],"version-history":[{"count":14,"href":"https:\/\/szeplast.com\/sr\/wp-json\/wp\/v2\/pages\/22487\/revisions"}],"predecessor-version":[{"id":26640,"href":"https:\/\/szeplast.com\/sr\/wp-json\/wp\/v2\/pages\/22487\/revisions\/26640"}],"up":[{"embeddable":true,"href":"https:\/\/szeplast.com\/sr\/wp-json\/wp\/v2\/pages\/22466"}],"wp:attachment":[{"href":"https:\/\/szeplast.com\/sr\/wp-json\/wp\/v2\/media?parent=22487"}],"curies":[{"name":"wp","href":"https:\/\/api.w.org\/{rel}","templated":true}]}}