{"id":23819,"date":"2023-03-21T09:59:07","date_gmt":"2023-03-21T09:59:07","guid":{"rendered":"https:\/\/szeplast.com\/dakujem\/"},"modified":"2024-01-31T06:12:20","modified_gmt":"2024-01-31T06:12:20","slug":"dakujem","status":"publish","type":"page","link":"https:\/\/szeplast.com\/sk\/dakujem\/","title":{"rendered":"\u010eakujem"},"content":{"rendered":"\t\t<div data-elementor-type=\"wp-page\" data-elementor-id=\"23819\" class=\"elementor elementor-23819 elementor-18789\">\n\t\t\t\t\t\t<section class=\"elementor-section elementor-top-section elementor-element elementor-element-edde7a9 elementor-section-boxed elementor-section-height-default elementor-section-height-default\" data-id=\"edde7a9\" data-element_type=\"section\" data-e-type=\"section\">\n\t\t\t\t\t\t<div class=\"elementor-container elementor-column-gap-default\">\n\t\t\t\t\t<div class=\"elementor-column elementor-col-100 elementor-top-column elementor-element elementor-element-b6ea6b7\" data-id=\"b6ea6b7\" data-element_type=\"column\" data-e-type=\"column\">\n\t\t\t<div class=\"elementor-widget-wrap elementor-element-populated\">\n\t\t\t\t\t\t<div class=\"elementor-element elementor-element-7fbc11b elementor-widget elementor-widget-industrium_heading\" data-id=\"7fbc11b\" data-element_type=\"widget\" data-e-type=\"widget\" data-widget_type=\"industrium_heading.default\">\n\t\t\t\t<div class=\"elementor-widget-container\">\n\t\t\t\t\t<div class=\"industrium-heading-widget\"><h2 class=\"industrium-heading\"><span class=\"industrium-subheading\">Thank you<\/span><span class=\"industrium-heading-content\">\u010eakujem!<\/span><\/h2><\/div>\t\t\t\t<\/div>\n\t\t\t\t<\/div>\n\t\t\t\t<div class=\"elementor-element elementor-element-405bc71 elementor-widget elementor-widget-text-editor\" data-id=\"405bc71\" data-element_type=\"widget\" data-e-type=\"widget\" data-widget_type=\"text-editor.default\">\n\t\t\t\t<div class=\"elementor-widget-container\">\n\t\t\t\t\t\t\t\t\t<strong>\u010eakujeme, \u017ee ste n\u00e1s oslovili. Jeden z kolegov v\u00e1s bude \u010doskoro kontaktova\u0165.<\/strong>\t\t\t\t\t\t\t\t<\/div>\n\t\t\t\t<\/div>\n\t\t\t\t\t<\/div>\n\t\t<\/div>\n\t\t\t\t\t<\/div>\n\t\t<\/section>\n\t\t\t\t<section class=\"elementor-section elementor-top-section elementor-element elementor-element-695a68a elementor-section-boxed elementor-section-height-default elementor-section-height-default\" data-id=\"695a68a\" data-element_type=\"section\" data-e-type=\"section\">\n\t\t\t\t\t\t<div class=\"elementor-container elementor-column-gap-default\">\n\t\t\t\t\t<div class=\"elementor-column elementor-col-100 elementor-top-column elementor-element elementor-element-74c9215\" data-id=\"74c9215\" data-element_type=\"column\" data-e-type=\"column\">\n\t\t\t<div class=\"elementor-widget-wrap elementor-element-populated\">\n\t\t\t\t\t\t<div class=\"elementor-element elementor-element-d0f28fe elementor-widget elementor-widget-image\" data-id=\"d0f28fe\" data-element_type=\"widget\" data-e-type=\"widget\" data-widget_type=\"image.default\">\n\t\t\t\t<div class=\"elementor-widget-container\">\n\t\t\t\t\t\t\t\t\t\t\t\t\t\t\t<img fetchpriority=\"high\" decoding=\"async\" width=\"1024\" height=\"1024\" src=\"https:\/\/szeplast.com\/wp-content\/uploads\/2023\/03\/Thank_you-1024x1024.webp\" class=\"attachment-large size-large wp-image-18794\" alt=\"\" srcset=\"https:\/\/szeplast.com\/wp-content\/uploads\/2023\/03\/Thank_you-1024x1024.webp 1024w, https:\/\/szeplast.com\/wp-content\/uploads\/2023\/03\/Thank_you-300x300.webp 300w, https:\/\/szeplast.com\/wp-content\/uploads\/2023\/03\/Thank_you-150x150.webp 150w, https:\/\/szeplast.com\/wp-content\/uploads\/2023\/03\/Thank_you-768x768.webp 768w, https:\/\/szeplast.com\/wp-content\/uploads\/2023\/03\/Thank_you-1536x1536.webp 1536w, https:\/\/szeplast.com\/wp-content\/uploads\/2023\/03\/Thank_you.webp 2000w\" sizes=\"(max-width: 1024px) 100vw, 1024px\" \/>\t\t\t\t\t\t\t\t\t\t\t\t\t\t\t<\/div>\n\t\t\t\t<\/div>\n\t\t\t\t\t<\/div>\n\t\t<\/div>\n\t\t\t\t\t<\/div>\n\t\t<\/section>\n\t\t\t\t<section class=\"elementor-section elementor-top-section elementor-element elementor-element-e8cf2b7 elementor-section-boxed elementor-section-height-default elementor-section-height-default\" data-id=\"e8cf2b7\" data-element_type=\"section\" data-e-type=\"section\">\n\t\t\t\t\t\t<div class=\"elementor-container elementor-column-gap-default\">\n\t\t\t\t\t<div class=\"elementor-column elementor-col-100 elementor-top-column elementor-element elementor-element-6efa423\" data-id=\"6efa423\" data-element_type=\"column\" data-e-type=\"column\">\n\t\t\t<div class=\"elementor-widget-wrap elementor-element-populated\">\n\t\t\t\t\t\t<div class=\"elementor-element elementor-element-b778452 elementor-widget elementor-widget-industrium_heading\" data-id=\"b778452\" data-element_type=\"widget\" data-e-type=\"widget\" data-widget_type=\"industrium_heading.default\">\n\t\t\t\t<div class=\"elementor-widget-container\">\n\t\t\t\t\t<div class=\"industrium-heading-widget\"><h3 class=\"industrium-heading\"><span class=\"industrium-heading-content\">Skontrolujte e-mail<\/span><\/h3><\/div>\t\t\t\t<\/div>\n\t\t\t\t<\/div>\n\t\t\t\t<div class=\"elementor-element elementor-element-c93f9fa elementor-widget elementor-widget-text-editor\" data-id=\"c93f9fa\" data-element_type=\"widget\" data-e-type=\"widget\" data-widget_type=\"text-editor.default\">\n\t\t\t\t<div class=\"elementor-widget-container\">\n\t\t\t\t\t\t\t\t\tAk nedostanete \u017eiadny e-mail, kontaktujte n\u00e1s na <a href=\"mailto:contact@szeplast.hu\">contact@szeplast.hu<\/a>.\t\t\t\t\t\t\t\t<\/div>\n\t\t\t\t<\/div>\n\t\t\t\t<div class=\"elementor-element elementor-element-8115fd5 elementor-widget elementor-widget-industrium_button\" data-id=\"8115fd5\" data-element_type=\"widget\" data-e-type=\"widget\" data-widget_type=\"industrium_button.default\">\n\t\t\t\t<div class=\"elementor-widget-container\">\n\t\t\t\t\t\n        <div class=\"button-widget\">\n            <div class=\"button-container\">\n                <a class=\"industrium-button button-type-1\" href=\"https:\/\/szeplast.com\/sk\/\" >\n                    SP\u00c4\u0164 NA DOMOVSK\u00da STR\u00c1NKU<svg viewBox=\"0 0 13 20\"><polyline points=\"0.5 19.5 3 19.5 12.5 10 3 0.5\"><\/polyline><\/svg>                    \n                <\/a>\n            <\/div>\n        <\/div>\n        \t\t\t\t<\/div>\n\t\t\t\t<\/div>\n\t\t\t\t\t<\/div>\n\t\t<\/div>\n\t\t\t\t\t<\/div>\n\t\t<\/section>\n\t\t\t\t<\/div>\n\t\t","protected":false},"excerpt":{"rendered":"<p>\u010eakujeme, \u017ee ste n\u00e1s oslovili. Jeden z kolegov v\u00e1s bude \u010doskoro kontaktova\u0165. Ak nedostanete \u017eiadny e-mail, kontaktujte n\u00e1s na contact@szeplast.hu.<\/p>\n","protected":false},"author":1,"featured_media":0,"parent":0,"menu_order":0,"comment_status":"closed","ping_status":"closed","template":"","meta":{"om_disable_all_campaigns":false,"_monsterinsights_skip_tracking":false,"_monsterinsights_sitenote_active":false,"_monsterinsights_sitenote_note":"","_monsterinsights_sitenote_category":0,"footnotes":""},"class_list":["post-23819","page","type-page","status-publish","hentry"],"aioseo_notices":[],"_links":{"self":[{"href":"https:\/\/szeplast.com\/sk\/wp-json\/wp\/v2\/pages\/23819","targetHints":{"allow":["GET"]}}],"collection":[{"href":"https:\/\/szeplast.com\/sk\/wp-json\/wp\/v2\/pages"}],"about":[{"href":"https:\/\/szeplast.com\/sk\/wp-json\/wp\/v2\/types\/page"}],"author":[{"embeddable":true,"href":"https:\/\/szeplast.com\/sk\/wp-json\/wp\/v2\/users\/1"}],"replies":[{"embeddable":true,"href":"https:\/\/szeplast.com\/sk\/wp-json\/wp\/v2\/comments?post=23819"}],"version-history":[{"count":7,"href":"https:\/\/szeplast.com\/sk\/wp-json\/wp\/v2\/pages\/23819\/revisions"}],"predecessor-version":[{"id":23826,"href":"https:\/\/szeplast.com\/sk\/wp-json\/wp\/v2\/pages\/23819\/revisions\/23826"}],"wp:attachment":[{"href":"https:\/\/szeplast.com\/sk\/wp-json\/wp\/v2\/media?parent=23819"}],"curies":[{"name":"wp","href":"https:\/\/api.w.org\/{rel}","templated":true}]}}