{"id":21888,"date":"2023-08-23T12:38:22","date_gmt":"2023-08-23T12:38:22","guid":{"rendered":"https:\/\/szeplast.com\/tendre\/szeplast-zrt-technologicka-modernizacia-uver-na-financovanie-prevadzkoveho-kapitalu\/"},"modified":"2023-10-04T13:19:52","modified_gmt":"2023-10-04T13:19:52","slug":"szeplast-zrt-technologicka-modernizacia-uver-na-financovanie-prevadzkoveho-kapitalu","status":"publish","type":"page","link":"https:\/\/szeplast.com\/sk\/tendre\/szeplast-zrt-technologicka-modernizacia-uver-na-financovanie-prevadzkoveho-kapitalu\/","title":{"rendered":"Szeplast Zrt. \u2013 Inventariza\u010dn\u00e9 Financovanie"},"content":{"rendered":"\t\t<div data-elementor-type=\"wp-page\" data-elementor-id=\"21888\" class=\"elementor elementor-21888 elementor-21853\">\n\t\t\t\t\t\t<section class=\"elementor-section elementor-top-section elementor-element elementor-element-5a11f3e elementor-section-height-min-height elementor-section-items-stretch elementor-section-stretched page-title elementor-section-boxed elementor-section-height-default\" data-id=\"5a11f3e\" data-element_type=\"section\" data-e-type=\"section\" data-settings=\"{&quot;background_background&quot;:&quot;classic&quot;,&quot;stretch_section&quot;:&quot;section-stretched&quot;}\">\n\t\t\t\t\t\t<div class=\"elementor-container elementor-column-gap-default\">\n\t\t\t\t\t<div class=\"elementor-column elementor-col-100 elementor-top-column elementor-element elementor-element-b002057\" data-id=\"b002057\" data-element_type=\"column\" data-e-type=\"column\">\n\t\t\t<div class=\"elementor-widget-wrap elementor-element-populated\">\n\t\t\t\t\t\t<div class=\"elementor-element elementor-element-8650c96 elementor-widget elementor-widget-image\" data-id=\"8650c96\" data-element_type=\"widget\" data-e-type=\"widget\" data-settings=\"{&quot;_animation&quot;:&quot;none&quot;}\" data-widget_type=\"image.default\">\n\t\t\t\t<div class=\"elementor-widget-container\">\n\t\t\t\t\t\t\t\t\t\t\t\t\t\t\t<img decoding=\"async\" width=\"180\" height=\"180\" data-src=\"https:\/\/szeplast.com\/wp-content\/uploads\/2022\/11\/Logomark_Szeplast.png\" class=\"attachment-large size-large wp-image-11532 lazyload\" alt=\"Szeplast logomark\" data-srcset=\"https:\/\/szeplast.com\/wp-content\/uploads\/2022\/11\/Logomark_Szeplast.png 180w, https:\/\/szeplast.com\/wp-content\/uploads\/2022\/11\/Logomark_Szeplast-150x150.png 150w\" data-sizes=\"(max-width: 180px) 100vw, 180px\" src=\"data:image\/svg+xml;base64,PHN2ZyB3aWR0aD0iMSIgaGVpZ2h0PSIxIiB4bWxucz0iaHR0cDovL3d3dy53My5vcmcvMjAwMC9zdmciPjwvc3ZnPg==\" style=\"--smush-placeholder-width: 180px; --smush-placeholder-aspect-ratio: 180\/180;\" \/>\t\t\t\t\t\t\t\t\t\t\t\t\t\t\t<\/div>\n\t\t\t\t<\/div>\n\t\t\t\t<div class=\"elementor-element elementor-element-2395767 elementor-widget elementor-widget-industrium_heading\" data-id=\"2395767\" data-element_type=\"widget\" data-e-type=\"widget\" data-widget_type=\"industrium_heading.default\">\n\t\t\t\t<div class=\"elementor-widget-container\">\n\t\t\t\t\t<div class=\"industrium-heading-widget\"><h1 class=\"industrium-heading\"><span class=\"industrium-heading-content\">Tendre<\/span><\/h1><\/div>\t\t\t\t<\/div>\n\t\t\t\t<\/div>\n\t\t\t\t<div class=\"elementor-element elementor-element-3f392cb elementor-widget elementor-widget-html\" data-id=\"3f392cb\" data-element_type=\"widget\" data-e-type=\"widget\" data-widget_type=\"html.default\">\n\t\t\t\t<div class=\"elementor-widget-container\">\n\t\t\t\t\t<nav class=\"breadcrumbs\"><a href=\"https:\/\/szeplast.com\/sk\/\">Home<\/a><span class=\"delimiter\"><\/span><a href=\"https:\/\/szeplast.com\/sk\/tendre\/\">Tendre<\/a><span class=\"delimiter\"><\/span><span class=\"current\" style=\"color:#fff\">Szeplast Zrt. \u2013 Inventariza\u010dn\u00e9 Financovanie<\/span><\/nav>\r\n\t\t\t\t<\/div>\n\t\t\t\t<\/div>\n\t\t\t\t<div class=\"elementor-element elementor-element-1055e76 elementor-absolute elementor-hidden-tablet elementor-hidden-mobile_extra elementor-hidden-mobile elementor-widget__width-auto animated-fast decoration-type-1 elementor-invisible elementor-widget elementor-widget-industrium_decoration\" data-id=\"1055e76\" data-element_type=\"widget\" data-e-type=\"widget\" data-settings=\"{&quot;_position&quot;:&quot;absolute&quot;,&quot;_animation&quot;:&quot;industrium_decoration&quot;,&quot;_animation_tablet_extra&quot;:&quot;none&quot;,&quot;_animation_delay&quot;:300}\" data-widget_type=\"industrium_decoration.default\">\n\t\t\t\t<div class=\"elementor-widget-container\">\n\t\t\t\t\t        <div class=\"decoration-widget\">\n            <div class=\"decoration-container\">\n                <div class=\"industrium-decoration\">\n                    <div><\/div><div><\/div><div><\/div>\n                <\/div>\n            <\/div>\n        <\/div>\n        \t\t\t\t<\/div>\n\t\t\t\t<\/div>\n\t\t\t\t\t<\/div>\n\t\t<\/div>\n\t\t\t\t\t<\/div>\n\t\t<\/section>\n\t\t\t\t<section class=\"elementor-section elementor-top-section elementor-element elementor-element-7057226 elementor-section-boxed elementor-section-height-default elementor-section-height-default\" data-id=\"7057226\" data-element_type=\"section\" data-e-type=\"section\">\n\t\t\t\t\t\t<div class=\"elementor-container elementor-column-gap-default\">\n\t\t\t\t\t<div class=\"elementor-column elementor-col-100 elementor-top-column elementor-element elementor-element-1cce69b\" data-id=\"1cce69b\" data-element_type=\"column\" data-e-type=\"column\">\n\t\t\t<div class=\"elementor-widget-wrap elementor-element-populated\">\n\t\t\t\t\t\t<div class=\"elementor-element elementor-element-14d195e elementor-widget elementor-widget-text-editor\" data-id=\"14d195e\" data-element_type=\"widget\" data-e-type=\"widget\" data-widget_type=\"text-editor.default\">\n\t\t\t\t<div class=\"elementor-widget-container\">\n\t\t\t\t\t\t\t\t\t<p><strong>Identifika\u010dn\u00e9 \u010d\u00edslo projektu:<\/strong> GINOP-8.3.5-18B<\/p><p><strong>N\u00e1zov pr\u00edjemcu:<\/strong>\u00a0Szeplast Zrt.<br \/><strong>N\u00e1zov projektu:<\/strong> Szeplast Zrt. \u2013 Inventariza\u010dn\u00e9 Financovanie<br \/><strong>V\u00fd\u0161ka p\u00f4\u017ei\u010dky, ktor\u00e1 sa m\u00e1 splati\u0165:<\/strong> HUF 125 000 000<br \/><strong>Zdroj:<\/strong>\u00a0Eur\u00f3psky fond region\u00e1lneho rozvoja<br \/><strong>Identifik\u00e1tor projektu:<\/strong> H-EKTG2\/110878\/2023343398\/001<\/p><figure class=\"wp-block-image size-large\"><img fetchpriority=\"high\" decoding=\"async\" width=\"1024\" height=\"708\" class=\"wp-image-13625\" src=\"https:\/\/szeplast.com\/wp-content\/uploads\/2022\/12\/ESZA-1024x708.png\" alt=\"\" srcset=\"https:\/\/szeplast.com\/wp-content\/uploads\/2022\/12\/ESZA-1024x708.png 1024w, https:\/\/szeplast.com\/wp-content\/uploads\/2022\/12\/ESZA-300x207.png 300w, https:\/\/szeplast.com\/wp-content\/uploads\/2022\/12\/ESZA-768x531.png 768w, https:\/\/szeplast.com\/wp-content\/uploads\/2022\/12\/ESZA-835x578.png 835w, https:\/\/szeplast.com\/wp-content\/uploads\/2022\/12\/ESZA.png 1453w\" sizes=\"(max-width: 1024px) 100vw, 1024px\" \/><\/figure><figure class=\"wp-block-image size-large\"><img fetchpriority=\"high\" decoding=\"async\" width=\"1024\" height=\"708\" class=\"wp-image-13625\" src=\"https:\/\/szeplast.com\/wp-content\/uploads\/2022\/12\/ESZA-1024x708.png\" alt=\"\" srcset=\"https:\/\/szeplast.com\/wp-content\/uploads\/2022\/12\/ESZA-1024x708.png 1024w, https:\/\/szeplast.com\/wp-content\/uploads\/2022\/12\/ESZA-300x207.png 300w, https:\/\/szeplast.com\/wp-content\/uploads\/2022\/12\/ESZA-768x531.png 768w, https:\/\/szeplast.com\/wp-content\/uploads\/2022\/12\/ESZA-835x578.png 835w, https:\/\/szeplast.com\/wp-content\/uploads\/2022\/12\/ESZA.png 1453w\" sizes=\"(max-width: 1024px) 100vw, 1024px\" \/><\/figure>\t\t\t\t\t\t\t\t<\/div>\n\t\t\t\t<\/div>\n\t\t\t\t\t<\/div>\n\t\t<\/div>\n\t\t\t\t\t<\/div>\n\t\t<\/section>\n\t\t\t\t<\/div>\n\t\t","protected":false},"excerpt":{"rendered":"<p>HomeTendreSzeplast Zrt. \u2013 Inventariza\u010dn\u00e9 Financovanie Identifika\u010dn\u00e9 \u010d\u00edslo projektu: GINOP-8.3.5-18B N\u00e1zov pr\u00edjemcu:\u00a0Szeplast Zrt.N\u00e1zov projektu: Szeplast Zrt. \u2013 Inventariza\u010dn\u00e9 FinancovanieV\u00fd\u0161ka p\u00f4\u017ei\u010dky, ktor\u00e1 sa m\u00e1 splati\u0165: HUF 125 000 000Zdroj:\u00a0Eur\u00f3psky fond region\u00e1lneho rozvojaIdentifik\u00e1tor projektu: H-EKTG2\/110878\/2023343398\/001<\/p>\n","protected":false},"author":1,"featured_media":21868,"parent":20709,"menu_order":0,"comment_status":"closed","ping_status":"closed","template":"","meta":{"om_disable_all_campaigns":false,"_monsterinsights_skip_tracking":false,"_monsterinsights_sitenote_active":false,"_monsterinsights_sitenote_note":"","_monsterinsights_sitenote_category":0,"footnotes":""},"class_list":["post-21888","page","type-page","status-publish","has-post-thumbnail","hentry"],"aioseo_notices":[],"_links":{"self":[{"href":"https:\/\/szeplast.com\/sk\/wp-json\/wp\/v2\/pages\/21888","targetHints":{"allow":["GET"]}}],"collection":[{"href":"https:\/\/szeplast.com\/sk\/wp-json\/wp\/v2\/pages"}],"about":[{"href":"https:\/\/szeplast.com\/sk\/wp-json\/wp\/v2\/types\/page"}],"author":[{"embeddable":true,"href":"https:\/\/szeplast.com\/sk\/wp-json\/wp\/v2\/users\/1"}],"replies":[{"embeddable":true,"href":"https:\/\/szeplast.com\/sk\/wp-json\/wp\/v2\/comments?post=21888"}],"version-history":[{"count":10,"href":"https:\/\/szeplast.com\/sk\/wp-json\/wp\/v2\/pages\/21888\/revisions"}],"predecessor-version":[{"id":22714,"href":"https:\/\/szeplast.com\/sk\/wp-json\/wp\/v2\/pages\/21888\/revisions\/22714"}],"up":[{"embeddable":true,"href":"https:\/\/szeplast.com\/sk\/wp-json\/wp\/v2\/pages\/20709"}],"wp:featuredmedia":[{"embeddable":true,"href":"https:\/\/szeplast.com\/sk\/wp-json\/wp\/v2\/media\/21868"}],"wp:attachment":[{"href":"https:\/\/szeplast.com\/sk\/wp-json\/wp\/v2\/media?parent=21888"}],"curies":[{"name":"wp","href":"https:\/\/api.w.org\/{rel}","templated":true}]}}