{"id":20794,"date":"2022-12-14T17:30:33","date_gmt":"2022-12-14T17:30:33","guid":{"rendered":"https:\/\/szeplast.com\/tendre\/vyvoj-a-implementacia-systemu-riadenia-v-spolocnosti-szeplast-zrt\/"},"modified":"2023-07-17T12:23:15","modified_gmt":"2023-07-17T12:23:15","slug":"vyvoj-a-implementacia-systemu-riadenia-v-spolocnosti-szeplast-zrt","status":"publish","type":"page","link":"https:\/\/szeplast.com\/sk\/tendre\/vyvoj-a-implementacia-systemu-riadenia-v-spolocnosti-szeplast-zrt\/","title":{"rendered":"V\u00fdvoj a implement\u00e1cia syst\u00e9mu riadenia v spolo\u010dnosti Szeplast Zrt"},"content":{"rendered":"\t\t<div data-elementor-type=\"wp-page\" data-elementor-id=\"20794\" class=\"elementor elementor-20794 elementor-15103\">\n\t\t\t\t\t\t<section class=\"elementor-section elementor-top-section elementor-element elementor-element-a18aee9 elementor-section-height-min-height elementor-section-items-stretch elementor-section-stretched page-title elementor-section-boxed elementor-section-height-default\" data-id=\"a18aee9\" data-element_type=\"section\" data-e-type=\"section\" data-settings=\"{&quot;background_background&quot;:&quot;classic&quot;,&quot;stretch_section&quot;:&quot;section-stretched&quot;}\">\n\t\t\t\t\t\t<div class=\"elementor-container elementor-column-gap-default\">\n\t\t\t\t\t<div class=\"elementor-column elementor-col-100 elementor-top-column elementor-element elementor-element-928a4c6\" data-id=\"928a4c6\" data-element_type=\"column\" data-e-type=\"column\">\n\t\t\t<div class=\"elementor-widget-wrap elementor-element-populated\">\n\t\t\t\t\t\t<div class=\"elementor-element elementor-element-260db32 elementor-widget elementor-widget-image\" data-id=\"260db32\" data-element_type=\"widget\" data-e-type=\"widget\" data-settings=\"{&quot;_animation&quot;:&quot;none&quot;}\" data-widget_type=\"image.default\">\n\t\t\t\t<div class=\"elementor-widget-container\">\n\t\t\t\t\t\t\t\t\t\t\t\t\t\t\t<img decoding=\"async\" width=\"180\" height=\"180\" data-src=\"https:\/\/szeplast.com\/wp-content\/uploads\/2022\/11\/Logomark_Szeplast.png\" class=\"attachment-large size-large wp-image-19987 lazyload\" alt=\"\" data-srcset=\"https:\/\/szeplast.com\/wp-content\/uploads\/2022\/11\/Logomark_Szeplast.png 180w, https:\/\/szeplast.com\/wp-content\/uploads\/2022\/11\/Logomark_Szeplast-150x150.png 150w\" data-sizes=\"(max-width: 180px) 100vw, 180px\" src=\"data:image\/svg+xml;base64,PHN2ZyB3aWR0aD0iMSIgaGVpZ2h0PSIxIiB4bWxucz0iaHR0cDovL3d3dy53My5vcmcvMjAwMC9zdmciPjwvc3ZnPg==\" style=\"--smush-placeholder-width: 180px; --smush-placeholder-aspect-ratio: 180\/180;\" \/>\t\t\t\t\t\t\t\t\t\t\t\t\t\t\t<\/div>\n\t\t\t\t<\/div>\n\t\t\t\t<div class=\"elementor-element elementor-element-81fbd9b elementor-widget elementor-widget-industrium_heading\" data-id=\"81fbd9b\" data-element_type=\"widget\" data-e-type=\"widget\" data-widget_type=\"industrium_heading.default\">\n\t\t\t\t<div class=\"elementor-widget-container\">\n\t\t\t\t\t<div class=\"industrium-heading-widget\"><h1 class=\"industrium-heading\"><span class=\"industrium-heading-content\">Tendre<\/span><\/h1><\/div>\t\t\t\t<\/div>\n\t\t\t\t<\/div>\n\t\t\t\t<div class=\"elementor-element elementor-element-e5a41ff elementor-widget elementor-widget-html\" data-id=\"e5a41ff\" data-element_type=\"widget\" data-e-type=\"widget\" data-widget_type=\"html.default\">\n\t\t\t\t<div class=\"elementor-widget-container\">\n\t\t\t\t\t<nav class=\"breadcrumbs\"><a href=\"https:\/\/szeplast.com\/sk\/\">Home<\/a><span class=\"delimiter\"><\/span><a href=\"https:\/\/szeplast.com\/sk\/tendre\/\">Tendre<\/a><span class=\"delimiter\"><\/span><span class=\"current\" style=\"color:#fff\">V\u00fdvoj a implement\u00e1cia syst\u00e9mu riadenia v spolo\u010dnosti Szeplast Zrt<\/span><\/nav>\r\n\t\t\t\t<\/div>\n\t\t\t\t<\/div>\n\t\t\t\t<div class=\"elementor-element elementor-element-8ea8485 elementor-absolute elementor-hidden-tablet elementor-hidden-mobile_extra elementor-hidden-mobile elementor-widget__width-auto animated-fast decoration-type-1 elementor-invisible elementor-widget elementor-widget-industrium_decoration\" data-id=\"8ea8485\" data-element_type=\"widget\" data-e-type=\"widget\" data-settings=\"{&quot;_position&quot;:&quot;absolute&quot;,&quot;_animation&quot;:&quot;industrium_decoration&quot;,&quot;_animation_tablet_extra&quot;:&quot;none&quot;,&quot;_animation_delay&quot;:300}\" data-widget_type=\"industrium_decoration.default\">\n\t\t\t\t<div class=\"elementor-widget-container\">\n\t\t\t\t\t        <div class=\"decoration-widget\">\n            <div class=\"decoration-container\">\n                <div class=\"industrium-decoration\">\n                    <div><\/div><div><\/div><div><\/div>\n                <\/div>\n            <\/div>\n        <\/div>\n        \t\t\t\t<\/div>\n\t\t\t\t<\/div>\n\t\t\t\t\t<\/div>\n\t\t<\/div>\n\t\t\t\t\t<\/div>\n\t\t<\/section>\n\t\t\t\t<section class=\"elementor-section elementor-top-section elementor-element elementor-element-68258b58 elementor-section-boxed elementor-section-height-default elementor-section-height-default\" data-id=\"68258b58\" data-element_type=\"section\" data-e-type=\"section\">\n\t\t\t\t\t\t<div class=\"elementor-container elementor-column-gap-default\">\n\t\t\t\t\t<div class=\"elementor-column elementor-col-100 elementor-top-column elementor-element elementor-element-129725c\" data-id=\"129725c\" data-element_type=\"column\" data-e-type=\"column\">\n\t\t\t<div class=\"elementor-widget-wrap elementor-element-populated\">\n\t\t\t\t\t\t<div class=\"elementor-element elementor-element-7324d6d0 elementor-widget elementor-widget-text-editor\" data-id=\"7324d6d0\" data-element_type=\"widget\" data-e-type=\"widget\" data-widget_type=\"text-editor.default\">\n\t\t\t\t<div class=\"elementor-widget-container\">\n\t\t\t\t\t\t\t\t\t<p><strong>ID projektu:<\/strong> GINOP-322-824-16-2019-01928<\/p><p><strong>N\u00e1zov pr\u00edjemcu:<\/strong> Szeplast Zrt.<br \/><strong>N\u00e1zov projektu:<\/strong> V\u00fdvoj a zavedenie syst\u00e9mu riadenia spolo\u010dnosti v spolo\u010dnosti Szeplast Zrt<br \/><strong>Nen\u00e1vratn\u00e1 v\u00fd\u0161ka grantu:<\/strong> 15 986 800 HUF<br \/><strong>Miera dot\u00e1cie:<\/strong> 40 %<br \/><strong>V\u00fd\u0161ka \u00faveru na splatenie:<\/strong> 16 386 470,-<br \/><strong>V\u00fd\u0161ka p\u00f4\u017ei\u010dky na splatenie:<\/strong> 41 %<br \/><strong>Zdroj:<\/strong> Eur\u00f3psky fond region\u00e1lneho rozvoja<br \/><strong>D\u00e1tum ukon\u010denia projektu:<\/strong> 14.06.2022.<\/p><h4>Popis projektu<\/h4><p>V r\u00e1mci projektu bol navrhnut\u00fd, vyvinut\u00fd a zaveden\u00fd integrovan\u00fd a flexibiln\u00fd komplexn\u00fd syst\u00e9m riadenia spolo\u010dnosti spojen\u00fd so vzdel\u00e1van\u00edm a \u0161kolen\u00edm, ktor\u00fd pokr\u00fdva cel\u00fd chod spolo\u010dnosti a podporuje jej \u010dinnos\u0165. Vyvinut\u00fd a implementovan\u00fd komplexn\u00fd syst\u00e9m riadenia spolo\u010dnosti pokr\u00fdva nasledovn\u00e9 moduly: Corporate CRM; Finan\u010dn\u00e9 \u00fa\u010dtovn\u00edctvo; Obstar\u00e1vanie, logistika; Podpora v\u00fdroby; Kontrola a podpora rozhodovania; Elektronick\u00e1 spr\u00e1va dokumentov<\/p><div class=\"wp-block-columns\"><div class=\"wp-block-column\"><figure class=\"wp-block-image size-large\"><img fetchpriority=\"high\" decoding=\"async\" width=\"1024\" height=\"708\" class=\"wp-image-13625\" src=\"https:\/\/szeplast.com\/wp-content\/uploads\/2022\/12\/ESZA-1024x708.png\" alt=\"\" srcset=\"https:\/\/szeplast.com\/wp-content\/uploads\/2022\/12\/ESZA-1024x708.png 1024w, https:\/\/szeplast.com\/wp-content\/uploads\/2022\/12\/ESZA-300x207.png 300w, https:\/\/szeplast.com\/wp-content\/uploads\/2022\/12\/ESZA-768x531.png 768w, https:\/\/szeplast.com\/wp-content\/uploads\/2022\/12\/ESZA-835x578.png 835w, https:\/\/szeplast.com\/wp-content\/uploads\/2022\/12\/ESZA.png 1453w\" sizes=\"(max-width: 1024px) 100vw, 1024px\" \/><\/figure><\/div><\/div>\t\t\t\t\t\t\t\t<\/div>\n\t\t\t\t<\/div>\n\t\t\t\t\t<\/div>\n\t\t<\/div>\n\t\t\t\t\t<\/div>\n\t\t<\/section>\n\t\t\t\t<\/div>\n\t\t","protected":false},"excerpt":{"rendered":"<p>HomeTendreV\u00fdvoj a implement\u00e1cia syst\u00e9mu riadenia v spolo\u010dnosti Szeplast Zrt ID projektu: GINOP-322-824-16-2019-01928 N\u00e1zov pr\u00edjemcu: Szeplast Zrt.N\u00e1zov projektu: V\u00fdvoj a zavedenie syst\u00e9mu riadenia spolo\u010dnosti v spolo\u010dnosti Szeplast ZrtNen\u00e1vratn\u00e1 v\u00fd\u0161ka grantu: 15 986 800 HUFMiera dot\u00e1cie: 40 %V\u00fd\u0161ka \u00faveru na splatenie: 16 386&#8230;<\/p>\n","protected":false},"author":1,"featured_media":0,"parent":20709,"menu_order":0,"comment_status":"closed","ping_status":"closed","template":"","meta":{"om_disable_all_campaigns":false,"_monsterinsights_skip_tracking":false,"_monsterinsights_sitenote_active":false,"_monsterinsights_sitenote_note":"","_monsterinsights_sitenote_category":0,"footnotes":""},"class_list":["post-20794","page","type-page","status-publish","hentry"],"aioseo_notices":[],"_links":{"self":[{"href":"https:\/\/szeplast.com\/sk\/wp-json\/wp\/v2\/pages\/20794","targetHints":{"allow":["GET"]}}],"collection":[{"href":"https:\/\/szeplast.com\/sk\/wp-json\/wp\/v2\/pages"}],"about":[{"href":"https:\/\/szeplast.com\/sk\/wp-json\/wp\/v2\/types\/page"}],"author":[{"embeddable":true,"href":"https:\/\/szeplast.com\/sk\/wp-json\/wp\/v2\/users\/1"}],"replies":[{"embeddable":true,"href":"https:\/\/szeplast.com\/sk\/wp-json\/wp\/v2\/comments?post=20794"}],"version-history":[{"count":7,"href":"https:\/\/szeplast.com\/sk\/wp-json\/wp\/v2\/pages\/20794\/revisions"}],"predecessor-version":[{"id":20882,"href":"https:\/\/szeplast.com\/sk\/wp-json\/wp\/v2\/pages\/20794\/revisions\/20882"}],"up":[{"embeddable":true,"href":"https:\/\/szeplast.com\/sk\/wp-json\/wp\/v2\/pages\/20709"}],"wp:attachment":[{"href":"https:\/\/szeplast.com\/sk\/wp-json\/wp\/v2\/media?parent=20794"}],"curies":[{"name":"wp","href":"https:\/\/api.w.org\/{rel}","templated":true}]}}