{"id":20786,"date":"2023-05-22T12:16:11","date_gmt":"2023-05-22T12:16:11","guid":{"rendered":"https:\/\/szeplast.com\/tendre\/exportne-orientovane-rozsirenie-kapacity-a-diverzifikacia-produktov\/"},"modified":"2024-12-11T09:37:37","modified_gmt":"2024-12-11T09:37:37","slug":"exportne-orientovane-rozsirenie-kapacity-a-diverzifikacia-produktov","status":"publish","type":"page","link":"https:\/\/szeplast.com\/sk\/tendre\/exportne-orientovane-rozsirenie-kapacity-a-diverzifikacia-produktov\/","title":{"rendered":"Exportne orientovan\u00e9 roz\u0161\u00edrenie kapacity a diverzifik\u00e1cia produktov"},"content":{"rendered":"\t\t<div data-elementor-type=\"wp-page\" data-elementor-id=\"20786\" class=\"elementor elementor-20786 elementor-19847\">\n\t\t\t\t\t\t<section class=\"elementor-section elementor-top-section elementor-element elementor-element-84c9617 elementor-section-height-min-height elementor-section-items-stretch elementor-section-stretched page-title elementor-section-boxed elementor-section-height-default\" data-id=\"84c9617\" data-element_type=\"section\" data-e-type=\"section\" data-settings=\"{&quot;background_background&quot;:&quot;classic&quot;,&quot;stretch_section&quot;:&quot;section-stretched&quot;}\">\n\t\t\t\t\t\t<div class=\"elementor-container elementor-column-gap-default\">\n\t\t\t\t\t<div class=\"elementor-column elementor-col-100 elementor-top-column elementor-element elementor-element-0757f92\" data-id=\"0757f92\" data-element_type=\"column\" data-e-type=\"column\">\n\t\t\t<div class=\"elementor-widget-wrap elementor-element-populated\">\n\t\t\t\t\t\t<div class=\"elementor-element elementor-element-4c349fe elementor-widget elementor-widget-image\" data-id=\"4c349fe\" data-element_type=\"widget\" data-e-type=\"widget\" data-settings=\"{&quot;_animation&quot;:&quot;none&quot;}\" data-widget_type=\"image.default\">\n\t\t\t\t<div class=\"elementor-widget-container\">\n\t\t\t\t\t\t\t\t\t\t\t\t\t\t\t<img decoding=\"async\" width=\"180\" height=\"180\" data-src=\"https:\/\/szeplast.com\/wp-content\/uploads\/2022\/11\/Logomark_Szeplast.png\" class=\"attachment-large size-large wp-image-11532 lazyload\" alt=\"Szeplast logomark\" data-srcset=\"https:\/\/szeplast.com\/wp-content\/uploads\/2022\/11\/Logomark_Szeplast.png 180w, https:\/\/szeplast.com\/wp-content\/uploads\/2022\/11\/Logomark_Szeplast-150x150.png 150w\" data-sizes=\"(max-width: 180px) 100vw, 180px\" src=\"data:image\/svg+xml;base64,PHN2ZyB3aWR0aD0iMSIgaGVpZ2h0PSIxIiB4bWxucz0iaHR0cDovL3d3dy53My5vcmcvMjAwMC9zdmciPjwvc3ZnPg==\" style=\"--smush-placeholder-width: 180px; --smush-placeholder-aspect-ratio: 180\/180;\" \/>\t\t\t\t\t\t\t\t\t\t\t\t\t\t\t<\/div>\n\t\t\t\t<\/div>\n\t\t\t\t<div class=\"elementor-element elementor-element-6190d41 elementor-widget elementor-widget-industrium_heading\" data-id=\"6190d41\" data-element_type=\"widget\" data-e-type=\"widget\" data-widget_type=\"industrium_heading.default\">\n\t\t\t\t<div class=\"elementor-widget-container\">\n\t\t\t\t\t<div class=\"industrium-heading-widget\"><h1 class=\"industrium-heading\"><span class=\"industrium-heading-content\">Tendre<\/span><\/h1><\/div>\t\t\t\t<\/div>\n\t\t\t\t<\/div>\n\t\t\t\t<div class=\"elementor-element elementor-element-0e48dc1 elementor-widget elementor-widget-html\" data-id=\"0e48dc1\" data-element_type=\"widget\" data-e-type=\"widget\" data-widget_type=\"html.default\">\n\t\t\t\t<div class=\"elementor-widget-container\">\n\t\t\t\t\t<nav class=\"breadcrumbs\"><a href=\"https:\/\/szeplast.com\/sk\/\">Home<\/a><span class=\"delimiter\"><\/span><a href=\"https:\/\/szeplast.com\/sk\/tendre\/\">Tendre<\/a><span class=\"delimiter\"><\/span><span class=\"current\" style=\"color:#fff\">Exportne orientovan\u00e9 roz\u0161\u00edrenie kapacity a diverzifik\u00e1cia produktov<\/span><\/nav>\r\n\t\t\t\t<\/div>\n\t\t\t\t<\/div>\n\t\t\t\t<div class=\"elementor-element elementor-element-6b8570c elementor-absolute elementor-hidden-tablet elementor-hidden-mobile_extra elementor-hidden-mobile elementor-widget__width-auto animated-fast decoration-type-1 elementor-invisible elementor-widget elementor-widget-industrium_decoration\" data-id=\"6b8570c\" data-element_type=\"widget\" data-e-type=\"widget\" data-settings=\"{&quot;_position&quot;:&quot;absolute&quot;,&quot;_animation&quot;:&quot;industrium_decoration&quot;,&quot;_animation_tablet_extra&quot;:&quot;none&quot;,&quot;_animation_delay&quot;:300}\" data-widget_type=\"industrium_decoration.default\">\n\t\t\t\t<div class=\"elementor-widget-container\">\n\t\t\t\t\t        <div class=\"decoration-widget\">\n            <div class=\"decoration-container\">\n                <div class=\"industrium-decoration\">\n                    <div><\/div><div><\/div><div><\/div>\n                <\/div>\n            <\/div>\n        <\/div>\n        \t\t\t\t<\/div>\n\t\t\t\t<\/div>\n\t\t\t\t\t<\/div>\n\t\t<\/div>\n\t\t\t\t\t<\/div>\n\t\t<\/section>\n\t\t\t\t<section class=\"elementor-section elementor-top-section elementor-element elementor-element-e2caba3 elementor-section-boxed elementor-section-height-default elementor-section-height-default\" data-id=\"e2caba3\" data-element_type=\"section\" data-e-type=\"section\">\n\t\t\t\t\t\t<div class=\"elementor-container elementor-column-gap-default\">\n\t\t\t\t\t<div class=\"elementor-column elementor-col-100 elementor-top-column elementor-element elementor-element-386f963\" data-id=\"386f963\" data-element_type=\"column\" data-e-type=\"column\">\n\t\t\t<div class=\"elementor-widget-wrap elementor-element-populated\">\n\t\t\t\t\t\t<div class=\"elementor-element elementor-element-75aa041 elementor-widget elementor-widget-text-editor\" data-id=\"75aa041\" data-element_type=\"widget\" data-e-type=\"widget\" data-widget_type=\"text-editor.default\">\n\t\t\t\t<div class=\"elementor-widget-container\">\n\t\t\t\t\t\t\t\t\t<p><b>Identifika\u010dn\u00e9 \u010d\u00edslo projektu: <\/b>GINOP_PLUSZ-1.1.2-21-2022-00070<\/p><p><b>N\u00e1zov pr\u00edjemcu:<\/b> Szeplast Zrt.<br \/><b>N\u00e1zov projektu:<\/b> Exportne orientovan\u00e9 roz\u0161irovanie kapac\u00edt a diverzifik\u00e1cia produktov, ako aj \u010fal\u0161ie zvy\u0161ovanie hodnoty zna\u010dky Szeplast Zrt. uveden\u00edm nov\u00e9ho produktov\u00e9ho radu na zahrani\u010dn\u00fd trh<br \/><b><br \/>Celkov\u00e9 n\u00e1klady na projekt:<\/b> 1 263 211 261 HUF<br \/><b><br \/>V\u00fd\u0161ka financovania:<\/b> 631 605 630 HUF<br \/>I<b>ntenzita podpory:<\/b> 50 %<br \/><b><br \/>Miesto realiz\u00e1cie:<\/b> Vass M\u00e1ty\u00e1s \u00fat 5, 6728 Szeged.<br \/><b>Term\u00edn ukon\u010denia projektu:<\/b> november 2024<\/p><h4>Cie\u013e projektu:<\/h4><p>Roz\u0161\u00edrenie v\u00fdrobnej kapacity gran\u00fal z PVC, vytvorenie potrebnej v\u00fdrobnej kapacity na v\u00fdrobu nov\u00e9ho typu inovat\u00edvneho produktu z plastov\u00fdch gran\u00fal, rozvoj parku zariaden\u00ed na kontrolu kvality a rozvoj infra\u0161trukt\u00fary lokality s cie\u013eom zn\u00ed\u017ei\u0165 vplyv na \u017eivotn\u00e9 prostredie.<\/p><p>Realiz\u00e1cia projektu prispieva k strategick\u00e9mu cie\u013eu spolo\u010dnosti Szeplast Zrt., dosiahnu\u0165 ve\u013ekos\u0165 spolo\u010dnosti vy\u0161\u0161ej strednej triedy pod\u013ea priemyseln\u00fdch \u0161tandardov.<\/p><h4 style=\"font-weight: 400;\"><strong>Prvky projektu:<\/strong><\/h4><ul><li style=\"font-weight: 400;\">N\u00e1kup extrud\u00e9ra PVC<\/li><li style=\"font-weight: 400;\">Akviz\u00edcia strojovej linky HFFR<\/li><li style=\"font-weight: 400;\">N\u00e1kup sk\u00fa\u0161obn\u00e9ho extrud\u00e9ra<\/li><li style=\"font-weight: 400;\">Obstaranie testovacej v\u00fdrobnej linky<\/li><li style=\"font-weight: 400;\">V\u00fdvoj meracieho a d\u00e1vkovacieho syst\u00e9mu<\/li><li style=\"font-weight: 400;\">Syst\u00e9m zberu d\u00e1t syst\u00e9mu Industry 4.0<\/li><li style=\"font-weight: 400;\">K\u00fapte si kolorimeter<\/li><li style=\"font-weight: 400;\">N\u00e1kup mera\u010da LOI<\/li><li style=\"font-weight: 400;\">Rozvoj elektrickej siete<\/li><li style=\"font-weight: 400;\">Budovanie sol\u00e1rneho syst\u00e9mu<\/li><li style=\"font-weight: 400;\">Rozvoj vonkaj\u0161ej infra\u0161trukt\u00fary \u2013 trafostanica<\/li><li style=\"font-weight: 400;\">Budovanie po\u017eiarneho poplachov\u00e9ho syst\u00e9mu<\/li><li style=\"font-weight: 400;\">Z\u00e1klad sila\u00a0<\/li><li style=\"font-weight: 400;\">V\u00fdstavba ciest<\/li><\/ul><h4>\u0160pi\u010dkov\u00e9 technologick\u00e9 rie\u0161enia v projekte:<\/h4><p>Inovat\u00edvne suroviny: vybudovan\u00edm linky na v\u00fdrobu granul\u00e1tu HFFR m\u00f4\u017ee spolo\u010dnos\u0165 vyr\u00e1ba\u0165 inovat\u00edvne suroviny, ktor\u00e9 s\u00fa d\u00f4le\u017eit\u00e9 pre ekonomiku a sp\u013a\u0148aj\u00fa najvy\u0161\u0161ie o\u010dak\u00e1vania a \u0161tandardy trhu. HFFR granul\u00e1t (ako bezhalog\u00e9nov\u00fd a nehor\u013eav\u00fd plastov\u00fd materi\u00e1l) poskytuje mno\u017estvo protipo\u017eiarnych a bezpe\u010dnostn\u00fdch prvkov predov\u0161etk\u00fdm pre v\u00fdrobcov k\u00e1blov, \u010do sa v bud\u00facnosti stane \u010doraz \u010dastej\u0161ou po\u017eiadavkou tohto segmentu. Realiz\u00e1ciou projektu sa v\u00fdrobn\u00e1 kapacita Ma\u010farska roz\u0161\u00edri o produkt, ktor\u00fd u n\u00e1s moment\u00e1lne nie je dostupn\u00fd, ale pokia\u013e vieme, \u017eiadna firma v susedn\u00fdch krajin\u00e1ch nem\u00e1 v\u00fdrobn\u00fa technol\u00f3giu\/kapacitu vhodn\u00fa na v\u00fdrobu HFFR. granule vo v\u00e4\u010d\u0161\u00edch objemoch. Zariadenia na roz\u0161\u00edrenie kapacity s\u00fa\u010dasnej PVC linky aj stroje novej rady HFFR s\u00fa schopn\u00e9 produkova\u0165 produkty s vysokou pridanou hodnotou a vyu\u017e\u00edva\u0165 najlep\u0161ie technol\u00f3gie, ktor\u00e9 s\u00fa v s\u00fa\u010dasnosti v tomto odvetv\u00ed dostupn\u00e9. Okrem toho, \u017ee tieto zariadenia dok\u00e1\u017eu vyr\u00e1ba\u0165 hospod\u00e1rne, s mal\u00fdm odpadom a s pr\u00edstupnou \u00fadr\u017ebou, s\u00fa vybaven\u00e9 digit\u00e1lnymi rie\u0161eniami, ktor\u00e9 s\u00fa vhodn\u00e9 na implement\u00e1ciu v\u00fdrobn\u00e9ho sp\u00f4sobu Industry 4.0. Spolo\u010dnos\u0165 vyu\u017eije tieto vlastnosti zariaden\u00ed, ke\u010f\u017ee zariadenia bud\u00fa prev\u00e1dzkovan\u00e9 v spolo\u010dnom a integrovanom syst\u00e9me riadenia v\u00fdroby, ako je tomu doteraz. V\u010faka po\u010d\u00edta\u010dom riaden\u00e9mu automatick\u00e9mu syst\u00e9mu si hlavn\u00e9 f\u00e1zy v\u00fdroby nevy\u017eaduj\u00fa \u013eudsk\u00fd z\u00e1sah: meranie, pr\u00edprava a mie\u0161anie jednotliv\u00fdch recept\u00far a surov\u00edn, ako aj extr\u00fazia a peletiz\u00e1cia s\u00fa riaden\u00e9 integrovan\u00fdm digit\u00e1lnym syst\u00e9mom. Cel\u00fd v\u00fdrobn\u00fd proces je mo\u017en\u00e9 sledova\u0165 a nastavova\u0165 z riadiaceho centra a v pr\u00edpade potreby je mo\u017en\u00e9 na z\u00e1klade \u00fadajov poskytnut\u00fdch sn\u00edma\u010dmi a in\u00fdmi sp\u00e4tnov\u00e4zbov\u00fdmi zariadeniami zasiahnu\u0165, preru\u0161i\u0165 alebo zmeni\u0165 dan\u00fd v\u00fdrobn\u00fd proces, \u010dasto bez fyzick\u00e9ho z\u00e1sahu. zamestnancov.<\/p><p>V r\u00e1mci projektu bude integrovan\u00e1 softv\u00e9rov\u00e1 technol\u00f3gia Flowork Industry 4.0, \u010do e\u0161te viac posil\u0148uje z\u00e1v\u00e4zok spolo\u010dnosti k Industry 4.0. S rie\u0161en\u00edm Flowork Industry 4.0 je zber potrebn\u00fdch \u00fadajov kompletn\u00fd. Ulo\u017een\u00edm generovan\u00fdch \u00fadajov do jednotn\u00e9ho syst\u00e9mu je mo\u017en\u00e1 nepretr\u017eit\u00e1 kontrola kvality a sledovanie produktov. Aj ke\u010f s\u00fa\u010dasn\u00e9 v\u00fdrobn\u00e9 jednotky u\u017e maj\u00fa funkcie zberu d\u00e1t, je potrebn\u00e9 pozdvihn\u00fa\u0165 anal\u00fdzu nimi generovan\u00fdch d\u00e1t a ich sp\u00e4tn\u00fa v\u00e4zbu pre medziv\u00fdrobn\u00fa kontrolu kvality na e\u0161te vy\u0161\u0161iu \u00farove\u0148. Toto rie\u0161enie produkuje komplexn\u00e9 d\u00e1ta v re\u00e1lnom \u010dase o v\u0161etk\u00fdch technologick\u00fdch procesoch v\u00fdrobn\u00e9ho cyklu granul\u00e1tu. Ich sp\u00e4tnou v\u00e4zbou podporuje okam\u017eit\u00e9 rie\u0161enie alebo odstr\u00e1nenie probl\u00e9mov, ktor\u00e9 vznikli pri v\u00fdrobe. Zav\u00e1dzan\u00fd syst\u00e9m umo\u017e\u0148uje sledovanie viac ako 300 merac\u00edch bodov v oblasti v\u00fdroby.<\/p>\t\t\t\t\t\t\t\t<\/div>\n\t\t\t\t<\/div>\n\t\t\t\t\t<\/div>\n\t\t<\/div>\n\t\t\t\t\t<\/div>\n\t\t<\/section>\n\t\t\t\t<section class=\"elementor-section elementor-top-section elementor-element elementor-element-209ce3b elementor-section-boxed elementor-section-height-default elementor-section-height-default\" data-id=\"209ce3b\" data-element_type=\"section\" data-e-type=\"section\">\n\t\t\t\t\t\t<div class=\"elementor-container elementor-column-gap-default\">\n\t\t\t\t\t<div class=\"elementor-column elementor-col-100 elementor-top-column elementor-element elementor-element-2a4e6d4\" data-id=\"2a4e6d4\" data-element_type=\"column\" data-e-type=\"column\">\n\t\t\t<div class=\"elementor-widget-wrap elementor-element-populated\">\n\t\t\t\t\t\t<div class=\"elementor-element elementor-element-70d1d17 elementor-widget__width-initial elementor-fixed elementor-widget elementor-widget-image\" data-id=\"70d1d17\" data-element_type=\"widget\" data-e-type=\"widget\" data-settings=\"{&quot;_position&quot;:&quot;fixed&quot;}\" data-widget_type=\"image.default\">\n\t\t\t\t<div class=\"elementor-widget-container\">\n\t\t\t\t\t\t\t\t\t\t\t\t\t\t\t<img fetchpriority=\"high\" decoding=\"async\" width=\"1024\" height=\"287\" src=\"https:\/\/szeplast.com\/wp-content\/uploads\/2024\/12\/RRF-kedvezmenyezetti-infoblokk-1-1024x287.jpg\" class=\"attachment-large size-large wp-image-26620\" alt=\"\" srcset=\"https:\/\/szeplast.com\/wp-content\/uploads\/2024\/12\/RRF-kedvezmenyezetti-infoblokk-1-1024x287.jpg 1024w, https:\/\/szeplast.com\/wp-content\/uploads\/2024\/12\/RRF-kedvezmenyezetti-infoblokk-1-300x84.jpg 300w, https:\/\/szeplast.com\/wp-content\/uploads\/2024\/12\/RRF-kedvezmenyezetti-infoblokk-1-768x215.jpg 768w, https:\/\/szeplast.com\/wp-content\/uploads\/2024\/12\/RRF-kedvezmenyezetti-infoblokk-1.jpg 1047w\" sizes=\"(max-width: 1024px) 100vw, 1024px\" \/>\t\t\t\t\t\t\t\t\t\t\t\t\t\t\t<\/div>\n\t\t\t\t<\/div>\n\t\t\t\t\t<\/div>\n\t\t<\/div>\n\t\t\t\t\t<\/div>\n\t\t<\/section>\n\t\t\t\t<\/div>\n\t\t","protected":false},"excerpt":{"rendered":"<p>HomeTendreExportne orientovan\u00e9 roz\u0161\u00edrenie kapacity a diverzifik\u00e1cia produktov Identifika\u010dn\u00e9 \u010d\u00edslo projektu: GINOP_PLUSZ-1.1.2-21-2022-00070 N\u00e1zov pr\u00edjemcu: Szeplast Zrt.N\u00e1zov projektu: Exportne orientovan\u00e9 roz\u0161irovanie kapac\u00edt a diverzifik\u00e1cia produktov, ako aj \u010fal\u0161ie zvy\u0161ovanie hodnoty zna\u010dky Szeplast Zrt. uveden\u00edm nov\u00e9ho produktov\u00e9ho radu na zahrani\u010dn\u00fd trhCelkov\u00e9 n\u00e1klady na projekt:&#8230;<\/p>\n","protected":false},"author":1,"featured_media":0,"parent":20709,"menu_order":0,"comment_status":"closed","ping_status":"closed","template":"","meta":{"om_disable_all_campaigns":false,"_monsterinsights_skip_tracking":false,"_monsterinsights_sitenote_active":false,"_monsterinsights_sitenote_note":"","_monsterinsights_sitenote_category":0,"footnotes":""},"class_list":["post-20786","page","type-page","status-publish","hentry"],"aioseo_notices":[],"_links":{"self":[{"href":"https:\/\/szeplast.com\/sk\/wp-json\/wp\/v2\/pages\/20786","targetHints":{"allow":["GET"]}}],"collection":[{"href":"https:\/\/szeplast.com\/sk\/wp-json\/wp\/v2\/pages"}],"about":[{"href":"https:\/\/szeplast.com\/sk\/wp-json\/wp\/v2\/types\/page"}],"author":[{"embeddable":true,"href":"https:\/\/szeplast.com\/sk\/wp-json\/wp\/v2\/users\/1"}],"replies":[{"embeddable":true,"href":"https:\/\/szeplast.com\/sk\/wp-json\/wp\/v2\/comments?post=20786"}],"version-history":[{"count":23,"href":"https:\/\/szeplast.com\/sk\/wp-json\/wp\/v2\/pages\/20786\/revisions"}],"predecessor-version":[{"id":26637,"href":"https:\/\/szeplast.com\/sk\/wp-json\/wp\/v2\/pages\/20786\/revisions\/26637"}],"up":[{"embeddable":true,"href":"https:\/\/szeplast.com\/sk\/wp-json\/wp\/v2\/pages\/20709"}],"wp:attachment":[{"href":"https:\/\/szeplast.com\/sk\/wp-json\/wp\/v2\/media?parent=20786"}],"curies":[{"name":"wp","href":"https:\/\/api.w.org\/{rel}","templated":true}]}}