{"id":20723,"date":"2022-12-14T17:19:49","date_gmt":"2022-12-14T17:19:49","guid":{"rendered":"https:\/\/szeplast.com\/tendre\/rozsirenie-vyrobnej-kapacity-v-szeplast-zrt\/"},"modified":"2023-10-04T13:18:36","modified_gmt":"2023-10-04T13:18:36","slug":"rozsirenie-vyrobnej-kapacity-v-szeplast-zrt","status":"publish","type":"page","link":"https:\/\/szeplast.com\/sk\/tendre\/rozsirenie-vyrobnej-kapacity-v-szeplast-zrt\/","title":{"rendered":"Roz\u0161\u00edrenie v\u00fdrobnej kapacity v Szeplast Zrt"},"content":{"rendered":"\t\t<div data-elementor-type=\"wp-page\" data-elementor-id=\"20723\" class=\"elementor elementor-20723 elementor-15083\">\n\t\t\t\t\t\t<section class=\"elementor-section elementor-top-section elementor-element elementor-element-71dd454 elementor-section-height-min-height elementor-section-items-stretch elementor-section-stretched page-title elementor-section-boxed elementor-section-height-default\" data-id=\"71dd454\" data-element_type=\"section\" data-e-type=\"section\" data-settings=\"{&quot;background_background&quot;:&quot;classic&quot;,&quot;stretch_section&quot;:&quot;section-stretched&quot;}\">\n\t\t\t\t\t\t<div class=\"elementor-container elementor-column-gap-default\">\n\t\t\t\t\t<div class=\"elementor-column elementor-col-100 elementor-top-column elementor-element elementor-element-5cdcfcb\" data-id=\"5cdcfcb\" data-element_type=\"column\" data-e-type=\"column\">\n\t\t\t<div class=\"elementor-widget-wrap elementor-element-populated\">\n\t\t\t\t\t\t<div class=\"elementor-element elementor-element-428007d elementor-widget elementor-widget-image\" data-id=\"428007d\" data-element_type=\"widget\" data-e-type=\"widget\" data-settings=\"{&quot;_animation&quot;:&quot;none&quot;}\" data-widget_type=\"image.default\">\n\t\t\t\t<div class=\"elementor-widget-container\">\n\t\t\t\t\t\t\t\t\t\t\t\t\t\t\t<img decoding=\"async\" width=\"180\" height=\"180\" data-src=\"https:\/\/szeplast.com\/wp-content\/uploads\/2022\/11\/Logomark_Szeplast.png\" class=\"attachment-large size-large wp-image-11532 lazyload\" alt=\"Szeplast logomark\" data-srcset=\"https:\/\/szeplast.com\/wp-content\/uploads\/2022\/11\/Logomark_Szeplast.png 180w, https:\/\/szeplast.com\/wp-content\/uploads\/2022\/11\/Logomark_Szeplast-150x150.png 150w\" data-sizes=\"(max-width: 180px) 100vw, 180px\" src=\"data:image\/svg+xml;base64,PHN2ZyB3aWR0aD0iMSIgaGVpZ2h0PSIxIiB4bWxucz0iaHR0cDovL3d3dy53My5vcmcvMjAwMC9zdmciPjwvc3ZnPg==\" style=\"--smush-placeholder-width: 180px; --smush-placeholder-aspect-ratio: 180\/180;\" \/>\t\t\t\t\t\t\t\t\t\t\t\t\t\t\t<\/div>\n\t\t\t\t<\/div>\n\t\t\t\t<div class=\"elementor-element elementor-element-fa5f218 elementor-widget elementor-widget-industrium_heading\" data-id=\"fa5f218\" data-element_type=\"widget\" data-e-type=\"widget\" data-widget_type=\"industrium_heading.default\">\n\t\t\t\t<div class=\"elementor-widget-container\">\n\t\t\t\t\t<div class=\"industrium-heading-widget\"><h1 class=\"industrium-heading\"><span class=\"industrium-heading-content\">Tendre<\/span><\/h1><\/div>\t\t\t\t<\/div>\n\t\t\t\t<\/div>\n\t\t\t\t<div class=\"elementor-element elementor-element-9f62d7e elementor-widget elementor-widget-html\" data-id=\"9f62d7e\" data-element_type=\"widget\" data-e-type=\"widget\" data-widget_type=\"html.default\">\n\t\t\t\t<div class=\"elementor-widget-container\">\n\t\t\t\t\t<nav class=\"breadcrumbs\"><a href=\"https:\/\/szeplast.com\/sk\/\">Home<\/a><span class=\"delimiter\"><\/span><a href=\"https:\/\/szeplast.com\/sk\/tendre\/\">Tendre<\/a><span class=\"delimiter\"><\/span><span class=\"current\" style=\"color:#fff\">Roz\u0161\u00edrenie v\u00fdrobnej kapacity v Szeplast Zrt<\/span><\/nav>\r\n\t\t\t\t<\/div>\n\t\t\t\t<\/div>\n\t\t\t\t<div class=\"elementor-element elementor-element-9fbe80e elementor-absolute elementor-hidden-tablet elementor-hidden-mobile_extra elementor-hidden-mobile elementor-widget__width-auto animated-fast decoration-type-1 elementor-invisible elementor-widget elementor-widget-industrium_decoration\" data-id=\"9fbe80e\" data-element_type=\"widget\" data-e-type=\"widget\" data-settings=\"{&quot;_position&quot;:&quot;absolute&quot;,&quot;_animation&quot;:&quot;industrium_decoration&quot;,&quot;_animation_tablet_extra&quot;:&quot;none&quot;,&quot;_animation_delay&quot;:300}\" data-widget_type=\"industrium_decoration.default\">\n\t\t\t\t<div class=\"elementor-widget-container\">\n\t\t\t\t\t        <div class=\"decoration-widget\">\n            <div class=\"decoration-container\">\n                <div class=\"industrium-decoration\">\n                    <div><\/div><div><\/div><div><\/div>\n                <\/div>\n            <\/div>\n        <\/div>\n        \t\t\t\t<\/div>\n\t\t\t\t<\/div>\n\t\t\t\t\t<\/div>\n\t\t<\/div>\n\t\t\t\t\t<\/div>\n\t\t<\/section>\n\t\t\t\t<section class=\"elementor-section elementor-top-section elementor-element elementor-element-6f0df25f elementor-section-boxed elementor-section-height-default elementor-section-height-default\" data-id=\"6f0df25f\" data-element_type=\"section\" data-e-type=\"section\">\n\t\t\t\t\t\t<div class=\"elementor-container elementor-column-gap-default\">\n\t\t\t\t\t<div class=\"elementor-column elementor-col-100 elementor-top-column elementor-element elementor-element-72bacc09\" data-id=\"72bacc09\" data-element_type=\"column\" data-e-type=\"column\">\n\t\t\t<div class=\"elementor-widget-wrap elementor-element-populated\">\n\t\t\t\t\t\t<div class=\"elementor-element elementor-element-2b8ae120 elementor-widget elementor-widget-text-editor\" data-id=\"2b8ae120\" data-element_type=\"widget\" data-e-type=\"widget\" data-widget_type=\"text-editor.default\">\n\t\t\t\t<div class=\"elementor-widget-container\">\n\t\t\t\t\t\t\t\t\t<p><strong>ID projektu:<\/strong> GINOP-121-16-2017-00368<\/p>\n<p><strong>N\u00e1zov pr\u00edjemcu:<\/strong> Szeplast Zrt.<br><strong>N\u00e1zov projektu:<\/strong> Roz\u0161\u00edrenie v\u00fdrobnej kapacity v Szeplast Zrt<br><strong>V\u00fd\u0161ka zmluvnej podpory:<\/strong> 499 976 244 HUF&nbsp;<br><strong>Miera dot\u00e1cie:<\/strong> 45,72 %<br><strong>Zdroj:<\/strong> Eur\u00f3psky fond region\u00e1lneho rozvoja<br><strong>Pl\u00e1novan\u00fd term\u00edn ukon\u010denia projektu:<\/strong> 31.05.2019.<\/p>\n<h4>Popis projektu<\/h4>\n<p>Invest\u00edcia je zameran\u00e1 na rozvoj hlavnej \u010dinnosti spolo\u010dnosti, v\u00fdroby plastov\u00fdch surov\u00edn. V d\u00f4sledku projektu s celkov\u00fdm rozpo\u010dtom takmer 1,1 miliardy HUF sa v\u00fdrobn\u00e1 kapacita spolo\u010dnosti zdvojn\u00e1sob\u00ed. Uvedenie v\u00fdrobn\u00e9ho zariadenia zahrnut\u00e9ho v invest\u00edcii do prev\u00e1dzky prispieva k r\u00fdchlej\u0161iemu a hospod\u00e1rnej\u0161iemu uspokojovaniu potrieb trhu, k zv\u00fd\u0161eniu v\u00fdrobnej kapacity podniku, k zachovaniu a posilneniu jeho konkurencieschopnosti a schopnosti vytv\u00e1ra\u0165 pr\u00edjmy.<\/p>\n<figure class=\"wp-block-image size-large\"><img fetchpriority=\"high\" decoding=\"async\" width=\"1024\" height=\"708\" class=\"wp-image-13625\" src=\"https:\/\/szeplast.com\/wp-content\/uploads\/2022\/12\/ESZA-1024x708.png\" alt=\"\" srcset=\"https:\/\/szeplast.com\/wp-content\/uploads\/2022\/12\/ESZA-1024x708.png 1024w, https:\/\/szeplast.com\/wp-content\/uploads\/2022\/12\/ESZA-300x207.png 300w, https:\/\/szeplast.com\/wp-content\/uploads\/2022\/12\/ESZA-768x531.png 768w, https:\/\/szeplast.com\/wp-content\/uploads\/2022\/12\/ESZA-835x578.png 835w, https:\/\/szeplast.com\/wp-content\/uploads\/2022\/12\/ESZA.png 1453w\" sizes=\"(max-width: 1024px) 100vw, 1024px\" \/><\/figure>\t\t\t\t\t\t\t\t<\/div>\n\t\t\t\t<\/div>\n\t\t\t\t\t<\/div>\n\t\t<\/div>\n\t\t\t\t\t<\/div>\n\t\t<\/section>\n\t\t\t\t<\/div>\n\t\t","protected":false},"excerpt":{"rendered":"<p>HomeTendreRoz\u0161\u00edrenie v\u00fdrobnej kapacity v Szeplast Zrt ID projektu: GINOP-121-16-2017-00368 N\u00e1zov pr\u00edjemcu: Szeplast Zrt.N\u00e1zov projektu: Roz\u0161\u00edrenie v\u00fdrobnej kapacity v Szeplast ZrtV\u00fd\u0161ka zmluvnej podpory: 499 976 244 HUF&nbsp;Miera dot\u00e1cie: 45,72 %Zdroj: Eur\u00f3psky fond region\u00e1lneho rozvojaPl\u00e1novan\u00fd term\u00edn ukon\u010denia projektu: 31.05.2019. Popis projektu Invest\u00edcia je&#8230;<\/p>\n","protected":false},"author":1,"featured_media":0,"parent":20709,"menu_order":0,"comment_status":"closed","ping_status":"closed","template":"","meta":{"om_disable_all_campaigns":false,"_monsterinsights_skip_tracking":false,"_monsterinsights_sitenote_active":false,"_monsterinsights_sitenote_note":"","_monsterinsights_sitenote_category":0,"footnotes":""},"class_list":["post-20723","page","type-page","status-publish","hentry"],"aioseo_notices":[],"_links":{"self":[{"href":"https:\/\/szeplast.com\/sk\/wp-json\/wp\/v2\/pages\/20723","targetHints":{"allow":["GET"]}}],"collection":[{"href":"https:\/\/szeplast.com\/sk\/wp-json\/wp\/v2\/pages"}],"about":[{"href":"https:\/\/szeplast.com\/sk\/wp-json\/wp\/v2\/types\/page"}],"author":[{"embeddable":true,"href":"https:\/\/szeplast.com\/sk\/wp-json\/wp\/v2\/users\/1"}],"replies":[{"embeddable":true,"href":"https:\/\/szeplast.com\/sk\/wp-json\/wp\/v2\/comments?post=20723"}],"version-history":[{"count":28,"href":"https:\/\/szeplast.com\/sk\/wp-json\/wp\/v2\/pages\/20723\/revisions"}],"predecessor-version":[{"id":22711,"href":"https:\/\/szeplast.com\/sk\/wp-json\/wp\/v2\/pages\/20723\/revisions\/22711"}],"up":[{"embeddable":true,"href":"https:\/\/szeplast.com\/sk\/wp-json\/wp\/v2\/pages\/20709"}],"wp:attachment":[{"href":"https:\/\/szeplast.com\/sk\/wp-json\/wp\/v2\/media?parent=20723"}],"curies":[{"name":"wp","href":"https:\/\/api.w.org\/{rel}","templated":true}]}}