{"id":20715,"date":"2022-12-14T17:22:20","date_gmt":"2022-12-14T17:22:20","guid":{"rendered":"https:\/\/szeplast.com\/tendre\/technologicka-modernizacia-mikro-malych-a-strednych-podnikov\/"},"modified":"2023-07-17T12:13:34","modified_gmt":"2023-07-17T12:13:34","slug":"technologicka-modernizacia-mikro-malych-a-strednych-podnikov","status":"publish","type":"page","link":"https:\/\/szeplast.com\/sk\/tendre\/technologicka-modernizacia-mikro-malych-a-strednych-podnikov\/","title":{"rendered":"Technologick\u00e1 moderniz\u00e1cia mikro, mal\u00fdch a stredn\u00fdch podnikov"},"content":{"rendered":"\t\t<div data-elementor-type=\"wp-page\" data-elementor-id=\"20715\" class=\"elementor elementor-20715 elementor-15088\">\n\t\t\t\t\t\t<section class=\"elementor-section elementor-top-section elementor-element elementor-element-040fc42 elementor-section-height-min-height elementor-section-items-stretch elementor-section-stretched page-title elementor-section-boxed elementor-section-height-default\" data-id=\"040fc42\" data-element_type=\"section\" data-e-type=\"section\" data-settings=\"{&quot;background_background&quot;:&quot;classic&quot;,&quot;stretch_section&quot;:&quot;section-stretched&quot;}\">\n\t\t\t\t\t\t<div class=\"elementor-container elementor-column-gap-default\">\n\t\t\t\t\t<div class=\"elementor-column elementor-col-100 elementor-top-column elementor-element elementor-element-2d6a052\" data-id=\"2d6a052\" data-element_type=\"column\" data-e-type=\"column\">\n\t\t\t<div class=\"elementor-widget-wrap elementor-element-populated\">\n\t\t\t\t\t\t<div class=\"elementor-element elementor-element-a0e7750 elementor-widget elementor-widget-image\" data-id=\"a0e7750\" data-element_type=\"widget\" data-e-type=\"widget\" data-settings=\"{&quot;_animation&quot;:&quot;none&quot;}\" data-widget_type=\"image.default\">\n\t\t\t\t<div class=\"elementor-widget-container\">\n\t\t\t\t\t\t\t\t\t\t\t\t\t\t\t<img decoding=\"async\" width=\"180\" height=\"180\" data-src=\"https:\/\/szeplast.com\/wp-content\/uploads\/2022\/11\/Logomark_Szeplast.png\" class=\"attachment-large size-large wp-image-11532 lazyload\" alt=\"Szeplast logomark\" data-srcset=\"https:\/\/szeplast.com\/wp-content\/uploads\/2022\/11\/Logomark_Szeplast.png 180w, https:\/\/szeplast.com\/wp-content\/uploads\/2022\/11\/Logomark_Szeplast-150x150.png 150w\" data-sizes=\"(max-width: 180px) 100vw, 180px\" src=\"data:image\/svg+xml;base64,PHN2ZyB3aWR0aD0iMSIgaGVpZ2h0PSIxIiB4bWxucz0iaHR0cDovL3d3dy53My5vcmcvMjAwMC9zdmciPjwvc3ZnPg==\" style=\"--smush-placeholder-width: 180px; --smush-placeholder-aspect-ratio: 180\/180;\" \/>\t\t\t\t\t\t\t\t\t\t\t\t\t\t\t<\/div>\n\t\t\t\t<\/div>\n\t\t\t\t<div class=\"elementor-element elementor-element-74702a8 elementor-widget elementor-widget-industrium_heading\" data-id=\"74702a8\" data-element_type=\"widget\" data-e-type=\"widget\" data-widget_type=\"industrium_heading.default\">\n\t\t\t\t<div class=\"elementor-widget-container\">\n\t\t\t\t\t<div class=\"industrium-heading-widget\"><h1 class=\"industrium-heading\"><span class=\"industrium-heading-content\">Tendre<\/span><\/h1><\/div>\t\t\t\t<\/div>\n\t\t\t\t<\/div>\n\t\t\t\t<div class=\"elementor-element elementor-element-4637b17 elementor-widget elementor-widget-html\" data-id=\"4637b17\" data-element_type=\"widget\" data-e-type=\"widget\" data-widget_type=\"html.default\">\n\t\t\t\t<div class=\"elementor-widget-container\">\n\t\t\t\t\t<nav class=\"breadcrumbs\"><a href=\"https:\/\/szeplast.com\/sk\/\">Home<\/a><span class=\"delimiter\"><\/span><a href=\"https:\/\/szeplast.com\/sk\/tendre\/\">Tendre<\/a><span class=\"delimiter\"><\/span><span class=\"current\" style=\"color:#fff\">Technologick\u00e1 moderniz\u00e1cia mikro, mal\u00fdch a stredn\u00fdch podnikov<\/span><\/nav>\r\n\t\t\t\t<\/div>\n\t\t\t\t<\/div>\n\t\t\t\t<div class=\"elementor-element elementor-element-d55708d elementor-absolute elementor-hidden-tablet elementor-hidden-mobile_extra elementor-hidden-mobile elementor-widget__width-auto animated-fast decoration-type-1 elementor-invisible elementor-widget elementor-widget-industrium_decoration\" data-id=\"d55708d\" data-element_type=\"widget\" data-e-type=\"widget\" data-settings=\"{&quot;_position&quot;:&quot;absolute&quot;,&quot;_animation&quot;:&quot;industrium_decoration&quot;,&quot;_animation_tablet_extra&quot;:&quot;none&quot;,&quot;_animation_delay&quot;:300}\" data-widget_type=\"industrium_decoration.default\">\n\t\t\t\t<div class=\"elementor-widget-container\">\n\t\t\t\t\t        <div class=\"decoration-widget\">\n            <div class=\"decoration-container\">\n                <div class=\"industrium-decoration\">\n                    <div><\/div><div><\/div><div><\/div>\n                <\/div>\n            <\/div>\n        <\/div>\n        \t\t\t\t<\/div>\n\t\t\t\t<\/div>\n\t\t\t\t\t<\/div>\n\t\t<\/div>\n\t\t\t\t\t<\/div>\n\t\t<\/section>\n\t\t\t\t<section class=\"elementor-section elementor-top-section elementor-element elementor-element-293d5b2f elementor-section-boxed elementor-section-height-default elementor-section-height-default\" data-id=\"293d5b2f\" data-element_type=\"section\" data-e-type=\"section\">\n\t\t\t\t\t\t<div class=\"elementor-container elementor-column-gap-default\">\n\t\t\t\t\t<div class=\"elementor-column elementor-col-100 elementor-top-column elementor-element elementor-element-6f0d4d1e\" data-id=\"6f0d4d1e\" data-element_type=\"column\" data-e-type=\"column\">\n\t\t\t<div class=\"elementor-widget-wrap elementor-element-populated\">\n\t\t\t\t\t\t<div class=\"elementor-element elementor-element-5491558a elementor-widget elementor-widget-text-editor\" data-id=\"5491558a\" data-element_type=\"widget\" data-e-type=\"widget\" data-widget_type=\"text-editor.default\">\n\t\t\t\t<div class=\"elementor-widget-container\">\n\t\t\t\t\t\t\t\t\t<p><strong>Identifika\u010dn\u00e9 \u010d\u00edslo projektu:<\/strong> GINOP-8.3.5-18<\/p><p><strong>N\u00e1zov pr\u00edjemcu:<\/strong> Szeplast Zrt.<br \/><strong>N\u00e1zov projektu:<\/strong> TECHNOLOGICK\u00c1 AKTUALIZ\u00c1CIA MIKRO, MAL\u00ddCH A STREDN\u00ddCH PODNIKOV<br \/><strong>V\u00fd\u0161ka zmluvnej podpory:<\/strong> 80 000 000 HUF<br \/><strong>Miera dot\u00e1cie:<\/strong> 100 %<br \/><strong>Zdroj:<\/strong> Eur\u00f3psky soci\u00e1lny fond<br \/><strong>Pl\u00e1novan\u00fd term\u00edn ukon\u010denia projektu:<\/strong> 08.11.2020.<\/p><h4>Popis projektu<\/h4><p>Invest\u00edcia je zameran\u00e1 na rozvoj hlavnej \u010dinnosti spolo\u010dnosti, v\u00fdroby plastov\u00fdch surov\u00edn. Zariadenia zak\u00fapen\u00e9 v r\u00e1mci projektu s celkov\u00fdm rozpo\u010dtom takmer 1,1 miliardy forintov predstavuj\u00fa najmodernej\u0161iu, najmodernej\u0161iu technol\u00f3giu, pomocou ktorej m\u00f4\u017eete vykon\u00e1va\u0165 hlavn\u00e9 \u010dinnosti spolo\u010dnosti na vy\u0161\u0161ej \u00farovni. \u0161tandardom a s modernej\u0161\u00edm procesom, s krokom vpred v kvalite a technol\u00f3gii. Realiz\u00e1cia rozvoja prispieva k r\u00fdchlej\u0161iemu a hospod\u00e1rnej\u0161iemu uspokojovaniu potrieb trhu, k zv\u00fd\u0161eniu v\u00fdrobnej kapacity podniku, k zachovaniu a posilneniu jeho konkurencieschopnosti a schopnosti vytv\u00e1ra\u0165 pr\u00edjmy.<\/p><figure class=\"wp-block-image size-large\"><img fetchpriority=\"high\" decoding=\"async\" width=\"1024\" height=\"708\" class=\"wp-image-13625\" src=\"https:\/\/szeplast.com\/wp-content\/uploads\/2022\/12\/ESZA-1024x708.png\" alt=\"\" srcset=\"https:\/\/szeplast.com\/wp-content\/uploads\/2022\/12\/ESZA-1024x708.png 1024w, https:\/\/szeplast.com\/wp-content\/uploads\/2022\/12\/ESZA-300x207.png 300w, https:\/\/szeplast.com\/wp-content\/uploads\/2022\/12\/ESZA-768x531.png 768w, https:\/\/szeplast.com\/wp-content\/uploads\/2022\/12\/ESZA-835x578.png 835w, https:\/\/szeplast.com\/wp-content\/uploads\/2022\/12\/ESZA.png 1453w\" sizes=\"(max-width: 1024px) 100vw, 1024px\" \/><\/figure>\t\t\t\t\t\t\t\t<\/div>\n\t\t\t\t<\/div>\n\t\t\t\t\t<\/div>\n\t\t<\/div>\n\t\t\t\t\t<\/div>\n\t\t<\/section>\n\t\t\t\t<\/div>\n\t\t","protected":false},"excerpt":{"rendered":"<p>HomeTendreTechnologick\u00e1 moderniz\u00e1cia mikro, mal\u00fdch a stredn\u00fdch podnikov Identifika\u010dn\u00e9 \u010d\u00edslo projektu: GINOP-8.3.5-18 N\u00e1zov pr\u00edjemcu: Szeplast Zrt.N\u00e1zov projektu: TECHNOLOGICK\u00c1 AKTUALIZ\u00c1CIA MIKRO, MAL\u00ddCH A STREDN\u00ddCH PODNIKOVV\u00fd\u0161ka zmluvnej podpory: 80 000 000 HUFMiera dot\u00e1cie: 100 %Zdroj: Eur\u00f3psky soci\u00e1lny fondPl\u00e1novan\u00fd term\u00edn ukon\u010denia projektu: 08.11.2020. Popis projektu&#8230;<\/p>\n","protected":false},"author":1,"featured_media":0,"parent":20709,"menu_order":0,"comment_status":"closed","ping_status":"closed","template":"","meta":{"om_disable_all_campaigns":false,"_monsterinsights_skip_tracking":false,"_monsterinsights_sitenote_active":false,"_monsterinsights_sitenote_note":"","_monsterinsights_sitenote_category":0,"footnotes":""},"class_list":["post-20715","page","type-page","status-publish","hentry"],"aioseo_notices":[],"_links":{"self":[{"href":"https:\/\/szeplast.com\/sk\/wp-json\/wp\/v2\/pages\/20715","targetHints":{"allow":["GET"]}}],"collection":[{"href":"https:\/\/szeplast.com\/sk\/wp-json\/wp\/v2\/pages"}],"about":[{"href":"https:\/\/szeplast.com\/sk\/wp-json\/wp\/v2\/types\/page"}],"author":[{"embeddable":true,"href":"https:\/\/szeplast.com\/sk\/wp-json\/wp\/v2\/users\/1"}],"replies":[{"embeddable":true,"href":"https:\/\/szeplast.com\/sk\/wp-json\/wp\/v2\/comments?post=20715"}],"version-history":[{"count":10,"href":"https:\/\/szeplast.com\/sk\/wp-json\/wp\/v2\/pages\/20715\/revisions"}],"predecessor-version":[{"id":20868,"href":"https:\/\/szeplast.com\/sk\/wp-json\/wp\/v2\/pages\/20715\/revisions\/20868"}],"up":[{"embeddable":true,"href":"https:\/\/szeplast.com\/sk\/wp-json\/wp\/v2\/pages\/20709"}],"wp:attachment":[{"href":"https:\/\/szeplast.com\/sk\/wp-json\/wp\/v2\/media?parent=20715"}],"curies":[{"name":"wp","href":"https:\/\/api.w.org\/{rel}","templated":true}]}}