{"id":20713,"date":"2022-12-14T17:25:47","date_gmt":"2022-12-14T17:25:47","guid":{"rendered":"https:\/\/szeplast.com\/tendre\/zlepsenie-efektivnosti-vyuzivania-zdrojov-v-logistickom-procese-v-szeplast-zrt\/"},"modified":"2023-07-17T12:28:23","modified_gmt":"2023-07-17T12:28:23","slug":"zlepsenie-efektivnosti-vyuzivania-zdrojov-v-logistickom-procese-v-szeplast-zrt","status":"publish","type":"page","link":"https:\/\/szeplast.com\/sk\/tendre\/zlepsenie-efektivnosti-vyuzivania-zdrojov-v-logistickom-procese-v-szeplast-zrt\/","title":{"rendered":"Zlep\u0161enie efekt\u00edvnosti vyu\u017e\u00edvania zdrojov v logistickom procese v Szeplast Zrt"},"content":{"rendered":"\t\t<div data-elementor-type=\"wp-page\" data-elementor-id=\"20713\" class=\"elementor elementor-20713 elementor-15096\">\n\t\t\t\t\t\t<section class=\"elementor-section elementor-top-section elementor-element elementor-element-ec3e0fa elementor-section-height-min-height elementor-section-items-stretch elementor-section-stretched page-title elementor-section-boxed elementor-section-height-default\" data-id=\"ec3e0fa\" data-element_type=\"section\" data-e-type=\"section\" data-settings=\"{&quot;background_background&quot;:&quot;classic&quot;,&quot;stretch_section&quot;:&quot;section-stretched&quot;}\">\n\t\t\t\t\t\t<div class=\"elementor-container elementor-column-gap-default\">\n\t\t\t\t\t<div class=\"elementor-column elementor-col-100 elementor-top-column elementor-element elementor-element-14b218b\" data-id=\"14b218b\" data-element_type=\"column\" data-e-type=\"column\">\n\t\t\t<div class=\"elementor-widget-wrap elementor-element-populated\">\n\t\t\t\t\t\t<div class=\"elementor-element elementor-element-84d959d elementor-widget elementor-widget-image\" data-id=\"84d959d\" data-element_type=\"widget\" data-e-type=\"widget\" data-settings=\"{&quot;_animation&quot;:&quot;none&quot;}\" data-widget_type=\"image.default\">\n\t\t\t\t<div class=\"elementor-widget-container\">\n\t\t\t\t\t\t\t\t\t\t\t\t\t\t\t<img decoding=\"async\" width=\"180\" height=\"180\" data-src=\"https:\/\/szeplast.com\/wp-content\/uploads\/2022\/11\/Logomark_Szeplast.png\" class=\"attachment-large size-large wp-image-11532 lazyload\" alt=\"Szeplast logomark\" data-srcset=\"https:\/\/szeplast.com\/wp-content\/uploads\/2022\/11\/Logomark_Szeplast.png 180w, https:\/\/szeplast.com\/wp-content\/uploads\/2022\/11\/Logomark_Szeplast-150x150.png 150w\" data-sizes=\"(max-width: 180px) 100vw, 180px\" src=\"data:image\/svg+xml;base64,PHN2ZyB3aWR0aD0iMSIgaGVpZ2h0PSIxIiB4bWxucz0iaHR0cDovL3d3dy53My5vcmcvMjAwMC9zdmciPjwvc3ZnPg==\" style=\"--smush-placeholder-width: 180px; --smush-placeholder-aspect-ratio: 180\/180;\" \/>\t\t\t\t\t\t\t\t\t\t\t\t\t\t\t<\/div>\n\t\t\t\t<\/div>\n\t\t\t\t<div class=\"elementor-element elementor-element-95d964d elementor-widget elementor-widget-industrium_heading\" data-id=\"95d964d\" data-element_type=\"widget\" data-e-type=\"widget\" data-widget_type=\"industrium_heading.default\">\n\t\t\t\t<div class=\"elementor-widget-container\">\n\t\t\t\t\t<div class=\"industrium-heading-widget\"><h1 class=\"industrium-heading\"><span class=\"industrium-heading-content\">Tendre<\/span><\/h1><\/div>\t\t\t\t<\/div>\n\t\t\t\t<\/div>\n\t\t\t\t<div class=\"elementor-element elementor-element-c4e6f20 elementor-widget elementor-widget-html\" data-id=\"c4e6f20\" data-element_type=\"widget\" data-e-type=\"widget\" data-widget_type=\"html.default\">\n\t\t\t\t<div class=\"elementor-widget-container\">\n\t\t\t\t\t<nav class=\"breadcrumbs\"><a href=\"https:\/\/szeplast.com\/sk\/\">Home<\/a><span class=\"delimiter\"><\/span><a href=\"https:\/\/szeplast.com\/sk\/tendre\/\">Tendre<\/a><span class=\"delimiter\"><\/span><span class=\"current\" style=\"color:#fff\">Zlep\u0161enie efekt\u00edvnosti vyu\u017e\u00edvania zdrojov v logistickom procese v Szeplast Zrt<\/span><\/nav>\r\n\t\t\t\t<\/div>\n\t\t\t\t<\/div>\n\t\t\t\t<div class=\"elementor-element elementor-element-e924de8 elementor-absolute elementor-hidden-tablet elementor-hidden-mobile_extra elementor-hidden-mobile elementor-widget__width-auto animated-fast decoration-type-1 elementor-invisible elementor-widget elementor-widget-industrium_decoration\" data-id=\"e924de8\" data-element_type=\"widget\" data-e-type=\"widget\" data-settings=\"{&quot;_position&quot;:&quot;absolute&quot;,&quot;_animation&quot;:&quot;industrium_decoration&quot;,&quot;_animation_tablet_extra&quot;:&quot;none&quot;,&quot;_animation_delay&quot;:300}\" data-widget_type=\"industrium_decoration.default\">\n\t\t\t\t<div class=\"elementor-widget-container\">\n\t\t\t\t\t        <div class=\"decoration-widget\">\n            <div class=\"decoration-container\">\n                <div class=\"industrium-decoration\">\n                    <div><\/div><div><\/div><div><\/div>\n                <\/div>\n            <\/div>\n        <\/div>\n        \t\t\t\t<\/div>\n\t\t\t\t<\/div>\n\t\t\t\t\t<\/div>\n\t\t<\/div>\n\t\t\t\t\t<\/div>\n\t\t<\/section>\n\t\t\t\t<section class=\"elementor-section elementor-top-section elementor-element elementor-element-6c67c43 elementor-section-boxed elementor-section-height-default elementor-section-height-default\" data-id=\"6c67c43\" data-element_type=\"section\" data-e-type=\"section\">\n\t\t\t\t\t\t<div class=\"elementor-container elementor-column-gap-default\">\n\t\t\t\t\t<div class=\"elementor-column elementor-col-100 elementor-top-column elementor-element elementor-element-77d38eea\" data-id=\"77d38eea\" data-element_type=\"column\" data-e-type=\"column\">\n\t\t\t<div class=\"elementor-widget-wrap elementor-element-populated\">\n\t\t\t\t\t\t<div class=\"elementor-element elementor-element-1bcec568 elementor-widget elementor-widget-text-editor\" data-id=\"1bcec568\" data-element_type=\"widget\" data-e-type=\"widget\" data-widget_type=\"text-editor.default\">\n\t\t\t\t<div class=\"elementor-widget-container\">\n\t\t\t\t\t\t\t\t\t<p><strong>ID projektu:<\/strong> GINOP\u20131.2.10\u201319\u20132020\u201300190<\/p>\n<p><strong>N\u00e1zov pr\u00edjemcu:<\/strong> Szeplast Zrt.<br><strong>N\u00e1zov projektu:<\/strong> Zlep\u0161enie technologickej pripravenosti a efekt\u00edvnosti zdrojov logistick\u00fdch procesov v spolo\u010dnosti Szeplast Zrt.<br><strong>V\u00fd\u0161ka nen\u00e1vratnej dot\u00e1cie:<\/strong> 21 872 853 HUF<br><strong>Miera grantu:<\/strong> 70 %<br><strong>Zdroj:<\/strong> Eur\u00f3psky fond region\u00e1lneho rozvoja<br><strong>Skuto\u010dn\u00fd term\u00edn ukon\u010denia projektu:<\/strong> 02.09.2021<\/p>\n<h4>Popis projektu<\/h4>\n<p>V r\u00e1mci projektu boli zak\u00fapen\u00e9 3 vysokozdvi\u017en\u00e9 voz\u00edky, ktor\u00e9 boli uveden\u00e9 do prev\u00e1dzky v skladov\u00fdch a v\u00fdrobn\u00fdch procesoch. V d\u00f4sledku uvedenia vysokozdvi\u017en\u00fdch voz\u00edkov do prev\u00e1dzky sa zv\u00fd\u0161ila efektivita \u010dinnosti roz\u0161\u00edren\u00edm logistick\u00fdch a v\u00fdrobn\u00fdch kapac\u00edt, zn\u00ed\u017eili sa n\u00e1klady na manipul\u00e1ciu s materi\u00e1lom a \u010dasov\u00e1 n\u00e1ro\u010dnos\u0165 procesov, aby bolo mo\u017en\u00e9 bezprobl\u00e9movo uspokoji\u0165 potreby z\u00e1kazn\u00edka.<\/p>\n<figure class=\"wp-block-image size-large\"><img fetchpriority=\"high\" decoding=\"async\" width=\"1024\" height=\"708\" class=\"wp-image-13625\" src=\"https:\/\/szeplast.com\/wp-content\/uploads\/2022\/12\/ESZA-1024x708.png\" alt=\"\" srcset=\"https:\/\/szeplast.com\/wp-content\/uploads\/2022\/12\/ESZA-1024x708.png 1024w, https:\/\/szeplast.com\/wp-content\/uploads\/2022\/12\/ESZA-300x207.png 300w, https:\/\/szeplast.com\/wp-content\/uploads\/2022\/12\/ESZA-768x531.png 768w, https:\/\/szeplast.com\/wp-content\/uploads\/2022\/12\/ESZA-835x578.png 835w, https:\/\/szeplast.com\/wp-content\/uploads\/2022\/12\/ESZA.png 1453w\" sizes=\"(max-width: 1024px) 100vw, 1024px\" \/><\/figure>\t\t\t\t\t\t\t\t<\/div>\n\t\t\t\t<\/div>\n\t\t\t\t\t<\/div>\n\t\t<\/div>\n\t\t\t\t\t<\/div>\n\t\t<\/section>\n\t\t\t\t<\/div>\n\t\t","protected":false},"excerpt":{"rendered":"<p>HomeTendreZlep\u0161enie efekt\u00edvnosti vyu\u017e\u00edvania zdrojov v logistickom procese v Szeplast Zrt ID projektu: GINOP\u20131.2.10\u201319\u20132020\u201300190 N\u00e1zov pr\u00edjemcu: Szeplast Zrt.N\u00e1zov projektu: Zlep\u0161enie technologickej pripravenosti a efekt\u00edvnosti zdrojov logistick\u00fdch procesov v spolo\u010dnosti Szeplast Zrt.V\u00fd\u0161ka nen\u00e1vratnej dot\u00e1cie: 21 872 853 HUFMiera grantu: 70 %Zdroj: Eur\u00f3psky fond&#8230;<\/p>\n","protected":false},"author":1,"featured_media":0,"parent":20709,"menu_order":0,"comment_status":"closed","ping_status":"closed","template":"","meta":{"om_disable_all_campaigns":false,"_monsterinsights_skip_tracking":false,"_monsterinsights_sitenote_active":false,"_monsterinsights_sitenote_note":"","_monsterinsights_sitenote_category":0,"footnotes":""},"class_list":["post-20713","page","type-page","status-publish","hentry"],"aioseo_notices":[],"_links":{"self":[{"href":"https:\/\/szeplast.com\/sk\/wp-json\/wp\/v2\/pages\/20713","targetHints":{"allow":["GET"]}}],"collection":[{"href":"https:\/\/szeplast.com\/sk\/wp-json\/wp\/v2\/pages"}],"about":[{"href":"https:\/\/szeplast.com\/sk\/wp-json\/wp\/v2\/types\/page"}],"author":[{"embeddable":true,"href":"https:\/\/szeplast.com\/sk\/wp-json\/wp\/v2\/users\/1"}],"replies":[{"embeddable":true,"href":"https:\/\/szeplast.com\/sk\/wp-json\/wp\/v2\/comments?post=20713"}],"version-history":[{"count":7,"href":"https:\/\/szeplast.com\/sk\/wp-json\/wp\/v2\/pages\/20713\/revisions"}],"predecessor-version":[{"id":20890,"href":"https:\/\/szeplast.com\/sk\/wp-json\/wp\/v2\/pages\/20713\/revisions\/20890"}],"up":[{"embeddable":true,"href":"https:\/\/szeplast.com\/sk\/wp-json\/wp\/v2\/pages\/20709"}],"wp:attachment":[{"href":"https:\/\/szeplast.com\/sk\/wp-json\/wp\/v2\/media?parent=20713"}],"curies":[{"name":"wp","href":"https:\/\/api.w.org\/{rel}","templated":true}]}}