{"id":23693,"date":"2023-08-23T12:38:22","date_gmt":"2023-08-23T12:38:22","guid":{"rendered":"https:\/\/szeplast.com\/proiect\/szeplast-zrt-finantarea-stocurilor\/"},"modified":"2024-01-30T14:35:05","modified_gmt":"2024-01-30T14:35:05","slug":"szeplast-zrt-finantarea-stocurilor","status":"publish","type":"page","link":"https:\/\/szeplast.com\/ro\/proiect\/szeplast-zrt-finantarea-stocurilor\/","title":{"rendered":"Szeplast Zrt. \u2013 Finan\u021barea stocurilor"},"content":{"rendered":"\t\t<div data-elementor-type=\"wp-page\" data-elementor-id=\"23693\" class=\"elementor elementor-23693 elementor-21853\">\n\t\t\t\t\t\t<section class=\"elementor-section elementor-top-section elementor-element elementor-element-5a11f3e elementor-section-height-min-height elementor-section-items-stretch elementor-section-stretched page-title elementor-section-boxed elementor-section-height-default\" data-id=\"5a11f3e\" data-element_type=\"section\" data-e-type=\"section\" data-settings=\"{&quot;background_background&quot;:&quot;classic&quot;,&quot;stretch_section&quot;:&quot;section-stretched&quot;}\">\n\t\t\t\t\t\t<div class=\"elementor-container elementor-column-gap-default\">\n\t\t\t\t\t<div class=\"elementor-column elementor-col-100 elementor-top-column elementor-element elementor-element-b002057\" data-id=\"b002057\" data-element_type=\"column\" data-e-type=\"column\">\n\t\t\t<div class=\"elementor-widget-wrap elementor-element-populated\">\n\t\t\t\t\t\t<div class=\"elementor-element elementor-element-8650c96 elementor-widget elementor-widget-image\" data-id=\"8650c96\" data-element_type=\"widget\" data-e-type=\"widget\" data-settings=\"{&quot;_animation&quot;:&quot;none&quot;}\" data-widget_type=\"image.default\">\n\t\t\t\t<div class=\"elementor-widget-container\">\n\t\t\t\t\t\t\t\t\t\t\t\t\t\t\t<img decoding=\"async\" width=\"180\" height=\"180\" data-src=\"https:\/\/szeplast.com\/wp-content\/uploads\/2022\/11\/Logomark_Szeplast.png\" class=\"attachment-large size-large wp-image-11532 lazyload\" alt=\"Szeplast logomark\" data-srcset=\"https:\/\/szeplast.com\/wp-content\/uploads\/2022\/11\/Logomark_Szeplast.png 180w, https:\/\/szeplast.com\/wp-content\/uploads\/2022\/11\/Logomark_Szeplast-150x150.png 150w\" data-sizes=\"(max-width: 180px) 100vw, 180px\" src=\"data:image\/svg+xml;base64,PHN2ZyB3aWR0aD0iMSIgaGVpZ2h0PSIxIiB4bWxucz0iaHR0cDovL3d3dy53My5vcmcvMjAwMC9zdmciPjwvc3ZnPg==\" style=\"--smush-placeholder-width: 180px; --smush-placeholder-aspect-ratio: 180\/180;\" \/>\t\t\t\t\t\t\t\t\t\t\t\t\t\t\t<\/div>\n\t\t\t\t<\/div>\n\t\t\t\t<div class=\"elementor-element elementor-element-2395767 elementor-widget elementor-widget-industrium_heading\" data-id=\"2395767\" data-element_type=\"widget\" data-e-type=\"widget\" data-widget_type=\"industrium_heading.default\">\n\t\t\t\t<div class=\"elementor-widget-container\">\n\t\t\t\t\t<div class=\"industrium-heading-widget\"><h1 class=\"industrium-heading\"><span class=\"industrium-heading-content\">Proiect<\/span><\/h1><\/div>\t\t\t\t<\/div>\n\t\t\t\t<\/div>\n\t\t\t\t<div class=\"elementor-element elementor-element-3f392cb elementor-widget elementor-widget-html\" data-id=\"3f392cb\" data-element_type=\"widget\" data-e-type=\"widget\" data-widget_type=\"html.default\">\n\t\t\t\t<div class=\"elementor-widget-container\">\n\t\t\t\t\t<nav class=\"breadcrumbs\"><a href=\"https:\/\/szeplast.com\/ro\/\">Home<\/a><span class=\"delimiter\"><\/span><a href=\"https:\/\/szeplast.com\/ro\/proiect\/\">Proiect<\/a><span class=\"delimiter\"><\/span><span class=\"current\" style=\"color:#fff\">Szeplast Zrt. - Finan\u021barea stocurilor<\/span><\/nav>\r\n\t\t\t\t<\/div>\n\t\t\t\t<\/div>\n\t\t\t\t<div class=\"elementor-element elementor-element-1055e76 elementor-absolute elementor-hidden-tablet elementor-hidden-mobile_extra elementor-hidden-mobile elementor-widget__width-auto animated-fast decoration-type-1 elementor-invisible elementor-widget elementor-widget-industrium_decoration\" data-id=\"1055e76\" data-element_type=\"widget\" data-e-type=\"widget\" data-settings=\"{&quot;_position&quot;:&quot;absolute&quot;,&quot;_animation&quot;:&quot;industrium_decoration&quot;,&quot;_animation_tablet_extra&quot;:&quot;none&quot;,&quot;_animation_delay&quot;:300}\" data-widget_type=\"industrium_decoration.default\">\n\t\t\t\t<div class=\"elementor-widget-container\">\n\t\t\t\t\t        <div class=\"decoration-widget\">\n            <div class=\"decoration-container\">\n                <div class=\"industrium-decoration\">\n                    <div><\/div><div><\/div><div><\/div>\n                <\/div>\n            <\/div>\n        <\/div>\n        \t\t\t\t<\/div>\n\t\t\t\t<\/div>\n\t\t\t\t\t<\/div>\n\t\t<\/div>\n\t\t\t\t\t<\/div>\n\t\t<\/section>\n\t\t\t\t<section class=\"elementor-section elementor-top-section elementor-element elementor-element-7057226 elementor-section-boxed elementor-section-height-default elementor-section-height-default\" data-id=\"7057226\" data-element_type=\"section\" data-e-type=\"section\">\n\t\t\t\t\t\t<div class=\"elementor-container elementor-column-gap-default\">\n\t\t\t\t\t<div class=\"elementor-column elementor-col-100 elementor-top-column elementor-element elementor-element-1cce69b\" data-id=\"1cce69b\" data-element_type=\"column\" data-e-type=\"column\">\n\t\t\t<div class=\"elementor-widget-wrap elementor-element-populated\">\n\t\t\t\t\t\t<div class=\"elementor-element elementor-element-14d195e elementor-widget elementor-widget-text-editor\" data-id=\"14d195e\" data-element_type=\"widget\" data-e-type=\"widget\" data-widget_type=\"text-editor.default\">\n\t\t\t\t<div class=\"elementor-widget-container\">\n\t\t\t\t\t\t\t\t\t<p><strong>Num\u0103r de identificare a proiectului: <\/strong> GINOP-8.3.5-18B<\/p>\n<p><strong>A kedvezm\u00e9nyezett neve:<\/strong>&nbsp;Szeplast Zrt.<br><strong>Titlul proiectului:<\/strong> Szeplast Zrt. &#8211; Finan\u021barea stocurilor&nbsp;<br><strong>Valoarea \u00eemprumutului care urmeaz\u0103 s\u0103 fie rambursat:<\/strong> 125 000 000 HUF<br><strong>Sursa:<\/strong>&nbsp;Fondul European de Dezvoltare Regional\u0103 <strong>Identificator de proiect: <\/strong> H-EKTG2\/110878\/2023343398\/001<\/p>\n<figure class=\"wp-block-image size-large\"><img fetchpriority=\"high\" decoding=\"async\" width=\"1024\" height=\"708\" class=\"wp-image-13625\" src=\"https:\/\/szeplast.com\/wp-content\/uploads\/2022\/12\/ESZA-1024x708.png\" alt=\"\" srcset=\"https:\/\/szeplast.com\/wp-content\/uploads\/2022\/12\/ESZA-1024x708.png 1024w, https:\/\/szeplast.com\/wp-content\/uploads\/2022\/12\/ESZA-300x207.png 300w, https:\/\/szeplast.com\/wp-content\/uploads\/2022\/12\/ESZA-768x531.png 768w, https:\/\/szeplast.com\/wp-content\/uploads\/2022\/12\/ESZA-835x578.png 835w, https:\/\/szeplast.com\/wp-content\/uploads\/2022\/12\/ESZA.png 1453w\" sizes=\"(max-width: 1024px) 100vw, 1024px\" \/><\/figure>\t\t\t\t\t\t\t\t<\/div>\n\t\t\t\t<\/div>\n\t\t\t\t\t<\/div>\n\t\t<\/div>\n\t\t\t\t\t<\/div>\n\t\t<\/section>\n\t\t\t\t<\/div>\n\t\t","protected":false},"excerpt":{"rendered":"<p>HomeProiectSzeplast Zrt. &#8211; Finan\u021barea stocurilor Num\u0103r de identificare a proiectului: GINOP-8.3.5-18B A kedvezm\u00e9nyezett neve:&nbsp;Szeplast Zrt.Titlul proiectului: Szeplast Zrt. &#8211; Finan\u021barea stocurilor&nbsp;Valoarea \u00eemprumutului care urmeaz\u0103 s\u0103 fie rambursat: 125 000 000 HUFSursa:&nbsp;Fondul European de Dezvoltare Regional\u0103 Identificator de proiect: H-EKTG2\/110878\/2023343398\/001<\/p>\n","protected":false},"author":1,"featured_media":23694,"parent":23677,"menu_order":0,"comment_status":"closed","ping_status":"closed","template":"","meta":{"om_disable_all_campaigns":false,"_monsterinsights_skip_tracking":false,"_monsterinsights_sitenote_active":false,"_monsterinsights_sitenote_note":"","_monsterinsights_sitenote_category":0,"footnotes":""},"class_list":["post-23693","page","type-page","status-publish","has-post-thumbnail","hentry"],"aioseo_notices":[],"_links":{"self":[{"href":"https:\/\/szeplast.com\/ro\/wp-json\/wp\/v2\/pages\/23693","targetHints":{"allow":["GET"]}}],"collection":[{"href":"https:\/\/szeplast.com\/ro\/wp-json\/wp\/v2\/pages"}],"about":[{"href":"https:\/\/szeplast.com\/ro\/wp-json\/wp\/v2\/types\/page"}],"author":[{"embeddable":true,"href":"https:\/\/szeplast.com\/ro\/wp-json\/wp\/v2\/users\/1"}],"replies":[{"embeddable":true,"href":"https:\/\/szeplast.com\/ro\/wp-json\/wp\/v2\/comments?post=23693"}],"version-history":[{"count":5,"href":"https:\/\/szeplast.com\/ro\/wp-json\/wp\/v2\/pages\/23693\/revisions"}],"predecessor-version":[{"id":23807,"href":"https:\/\/szeplast.com\/ro\/wp-json\/wp\/v2\/pages\/23693\/revisions\/23807"}],"up":[{"embeddable":true,"href":"https:\/\/szeplast.com\/ro\/wp-json\/wp\/v2\/pages\/23677"}],"wp:featuredmedia":[{"embeddable":true,"href":"https:\/\/szeplast.com\/ro\/wp-json\/wp\/v2\/media\/23694"}],"wp:attachment":[{"href":"https:\/\/szeplast.com\/ro\/wp-json\/wp\/v2\/media?parent=23693"}],"curies":[{"name":"wp","href":"https:\/\/api.w.org\/{rel}","templated":true}]}}