{"id":23683,"date":"2022-12-14T17:25:47","date_gmt":"2022-12-14T17:25:47","guid":{"rendered":"https:\/\/szeplast.com\/proiect\/imbunatatirea-a-eficientei-resurselor-proceselor-logistice\/"},"modified":"2024-01-31T07:51:59","modified_gmt":"2024-01-31T07:51:59","slug":"imbunatatirea-a-eficientei-resurselor-proceselor-logistice","status":"publish","type":"page","link":"https:\/\/szeplast.com\/ro\/proiect\/imbunatatirea-a-eficientei-resurselor-proceselor-logistice\/","title":{"rendered":"\u00cembun\u0103t\u0103\u021birea  a eficien\u021bei resurselor proceselor logistice"},"content":{"rendered":"\t\t<div data-elementor-type=\"wp-page\" data-elementor-id=\"23683\" class=\"elementor elementor-23683 elementor-15096\">\n\t\t\t\t\t\t<section class=\"elementor-section elementor-top-section elementor-element elementor-element-ec3e0fa elementor-section-height-min-height elementor-section-items-stretch elementor-section-stretched page-title elementor-section-boxed elementor-section-height-default\" data-id=\"ec3e0fa\" data-element_type=\"section\" data-e-type=\"section\" data-settings=\"{&quot;background_background&quot;:&quot;classic&quot;,&quot;stretch_section&quot;:&quot;section-stretched&quot;}\">\n\t\t\t\t\t\t<div class=\"elementor-container elementor-column-gap-default\">\n\t\t\t\t\t<div class=\"elementor-column elementor-col-100 elementor-top-column elementor-element elementor-element-14b218b\" data-id=\"14b218b\" data-element_type=\"column\" data-e-type=\"column\">\n\t\t\t<div class=\"elementor-widget-wrap elementor-element-populated\">\n\t\t\t\t\t\t<div class=\"elementor-element elementor-element-84d959d elementor-widget elementor-widget-image\" data-id=\"84d959d\" data-element_type=\"widget\" data-e-type=\"widget\" data-settings=\"{&quot;_animation&quot;:&quot;none&quot;}\" data-widget_type=\"image.default\">\n\t\t\t\t<div class=\"elementor-widget-container\">\n\t\t\t\t\t\t\t\t\t\t\t\t\t\t\t<img decoding=\"async\" width=\"180\" height=\"180\" data-src=\"https:\/\/szeplast.com\/wp-content\/uploads\/2022\/11\/Logomark_Szeplast.png\" class=\"attachment-large size-large wp-image-11532 lazyload\" alt=\"Szeplast logomark\" data-srcset=\"https:\/\/szeplast.com\/wp-content\/uploads\/2022\/11\/Logomark_Szeplast.png 180w, https:\/\/szeplast.com\/wp-content\/uploads\/2022\/11\/Logomark_Szeplast-150x150.png 150w\" data-sizes=\"(max-width: 180px) 100vw, 180px\" src=\"data:image\/svg+xml;base64,PHN2ZyB3aWR0aD0iMSIgaGVpZ2h0PSIxIiB4bWxucz0iaHR0cDovL3d3dy53My5vcmcvMjAwMC9zdmciPjwvc3ZnPg==\" style=\"--smush-placeholder-width: 180px; --smush-placeholder-aspect-ratio: 180\/180;\" \/>\t\t\t\t\t\t\t\t\t\t\t\t\t\t\t<\/div>\n\t\t\t\t<\/div>\n\t\t\t\t<div class=\"elementor-element elementor-element-95d964d elementor-widget elementor-widget-industrium_heading\" data-id=\"95d964d\" data-element_type=\"widget\" data-e-type=\"widget\" data-widget_type=\"industrium_heading.default\">\n\t\t\t\t<div class=\"elementor-widget-container\">\n\t\t\t\t\t<div class=\"industrium-heading-widget\"><h1 class=\"industrium-heading\"><span class=\"industrium-heading-content\">Proiect<\/span><\/h1><\/div>\t\t\t\t<\/div>\n\t\t\t\t<\/div>\n\t\t\t\t<div class=\"elementor-element elementor-element-c4e6f20 elementor-widget elementor-widget-html\" data-id=\"c4e6f20\" data-element_type=\"widget\" data-e-type=\"widget\" data-widget_type=\"html.default\">\n\t\t\t\t<div class=\"elementor-widget-container\">\n\t\t\t\t\t<nav class=\"breadcrumbs\"><a href=\"https:\/\/szeplast.com\/ro\/\">Home<\/a><span class=\"delimiter\"><\/span><a href=\"https:\/\/szeplast.com\/ro\/proiect\/\">Proiect<\/a><span class=\"delimiter\"><\/span><span class=\"current\" style=\"color:#fff\">\u00cembun\u0103t\u0103\u021birea  a eficien\u021bei resurselor proceselor logistice <\/span><\/nav>\r\n\t\t\t\t<\/div>\n\t\t\t\t<\/div>\n\t\t\t\t<div class=\"elementor-element elementor-element-e924de8 elementor-absolute elementor-hidden-tablet elementor-hidden-mobile_extra elementor-hidden-mobile elementor-widget__width-auto animated-fast decoration-type-1 elementor-invisible elementor-widget elementor-widget-industrium_decoration\" data-id=\"e924de8\" data-element_type=\"widget\" data-e-type=\"widget\" data-settings=\"{&quot;_position&quot;:&quot;absolute&quot;,&quot;_animation&quot;:&quot;industrium_decoration&quot;,&quot;_animation_tablet_extra&quot;:&quot;none&quot;,&quot;_animation_delay&quot;:300}\" data-widget_type=\"industrium_decoration.default\">\n\t\t\t\t<div class=\"elementor-widget-container\">\n\t\t\t\t\t        <div class=\"decoration-widget\">\n            <div class=\"decoration-container\">\n                <div class=\"industrium-decoration\">\n                    <div><\/div><div><\/div><div><\/div>\n                <\/div>\n            <\/div>\n        <\/div>\n        \t\t\t\t<\/div>\n\t\t\t\t<\/div>\n\t\t\t\t\t<\/div>\n\t\t<\/div>\n\t\t\t\t\t<\/div>\n\t\t<\/section>\n\t\t\t\t<section class=\"elementor-section elementor-top-section elementor-element elementor-element-6c67c43 elementor-section-boxed elementor-section-height-default elementor-section-height-default\" data-id=\"6c67c43\" data-element_type=\"section\" data-e-type=\"section\">\n\t\t\t\t\t\t<div class=\"elementor-container elementor-column-gap-default\">\n\t\t\t\t\t<div class=\"elementor-column elementor-col-100 elementor-top-column elementor-element elementor-element-77d38eea\" data-id=\"77d38eea\" data-element_type=\"column\" data-e-type=\"column\">\n\t\t\t<div class=\"elementor-widget-wrap elementor-element-populated\">\n\t\t\t\t\t\t<div class=\"elementor-element elementor-element-1bcec568 elementor-widget elementor-widget-text-editor\" data-id=\"1bcec568\" data-element_type=\"widget\" data-e-type=\"widget\" data-widget_type=\"text-editor.default\">\n\t\t\t\t<div class=\"elementor-widget-container\">\n\t\t\t\t\t\t\t\t\t<p><strong>Num\u0103rul de identificare al proiectului: <\/strong>&nbsp;GINOP\u20131.2.10\u201319\u20132020\u201300190<\/p>\n<p><strong>Numele beneficiarului:<\/strong>&nbsp;Szeplast Zrt.<br>\n<strong>Titlul proiectului: <\/strong>&nbsp; \u00cembun\u0103t\u0103\u021birea preg\u0103tirii tehnologice \u0219i a eficien\u021bei resurselor proceselor logistice la Szeplast Zrt.<br>\n<strong>Suma subven\u021biei nerambursabile:<\/strong>&nbsp;21.872.853 HUF&nbsp;<br>\n<strong>Rata ajutorului: <\/strong>&nbsp;70%<br>\n<strong>Sursa: <\/strong>&nbsp;Fondul European de Dezvoltare Regional\u0103<br>\n<strong>Data efectiv\u0103 de finalizare a proiectului:<\/strong>&nbsp;09.02.2021. <\/p>\n<p class=\"has-text-color\" style=\"color: #1f2428; font-style: normal; font-weight: 600;\">Descrierea proiectului<\/p>\n<p>Proiectul const\u0103 \u00een achizi\u021bionarea a 3 stivuitoare, care au fost instalate \u00een procesele de depozitare \u0219i produc\u021bie. Ca urmare a instal\u0103rii stivuitoarelor, a fost \u00eembun\u0103t\u0103\u021bit\u0103 eficien\u021ba activit\u0103\u021bii prin cre\u0219terea capacit\u0103\u021bii logistice \u0219i de produc\u021bie, au fost reduse costurile de manipulare a materialelor \u0219i timpul necesar proceselor, pentru a r\u0103spunde f\u0103r\u0103 probleme nevoilor clien\u021bilor.<\/p>\n<figure class=\"wp-block-image size-large\"><img fetchpriority=\"high\" decoding=\"async\" width=\"1024\" height=\"708\" class=\"wp-image-13625\" src=\"https:\/\/szeplast.com\/wp-content\/uploads\/2022\/12\/ESZA-1024x708.png\" alt=\"\" srcset=\"https:\/\/szeplast.com\/wp-content\/uploads\/2022\/12\/ESZA-1024x708.png 1024w, https:\/\/szeplast.com\/wp-content\/uploads\/2022\/12\/ESZA-300x207.png 300w, https:\/\/szeplast.com\/wp-content\/uploads\/2022\/12\/ESZA-768x531.png 768w, https:\/\/szeplast.com\/wp-content\/uploads\/2022\/12\/ESZA-835x578.png 835w, https:\/\/szeplast.com\/wp-content\/uploads\/2022\/12\/ESZA.png 1453w\" sizes=\"(max-width: 1024px) 100vw, 1024px\" \/><\/figure>\t\t\t\t\t\t\t\t<\/div>\n\t\t\t\t<\/div>\n\t\t\t\t\t<\/div>\n\t\t<\/div>\n\t\t\t\t\t<\/div>\n\t\t<\/section>\n\t\t\t\t<\/div>\n\t\t","protected":false},"excerpt":{"rendered":"<p>HomeProiect\u00cembun\u0103t\u0103\u021birea a eficien\u021bei resurselor proceselor logistice Num\u0103rul de identificare al proiectului: &nbsp;GINOP\u20131.2.10\u201319\u20132020\u201300190 Numele beneficiarului:&nbsp;Szeplast Zrt. Titlul proiectului: &nbsp; \u00cembun\u0103t\u0103\u021birea preg\u0103tirii tehnologice \u0219i a eficien\u021bei resurselor proceselor logistice la Szeplast Zrt. Suma subven\u021biei nerambursabile:&nbsp;21.872.853 HUF&nbsp; Rata ajutorului: &nbsp;70% Sursa: &nbsp;Fondul European de&#8230;<\/p>\n","protected":false},"author":1,"featured_media":0,"parent":23677,"menu_order":0,"comment_status":"closed","ping_status":"closed","template":"","meta":{"om_disable_all_campaigns":false,"_monsterinsights_skip_tracking":false,"_monsterinsights_sitenote_active":false,"_monsterinsights_sitenote_note":"","_monsterinsights_sitenote_category":0,"footnotes":""},"class_list":["post-23683","page","type-page","status-publish","hentry"],"aioseo_notices":[],"_links":{"self":[{"href":"https:\/\/szeplast.com\/ro\/wp-json\/wp\/v2\/pages\/23683","targetHints":{"allow":["GET"]}}],"collection":[{"href":"https:\/\/szeplast.com\/ro\/wp-json\/wp\/v2\/pages"}],"about":[{"href":"https:\/\/szeplast.com\/ro\/wp-json\/wp\/v2\/types\/page"}],"author":[{"embeddable":true,"href":"https:\/\/szeplast.com\/ro\/wp-json\/wp\/v2\/users\/1"}],"replies":[{"embeddable":true,"href":"https:\/\/szeplast.com\/ro\/wp-json\/wp\/v2\/comments?post=23683"}],"version-history":[{"count":13,"href":"https:\/\/szeplast.com\/ro\/wp-json\/wp\/v2\/pages\/23683\/revisions"}],"predecessor-version":[{"id":23829,"href":"https:\/\/szeplast.com\/ro\/wp-json\/wp\/v2\/pages\/23683\/revisions\/23829"}],"up":[{"embeddable":true,"href":"https:\/\/szeplast.com\/ro\/wp-json\/wp\/v2\/pages\/23677"}],"wp:attachment":[{"href":"https:\/\/szeplast.com\/ro\/wp-json\/wp\/v2\/media?parent=23683"}],"curies":[{"name":"wp","href":"https:\/\/api.w.org\/{rel}","templated":true}]}}