{"id":23681,"date":"2022-12-14T17:16:40","date_gmt":"2022-12-14T17:16:40","guid":{"rendered":"https:\/\/szeplast.com\/proiect\/dezvoltarea-de-solutii-pentru-industria-4-0-la-szeplast-zrt\/"},"modified":"2024-01-30T13:12:00","modified_gmt":"2024-01-30T13:12:00","slug":"dezvoltarea-de-solutii-pentru-industria-4-0-la-szeplast-zrt","status":"publish","type":"page","link":"https:\/\/szeplast.com\/ro\/proiect\/dezvoltarea-de-solutii-pentru-industria-4-0-la-szeplast-zrt\/","title":{"rendered":"Dezvoltarea de solu\u021bii pentru Industria 4.0 la Szeplast Zrt."},"content":{"rendered":"\t\t<div data-elementor-type=\"wp-page\" data-elementor-id=\"23681\" class=\"elementor elementor-23681 elementor-15076\">\n\t\t\t\t\t\t<section class=\"elementor-section elementor-top-section elementor-element elementor-element-7665bfb elementor-section-height-min-height elementor-section-items-stretch elementor-section-stretched page-title elementor-section-boxed elementor-section-height-default\" data-id=\"7665bfb\" data-element_type=\"section\" data-e-type=\"section\" data-settings=\"{&quot;background_background&quot;:&quot;classic&quot;,&quot;stretch_section&quot;:&quot;section-stretched&quot;}\">\n\t\t\t\t\t\t<div class=\"elementor-container elementor-column-gap-default\">\n\t\t\t\t\t<div class=\"elementor-column elementor-col-100 elementor-top-column elementor-element elementor-element-597eacf\" data-id=\"597eacf\" data-element_type=\"column\" data-e-type=\"column\">\n\t\t\t<div class=\"elementor-widget-wrap elementor-element-populated\">\n\t\t\t\t\t\t<div class=\"elementor-element elementor-element-2a220a5 elementor-widget elementor-widget-image\" data-id=\"2a220a5\" data-element_type=\"widget\" data-e-type=\"widget\" data-settings=\"{&quot;_animation&quot;:&quot;none&quot;}\" data-widget_type=\"image.default\">\n\t\t\t\t<div class=\"elementor-widget-container\">\n\t\t\t\t\t\t\t\t\t\t\t\t\t\t\t<img decoding=\"async\" width=\"180\" height=\"180\" data-src=\"https:\/\/szeplast.com\/wp-content\/uploads\/2022\/11\/Logomark_Szeplast.png\" class=\"attachment-large size-large wp-image-11532 lazyload\" alt=\"Szeplast logomark\" data-srcset=\"https:\/\/szeplast.com\/wp-content\/uploads\/2022\/11\/Logomark_Szeplast.png 180w, https:\/\/szeplast.com\/wp-content\/uploads\/2022\/11\/Logomark_Szeplast-150x150.png 150w\" data-sizes=\"(max-width: 180px) 100vw, 180px\" src=\"data:image\/svg+xml;base64,PHN2ZyB3aWR0aD0iMSIgaGVpZ2h0PSIxIiB4bWxucz0iaHR0cDovL3d3dy53My5vcmcvMjAwMC9zdmciPjwvc3ZnPg==\" style=\"--smush-placeholder-width: 180px; --smush-placeholder-aspect-ratio: 180\/180;\" \/>\t\t\t\t\t\t\t\t\t\t\t\t\t\t\t<\/div>\n\t\t\t\t<\/div>\n\t\t\t\t<div class=\"elementor-element elementor-element-99ce4dc elementor-widget elementor-widget-industrium_heading\" data-id=\"99ce4dc\" data-element_type=\"widget\" data-e-type=\"widget\" data-widget_type=\"industrium_heading.default\">\n\t\t\t\t<div class=\"elementor-widget-container\">\n\t\t\t\t\t<div class=\"industrium-heading-widget\"><h1 class=\"industrium-heading\"><span class=\"industrium-heading-content\">Proiect<\/span><\/h1><\/div>\t\t\t\t<\/div>\n\t\t\t\t<\/div>\n\t\t\t\t<div class=\"elementor-element elementor-element-08ac25a elementor-widget elementor-widget-html\" data-id=\"08ac25a\" data-element_type=\"widget\" data-e-type=\"widget\" data-widget_type=\"html.default\">\n\t\t\t\t<div class=\"elementor-widget-container\">\n\t\t\t\t\t<nav class=\"breadcrumbs\"><a href=\"https:\/\/szeplast.com\/ro\/\">Home<\/a><span class=\"delimiter\"><\/span><a href=\"https:\/\/szeplast.com\/ro\/proiect\/\">Proiect<\/a><span class=\"delimiter\"><\/span><span class=\"current\" style=\"color:#fff\">Dezvoltarea de solu\u021bii pentru Industria 4.0 la Szeplast Zrt.<\/span><\/nav>\r\n\t\t\t\t<\/div>\n\t\t\t\t<\/div>\n\t\t\t\t<div class=\"elementor-element elementor-element-3d79aa9 elementor-absolute elementor-hidden-tablet elementor-hidden-mobile_extra elementor-hidden-mobile elementor-widget__width-auto animated-fast decoration-type-1 elementor-invisible elementor-widget elementor-widget-industrium_decoration\" data-id=\"3d79aa9\" data-element_type=\"widget\" data-e-type=\"widget\" data-settings=\"{&quot;_position&quot;:&quot;absolute&quot;,&quot;_animation&quot;:&quot;industrium_decoration&quot;,&quot;_animation_tablet_extra&quot;:&quot;none&quot;,&quot;_animation_delay&quot;:300}\" data-widget_type=\"industrium_decoration.default\">\n\t\t\t\t<div class=\"elementor-widget-container\">\n\t\t\t\t\t        <div class=\"decoration-widget\">\n            <div class=\"decoration-container\">\n                <div class=\"industrium-decoration\">\n                    <div><\/div><div><\/div><div><\/div>\n                <\/div>\n            <\/div>\n        <\/div>\n        \t\t\t\t<\/div>\n\t\t\t\t<\/div>\n\t\t\t\t\t<\/div>\n\t\t<\/div>\n\t\t\t\t\t<\/div>\n\t\t<\/section>\n\t\t\t\t<section class=\"elementor-section elementor-top-section elementor-element elementor-element-332bd9d8 elementor-section-boxed elementor-section-height-default elementor-section-height-default\" data-id=\"332bd9d8\" data-element_type=\"section\" data-e-type=\"section\">\n\t\t\t\t\t\t<div class=\"elementor-container elementor-column-gap-default\">\n\t\t\t\t\t<div class=\"elementor-column elementor-col-100 elementor-top-column elementor-element elementor-element-30a88dd8\" data-id=\"30a88dd8\" data-element_type=\"column\" data-e-type=\"column\">\n\t\t\t<div class=\"elementor-widget-wrap elementor-element-populated\">\n\t\t\t\t\t\t<div class=\"elementor-element elementor-element-38172f0 elementor-widget elementor-widget-text-editor\" data-id=\"38172f0\" data-element_type=\"widget\" data-e-type=\"widget\" data-widget_type=\"text-editor.default\">\n\t\t\t\t<div class=\"elementor-widget-container\">\n\t\t\t\t\t\t\t\t\t<p><strong>Num\u0103rul de identificare al proiectului: <\/strong>&nbsp;GINOP-128-17-2017-00004<\/p>\n<p><strong>Numele beneficiarului:<\/strong>&nbsp;Szeplast Zrt.<br>\n<strong>Titlul proiectului: <\/strong>Dezvoltarea de solu\u021bii pentru Industria 4.0 la Szeplast Zrt.<br>\n<strong>Valoarea contractat\u0103 a finan\u021b\u0103rii: <\/strong>&nbsp;397.849.999 HUF<br>\n<strong>Valoarea grantului:<\/strong>&nbsp;50 %<br>\n<strong>Sursa: <\/strong>&nbsp;Fondul European de Dezvoltare Regional\u0103<br>\n<strong>Data planificat\u0103 de finalizare a proiectului: <\/strong>&nbsp;15.05.2019.&nbsp;<\/p>\n<h3 class=\"has-text-color\" style=\"color: #1f2428;\">Descrierea proiectului<\/h3>\n<p>Investi\u021bia are ca scop \u00eembun\u0103t\u0103\u021birea activit\u0103\u021bii principale a companiei, produc\u021bia de materii prime din plastic. Echipamentele care vor fi achizi\u021bionate \u00een urma proiectului, cu un buget total de aproape 1,1 miliarde HUF, vor reprezenta cea mai modern\u0103 tehnologie de ultim\u0103 genera\u021bie, permi\u021b\u00e2nd companiei s\u0103 \u00ee\u0219i desf\u0103\u0219oare activitatea principal\u0103 la un standard mai ridicat \u0219i cu un proces mai modern, calitate \u0219i progrese tehnologice. Punerea \u00een aplicare a \u00eembun\u0103t\u0103\u021birii va contribui la satisfacerea mai rapid\u0103 \u0219i mai economic\u0103 a nevoilor pie\u021bei, la cre\u0219terea capacit\u0103\u021bii de produc\u021bie a \u00eentreprinderii, la men\u021binerea \u0219i consolidarea competitivit\u0103\u021bii \u0219i a capacit\u0103\u021bii de generare a veniturilor acesteia.<\/p>\n<figure class=\"wp-block-image size-large\"><img fetchpriority=\"high\" decoding=\"async\" width=\"1024\" height=\"708\" class=\"wp-image-13625\" src=\"https:\/\/szeplast.com\/wp-content\/uploads\/2022\/12\/ESZA-1024x708.png\" alt=\"\" srcset=\"https:\/\/szeplast.com\/wp-content\/uploads\/2022\/12\/ESZA-1024x708.png 1024w, https:\/\/szeplast.com\/wp-content\/uploads\/2022\/12\/ESZA-300x207.png 300w, https:\/\/szeplast.com\/wp-content\/uploads\/2022\/12\/ESZA-768x531.png 768w, https:\/\/szeplast.com\/wp-content\/uploads\/2022\/12\/ESZA-835x578.png 835w, https:\/\/szeplast.com\/wp-content\/uploads\/2022\/12\/ESZA.png 1453w\" sizes=\"(max-width: 1024px) 100vw, 1024px\" \/><\/figure>\t\t\t\t\t\t\t\t<\/div>\n\t\t\t\t<\/div>\n\t\t\t\t\t<\/div>\n\t\t<\/div>\n\t\t\t\t\t<\/div>\n\t\t<\/section>\n\t\t\t\t<\/div>\n\t\t","protected":false},"excerpt":{"rendered":"<p>HomeProiectDezvoltarea de solu\u021bii pentru Industria 4.0 la Szeplast Zrt. Num\u0103rul de identificare al proiectului: &nbsp;GINOP-128-17-2017-00004 Numele beneficiarului:&nbsp;Szeplast Zrt. Titlul proiectului: Dezvoltarea de solu\u021bii pentru Industria 4.0 la Szeplast Zrt. Valoarea contractat\u0103 a finan\u021b\u0103rii: &nbsp;397.849.999 HUF Valoarea grantului:&nbsp;50 % Sursa: &nbsp;Fondul European&#8230;<\/p>\n","protected":false},"author":1,"featured_media":0,"parent":23677,"menu_order":0,"comment_status":"closed","ping_status":"closed","template":"","meta":{"om_disable_all_campaigns":false,"_monsterinsights_skip_tracking":false,"_monsterinsights_sitenote_active":false,"_monsterinsights_sitenote_note":"","_monsterinsights_sitenote_category":0,"footnotes":""},"class_list":["post-23681","page","type-page","status-publish","hentry"],"aioseo_notices":[],"_links":{"self":[{"href":"https:\/\/szeplast.com\/ro\/wp-json\/wp\/v2\/pages\/23681","targetHints":{"allow":["GET"]}}],"collection":[{"href":"https:\/\/szeplast.com\/ro\/wp-json\/wp\/v2\/pages"}],"about":[{"href":"https:\/\/szeplast.com\/ro\/wp-json\/wp\/v2\/types\/page"}],"author":[{"embeddable":true,"href":"https:\/\/szeplast.com\/ro\/wp-json\/wp\/v2\/users\/1"}],"replies":[{"embeddable":true,"href":"https:\/\/szeplast.com\/ro\/wp-json\/wp\/v2\/comments?post=23681"}],"version-history":[{"count":11,"href":"https:\/\/szeplast.com\/ro\/wp-json\/wp\/v2\/pages\/23681\/revisions"}],"predecessor-version":[{"id":23750,"href":"https:\/\/szeplast.com\/ro\/wp-json\/wp\/v2\/pages\/23681\/revisions\/23750"}],"up":[{"embeddable":true,"href":"https:\/\/szeplast.com\/ro\/wp-json\/wp\/v2\/pages\/23677"}],"wp:attachment":[{"href":"https:\/\/szeplast.com\/ro\/wp-json\/wp\/v2\/media?parent=23681"}],"curies":[{"name":"wp","href":"https:\/\/api.w.org\/{rel}","templated":true}]}}