{"id":23679,"date":"2023-05-22T12:16:11","date_gmt":"2023-05-22T12:16:11","guid":{"rendered":"https:\/\/szeplast.com\/proiect\/extinderea-capacitatii-orientata-spre-export-si-diversificarea-produselor\/"},"modified":"2024-12-11T09:39:49","modified_gmt":"2024-12-11T09:39:49","slug":"extinderea-capacitatii-orientata-spre-export-si-diversificarea-produselor","status":"publish","type":"page","link":"https:\/\/szeplast.com\/ro\/proiect\/extinderea-capacitatii-orientata-spre-export-si-diversificarea-produselor\/","title":{"rendered":"Extinderea capacit\u0103\u021bii orientat\u0103 spre export \u0219i diversificarea produselor"},"content":{"rendered":"\t\t<div data-elementor-type=\"wp-page\" data-elementor-id=\"23679\" class=\"elementor elementor-23679 elementor-19847\">\n\t\t\t\t\t\t<section class=\"elementor-section elementor-top-section elementor-element elementor-element-84c9617 elementor-section-height-min-height elementor-section-items-stretch elementor-section-stretched page-title elementor-section-boxed elementor-section-height-default\" data-id=\"84c9617\" data-element_type=\"section\" data-e-type=\"section\" data-settings=\"{&quot;background_background&quot;:&quot;classic&quot;,&quot;stretch_section&quot;:&quot;section-stretched&quot;}\">\n\t\t\t\t\t\t<div class=\"elementor-container elementor-column-gap-default\">\n\t\t\t\t\t<div class=\"elementor-column elementor-col-100 elementor-top-column elementor-element elementor-element-0757f92\" data-id=\"0757f92\" data-element_type=\"column\" data-e-type=\"column\">\n\t\t\t<div class=\"elementor-widget-wrap elementor-element-populated\">\n\t\t\t\t\t\t<div class=\"elementor-element elementor-element-4c349fe elementor-widget elementor-widget-image\" data-id=\"4c349fe\" data-element_type=\"widget\" data-e-type=\"widget\" data-settings=\"{&quot;_animation&quot;:&quot;none&quot;}\" data-widget_type=\"image.default\">\n\t\t\t\t<div class=\"elementor-widget-container\">\n\t\t\t\t\t\t\t\t\t\t\t\t\t\t\t<img decoding=\"async\" width=\"180\" height=\"180\" data-src=\"https:\/\/szeplast.com\/wp-content\/uploads\/2022\/11\/Logomark_Szeplast.png\" class=\"attachment-large size-large wp-image-11532 lazyload\" alt=\"Szeplast logomark\" data-srcset=\"https:\/\/szeplast.com\/wp-content\/uploads\/2022\/11\/Logomark_Szeplast.png 180w, https:\/\/szeplast.com\/wp-content\/uploads\/2022\/11\/Logomark_Szeplast-150x150.png 150w\" data-sizes=\"(max-width: 180px) 100vw, 180px\" src=\"data:image\/svg+xml;base64,PHN2ZyB3aWR0aD0iMSIgaGVpZ2h0PSIxIiB4bWxucz0iaHR0cDovL3d3dy53My5vcmcvMjAwMC9zdmciPjwvc3ZnPg==\" style=\"--smush-placeholder-width: 180px; --smush-placeholder-aspect-ratio: 180\/180;\" \/>\t\t\t\t\t\t\t\t\t\t\t\t\t\t\t<\/div>\n\t\t\t\t<\/div>\n\t\t\t\t<div class=\"elementor-element elementor-element-6190d41 elementor-widget elementor-widget-industrium_heading\" data-id=\"6190d41\" data-element_type=\"widget\" data-e-type=\"widget\" data-widget_type=\"industrium_heading.default\">\n\t\t\t\t<div class=\"elementor-widget-container\">\n\t\t\t\t\t<div class=\"industrium-heading-widget\"><h1 class=\"industrium-heading\"><span class=\"industrium-heading-content\">Proiect<\/span><\/h1><\/div>\t\t\t\t<\/div>\n\t\t\t\t<\/div>\n\t\t\t\t<div class=\"elementor-element elementor-element-0e48dc1 elementor-widget elementor-widget-html\" data-id=\"0e48dc1\" data-element_type=\"widget\" data-e-type=\"widget\" data-widget_type=\"html.default\">\n\t\t\t\t<div class=\"elementor-widget-container\">\n\t\t\t\t\t<nav class=\"breadcrumbs\"><a href=\"https:\/\/szeplast.com\/ro\/\">Home<\/a><span class=\"delimiter\"><\/span><a href=\"https:\/\/szeplast.com\/ro\/proiect\/\">Proiect<\/a><span class=\"delimiter\"><\/span><span class=\"current\" style=\"color:#fff\">Extinderea capacit\u0103\u021bii orientat\u0103 spre export \u0219i diversificarea produselor \r\n<\/span><\/nav>\r\n\t\t\t\t<\/div>\n\t\t\t\t<\/div>\n\t\t\t\t<div class=\"elementor-element elementor-element-6b8570c elementor-absolute elementor-hidden-tablet elementor-hidden-mobile_extra elementor-hidden-mobile elementor-widget__width-auto animated-fast decoration-type-1 elementor-invisible elementor-widget elementor-widget-industrium_decoration\" data-id=\"6b8570c\" data-element_type=\"widget\" data-e-type=\"widget\" data-settings=\"{&quot;_position&quot;:&quot;absolute&quot;,&quot;_animation&quot;:&quot;industrium_decoration&quot;,&quot;_animation_tablet_extra&quot;:&quot;none&quot;,&quot;_animation_delay&quot;:300}\" data-widget_type=\"industrium_decoration.default\">\n\t\t\t\t<div class=\"elementor-widget-container\">\n\t\t\t\t\t        <div class=\"decoration-widget\">\n            <div class=\"decoration-container\">\n                <div class=\"industrium-decoration\">\n                    <div><\/div><div><\/div><div><\/div>\n                <\/div>\n            <\/div>\n        <\/div>\n        \t\t\t\t<\/div>\n\t\t\t\t<\/div>\n\t\t\t\t\t<\/div>\n\t\t<\/div>\n\t\t\t\t\t<\/div>\n\t\t<\/section>\n\t\t\t\t<section class=\"elementor-section elementor-top-section elementor-element elementor-element-e2caba3 elementor-section-boxed elementor-section-height-default elementor-section-height-default\" data-id=\"e2caba3\" data-element_type=\"section\" data-e-type=\"section\">\n\t\t\t\t\t\t<div class=\"elementor-container elementor-column-gap-default\">\n\t\t\t\t\t<div class=\"elementor-column elementor-col-100 elementor-top-column elementor-element elementor-element-386f963\" data-id=\"386f963\" data-element_type=\"column\" data-e-type=\"column\">\n\t\t\t<div class=\"elementor-widget-wrap elementor-element-populated\">\n\t\t\t\t\t\t<div class=\"elementor-element elementor-element-75aa041 elementor-widget elementor-widget-text-editor\" data-id=\"75aa041\" data-element_type=\"widget\" data-e-type=\"widget\" data-widget_type=\"text-editor.default\">\n\t\t\t\t<div class=\"elementor-widget-container\">\n\t\t\t\t\t\t\t\t\t<p><strong style=\"letter-spacing: 0em;\">Num\u0103rul de identificare al proiectului: <\/strong><span style=\"letter-spacing: 0em;\">\u00a0GINOP_PLUSZ-1.1.2-21-2022-00070<\/span><\/p><p><strong>Numele beneficiarului:<\/strong>\u00a0Szeplast Zrt.<br \/><strong>Titlul proiectului: \u00a0<\/strong>Extinderea capacit\u0103\u021bii orientat\u0103 spre export \u0219i diversificarea produselor \u0219i cre\u0219terea \u00een continuare a valorii brandului Szeplast Zrt. prin lansarea unei noi linii de produse pe pie\u021bele externe<br \/><strong> Costul total al proiectului: \u00a0<\/strong>1 263 211 261 HUF<br \/><strong> Valoarea ajutorului:\u00a0<\/strong>631 605 630 HUF<br \/><strong> Intensitatea ajutorului: <\/strong>\u00a050 %<br \/><strong>Locul punerii \u00een aplicare:<\/strong>\u00a06728 Szeged, Vass M\u00e1ty\u00e1s \u00fat 5.<br \/><strong>Data planificat\u0103 de finalizare a proiectului:<\/strong>\u00a0noiembrie 2024<\/p><h4 style=\"font-weight: 400;\"><strong>Obiectivul proiectului:<\/strong><\/h4><p style=\"font-weight: 400;\">Extinderea capacit\u0103\u021bii de produc\u021bie de granule de PVC, crearea unei capacit\u0103\u021bi de produc\u021bie pentru fabricarea de noi tipuri de produse inovatoare din material plastic granulat de baz\u0103, dezvoltarea de echipamente de control al calit\u0103\u021bii \u0219i \u00eembun\u0103t\u0103\u021birea infrastructurii site-ului pentru a reduce impactul asupra mediului.<\/p><p style=\"font-weight: 400;\">Punerea \u00een aplicare a proiectului va contribui la obiectivul strategic al Szeplast Zrt. de a deveni o companie de dimensiuni medii de top, conform standardelor din industrie.<\/p><h4 style=\"font-weight: 400;\"><strong>Elementele proiectului:<\/strong><\/h4><ul><li style=\"font-weight: 400;\">Achizi\u021bionarea unui extruder de PVC<\/li><li style=\"font-weight: 400;\">Achizi\u021bionarea unei linii de Produc\u021bie HFFR<\/li><li style=\"font-weight: 400;\">Achizi\u021bionarea unui extruder HFFR<\/li><li style=\"font-weight: 400;\">Achizi\u021bionarea unei linii de Produc\u021bie de testare<\/li><li style=\"font-weight: 400;\">Dezvoltarea unui sistem de dozare \u0219i alimentare<\/li><li style=\"font-weight: 400;\">Sistem de colectare a datelor \u00een cadrul sistemului Industry 4.0<\/li><li style=\"font-weight: 400;\">Achizi\u021bionarea unui colorimetru<\/li><li style=\"font-weight: 400;\">Achizi\u021bionarea unui contor LOI<\/li><li style=\"font-weight: 400;\">\u00cembun\u0103t\u0103\u021birea re\u021belei electrice<\/li><li style=\"font-weight: 400;\">Instalarea unui sistem de panouri solare<\/li><li style=\"font-weight: 400;\">Dezvoltarea infrastructurii exterioare &#8211; Sta\u021bie de transformare<\/li><li style=\"font-weight: 400;\">Construirea unui sistem de alarm\u0103 de incendiu<\/li><li style=\"font-weight: 400;\">Funda\u021bia silozului<\/li><li style=\"font-weight: 400;\">Construc\u021bia de drumuri<\/li><\/ul><h4><strong>Solu\u021bii tehnologice de ultim\u0103 genera\u021bie \u00een cadrul proiectului:<\/strong><\/h4><p style=\"font-weight: 400;\">Materii prime inovatoare: prin construirea liniei de produc\u021bie de granule HFFR, compania poate produce materii prime inovatoare care sunt importante pentru economie \u0219i care \u00eendeplinesc cele mai \u00eenalte a\u0219tept\u0103ri \u0219i standarde de pia\u021b\u0103. Granulatul HFFR (ca materie prim\u0103 din plastic f\u0103r\u0103 halogen \u0219i ignifugat) ofer\u0103 o serie de propriet\u0103\u021bi de siguran\u021b\u0103 \u0219i de protec\u021bie \u00eempotriva incendiilor, \u00een special pentru produc\u0103torii de cabluri, ceea ce va deveni o cerin\u021b\u0103 tot mai frecvent\u0103 pentru acest segment \u00een viitor. Punerea \u00een aplicare a proiectului va ad\u0103uga la capacitatea de produc\u021bie din Ungaria un produs care \u00een prezent nu este disponibil \u00een Ungaria, dar, dup\u0103 cuno\u0219tin\u021bele noastre, nicio companie din \u021b\u0103rile vecine nu dispune de tehnologia\/capacitatea de produc\u021bie pentru a produce granule HFFR pe scar\u0103 larg\u0103. At\u00e2t echipamentul pentru extinderea capacit\u0103\u021bii liniei actuale de PVC, c\u00e2t \u0219i noua linie HFFR sunt capabile s\u0103 produc\u0103 un produs cu valoare ad\u0103ugat\u0103 ridicat\u0103, folosind cele mai bune tehnologii disponibile \u00een prezent \u00een industrie. Pe l\u00e2ng\u0103 faptul c\u0103 sunt capabile s\u0103 produc\u0103 \u00een mod economic, cu pu\u021bine de\u0219euri \u0219i cu o \u00eentre\u021binere accesibil\u0103, aceste utilaje sunt dotate cu solu\u021bii digitale adecvate pentru implementarea modului de produc\u021bie Industry 4.0. Aceste caracteristici ale echipamentelor vor fi exploatate de companie, a\u0219a cum sunt par\u021bial exploatate \u00een prezent, prin integrarea echipamentelor \u00eentr-un sistem comun \u0219i integrat de control al produc\u021biei. Datorit\u0103 sistemului automatizat controlat de calculator, principalele faze de produc\u021bie nu necesit\u0103 interven\u021bia uman\u0103: re\u021betele individuale, scanarea \u0219i preg\u0103tirea materiilor prime, amestecarea \u0219i apoi extrudarea \u0219i peletizarea sunt toate controlate de sistemul digital integrat. \u00centregul proces de produc\u021bie poate fi monitorizat \u0219i ajustat de la centrul de control \u0219i, dac\u0103 este necesar, este posibil s\u0103 se intervin\u0103, s\u0103 se \u00eentrerup\u0103 sau s\u0103 se modifice procesul de produc\u021bie, adesea f\u0103r\u0103 interven\u021bia fizic\u0103 a personalului, pe baza datelor provenite de la senzori \u0219i alte dispozitive de feedback.\u00a0<\/p><p>Proiectul va integra tehnologia software Flowork Industry 4.0, consolid\u00e2nd \u0219i mai mult angajamentul companiei fa\u021b\u0103 de Industry 4.0. Solu\u021bia Flowork Industry 4.0 va oferi o solu\u021bie complet\u0103 de colectare a datelor. Prin stocarea datelor generate \u00eentr-un singur sistem, aceasta permite controlul continuu al calit\u0103\u021bii \u0219i urm\u0103rirea produselor. De\u0219i unit\u0103\u021bile de produc\u021bie actuale au deja func\u021bii de colectare a datelor, analiza datelor generate de aceste unit\u0103\u021bi \u0219i feedback-ul acestora \u00een controlul calit\u0103\u021bii \u00een timpul produc\u021biei trebuie s\u0103 fie duse la un nivel \u0219i mai \u00eenalt. Aceast\u0103 solu\u021bie va produce date complete, \u00een timp real, despre toate procesele implicate \u00een ciclul de produc\u021bie a granulelor. Acest feedback sprijin\u0103 rezolvarea sau eliminarea imediat\u0103 a problemelor \u00eent\u00e2lnite \u00een timpul produc\u021biei. Sistemul care urmeaz\u0103 s\u0103 fie implementat va permite monitorizarea a peste 300 de puncte de m\u0103surare \u00een zona de produc\u021bie.<\/p>\t\t\t\t\t\t\t\t<\/div>\n\t\t\t\t<\/div>\n\t\t\t\t\t<\/div>\n\t\t<\/div>\n\t\t\t\t\t<\/div>\n\t\t<\/section>\n\t\t\t\t<section class=\"elementor-section elementor-top-section elementor-element elementor-element-abe826f elementor-section-boxed elementor-section-height-default elementor-section-height-default\" data-id=\"abe826f\" data-element_type=\"section\" data-e-type=\"section\">\n\t\t\t\t\t\t<div class=\"elementor-container elementor-column-gap-default\">\n\t\t\t\t\t<div class=\"elementor-column elementor-col-100 elementor-top-column elementor-element elementor-element-fcfd5a6\" data-id=\"fcfd5a6\" data-element_type=\"column\" data-e-type=\"column\">\n\t\t\t<div class=\"elementor-widget-wrap elementor-element-populated\">\n\t\t\t\t\t\t<div class=\"elementor-element elementor-element-dc6ccd9 elementor-widget__width-initial elementor-fixed elementor-widget elementor-widget-image\" data-id=\"dc6ccd9\" data-element_type=\"widget\" data-e-type=\"widget\" data-settings=\"{&quot;_position&quot;:&quot;fixed&quot;}\" data-widget_type=\"image.default\">\n\t\t\t\t<div class=\"elementor-widget-container\">\n\t\t\t\t\t\t\t\t\t\t\t\t\t\t\t<img fetchpriority=\"high\" decoding=\"async\" width=\"1024\" height=\"287\" src=\"https:\/\/szeplast.com\/wp-content\/uploads\/2024\/12\/RRF-kedvezmenyezetti-infoblokk-1-1024x287.jpg\" class=\"attachment-large size-large wp-image-26623\" alt=\"\" srcset=\"https:\/\/szeplast.com\/wp-content\/uploads\/2024\/12\/RRF-kedvezmenyezetti-infoblokk-1-1024x287.jpg 1024w, https:\/\/szeplast.com\/wp-content\/uploads\/2024\/12\/RRF-kedvezmenyezetti-infoblokk-1-300x84.jpg 300w, https:\/\/szeplast.com\/wp-content\/uploads\/2024\/12\/RRF-kedvezmenyezetti-infoblokk-1-768x215.jpg 768w, https:\/\/szeplast.com\/wp-content\/uploads\/2024\/12\/RRF-kedvezmenyezetti-infoblokk-1.jpg 1047w\" sizes=\"(max-width: 1024px) 100vw, 1024px\" \/>\t\t\t\t\t\t\t\t\t\t\t\t\t\t\t<\/div>\n\t\t\t\t<\/div>\n\t\t\t\t\t<\/div>\n\t\t<\/div>\n\t\t\t\t\t<\/div>\n\t\t<\/section>\n\t\t\t\t<\/div>\n\t\t","protected":false},"excerpt":{"rendered":"<p>HomeProiectExtinderea capacit\u0103\u021bii orientat\u0103 spre export \u0219i diversificarea produselor Num\u0103rul de identificare al proiectului: \u00a0GINOP_PLUSZ-1.1.2-21-2022-00070 Numele beneficiarului:\u00a0Szeplast Zrt.Titlul proiectului: \u00a0Extinderea capacit\u0103\u021bii orientat\u0103 spre export \u0219i diversificarea produselor \u0219i cre\u0219terea \u00een continuare a valorii brandului Szeplast Zrt. prin lansarea unei noi linii de&#8230;<\/p>\n","protected":false},"author":1,"featured_media":0,"parent":23677,"menu_order":0,"comment_status":"closed","ping_status":"closed","template":"","meta":{"om_disable_all_campaigns":false,"_monsterinsights_skip_tracking":false,"_monsterinsights_sitenote_active":false,"_monsterinsights_sitenote_note":"","_monsterinsights_sitenote_category":0,"footnotes":""},"class_list":["post-23679","page","type-page","status-publish","hentry"],"aioseo_notices":[],"_links":{"self":[{"href":"https:\/\/szeplast.com\/ro\/wp-json\/wp\/v2\/pages\/23679","targetHints":{"allow":["GET"]}}],"collection":[{"href":"https:\/\/szeplast.com\/ro\/wp-json\/wp\/v2\/pages"}],"about":[{"href":"https:\/\/szeplast.com\/ro\/wp-json\/wp\/v2\/types\/page"}],"author":[{"embeddable":true,"href":"https:\/\/szeplast.com\/ro\/wp-json\/wp\/v2\/users\/1"}],"replies":[{"embeddable":true,"href":"https:\/\/szeplast.com\/ro\/wp-json\/wp\/v2\/comments?post=23679"}],"version-history":[{"count":14,"href":"https:\/\/szeplast.com\/ro\/wp-json\/wp\/v2\/pages\/23679\/revisions"}],"predecessor-version":[{"id":26643,"href":"https:\/\/szeplast.com\/ro\/wp-json\/wp\/v2\/pages\/23679\/revisions\/26643"}],"up":[{"embeddable":true,"href":"https:\/\/szeplast.com\/ro\/wp-json\/wp\/v2\/pages\/23677"}],"wp:attachment":[{"href":"https:\/\/szeplast.com\/ro\/wp-json\/wp\/v2\/media?parent=23679"}],"curies":[{"name":"wp","href":"https:\/\/api.w.org\/{rel}","templated":true}]}}