{"id":23677,"date":"2022-12-05T15:03:17","date_gmt":"2022-12-05T15:03:17","guid":{"rendered":"https:\/\/szeplast.com\/proiect\/"},"modified":"2024-12-10T11:58:12","modified_gmt":"2024-12-10T11:58:12","slug":"proiect","status":"publish","type":"page","link":"https:\/\/szeplast.com\/ro\/proiect\/","title":{"rendered":"Proiect"},"content":{"rendered":"\t\t<div data-elementor-type=\"wp-page\" data-elementor-id=\"23677\" class=\"elementor elementor-23677 elementor-13749\">\n\t\t\t\t\t\t<section class=\"elementor-section elementor-top-section elementor-element elementor-element-f3730f1 elementor-section-height-min-height elementor-section-items-stretch elementor-section-stretched page-title elementor-section-boxed elementor-section-height-default\" data-id=\"f3730f1\" data-element_type=\"section\" data-e-type=\"section\" data-settings=\"{&quot;background_background&quot;:&quot;classic&quot;,&quot;stretch_section&quot;:&quot;section-stretched&quot;}\">\n\t\t\t\t\t\t<div class=\"elementor-container elementor-column-gap-default\">\n\t\t\t\t\t<div class=\"elementor-column elementor-col-100 elementor-top-column elementor-element elementor-element-2cc202c\" data-id=\"2cc202c\" data-element_type=\"column\" data-e-type=\"column\">\n\t\t\t<div class=\"elementor-widget-wrap elementor-element-populated\">\n\t\t\t\t\t\t<div class=\"elementor-element elementor-element-c209fe2 elementor-widget elementor-widget-image\" data-id=\"c209fe2\" data-element_type=\"widget\" data-e-type=\"widget\" data-settings=\"{&quot;_animation&quot;:&quot;none&quot;}\" data-widget_type=\"image.default\">\n\t\t\t\t<div class=\"elementor-widget-container\">\n\t\t\t\t\t\t\t\t\t\t\t\t\t\t\t<img decoding=\"async\" width=\"180\" height=\"180\" data-src=\"https:\/\/szeplast.com\/wp-content\/uploads\/2022\/11\/Logomark_Szeplast.png\" class=\"attachment-large size-large wp-image-11532 lazyload\" alt=\"Szeplast logomark\" data-srcset=\"https:\/\/szeplast.com\/wp-content\/uploads\/2022\/11\/Logomark_Szeplast.png 180w, https:\/\/szeplast.com\/wp-content\/uploads\/2022\/11\/Logomark_Szeplast-150x150.png 150w\" data-sizes=\"(max-width: 180px) 100vw, 180px\" src=\"data:image\/svg+xml;base64,PHN2ZyB3aWR0aD0iMSIgaGVpZ2h0PSIxIiB4bWxucz0iaHR0cDovL3d3dy53My5vcmcvMjAwMC9zdmciPjwvc3ZnPg==\" style=\"--smush-placeholder-width: 180px; --smush-placeholder-aspect-ratio: 180\/180;\" \/>\t\t\t\t\t\t\t\t\t\t\t\t\t\t\t<\/div>\n\t\t\t\t<\/div>\n\t\t\t\t<div class=\"elementor-element elementor-element-7313c2b elementor-widget elementor-widget-industrium_heading\" data-id=\"7313c2b\" data-element_type=\"widget\" data-e-type=\"widget\" data-widget_type=\"industrium_heading.default\">\n\t\t\t\t<div class=\"elementor-widget-container\">\n\t\t\t\t\t<div class=\"industrium-heading-widget\"><h1 class=\"industrium-heading\"><span class=\"industrium-heading-content\">Proiect<\/span><\/h1><\/div>\t\t\t\t<\/div>\n\t\t\t\t<\/div>\n\t\t\t\t<div class=\"elementor-element elementor-element-f8f31c7 elementor-widget elementor-widget-html\" data-id=\"f8f31c7\" data-element_type=\"widget\" data-e-type=\"widget\" data-widget_type=\"html.default\">\n\t\t\t\t<div class=\"elementor-widget-container\">\n\t\t\t\t\t<nav class=\"breadcrumbs\"><a href=\"https:\/\/szeplast.com\/ro\/\">Home<\/a><span class=\"delimiter\"><\/span><span class=\"current\" style=\"color:#fff\">Proiect<\/span><\/nav>\r\n\t\t\t\t<\/div>\n\t\t\t\t<\/div>\n\t\t\t\t<div class=\"elementor-element elementor-element-1ce991f elementor-absolute elementor-hidden-tablet elementor-hidden-mobile_extra elementor-hidden-mobile elementor-widget__width-auto animated-fast decoration-type-1 elementor-invisible elementor-widget elementor-widget-industrium_decoration\" data-id=\"1ce991f\" data-element_type=\"widget\" data-e-type=\"widget\" data-settings=\"{&quot;_position&quot;:&quot;absolute&quot;,&quot;_animation&quot;:&quot;industrium_decoration&quot;,&quot;_animation_tablet_extra&quot;:&quot;none&quot;,&quot;_animation_delay&quot;:300}\" data-widget_type=\"industrium_decoration.default\">\n\t\t\t\t<div class=\"elementor-widget-container\">\n\t\t\t\t\t        <div class=\"decoration-widget\">\n            <div class=\"decoration-container\">\n                <div class=\"industrium-decoration\">\n                    <div><\/div><div><\/div><div><\/div>\n                <\/div>\n            <\/div>\n        <\/div>\n        \t\t\t\t<\/div>\n\t\t\t\t<\/div>\n\t\t\t\t\t<\/div>\n\t\t<\/div>\n\t\t\t\t\t<\/div>\n\t\t<\/section>\n\t\t\t\t<section class=\"elementor-section elementor-top-section elementor-element elementor-element-b6fa23a elementor-section-stretched elementor-section-boxed elementor-section-height-default elementor-section-height-default\" data-id=\"b6fa23a\" data-element_type=\"section\" data-e-type=\"section\" data-settings=\"{&quot;stretch_section&quot;:&quot;section-stretched&quot;,&quot;background_background&quot;:&quot;classic&quot;}\">\n\t\t\t\t\t\t<div class=\"elementor-container elementor-column-gap-default\">\n\t\t\t\t\t<div class=\"elementor-column elementor-col-100 elementor-top-column elementor-element elementor-element-7751573\" data-id=\"7751573\" data-element_type=\"column\" data-e-type=\"column\">\n\t\t\t<div class=\"elementor-widget-wrap elementor-element-populated\">\n\t\t\t\t\t\t<section class=\"elementor-section elementor-inner-section elementor-element elementor-element-72fe5cf elementor-section-boxed elementor-section-height-default elementor-section-height-default\" data-id=\"72fe5cf\" data-element_type=\"section\" data-e-type=\"section\">\n\t\t\t\t\t\t<div class=\"elementor-container elementor-column-gap-default\">\n\t\t\t\t\t<div class=\"elementor-column elementor-col-100 elementor-inner-column elementor-element elementor-element-5b7f906\" data-id=\"5b7f906\" data-element_type=\"column\" data-e-type=\"column\">\n\t\t\t<div class=\"elementor-widget-wrap elementor-element-populated\">\n\t\t\t\t\t\t<div class=\"elementor-element elementor-element-4180203 elementor-widget elementor-widget-industrium_heading\" data-id=\"4180203\" data-element_type=\"widget\" data-e-type=\"widget\" data-widget_type=\"industrium_heading.default\">\n\t\t\t\t<div class=\"elementor-widget-container\">\n\t\t\t\t\t<div class=\"industrium-heading-widget\"><h2 class=\"industrium-heading\"><span class=\"industrium-subheading\">Proiect<\/span><span class=\"industrium-heading-content\">\u00cen ultimii ani, dezvoltarea, progresul \u0219i investi\u021biile noastre au fost sus\u021binute de o serie de scheme de granturi.<\/span><\/h2><\/div>\t\t\t\t<\/div>\n\t\t\t\t<\/div>\n\t\t\t\t<div class=\"elementor-element elementor-element-5db942e elementor-widget elementor-widget-text-editor\" data-id=\"5db942e\" data-element_type=\"widget\" data-e-type=\"widget\" data-widget_type=\"text-editor.default\">\n\t\t\t\t<div class=\"elementor-widget-container\">\n\t\t\t\t\t\t\t\t\t<p>Suntem m\u00e2ndri c\u0103 avem \u00eentotdeauna succes \u00een cererile noastre de finan\u021bare pentru proiectele finan\u021bate.<\/p>\n\t\t\t\t\t\t\t\t<\/div>\n\t\t\t\t<\/div>\n\t\t\t\t\t<\/div>\n\t\t<\/div>\n\t\t\t\t\t<\/div>\n\t\t<\/section>\n\t\t\t\t<section class=\"elementor-section elementor-inner-section elementor-element elementor-element-ad5a974 elementor-section-boxed elementor-section-height-default elementor-section-height-default\" data-id=\"ad5a974\" data-element_type=\"section\" data-e-type=\"section\">\n\t\t\t\t\t\t<div class=\"elementor-container elementor-column-gap-default\">\n\t\t\t\t\t<div class=\"elementor-column elementor-col-100 elementor-inner-column elementor-element elementor-element-d452e37\" data-id=\"d452e37\" data-element_type=\"column\" data-e-type=\"column\">\n\t\t\t<div class=\"elementor-widget-wrap elementor-element-populated\">\n\t\t\t\t\t\t<div class=\"elementor-element elementor-element-6f86866 view-type-3 elementor-title-border-on title-alignment-left elementor-align-items-center elementor-widget elementor-widget-industrium_image_carousel\" data-id=\"6f86866\" data-element_type=\"widget\" data-e-type=\"widget\" data-widget_type=\"industrium_image_carousel.default\">\n\t\t\t\t<div class=\"elementor-widget-container\">\n\t\t\t\t\t\n        <div class=\"industrium-image-slider-widget\">\n\n                        <div class=\"slider-wrapper\">\n                                        <div class=\"cursor_drag\">\n                            <div class=\"cursor-bg\"><\/div>\n                            <span><\/span>\n                        <\/div>\n                                    <div class=\"slider-container\">\n                    <div class=\"image-carousel owl-carousel owl-theme\" data-slider-options={&quot;items&quot;:4,&quot;nav&quot;:false,&quot;dots&quot;:true,&quot;dotsContainer&quot;:&quot;.owl-dots-6f86866&quot;,&quot;dotsContainerMobile&quot;:&quot;.owl-dots-6f86866&quot;,&quot;autoplayHoverPause&quot;:true,&quot;autoplay&quot;:false,&quot;autoplaySpeed&quot;:300,&quot;autoplayTimeout&quot;:5000,&quot;loop&quot;:true,&quot;speed&quot;:500}>\n                        <div class=\"slider-item\"><div class=\"slider-item-inner\"><div class=\"slider-item-media\"><img fetchpriority=\"high\" decoding=\"async\" width=\"1192\" height=\"849\" src=\"https:\/\/szeplast.com\/wp-content\/uploads\/2023\/05\/Szeplaszt_GINOP-PLUSZ-1.1.2-21_Tabla.webp\" class=\"attachment-full size-full wp-image-19864\" alt=\"\" srcset=\"https:\/\/szeplast.com\/wp-content\/uploads\/2023\/05\/Szeplaszt_GINOP-PLUSZ-1.1.2-21_Tabla.webp 1192w, https:\/\/szeplast.com\/wp-content\/uploads\/2023\/05\/Szeplaszt_GINOP-PLUSZ-1.1.2-21_Tabla-300x214.webp 300w, https:\/\/szeplast.com\/wp-content\/uploads\/2023\/05\/Szeplaszt_GINOP-PLUSZ-1.1.2-21_Tabla-1024x729.webp 1024w, https:\/\/szeplast.com\/wp-content\/uploads\/2023\/05\/Szeplaszt_GINOP-PLUSZ-1.1.2-21_Tabla-768x547.webp 768w\" sizes=\"(max-width: 1192px) 100vw, 1192px\" \/><\/div><div class=\"slider-item-title\">Extinderea capacit\u0103\u021bii orientat\u0103 spre export \u0219i diversificarea produselor<\/div><div class=\"slider-item-description\"><a href=\"https:\/\/szeplast.com\/ro\/proiect\/extinderea-capacitatii-orientata-spre-export-si-diversificarea-produselor\/\">Mai departe la proiect<\/a><\/div><span class=\"slider-item-arrow\"><\/span><\/div><\/div><div class=\"slider-item\"><div class=\"slider-item-inner\"><div class=\"slider-item-media\"><img decoding=\"async\" width=\"1192\" height=\"847\" data-src=\"https:\/\/szeplast.com\/wp-content\/uploads\/2022\/09\/Termelesi_kapacitas_bovitese.png\" class=\"attachment-full size-full wp-image-13825 lazyload\" alt=\"Sz\u00e9chenyi 2020 Szeplast\" data-srcset=\"https:\/\/szeplast.com\/wp-content\/uploads\/2022\/09\/Termelesi_kapacitas_bovitese.png 1192w, https:\/\/szeplast.com\/wp-content\/uploads\/2022\/09\/Termelesi_kapacitas_bovitese-300x213.png 300w, https:\/\/szeplast.com\/wp-content\/uploads\/2022\/09\/Termelesi_kapacitas_bovitese-1024x728.png 1024w, https:\/\/szeplast.com\/wp-content\/uploads\/2022\/09\/Termelesi_kapacitas_bovitese-768x546.png 768w\" data-sizes=\"(max-width: 1192px) 100vw, 1192px\" src=\"data:image\/svg+xml;base64,PHN2ZyB3aWR0aD0iMSIgaGVpZ2h0PSIxIiB4bWxucz0iaHR0cDovL3d3dy53My5vcmcvMjAwMC9zdmciPjwvc3ZnPg==\" style=\"--smush-placeholder-width: 1192px; --smush-placeholder-aspect-ratio: 1192\/847;\" \/><\/div><div class=\"slider-item-title\">Extinderea capacit\u0103\u021bii de produc\u021bie la Szeplast Zrt.<\/div><div class=\"slider-item-description\"><a href=\"https:\/\/szeplast.com\/ro\/proiect\/extinderea-capacitatii-de-productie-la-szeplast-zrt\/\">Mai departe la proiect<\/a><\/div><span class=\"slider-item-arrow\"><\/span><\/div><\/div><div class=\"slider-item\"><div class=\"slider-item-inner\"><div class=\"slider-item-media\"><img decoding=\"async\" width=\"1192\" height=\"848\" data-src=\"https:\/\/szeplast.com\/wp-content\/uploads\/2022\/09\/Ipar_4.0_megoldasok_fejlesztese.png\" class=\"attachment-full size-full wp-image-13841 lazyload\" alt=\"Sz\u00e9chenyi 2020 Szeplast\" data-srcset=\"https:\/\/szeplast.com\/wp-content\/uploads\/2022\/09\/Ipar_4.0_megoldasok_fejlesztese.png 1192w, https:\/\/szeplast.com\/wp-content\/uploads\/2022\/09\/Ipar_4.0_megoldasok_fejlesztese-300x213.png 300w, https:\/\/szeplast.com\/wp-content\/uploads\/2022\/09\/Ipar_4.0_megoldasok_fejlesztese-1024x728.png 1024w, https:\/\/szeplast.com\/wp-content\/uploads\/2022\/09\/Ipar_4.0_megoldasok_fejlesztese-768x546.png 768w\" data-sizes=\"(max-width: 1192px) 100vw, 1192px\" src=\"data:image\/svg+xml;base64,PHN2ZyB3aWR0aD0iMSIgaGVpZ2h0PSIxIiB4bWxucz0iaHR0cDovL3d3dy53My5vcmcvMjAwMC9zdmciPjwvc3ZnPg==\" style=\"--smush-placeholder-width: 1192px; --smush-placeholder-aspect-ratio: 1192\/848;\" \/><\/div><div class=\"slider-item-title\">Dezvoltarea de solu\u021bii pentru Industria 4.0 la Szeplast Zrt.<\/div><div class=\"slider-item-description\"><a href=\"https:\/\/szeplast.com\/ro\/proiect\/dezvoltarea-de-solutii-pentru-industria-4-0-la-szeplast-zrt\/\">Mai departe la proiect<\/a><\/div><span class=\"slider-item-arrow\"><\/span><\/div><\/div><div class=\"slider-item\"><div class=\"slider-item-inner\"><div class=\"slider-item-media\"><img decoding=\"async\" width=\"1191\" height=\"842\" data-src=\"https:\/\/szeplast.com\/wp-content\/uploads\/2024\/04\/ginop_8_3_5_18_b_d_fekvo_vajojel_nelkuli.webp\" class=\"attachment-full size-full wp-image-24847 lazyload\" alt=\"\" data-srcset=\"https:\/\/szeplast.com\/wp-content\/uploads\/2024\/04\/ginop_8_3_5_18_b_d_fekvo_vajojel_nelkuli.webp 1191w, https:\/\/szeplast.com\/wp-content\/uploads\/2024\/04\/ginop_8_3_5_18_b_d_fekvo_vajojel_nelkuli-300x212.webp 300w, https:\/\/szeplast.com\/wp-content\/uploads\/2024\/04\/ginop_8_3_5_18_b_d_fekvo_vajojel_nelkuli-1024x724.webp 1024w, https:\/\/szeplast.com\/wp-content\/uploads\/2024\/04\/ginop_8_3_5_18_b_d_fekvo_vajojel_nelkuli-768x543.webp 768w\" data-sizes=\"(max-width: 1191px) 100vw, 1191px\" src=\"data:image\/svg+xml;base64,PHN2ZyB3aWR0aD0iMSIgaGVpZ2h0PSIxIiB4bWxucz0iaHR0cDovL3d3dy53My5vcmcvMjAwMC9zdmciPjwvc3ZnPg==\" style=\"--smush-placeholder-width: 1191px; --smush-placeholder-aspect-ratio: 1191\/842;\" \/><\/div><div class=\"slider-item-title\">Modernizarea tehnologic\u0103 a micro\u00eentreprinderilor \u0219i a \u00eentreprinderilor mici \u0219i mijlocii<\/div><div class=\"slider-item-description\"><a href=\"https:\/\/szeplast.com\/ro\/proiect\/modernizarea-tehnologica-a-microintreprinderilor-si-a-intreprinderilor-mici-si-mijlocii\/\">Mai departe la proiect<\/a><\/div><span class=\"slider-item-arrow\"><\/span><\/div><\/div><div class=\"slider-item\"><div class=\"slider-item-inner\"><div class=\"slider-item-media\"><img decoding=\"async\" width=\"1192\" height=\"850\" data-src=\"https:\/\/szeplast.com\/wp-content\/uploads\/2022\/09\/Rugalmas_foglalkoztatas_bevezetese.png\" class=\"attachment-full size-full wp-image-13852 lazyload\" alt=\"Sz\u00e9chenyi 2020 Szeplast\" data-srcset=\"https:\/\/szeplast.com\/wp-content\/uploads\/2022\/09\/Rugalmas_foglalkoztatas_bevezetese.png 1192w, https:\/\/szeplast.com\/wp-content\/uploads\/2022\/09\/Rugalmas_foglalkoztatas_bevezetese-300x214.png 300w, https:\/\/szeplast.com\/wp-content\/uploads\/2022\/09\/Rugalmas_foglalkoztatas_bevezetese-1024x730.png 1024w, https:\/\/szeplast.com\/wp-content\/uploads\/2022\/09\/Rugalmas_foglalkoztatas_bevezetese-768x548.png 768w\" data-sizes=\"(max-width: 1192px) 100vw, 1192px\" src=\"data:image\/svg+xml;base64,PHN2ZyB3aWR0aD0iMSIgaGVpZ2h0PSIxIiB4bWxucz0iaHR0cDovL3d3dy53My5vcmcvMjAwMC9zdmciPjwvc3ZnPg==\" style=\"--smush-placeholder-width: 1192px; --smush-placeholder-aspect-ratio: 1192\/850;\" \/><\/div><div class=\"slider-item-title\">Introducerea unui program de munc\u0103 flexibil la Szeplast Zrt.<\/div><div class=\"slider-item-description\"><a href=\"https:\/\/szeplast.com\/ro\/proiect\/introducerea-unui-program-de-munca-flexibil-la-szeplast-zrt\/\">Mai departe la proiect<\/a><\/div><span class=\"slider-item-arrow\"><\/span><\/div><\/div><div class=\"slider-item\"><div class=\"slider-item-inner\"><div class=\"slider-item-media\"><img decoding=\"async\" width=\"1192\" height=\"849\" data-src=\"https:\/\/szeplast.com\/wp-content\/uploads\/2022\/09\/Vallalatiranyitasi_rendszer_fejlesztese.png\" class=\"attachment-full size-full wp-image-13891 lazyload\" alt=\"Sz\u00e9chenyi 2020 Szeplast\" data-srcset=\"https:\/\/szeplast.com\/wp-content\/uploads\/2022\/09\/Vallalatiranyitasi_rendszer_fejlesztese.png 1192w, https:\/\/szeplast.com\/wp-content\/uploads\/2022\/09\/Vallalatiranyitasi_rendszer_fejlesztese-300x214.png 300w, https:\/\/szeplast.com\/wp-content\/uploads\/2022\/09\/Vallalatiranyitasi_rendszer_fejlesztese-1024x729.png 1024w, https:\/\/szeplast.com\/wp-content\/uploads\/2022\/09\/Vallalatiranyitasi_rendszer_fejlesztese-768x547.png 768w\" data-sizes=\"(max-width: 1192px) 100vw, 1192px\" src=\"data:image\/svg+xml;base64,PHN2ZyB3aWR0aD0iMSIgaGVpZ2h0PSIxIiB4bWxucz0iaHR0cDovL3d3dy53My5vcmcvMjAwMC9zdmciPjwvc3ZnPg==\" style=\"--smush-placeholder-width: 1192px; --smush-placeholder-aspect-ratio: 1192\/849;\" \/><\/div><div class=\"slider-item-title\">Dezvoltarea \u0219i implementarea unui sistem de management al companiei la Szeplast Zrt<\/div><div class=\"slider-item-description\"><a href=\"https:\/\/szeplast.com\/ro\/proiect\/dezvoltarea-si-implementarea-unui-sistem-de-management-al-companiei-la-szeplast-zrt\/\">Mai departe la proiect<\/a><\/div><span class=\"slider-item-arrow\"><\/span><\/div><\/div><div class=\"slider-item\"><div class=\"slider-item-inner\"><div class=\"slider-item-media\"><img decoding=\"async\" width=\"1195\" height=\"848\" data-src=\"https:\/\/szeplast.com\/wp-content\/uploads\/2022\/09\/Logisztikai_folyamatok_javitasa.png\" class=\"attachment-full size-full wp-image-13895 lazyload\" alt=\"Sz\u00e9chenyi 2020 Szeplast\" data-srcset=\"https:\/\/szeplast.com\/wp-content\/uploads\/2022\/09\/Logisztikai_folyamatok_javitasa.png 1195w, https:\/\/szeplast.com\/wp-content\/uploads\/2022\/09\/Logisztikai_folyamatok_javitasa-300x213.png 300w, https:\/\/szeplast.com\/wp-content\/uploads\/2022\/09\/Logisztikai_folyamatok_javitasa-1024x727.png 1024w, https:\/\/szeplast.com\/wp-content\/uploads\/2022\/09\/Logisztikai_folyamatok_javitasa-768x545.png 768w\" data-sizes=\"(max-width: 1195px) 100vw, 1195px\" src=\"data:image\/svg+xml;base64,PHN2ZyB3aWR0aD0iMSIgaGVpZ2h0PSIxIiB4bWxucz0iaHR0cDovL3d3dy53My5vcmcvMjAwMC9zdmciPjwvc3ZnPg==\" style=\"--smush-placeholder-width: 1195px; --smush-placeholder-aspect-ratio: 1195\/848;\" \/><\/div><div class=\"slider-item-title\">\u00cembun\u0103t\u0103\u021birea  a eficien\u021bei resurselor proceselor logistice<\/div><div class=\"slider-item-description\"><a href=\"https:\/\/szeplast.com\/ro\/proiect\/imbunatatirea-a-eficientei-resurselor-proceselor-logistice\/\">Mai departe la proiect<\/a><\/div><span class=\"slider-item-arrow\"><\/span><\/div><\/div><div class=\"slider-item\"><div class=\"slider-item-inner\"><div class=\"slider-item-media\"><img decoding=\"async\" width=\"1194\" height=\"843\" data-src=\"https:\/\/szeplast.com\/wp-content\/uploads\/2023\/10\/ginop_8_3_5_18_b_d_fekvo_nyomdai.webp\" class=\"attachment-full size-full wp-image-22618 lazyload\" alt=\"\" data-srcset=\"https:\/\/szeplast.com\/wp-content\/uploads\/2023\/10\/ginop_8_3_5_18_b_d_fekvo_nyomdai.webp 1194w, https:\/\/szeplast.com\/wp-content\/uploads\/2023\/10\/ginop_8_3_5_18_b_d_fekvo_nyomdai-300x212.webp 300w, https:\/\/szeplast.com\/wp-content\/uploads\/2023\/10\/ginop_8_3_5_18_b_d_fekvo_nyomdai-1024x723.webp 1024w, https:\/\/szeplast.com\/wp-content\/uploads\/2023\/10\/ginop_8_3_5_18_b_d_fekvo_nyomdai-768x542.webp 768w\" data-sizes=\"(max-width: 1194px) 100vw, 1194px\" src=\"data:image\/svg+xml;base64,PHN2ZyB3aWR0aD0iMSIgaGVpZ2h0PSIxIiB4bWxucz0iaHR0cDovL3d3dy53My5vcmcvMjAwMC9zdmciPjwvc3ZnPg==\" style=\"--smush-placeholder-width: 1194px; --smush-placeholder-aspect-ratio: 1194\/843;\" \/><\/div><div class=\"slider-item-title\">Szeplast Zrt. \u2013 Finan\u021barea stocurilor<\/div><div class=\"slider-item-description\"><a href=\"https:\/\/szeplast.com\/ro\/proiect\/szeplast-zrt-finantarea-stocurilor\/\">Mai departe la proiect<\/a><\/div><span class=\"slider-item-arrow\"><\/span><\/div><\/div>                    <\/div>\n                <\/div>\n            <\/div>\n\n            <div class=\"owl-dots owl-dots-6f86866\"><\/div>\n        <\/div>\n        \t\t\t\t<\/div>\n\t\t\t\t<\/div>\n\t\t\t\t\t<\/div>\n\t\t<\/div>\n\t\t\t\t\t<\/div>\n\t\t<\/section>\n\t\t\t\t\t<\/div>\n\t\t<\/div>\n\t\t\t\t\t<\/div>\n\t\t<\/section>\n\t\t\t\t<section class=\"elementor-section elementor-top-section elementor-element elementor-element-4534ea7 elementor-section-boxed elementor-section-height-default elementor-section-height-default\" data-id=\"4534ea7\" data-element_type=\"section\" data-e-type=\"section\">\n\t\t\t\t\t\t<div class=\"elementor-container elementor-column-gap-default\">\n\t\t\t\t\t<div class=\"elementor-column elementor-col-100 elementor-top-column elementor-element elementor-element-2ef3966\" data-id=\"2ef3966\" data-element_type=\"column\" data-e-type=\"column\">\n\t\t\t<div class=\"elementor-widget-wrap elementor-element-populated\">\n\t\t\t\t\t\t<div class=\"elementor-element elementor-element-9c314e7 elementor-widget__width-initial elementor-fixed elementor-widget elementor-widget-image\" data-id=\"9c314e7\" data-element_type=\"widget\" data-e-type=\"widget\" data-settings=\"{&quot;_position&quot;:&quot;fixed&quot;}\" data-widget_type=\"image.default\">\n\t\t\t\t<div class=\"elementor-widget-container\">\n\t\t\t\t\t\t\t\t\t\t\t\t\t\t\t<img decoding=\"async\" width=\"1024\" height=\"287\" data-src=\"https:\/\/szeplast.com\/wp-content\/uploads\/2024\/12\/RRF-kedvezmenyezetti-infoblokk-1024x287.jpg\" class=\"attachment-large size-large wp-image-26571 lazyload\" alt=\"\" data-srcset=\"https:\/\/szeplast.com\/wp-content\/uploads\/2024\/12\/RRF-kedvezmenyezetti-infoblokk-1024x287.jpg 1024w, https:\/\/szeplast.com\/wp-content\/uploads\/2024\/12\/RRF-kedvezmenyezetti-infoblokk-300x84.jpg 300w, https:\/\/szeplast.com\/wp-content\/uploads\/2024\/12\/RRF-kedvezmenyezetti-infoblokk-768x215.jpg 768w, https:\/\/szeplast.com\/wp-content\/uploads\/2024\/12\/RRF-kedvezmenyezetti-infoblokk.jpg 1047w\" data-sizes=\"(max-width: 1024px) 100vw, 1024px\" src=\"data:image\/svg+xml;base64,PHN2ZyB3aWR0aD0iMSIgaGVpZ2h0PSIxIiB4bWxucz0iaHR0cDovL3d3dy53My5vcmcvMjAwMC9zdmciPjwvc3ZnPg==\" style=\"--smush-placeholder-width: 1024px; --smush-placeholder-aspect-ratio: 1024\/287;\" \/>\t\t\t\t\t\t\t\t\t\t\t\t\t\t\t<\/div>\n\t\t\t\t<\/div>\n\t\t\t\t\t<\/div>\n\t\t<\/div>\n\t\t\t\t\t<\/div>\n\t\t<\/section>\n\t\t\t\t<\/div>\n\t\t","protected":false},"excerpt":{"rendered":"<p>HomeProiect Suntem m\u00e2ndri c\u0103 avem \u00eentotdeauna succes \u00een cererile noastre de finan\u021bare pentru proiectele finan\u021bate.<\/p>\n","protected":false},"author":1,"featured_media":0,"parent":0,"menu_order":0,"comment_status":"closed","ping_status":"closed","template":"","meta":{"om_disable_all_campaigns":false,"_monsterinsights_skip_tracking":false,"_monsterinsights_sitenote_active":false,"_monsterinsights_sitenote_note":"","_monsterinsights_sitenote_category":0,"footnotes":""},"class_list":["post-23677","page","type-page","status-publish","hentry"],"aioseo_notices":[],"_links":{"self":[{"href":"https:\/\/szeplast.com\/ro\/wp-json\/wp\/v2\/pages\/23677","targetHints":{"allow":["GET"]}}],"collection":[{"href":"https:\/\/szeplast.com\/ro\/wp-json\/wp\/v2\/pages"}],"about":[{"href":"https:\/\/szeplast.com\/ro\/wp-json\/wp\/v2\/types\/page"}],"author":[{"embeddable":true,"href":"https:\/\/szeplast.com\/ro\/wp-json\/wp\/v2\/users\/1"}],"replies":[{"embeddable":true,"href":"https:\/\/szeplast.com\/ro\/wp-json\/wp\/v2\/comments?post=23677"}],"version-history":[{"count":46,"href":"https:\/\/szeplast.com\/ro\/wp-json\/wp\/v2\/pages\/23677\/revisions"}],"predecessor-version":[{"id":26616,"href":"https:\/\/szeplast.com\/ro\/wp-json\/wp\/v2\/pages\/23677\/revisions\/26616"}],"wp:attachment":[{"href":"https:\/\/szeplast.com\/ro\/wp-json\/wp\/v2\/media?parent=23677"}],"curies":[{"name":"wp","href":"https:\/\/api.w.org\/{rel}","templated":true}]}}