{"id":23498,"date":"2022-12-12T13:38:02","date_gmt":"2022-12-12T13:38:02","guid":{"rendered":"https:\/\/szeplast.com\/calificari\/"},"modified":"2026-03-26T08:48:13","modified_gmt":"2026-03-26T08:48:13","slug":"calificari","status":"publish","type":"page","link":"https:\/\/szeplast.com\/ro\/calificari\/","title":{"rendered":"Calific\u0103ri"},"content":{"rendered":"\t\t<div data-elementor-type=\"wp-page\" data-elementor-id=\"23498\" class=\"elementor elementor-23498 elementor-14427\">\n\t\t\t\t\t\t<section class=\"elementor-section elementor-top-section elementor-element elementor-element-551c882 elementor-section-height-min-height elementor-section-items-stretch elementor-section-stretched page-title elementor-section-boxed elementor-section-height-default\" data-id=\"551c882\" data-element_type=\"section\" data-e-type=\"section\" data-settings=\"{&quot;background_background&quot;:&quot;classic&quot;,&quot;stretch_section&quot;:&quot;section-stretched&quot;}\">\n\t\t\t\t\t\t<div class=\"elementor-container elementor-column-gap-default\">\n\t\t\t\t\t<div class=\"elementor-column elementor-col-100 elementor-top-column elementor-element elementor-element-d7793b8\" data-id=\"d7793b8\" data-element_type=\"column\" data-e-type=\"column\">\n\t\t\t<div class=\"elementor-widget-wrap elementor-element-populated\">\n\t\t\t\t\t\t<div class=\"elementor-element elementor-element-0ce7b5f elementor-widget elementor-widget-image\" data-id=\"0ce7b5f\" data-element_type=\"widget\" data-e-type=\"widget\" data-widget_type=\"image.default\">\n\t\t\t\t<div class=\"elementor-widget-container\">\n\t\t\t\t\t\t\t\t\t\t\t\t\t\t\t<img decoding=\"async\" width=\"180\" height=\"180\" data-src=\"https:\/\/szeplast.com\/wp-content\/uploads\/2022\/11\/Logomark_Szeplast.png\" class=\"attachment-large size-large wp-image-11532 lazyload\" alt=\"Szeplast logomark\" data-srcset=\"https:\/\/szeplast.com\/wp-content\/uploads\/2022\/11\/Logomark_Szeplast.png 180w, https:\/\/szeplast.com\/wp-content\/uploads\/2022\/11\/Logomark_Szeplast-150x150.png 150w\" data-sizes=\"(max-width: 180px) 100vw, 180px\" src=\"data:image\/svg+xml;base64,PHN2ZyB3aWR0aD0iMSIgaGVpZ2h0PSIxIiB4bWxucz0iaHR0cDovL3d3dy53My5vcmcvMjAwMC9zdmciPjwvc3ZnPg==\" style=\"--smush-placeholder-width: 180px; --smush-placeholder-aspect-ratio: 180\/180;\" \/>\t\t\t\t\t\t\t\t\t\t\t\t\t\t\t<\/div>\n\t\t\t\t<\/div>\n\t\t\t\t<div class=\"elementor-element elementor-element-60d936f elementor-widget elementor-widget-industrium_heading\" data-id=\"60d936f\" data-element_type=\"widget\" data-e-type=\"widget\" data-widget_type=\"industrium_heading.default\">\n\t\t\t\t<div class=\"elementor-widget-container\">\n\t\t\t\t\t<div class=\"industrium-heading-widget\"><h1 class=\"industrium-heading\"><span class=\"industrium-heading-content\">Calific\u0103ri<\/span><\/h1><\/div>\t\t\t\t<\/div>\n\t\t\t\t<\/div>\n\t\t\t\t<div class=\"elementor-element elementor-element-5b941c2 elementor-widget elementor-widget-html\" data-id=\"5b941c2\" data-element_type=\"widget\" data-e-type=\"widget\" data-widget_type=\"html.default\">\n\t\t\t\t<div class=\"elementor-widget-container\">\n\t\t\t\t\t<nav class=\"breadcrumbs\"><a href=\"https:\/\/szeplast.com\/ro\/\">Home<\/a><span class=\"delimiter\"><\/span><span class=\"current\" style=\"color:#fff\">Calific\u0103ri<\/span><\/nav>\r\n\t\t\t\t<\/div>\n\t\t\t\t<\/div>\n\t\t\t\t<div class=\"elementor-element elementor-element-7f060d5 elementor-absolute elementor-hidden-tablet elementor-hidden-mobile_extra elementor-hidden-mobile elementor-widget__width-auto animated-fast decoration-type-1 elementor-invisible elementor-widget elementor-widget-industrium_decoration\" data-id=\"7f060d5\" data-element_type=\"widget\" data-e-type=\"widget\" data-settings=\"{&quot;_position&quot;:&quot;absolute&quot;,&quot;_animation&quot;:&quot;industrium_decoration&quot;,&quot;_animation_tablet_extra&quot;:&quot;none&quot;,&quot;_animation_delay&quot;:300}\" data-widget_type=\"industrium_decoration.default\">\n\t\t\t\t<div class=\"elementor-widget-container\">\n\t\t\t\t\t        <div class=\"decoration-widget\">\n            <div class=\"decoration-container\">\n                <div class=\"industrium-decoration\">\n                    <div><\/div><div><\/div><div><\/div>\n                <\/div>\n            <\/div>\n        <\/div>\n        \t\t\t\t<\/div>\n\t\t\t\t<\/div>\n\t\t\t\t\t<\/div>\n\t\t<\/div>\n\t\t\t\t\t<\/div>\n\t\t<\/section>\n\t\t\t\t<section class=\"elementor-section elementor-top-section elementor-element elementor-element-971930b elementor-section-full_width elementor-section-stretched elementor-section-height-default elementor-section-height-default\" data-id=\"971930b\" data-element_type=\"section\" data-e-type=\"section\" data-settings=\"{&quot;stretch_section&quot;:&quot;section-stretched&quot;,&quot;background_background&quot;:&quot;classic&quot;}\">\n\t\t\t\t\t\t<div class=\"elementor-container elementor-column-gap-no\">\n\t\t\t\t\t<div class=\"elementor-column elementor-col-100 elementor-top-column elementor-element elementor-element-a629c3e\" data-id=\"a629c3e\" data-element_type=\"column\" data-e-type=\"column\">\n\t\t\t<div class=\"elementor-widget-wrap elementor-element-populated\">\n\t\t\t\t\t\t<section class=\"elementor-section elementor-inner-section elementor-element elementor-element-afa3868 elementor-section-boxed elementor-section-height-default elementor-section-height-default\" data-id=\"afa3868\" data-element_type=\"section\" data-e-type=\"section\">\n\t\t\t\t\t\t<div class=\"elementor-container elementor-column-gap-default\">\n\t\t\t\t\t<div class=\"elementor-column elementor-col-100 elementor-inner-column elementor-element elementor-element-1be78b3\" data-id=\"1be78b3\" data-element_type=\"column\" data-e-type=\"column\">\n\t\t\t<div class=\"elementor-widget-wrap elementor-element-populated\">\n\t\t\t\t\t\t<div class=\"elementor-element elementor-element-c56ce83 elementor-widget elementor-widget-industrium_heading\" data-id=\"c56ce83\" data-element_type=\"widget\" data-e-type=\"widget\" data-widget_type=\"industrium_heading.default\">\n\t\t\t\t<div class=\"elementor-widget-container\">\n\t\t\t\t\t<div class=\"industrium-heading-widget\"><h2 class=\"industrium-heading\"><span class=\"industrium-subheading\">Calific\u0103ri<\/span><span class=\"industrium-heading-content\">Compania noastr\u0103 acord\u0103 o aten\u021bie deosebit\u0103 \u00eendeplinirii cerin\u021belor clien\u021bilor \u0219i calit\u0103\u021bii \u00een toate procesele sale.<\/span><\/h2><\/div>\t\t\t\t<\/div>\n\t\t\t\t<\/div>\n\t\t\t\t<div class=\"elementor-element elementor-element-a36f721 elementor-widget elementor-widget-text-editor\" data-id=\"a36f721\" data-element_type=\"widget\" data-e-type=\"widget\" data-widget_type=\"text-editor.default\">\n\t\t\t\t<div class=\"elementor-widget-container\">\n\t\t\t\t\t\t\t\t\t<p>\u00cen acest scop, procesele noastre sunt auditate \u0219i \u00eembun\u0103t\u0103\u021bite \u00een mod regulat, iar sistemul nostru certificat de management al calit\u0103\u021bii ne ajut\u0103 s\u0103 le integr\u0103m \u00eentr-un sistem coerent. Cu un sistem de management al calit\u0103\u021bii integrat, opera\u021biunile companiei noastre pot fi gestionate \u00een mod optim de la primirea materiilor prime, prin rela\u021biile noastre contractuale, p\u00e2n\u0103 la livrarea bunurilor.<\/p>\n\t\t\t\t\t\t\t\t<\/div>\n\t\t\t\t<\/div>\n\t\t\t\t\t<\/div>\n\t\t<\/div>\n\t\t\t\t\t<\/div>\n\t\t<\/section>\n\t\t\t\t<section class=\"elementor-section elementor-inner-section elementor-element elementor-element-38c9e3a elementor-section-boxed elementor-section-height-default elementor-section-height-default\" data-id=\"38c9e3a\" data-element_type=\"section\" data-e-type=\"section\">\n\t\t\t\t\t\t<div class=\"elementor-container elementor-column-gap-default\">\n\t\t\t\t\t<div class=\"elementor-column elementor-col-25 elementor-inner-column elementor-element elementor-element-9f79522 elementor-hidden-tablet elementor-hidden-mobile_extra elementor-hidden-mobile\" data-id=\"9f79522\" data-element_type=\"column\" data-e-type=\"column\">\n\t\t\t<div class=\"elementor-widget-wrap\">\n\t\t\t\t\t\t\t<\/div>\n\t\t<\/div>\n\t\t\t\t<div class=\"elementor-column elementor-col-25 elementor-inner-column elementor-element elementor-element-55c0c23\" data-id=\"55c0c23\" data-element_type=\"column\" data-e-type=\"column\">\n\t\t\t<div class=\"elementor-widget-wrap elementor-element-populated\">\n\t\t\t\t\t\t<div class=\"elementor-element elementor-element-6b6ad78 elementor-invisible elementor-widget elementor-widget-image\" data-id=\"6b6ad78\" data-element_type=\"widget\" data-e-type=\"widget\" data-settings=\"{&quot;_animation&quot;:&quot;industrium_clip_in_down&quot;,&quot;_animation_tablet_extra&quot;:&quot;none&quot;}\" data-widget_type=\"image.default\">\n\t\t\t\t<div class=\"elementor-widget-container\">\n\t\t\t\t\t\t\t\t\t\t\t\t\t\t\t\t<a href=\"https:\/\/szeplast.com\/wp-content\/uploads\/2026\/03\/Tanusitvany_14001_HU_20221011_Erv20281204.jpg\" data-elementor-open-lightbox=\"yes\" data-elementor-lightbox-title=\"Tan\u00fas\u00edtv\u00e1ny_14001_HU_20221011_\u00c9rv20281204\" data-e-action-hash=\"#elementor-action%3Aaction%3Dlightbox%26settings%3DeyJpZCI6MjcxODUsInVybCI6Imh0dHBzOlwvXC9zemVwbGFzdC5jb21cL3dwLWNvbnRlbnRcL3VwbG9hZHNcLzIwMjZcLzAzXC9UYW51c2l0dmFueV8xNDAwMV9IVV8yMDIyMTAxMV9FcnYyMDI4MTIwNC5qcGcifQ%3D%3D\">\n\t\t\t\t\t\t\t<img fetchpriority=\"high\" decoding=\"async\" width=\"595\" height=\"841\" src=\"https:\/\/szeplast.com\/wp-content\/uploads\/2026\/03\/Tanusitvany_14001_HU_20221011_Erv20281204.jpg\" class=\"attachment-large size-large wp-image-27185\" alt=\"\" srcset=\"https:\/\/szeplast.com\/wp-content\/uploads\/2026\/03\/Tanusitvany_14001_HU_20221011_Erv20281204.jpg 595w, https:\/\/szeplast.com\/wp-content\/uploads\/2026\/03\/Tanusitvany_14001_HU_20221011_Erv20281204-212x300.jpg 212w\" sizes=\"(max-width: 595px) 100vw, 595px\" \/>\t\t\t\t\t\t\t\t<\/a>\n\t\t\t\t\t\t\t\t\t\t\t\t\t\t\t<\/div>\n\t\t\t\t<\/div>\n\t\t\t\t\t<\/div>\n\t\t<\/div>\n\t\t\t\t<div class=\"elementor-column elementor-col-25 elementor-inner-column elementor-element elementor-element-b18346f\" data-id=\"b18346f\" data-element_type=\"column\" data-e-type=\"column\">\n\t\t\t<div class=\"elementor-widget-wrap elementor-element-populated\">\n\t\t\t\t\t\t<div class=\"elementor-element elementor-element-082d3c1 elementor-invisible elementor-widget elementor-widget-image\" data-id=\"082d3c1\" data-element_type=\"widget\" data-e-type=\"widget\" data-settings=\"{&quot;_animation&quot;:&quot;industrium_clip_in_down&quot;,&quot;_animation_tablet_extra&quot;:&quot;none&quot;}\" data-widget_type=\"image.default\">\n\t\t\t\t<div class=\"elementor-widget-container\">\n\t\t\t\t\t\t\t\t\t\t\t\t\t\t\t\t<a href=\"https:\/\/szeplast.com\/wp-content\/uploads\/2026\/03\/Tanusitvany_9001_HU_20221011_Erv20281204.jpg\" data-elementor-open-lightbox=\"yes\" data-elementor-lightbox-title=\"Tan\u00fas\u00edtv\u00e1ny_9001_HU_20221011_\u00c9rv20281204\" data-e-action-hash=\"#elementor-action%3Aaction%3Dlightbox%26settings%3DeyJpZCI6MjcxOTEsInVybCI6Imh0dHBzOlwvXC9zemVwbGFzdC5jb21cL3dwLWNvbnRlbnRcL3VwbG9hZHNcLzIwMjZcLzAzXC9UYW51c2l0dmFueV85MDAxX0hVXzIwMjIxMDExX0VydjIwMjgxMjA0LmpwZyJ9\">\n\t\t\t\t\t\t\t<img decoding=\"async\" width=\"595\" height=\"841\" data-src=\"https:\/\/szeplast.com\/wp-content\/uploads\/2026\/03\/Tanusitvany_9001_HU_20221011_Erv20281204.jpg\" class=\"attachment-large size-large wp-image-27191 lazyload\" alt=\"\" data-srcset=\"https:\/\/szeplast.com\/wp-content\/uploads\/2026\/03\/Tanusitvany_9001_HU_20221011_Erv20281204.jpg 595w, https:\/\/szeplast.com\/wp-content\/uploads\/2026\/03\/Tanusitvany_9001_HU_20221011_Erv20281204-212x300.jpg 212w\" data-sizes=\"(max-width: 595px) 100vw, 595px\" src=\"data:image\/svg+xml;base64,PHN2ZyB3aWR0aD0iMSIgaGVpZ2h0PSIxIiB4bWxucz0iaHR0cDovL3d3dy53My5vcmcvMjAwMC9zdmciPjwvc3ZnPg==\" style=\"--smush-placeholder-width: 595px; --smush-placeholder-aspect-ratio: 595\/841;\" \/>\t\t\t\t\t\t\t\t<\/a>\n\t\t\t\t\t\t\t\t\t\t\t\t\t\t\t<\/div>\n\t\t\t\t<\/div>\n\t\t\t\t\t<\/div>\n\t\t<\/div>\n\t\t\t\t<div class=\"elementor-column elementor-col-25 elementor-inner-column elementor-element elementor-element-e874277 elementor-hidden-tablet elementor-hidden-mobile\" data-id=\"e874277\" data-element_type=\"column\" data-e-type=\"column\">\n\t\t\t<div class=\"elementor-widget-wrap\">\n\t\t\t\t\t\t\t<\/div>\n\t\t<\/div>\n\t\t\t\t\t<\/div>\n\t\t<\/section>\n\t\t\t\t<section class=\"elementor-section elementor-inner-section elementor-element elementor-element-c018c06 elementor-section-boxed elementor-section-height-default elementor-section-height-default\" data-id=\"c018c06\" data-element_type=\"section\" data-e-type=\"section\">\n\t\t\t\t\t\t<div class=\"elementor-container elementor-column-gap-default\">\n\t\t\t\t\t<div class=\"elementor-column elementor-col-25 elementor-inner-column elementor-element elementor-element-6c5628d elementor-hidden-tablet elementor-hidden-mobile\" data-id=\"6c5628d\" data-element_type=\"column\" data-e-type=\"column\">\n\t\t\t<div class=\"elementor-widget-wrap\">\n\t\t\t\t\t\t\t<\/div>\n\t\t<\/div>\n\t\t\t\t<div class=\"elementor-column elementor-col-25 elementor-inner-column elementor-element elementor-element-5df4535\" data-id=\"5df4535\" data-element_type=\"column\" data-e-type=\"column\">\n\t\t\t<div class=\"elementor-widget-wrap elementor-element-populated\">\n\t\t\t\t\t\t<div class=\"elementor-element elementor-element-4760754 elementor-invisible elementor-widget elementor-widget-image\" data-id=\"4760754\" data-element_type=\"widget\" data-e-type=\"widget\" data-settings=\"{&quot;_animation&quot;:&quot;industrium_clip_in_down&quot;,&quot;_animation_tablet_extra&quot;:&quot;none&quot;}\" data-widget_type=\"image.default\">\n\t\t\t\t<div class=\"elementor-widget-container\">\n\t\t\t\t\t\t\t\t\t\t\t\t\t\t\t\t<a href=\"https:\/\/szeplast.com\/wp-content\/uploads\/2026\/03\/Tanusitvany_14001_EN_20221011_Erv20281204.jpg\" data-elementor-open-lightbox=\"yes\" data-elementor-lightbox-title=\"Tan\u00fas\u00edtv\u00e1ny_14001_EN_20221011_\u00c9rv20281204\" data-e-action-hash=\"#elementor-action%3Aaction%3Dlightbox%26settings%3DeyJpZCI6MjcxOTcsInVybCI6Imh0dHBzOlwvXC9zemVwbGFzdC5jb21cL3dwLWNvbnRlbnRcL3VwbG9hZHNcLzIwMjZcLzAzXC9UYW51c2l0dmFueV8xNDAwMV9FTl8yMDIyMTAxMV9FcnYyMDI4MTIwNC5qcGcifQ%3D%3D\">\n\t\t\t\t\t\t\t<img decoding=\"async\" width=\"595\" height=\"841\" data-src=\"https:\/\/szeplast.com\/wp-content\/uploads\/2026\/03\/Tanusitvany_14001_EN_20221011_Erv20281204.jpg\" class=\"attachment-large size-large wp-image-27197 lazyload\" alt=\"\" data-srcset=\"https:\/\/szeplast.com\/wp-content\/uploads\/2026\/03\/Tanusitvany_14001_EN_20221011_Erv20281204.jpg 595w, https:\/\/szeplast.com\/wp-content\/uploads\/2026\/03\/Tanusitvany_14001_EN_20221011_Erv20281204-212x300.jpg 212w\" data-sizes=\"(max-width: 595px) 100vw, 595px\" src=\"data:image\/svg+xml;base64,PHN2ZyB3aWR0aD0iMSIgaGVpZ2h0PSIxIiB4bWxucz0iaHR0cDovL3d3dy53My5vcmcvMjAwMC9zdmciPjwvc3ZnPg==\" style=\"--smush-placeholder-width: 595px; --smush-placeholder-aspect-ratio: 595\/841;\" \/>\t\t\t\t\t\t\t\t<\/a>\n\t\t\t\t\t\t\t\t\t\t\t\t\t\t\t<\/div>\n\t\t\t\t<\/div>\n\t\t\t\t\t<\/div>\n\t\t<\/div>\n\t\t\t\t<div class=\"elementor-column elementor-col-25 elementor-inner-column elementor-element elementor-element-0ffdd97\" data-id=\"0ffdd97\" data-element_type=\"column\" data-e-type=\"column\">\n\t\t\t<div class=\"elementor-widget-wrap elementor-element-populated\">\n\t\t\t\t\t\t<div class=\"elementor-element elementor-element-678b990 elementor-invisible elementor-widget elementor-widget-image\" data-id=\"678b990\" data-element_type=\"widget\" data-e-type=\"widget\" data-settings=\"{&quot;_animation&quot;:&quot;industrium_clip_in_down&quot;,&quot;_animation_tablet_extra&quot;:&quot;none&quot;}\" data-widget_type=\"image.default\">\n\t\t\t\t<div class=\"elementor-widget-container\">\n\t\t\t\t\t\t\t\t\t\t\t\t\t\t\t\t<a href=\"https:\/\/szeplast.com\/wp-content\/uploads\/2026\/03\/Tanusitvany_9001_EN_20221011_Erv20281204.jpg\" data-elementor-open-lightbox=\"yes\" data-elementor-lightbox-title=\"Tan\u00fas\u00edtv\u00e1ny_9001_EN_20221011_\u00c9rv20281204\" data-e-action-hash=\"#elementor-action%3Aaction%3Dlightbox%26settings%3DeyJpZCI6MjcyMDMsInVybCI6Imh0dHBzOlwvXC9zemVwbGFzdC5jb21cL3dwLWNvbnRlbnRcL3VwbG9hZHNcLzIwMjZcLzAzXC9UYW51c2l0dmFueV85MDAxX0VOXzIwMjIxMDExX0VydjIwMjgxMjA0LmpwZyJ9\">\n\t\t\t\t\t\t\t<img decoding=\"async\" width=\"595\" height=\"841\" data-src=\"https:\/\/szeplast.com\/wp-content\/uploads\/2026\/03\/Tanusitvany_9001_EN_20221011_Erv20281204.jpg\" class=\"attachment-large size-large wp-image-27203 lazyload\" alt=\"\" data-srcset=\"https:\/\/szeplast.com\/wp-content\/uploads\/2026\/03\/Tanusitvany_9001_EN_20221011_Erv20281204.jpg 595w, https:\/\/szeplast.com\/wp-content\/uploads\/2026\/03\/Tanusitvany_9001_EN_20221011_Erv20281204-212x300.jpg 212w\" data-sizes=\"(max-width: 595px) 100vw, 595px\" src=\"data:image\/svg+xml;base64,PHN2ZyB3aWR0aD0iMSIgaGVpZ2h0PSIxIiB4bWxucz0iaHR0cDovL3d3dy53My5vcmcvMjAwMC9zdmciPjwvc3ZnPg==\" style=\"--smush-placeholder-width: 595px; --smush-placeholder-aspect-ratio: 595\/841;\" \/>\t\t\t\t\t\t\t\t<\/a>\n\t\t\t\t\t\t\t\t\t\t\t\t\t\t\t<\/div>\n\t\t\t\t<\/div>\n\t\t\t\t\t<\/div>\n\t\t<\/div>\n\t\t\t\t<div class=\"elementor-column elementor-col-25 elementor-inner-column elementor-element elementor-element-9703bb1 elementor-hidden-tablet elementor-hidden-mobile_extra\" data-id=\"9703bb1\" data-element_type=\"column\" data-e-type=\"column\">\n\t\t\t<div class=\"elementor-widget-wrap\">\n\t\t\t\t\t\t\t<\/div>\n\t\t<\/div>\n\t\t\t\t\t<\/div>\n\t\t<\/section>\n\t\t\t\t\t<\/div>\n\t\t<\/div>\n\t\t\t\t\t<\/div>\n\t\t<\/section>\n\t\t\t\t<\/div>\n\t\t","protected":false},"excerpt":{"rendered":"<p>HomeCalific\u0103ri \u00cen acest scop, procesele noastre sunt auditate \u0219i \u00eembun\u0103t\u0103\u021bite \u00een mod regulat, iar sistemul nostru certificat de management al calit\u0103\u021bii ne ajut\u0103 s\u0103 le integr\u0103m \u00eentr-un sistem coerent. Cu un sistem de management al calit\u0103\u021bii integrat, opera\u021biunile companiei noastre pot&#8230;<\/p>\n","protected":false},"author":1,"featured_media":0,"parent":0,"menu_order":0,"comment_status":"closed","ping_status":"closed","template":"","meta":{"om_disable_all_campaigns":false,"_monsterinsights_skip_tracking":false,"_monsterinsights_sitenote_active":false,"_monsterinsights_sitenote_note":"","_monsterinsights_sitenote_category":0,"footnotes":""},"class_list":["post-23498","page","type-page","status-publish","hentry"],"aioseo_notices":[],"_links":{"self":[{"href":"https:\/\/szeplast.com\/ro\/wp-json\/wp\/v2\/pages\/23498","targetHints":{"allow":["GET"]}}],"collection":[{"href":"https:\/\/szeplast.com\/ro\/wp-json\/wp\/v2\/pages"}],"about":[{"href":"https:\/\/szeplast.com\/ro\/wp-json\/wp\/v2\/types\/page"}],"author":[{"embeddable":true,"href":"https:\/\/szeplast.com\/ro\/wp-json\/wp\/v2\/users\/1"}],"replies":[{"embeddable":true,"href":"https:\/\/szeplast.com\/ro\/wp-json\/wp\/v2\/comments?post=23498"}],"version-history":[{"count":22,"href":"https:\/\/szeplast.com\/ro\/wp-json\/wp\/v2\/pages\/23498\/revisions"}],"predecessor-version":[{"id":27226,"href":"https:\/\/szeplast.com\/ro\/wp-json\/wp\/v2\/pages\/23498\/revisions\/27226"}],"wp:attachment":[{"href":"https:\/\/szeplast.com\/ro\/wp-json\/wp\/v2\/media?parent=23498"}],"curies":[{"name":"wp","href":"https:\/\/api.w.org\/{rel}","templated":true}]}}