{"id":19891,"date":"2023-05-22T12:16:11","date_gmt":"2023-05-22T12:16:11","guid":{"rendered":"https:\/\/szeplast.com\/tenders\/export-oriented-capacity-expansion-and-product-diversification\/"},"modified":"2024-12-11T09:36:35","modified_gmt":"2024-12-11T09:36:35","slug":"export-oriented-capacity-expansion-and-product-diversification","status":"publish","type":"page","link":"https:\/\/szeplast.com\/en\/tenders\/export-oriented-capacity-expansion-and-product-diversification\/","title":{"rendered":"Export-oriented capacity expansion and product diversification"},"content":{"rendered":"\t\t<div data-elementor-type=\"wp-page\" data-elementor-id=\"19891\" class=\"elementor elementor-19891 elementor-19847\">\n\t\t\t\t\t\t<section class=\"elementor-section elementor-top-section elementor-element elementor-element-84c9617 elementor-section-height-min-height elementor-section-items-stretch elementor-section-stretched page-title elementor-section-boxed elementor-section-height-default\" data-id=\"84c9617\" data-element_type=\"section\" data-e-type=\"section\" data-settings=\"{&quot;background_background&quot;:&quot;classic&quot;,&quot;stretch_section&quot;:&quot;section-stretched&quot;}\">\n\t\t\t\t\t\t<div class=\"elementor-container elementor-column-gap-default\">\n\t\t\t\t\t<div class=\"elementor-column elementor-col-100 elementor-top-column elementor-element elementor-element-0757f92\" data-id=\"0757f92\" data-element_type=\"column\" data-e-type=\"column\">\n\t\t\t<div class=\"elementor-widget-wrap elementor-element-populated\">\n\t\t\t\t\t\t<div class=\"elementor-element elementor-element-4c349fe elementor-widget elementor-widget-image\" data-id=\"4c349fe\" data-element_type=\"widget\" data-e-type=\"widget\" data-settings=\"{&quot;_animation&quot;:&quot;none&quot;}\" data-widget_type=\"image.default\">\n\t\t\t\t<div class=\"elementor-widget-container\">\n\t\t\t\t\t\t\t\t\t\t\t\t\t\t\t<img decoding=\"async\" width=\"180\" height=\"180\" data-src=\"https:\/\/szeplast.com\/wp-content\/uploads\/2022\/11\/Logomark_Szeplast.png\" class=\"attachment-large size-large wp-image-11532 lazyload\" alt=\"Szeplast logomark\" data-srcset=\"https:\/\/szeplast.com\/wp-content\/uploads\/2022\/11\/Logomark_Szeplast.png 180w, https:\/\/szeplast.com\/wp-content\/uploads\/2022\/11\/Logomark_Szeplast-150x150.png 150w\" data-sizes=\"(max-width: 180px) 100vw, 180px\" src=\"data:image\/svg+xml;base64,PHN2ZyB3aWR0aD0iMSIgaGVpZ2h0PSIxIiB4bWxucz0iaHR0cDovL3d3dy53My5vcmcvMjAwMC9zdmciPjwvc3ZnPg==\" style=\"--smush-placeholder-width: 180px; --smush-placeholder-aspect-ratio: 180\/180;\" \/>\t\t\t\t\t\t\t\t\t\t\t\t\t\t\t<\/div>\n\t\t\t\t<\/div>\n\t\t\t\t<div class=\"elementor-element elementor-element-6190d41 elementor-widget elementor-widget-industrium_heading\" data-id=\"6190d41\" data-element_type=\"widget\" data-e-type=\"widget\" data-widget_type=\"industrium_heading.default\">\n\t\t\t\t<div class=\"elementor-widget-container\">\n\t\t\t\t\t<div class=\"industrium-heading-widget\"><h1 class=\"industrium-heading\"><span class=\"industrium-heading-content\">Tenders<\/span><\/h1><\/div>\t\t\t\t<\/div>\n\t\t\t\t<\/div>\n\t\t\t\t<div class=\"elementor-element elementor-element-0e48dc1 elementor-widget elementor-widget-html\" data-id=\"0e48dc1\" data-element_type=\"widget\" data-e-type=\"widget\" data-widget_type=\"html.default\">\n\t\t\t\t<div class=\"elementor-widget-container\">\n\t\t\t\t\t<nav class=\"breadcrumbs\"><a href=\"https:\/\/szeplast.com\/en\/\">Home<\/a><span class=\"delimiter\"><\/span><a href=\"https:\/\/szeplast.com\/en\/tenders\/\">Tenders<\/a><span class=\"delimiter\"><\/span><span class=\"current\" style=\"color:#fff\">Export-oriented capacity expansion and product diversification\r\n<\/span><\/nav>\r\n\t\t\t\t<\/div>\n\t\t\t\t<\/div>\n\t\t\t\t<div class=\"elementor-element elementor-element-6b8570c elementor-absolute elementor-hidden-tablet elementor-hidden-mobile_extra elementor-hidden-mobile elementor-widget__width-auto animated-fast decoration-type-1 elementor-invisible elementor-widget elementor-widget-industrium_decoration\" data-id=\"6b8570c\" data-element_type=\"widget\" data-e-type=\"widget\" data-settings=\"{&quot;_position&quot;:&quot;absolute&quot;,&quot;_animation&quot;:&quot;industrium_decoration&quot;,&quot;_animation_tablet_extra&quot;:&quot;none&quot;,&quot;_animation_delay&quot;:300}\" data-widget_type=\"industrium_decoration.default\">\n\t\t\t\t<div class=\"elementor-widget-container\">\n\t\t\t\t\t        <div class=\"decoration-widget\">\n            <div class=\"decoration-container\">\n                <div class=\"industrium-decoration\">\n                    <div><\/div><div><\/div><div><\/div>\n                <\/div>\n            <\/div>\n        <\/div>\n        \t\t\t\t<\/div>\n\t\t\t\t<\/div>\n\t\t\t\t\t<\/div>\n\t\t<\/div>\n\t\t\t\t\t<\/div>\n\t\t<\/section>\n\t\t\t\t<section class=\"elementor-section elementor-top-section elementor-element elementor-element-e2caba3 elementor-section-boxed elementor-section-height-default elementor-section-height-default\" data-id=\"e2caba3\" data-element_type=\"section\" data-e-type=\"section\">\n\t\t\t\t\t\t<div class=\"elementor-container elementor-column-gap-default\">\n\t\t\t\t\t<div class=\"elementor-column elementor-col-100 elementor-top-column elementor-element elementor-element-386f963\" data-id=\"386f963\" data-element_type=\"column\" data-e-type=\"column\">\n\t\t\t<div class=\"elementor-widget-wrap elementor-element-populated\">\n\t\t\t\t\t\t<div class=\"elementor-element elementor-element-75aa041 elementor-widget elementor-widget-text-editor\" data-id=\"75aa041\" data-element_type=\"widget\" data-e-type=\"widget\" data-widget_type=\"text-editor.default\">\n\t\t\t\t<div class=\"elementor-widget-container\">\n\t\t\t\t\t\t\t\t\t<p><strong>Project identification number:<\/strong>\u00a0GINOP_PLUSZ-1.1.2-21-2022-00070<\/p><p><strong>Name of the beneficiary:<\/strong>\u00a0Szeplast Zrt.\u00a0<br \/><strong>The title of the project:\u00a0<\/strong>Export-oriented capacity expansion and product diversification, as well as further increasing the brand value of Szeplast Zrt. by bringing a new product line to foreign markets<br \/><strong>Total cost of the project:\u00a0<\/strong>1 263 211 261 Ft<br \/><strong>Subsidy amount: \u00a0<\/strong>631 605 630 Ft<br \/><strong>Support intensity: <\/strong>\u00a050 %<br \/><strong>Place of implementation<\/strong>\u00a06728 Szeged, Vass M\u00e1ty\u00e1s \u00fat 5.<br \/><strong>Actual project completion date:<\/strong>\u00a02024. november<\/p><h4><strong>Project goal:<\/strong><\/h4><p>Expanding the production capacity of PVC granules, creating the necessary production capacity for the production of a new type of innovative plastic granule raw material product, developing the quality control equipment park, and developing the site\u2019s infrastructure to reduce environmental impact.<\/p><p>The implementation of the project contributes to the strategic goal of Szeplast Zrt., to achieve an upper-middle class company size according to industry standards.<\/p><h4><strong>Project elements:<\/strong><\/h4><ul><li>Purchase of PVC extruder<\/li><li>Acquisition of HFFR machine line<\/li><li>Acquisition of trial extruder<\/li><li>Acquisition of a test production line<\/li><li>Development of measuring and dosing system<\/li><li>Industry 4.0 system data collection system<\/li><li>Obtain a colorimeter<\/li><li>Obtain an LOI meter<\/li><li>Development of electrical network<\/li><li>Building a solar system<\/li><li>Outdoor infrastructure development \u2013 Transformer station<\/li><li>Construction of a fire alarm system<\/li><li>Silo foundation<\/li><li>Road construction<\/li><\/ul><h4><strong>Cutting-edge technological solutions in the project:<\/strong><\/h4><p>Innovative raw materials: by building the HFFR granulate production line, the company can produce innovative raw materials that are important for the economy and meet the highest expectations and market standards. HFFR granulate (as a halogen-free and flame-retardant plastic material) provides a number of fire protection and safety features, primarily for cable manufacturers, which will become an increasingly common requirement of this segment in the future. With the implementation of the project, Hungary\u2019s production capacity will be expanded with a product that is currently not available in our country, but as far as we know, no company in the neighboring countries has the production technology\/capacity suitable for the production of HFFR granules in larger volumes. Both the equipment for expanding the capacity of the current PVC line and the machines in the new HFFR line are capable of producing high added value products and use <b>the best technologies currently available in the industry.<\/b> In addition to being able to produce economically, with little waste, and with accessible maintenance, these equipment are equipped with digital solutions that are suitable for the implementation of the Industry 4.0 production method. The company will take advantage of these features of the equipment, since the equipment will be operated in a common and integrated production control system, as it is now. Thanks to the computer-controlled automatic system, the main phases of production do not require human intervention: the measurement, preparation and mixing of the individual recipes and raw materials, as well as the extrusion and pelletizing, are controlled by the integrated digital system. The entire production process can be monitored and adjusted from the control center, and if necessary, based on the data provided by the sensors and other feedback devices, it is possible to intervene, interrupt or change the given production process, often without the physical intervention of the employees.<\/p><p>The <b>Flowork Industry 4.0<\/b> software technology will be integrated within the framework of the project, which further strengthens the company\u2019s commitment to Industry 4.0. With the Flowork Industry 4.0 solution, the collection of the necessary data becomes complete. By storing the generated data in a unified system, continuous quality control and tracking of products is possible. Although the current production units already have data collection functions, it is necessary to raise the analysis of the data generated by them and their feedback to inter-production quality control to an even higher level. This solution produces comprehensive, real-time data on all technological processes of the granulate production cycle. With their feedback, it supports the immediate solution or elimination of problems that arose during production. The system to be introduced enables the monitoring of more than 300 measurement points in the area of production.<\/p>\t\t\t\t\t\t\t\t<\/div>\n\t\t\t\t<\/div>\n\t\t\t\t\t<\/div>\n\t\t<\/div>\n\t\t\t\t\t<\/div>\n\t\t<\/section>\n\t\t\t\t<section class=\"elementor-section elementor-top-section elementor-element elementor-element-a450405 elementor-section-boxed elementor-section-height-default elementor-section-height-default\" data-id=\"a450405\" data-element_type=\"section\" data-e-type=\"section\">\n\t\t\t\t\t\t<div class=\"elementor-container elementor-column-gap-default\">\n\t\t\t\t\t<div class=\"elementor-column elementor-col-100 elementor-top-column elementor-element elementor-element-dd3c16f\" data-id=\"dd3c16f\" data-element_type=\"column\" data-e-type=\"column\">\n\t\t\t<div class=\"elementor-widget-wrap elementor-element-populated\">\n\t\t\t\t\t\t<div class=\"elementor-element elementor-element-9531040 elementor-widget__width-initial elementor-fixed elementor-widget elementor-widget-image\" data-id=\"9531040\" data-element_type=\"widget\" data-e-type=\"widget\" data-settings=\"{&quot;_position&quot;:&quot;fixed&quot;}\" data-widget_type=\"image.default\">\n\t\t\t\t<div class=\"elementor-widget-container\">\n\t\t\t\t\t\t\t\t\t\t\t\t\t\t\t<img fetchpriority=\"high\" decoding=\"async\" width=\"1024\" height=\"287\" src=\"https:\/\/szeplast.com\/wp-content\/uploads\/2024\/12\/RRF-kedvezmenyezetti-infoblokk-1-1024x287.jpg\" class=\"attachment-large size-large wp-image-26620\" alt=\"\" srcset=\"https:\/\/szeplast.com\/wp-content\/uploads\/2024\/12\/RRF-kedvezmenyezetti-infoblokk-1-1024x287.jpg 1024w, https:\/\/szeplast.com\/wp-content\/uploads\/2024\/12\/RRF-kedvezmenyezetti-infoblokk-1-300x84.jpg 300w, https:\/\/szeplast.com\/wp-content\/uploads\/2024\/12\/RRF-kedvezmenyezetti-infoblokk-1-768x215.jpg 768w, https:\/\/szeplast.com\/wp-content\/uploads\/2024\/12\/RRF-kedvezmenyezetti-infoblokk-1.jpg 1047w\" sizes=\"(max-width: 1024px) 100vw, 1024px\" \/>\t\t\t\t\t\t\t\t\t\t\t\t\t\t\t<\/div>\n\t\t\t\t<\/div>\n\t\t\t\t\t<\/div>\n\t\t<\/div>\n\t\t\t\t\t<\/div>\n\t\t<\/section>\n\t\t\t\t<\/div>\n\t\t","protected":false},"excerpt":{"rendered":"<p>HomeTendersExport-oriented capacity expansion and product diversification Project identification number:\u00a0GINOP_PLUSZ-1.1.2-21-2022-00070 Name of the beneficiary:\u00a0Szeplast Zrt.\u00a0The title of the project:\u00a0Export-oriented capacity expansion and product diversification, as well as further increasing the brand value of Szeplast Zrt. by bringing a new product line to&#8230;<\/p>\n","protected":false},"author":1,"featured_media":0,"parent":17034,"menu_order":0,"comment_status":"closed","ping_status":"closed","template":"","meta":{"om_disable_all_campaigns":false,"_monsterinsights_skip_tracking":false,"_monsterinsights_sitenote_active":false,"_monsterinsights_sitenote_note":"","_monsterinsights_sitenote_category":0,"footnotes":""},"class_list":["post-19891","page","type-page","status-publish","hentry"],"aioseo_notices":[],"_links":{"self":[{"href":"https:\/\/szeplast.com\/en\/wp-json\/wp\/v2\/pages\/19891","targetHints":{"allow":["GET"]}}],"collection":[{"href":"https:\/\/szeplast.com\/en\/wp-json\/wp\/v2\/pages"}],"about":[{"href":"https:\/\/szeplast.com\/en\/wp-json\/wp\/v2\/types\/page"}],"author":[{"embeddable":true,"href":"https:\/\/szeplast.com\/en\/wp-json\/wp\/v2\/users\/1"}],"replies":[{"embeddable":true,"href":"https:\/\/szeplast.com\/en\/wp-json\/wp\/v2\/comments?post=19891"}],"version-history":[{"count":34,"href":"https:\/\/szeplast.com\/en\/wp-json\/wp\/v2\/pages\/19891\/revisions"}],"predecessor-version":[{"id":26631,"href":"https:\/\/szeplast.com\/en\/wp-json\/wp\/v2\/pages\/19891\/revisions\/26631"}],"up":[{"embeddable":true,"href":"https:\/\/szeplast.com\/en\/wp-json\/wp\/v2\/pages\/17034"}],"wp:attachment":[{"href":"https:\/\/szeplast.com\/en\/wp-json\/wp\/v2\/media?parent=19891"}],"curies":[{"name":"wp","href":"https:\/\/api.w.org\/{rel}","templated":true}]}}