{"id":19914,"date":"2023-05-22T12:16:11","date_gmt":"2023-05-22T12:16:11","guid":{"rendered":"https:\/\/szeplast.com\/ausschreibungen\/exportorientierte-kapazitaetserweiterung-und-produktdiversifizierung\/"},"modified":"2024-12-11T09:37:09","modified_gmt":"2024-12-11T09:37:09","slug":"exportorientierte-kapazitaetserweiterung-und-produktdiversifizierung","status":"publish","type":"page","link":"https:\/\/szeplast.com\/de\/ausschreibungen\/exportorientierte-kapazitaetserweiterung-und-produktdiversifizierung\/","title":{"rendered":"Exportorientierte Kapazit\u00e4tserweiterung und Produktdiversifizierung"},"content":{"rendered":"\t\t<div data-elementor-type=\"wp-page\" data-elementor-id=\"19914\" class=\"elementor elementor-19914 elementor-19847\">\n\t\t\t\t\t\t<section class=\"elementor-section elementor-top-section elementor-element elementor-element-84c9617 elementor-section-height-min-height elementor-section-items-stretch elementor-section-stretched page-title elementor-section-boxed elementor-section-height-default\" data-id=\"84c9617\" data-element_type=\"section\" data-e-type=\"section\" data-settings=\"{&quot;background_background&quot;:&quot;classic&quot;,&quot;stretch_section&quot;:&quot;section-stretched&quot;}\">\n\t\t\t\t\t\t<div class=\"elementor-container elementor-column-gap-default\">\n\t\t\t\t\t<div class=\"elementor-column elementor-col-100 elementor-top-column elementor-element elementor-element-0757f92\" data-id=\"0757f92\" data-element_type=\"column\" data-e-type=\"column\">\n\t\t\t<div class=\"elementor-widget-wrap elementor-element-populated\">\n\t\t\t\t\t\t<div class=\"elementor-element elementor-element-4c349fe elementor-widget elementor-widget-image\" data-id=\"4c349fe\" data-element_type=\"widget\" data-e-type=\"widget\" data-settings=\"{&quot;_animation&quot;:&quot;none&quot;}\" data-widget_type=\"image.default\">\n\t\t\t\t<div class=\"elementor-widget-container\">\n\t\t\t\t\t\t\t\t\t\t\t\t\t\t\t<img decoding=\"async\" width=\"180\" height=\"180\" data-src=\"https:\/\/szeplast.com\/wp-content\/uploads\/2022\/11\/Logomark_Szeplast.png\" class=\"attachment-large size-large wp-image-11532 lazyload\" alt=\"Szeplast logomark\" data-srcset=\"https:\/\/szeplast.com\/wp-content\/uploads\/2022\/11\/Logomark_Szeplast.png 180w, https:\/\/szeplast.com\/wp-content\/uploads\/2022\/11\/Logomark_Szeplast-150x150.png 150w\" data-sizes=\"(max-width: 180px) 100vw, 180px\" src=\"data:image\/svg+xml;base64,PHN2ZyB3aWR0aD0iMSIgaGVpZ2h0PSIxIiB4bWxucz0iaHR0cDovL3d3dy53My5vcmcvMjAwMC9zdmciPjwvc3ZnPg==\" style=\"--smush-placeholder-width: 180px; --smush-placeholder-aspect-ratio: 180\/180;\" \/>\t\t\t\t\t\t\t\t\t\t\t\t\t\t\t<\/div>\n\t\t\t\t<\/div>\n\t\t\t\t<div class=\"elementor-element elementor-element-6190d41 elementor-widget elementor-widget-industrium_heading\" data-id=\"6190d41\" data-element_type=\"widget\" data-e-type=\"widget\" data-widget_type=\"industrium_heading.default\">\n\t\t\t\t<div class=\"elementor-widget-container\">\n\t\t\t\t\t<div class=\"industrium-heading-widget\"><h1 class=\"industrium-heading\"><span class=\"industrium-heading-content\">Ausschreibungen<\/span><\/h1><\/div>\t\t\t\t<\/div>\n\t\t\t\t<\/div>\n\t\t\t\t<div class=\"elementor-element elementor-element-0e48dc1 elementor-widget elementor-widget-html\" data-id=\"0e48dc1\" data-element_type=\"widget\" data-e-type=\"widget\" data-widget_type=\"html.default\">\n\t\t\t\t<div class=\"elementor-widget-container\">\n\t\t\t\t\t<nav class=\"breadcrumbs\"><a href=\"https:\/\/szeplast.com\/de\/\">Home<\/a><span class=\"delimiter\"><\/span><a href=\"https:\/\/szeplast.com\/de\/ausschreibungen\/\">Ausschreibungen<\/a><span class=\"delimiter\"><\/span><span class=\"current\" style=\"color:#fff\">Exportorientierte Kapazit\u00e4tserweiterung und Produktdiversifizierung\r\n<\/span><\/nav>\r\n\t\t\t\t<\/div>\n\t\t\t\t<\/div>\n\t\t\t\t<div class=\"elementor-element elementor-element-6b8570c elementor-absolute elementor-hidden-tablet elementor-hidden-mobile_extra elementor-hidden-mobile elementor-widget__width-auto animated-fast decoration-type-1 elementor-invisible elementor-widget elementor-widget-industrium_decoration\" data-id=\"6b8570c\" data-element_type=\"widget\" data-e-type=\"widget\" data-settings=\"{&quot;_position&quot;:&quot;absolute&quot;,&quot;_animation&quot;:&quot;industrium_decoration&quot;,&quot;_animation_tablet_extra&quot;:&quot;none&quot;,&quot;_animation_delay&quot;:300}\" data-widget_type=\"industrium_decoration.default\">\n\t\t\t\t<div class=\"elementor-widget-container\">\n\t\t\t\t\t        <div class=\"decoration-widget\">\n            <div class=\"decoration-container\">\n                <div class=\"industrium-decoration\">\n                    <div><\/div><div><\/div><div><\/div>\n                <\/div>\n            <\/div>\n        <\/div>\n        \t\t\t\t<\/div>\n\t\t\t\t<\/div>\n\t\t\t\t\t<\/div>\n\t\t<\/div>\n\t\t\t\t\t<\/div>\n\t\t<\/section>\n\t\t\t\t<section class=\"elementor-section elementor-top-section elementor-element elementor-element-e2caba3 elementor-section-boxed elementor-section-height-default elementor-section-height-default\" data-id=\"e2caba3\" data-element_type=\"section\" data-e-type=\"section\">\n\t\t\t\t\t\t<div class=\"elementor-container elementor-column-gap-default\">\n\t\t\t\t\t<div class=\"elementor-column elementor-col-100 elementor-top-column elementor-element elementor-element-386f963\" data-id=\"386f963\" data-element_type=\"column\" data-e-type=\"column\">\n\t\t\t<div class=\"elementor-widget-wrap elementor-element-populated\">\n\t\t\t\t\t\t<div class=\"elementor-element elementor-element-75aa041 elementor-widget elementor-widget-text-editor\" data-id=\"75aa041\" data-element_type=\"widget\" data-e-type=\"widget\" data-widget_type=\"text-editor.default\">\n\t\t\t\t<div class=\"elementor-widget-container\">\n\t\t\t\t\t\t\t\t\t<p><strong style=\"letter-spacing: 0em;\">Projekt-Identifikationsnummer:<\/strong><span style=\"letter-spacing: 0em;\">\u00a0GINOP_PLUSZ-1.1.2-21-2022-00070<\/span><\/p><p><strong>Name des Beg\u00fcnstigten: <\/strong>\u00a0Szeplast Zrt.<br \/><strong>Der Titel des Projekts:\u00a0<\/strong>Exportorientierte Kapazit\u00e4tserweiterung und Produktdiversifizierung sowie weitere Steigerung des Markenwertes von Szeplast Zrt. durch die Einf\u00fchrung einer neuen Produktlinie auf ausl\u00e4ndischen M\u00e4rkten<br \/><strong> Gesamtkosten des Projekts:<\/strong>1 263 211 261 Ft<br \/><strong> H\u00f6he des Zuschusses: <\/strong>631 605 630 Ft<br \/><strong>F\u00f6rderintensit\u00e4t: <\/strong>\u00a050 %<br \/><strong>Ort der Durchf\u00fchrung:<\/strong>\u00a06728 Szeged, Vass M\u00e1ty\u00e1s \u00fat 5.<br \/><strong>Geplantes Datum f\u00fcr den Abschluss des Projekts:<\/strong>\u00a0November 2024<\/p><h4 style=\"font-weight: 400;\"><strong>Ziel des Projekts:<\/strong><\/h4><p style=\"font-weight: 400;\">Erweiterung der Produktionskapazit\u00e4ten f\u00fcr PVC-Granulat, Schaffung der erforderlichen Produktionskapazit\u00e4ten f\u00fcr die Herstellung eines neuartigen innovativen Kunststoffgranulat-Rohstoffprodukts, Entwicklung des Maschinenparks f\u00fcr die Qualit\u00e4tskontrolle und Ausbau der Infrastruktur des Standorts zur Verringerung der Umweltbelastung.<\/p><p style=\"font-weight: 400;\">Die Umsetzung des Projekts tr\u00e4gt zum strategischen Ziel von Szeplast Zrt. bei, eine Unternehmensgr\u00f6\u00dfe der oberen Mittelklasse nach Industriestandards zu erreichen.<\/p><h4 style=\"font-weight: 400;\"><strong>Elemente des Projekts:<\/strong><\/h4><ul><li style=\"font-weight: 400;\">Anschaffung eines PVC-Extruders<\/li><li style=\"font-weight: 400;\">Anschaffung einer HFFR-Maschinenlinie<\/li><li style=\"font-weight: 400;\">Anschaffung eines Versuchsextruders<\/li><li style=\"font-weight: 400;\">Anschaffung einer Testproduktionslinie<\/li><li style=\"font-weight: 400;\">Entwicklung eines Mess- und Dosiersystems<\/li><li style=\"font-weight: 400;\">Industrie 4.0-System Datenerfassungssystem<\/li><li style=\"font-weight: 400;\">Beschaffung eines Kolorimeters<\/li><li style=\"font-weight: 400;\">Beschaffen Sie sich ein LOI-Messger\u00e4t<\/li><li style=\"font-weight: 400;\">Ausbau des elektrischen Netzes<\/li><li style=\"font-weight: 400;\">Aufbau einer Solaranlage<\/li><li style=\"font-weight: 400;\">Entwicklung der Infrastruktur im Freien &#8211; Umspannwerk<\/li><li style=\"font-weight: 400;\">Errichtung einer Brandmeldeanlage<\/li><li style=\"font-weight: 400;\">Silo-Gr\u00fcndung<\/li><li style=\"font-weight: 400;\">Stra\u00dfenbau<\/li><\/ul><h4><strong>Modernste technische L\u00f6sungen im Projekt:<\/strong><\/h4><p><span style=\"font-weight: 400;\">Innovative Rohstoffe: Durch den Bau der HFFR-Granulat-Produktionslinie kann das Unternehmen innovative, f\u00fcr die Wirtschaft wichtige Rohstoffe herstellen, die h\u00f6chsten Anspr\u00fcchen und Marktstandards standhalten. HFFR-Granulat (als halogenfreier und flammhemmender Kunststoff) bietet eine Reihe von Brandschutz- und Sicherheitsmerkmalen, vor allem f\u00fcr Kabelhersteller, die in diesem Segment in Zukunft immer h\u00e4ufiger gefordert sein werden. Mit der Durchf\u00fchrung des Projekts wird die ungarische Produktionskapazit\u00e4t um ein Produkt erweitert, das derzeit in unserem Land nicht verf\u00fcgbar ist. Soweit uns bekannt ist, verf\u00fcgt kein Unternehmen in den Nachbarl\u00e4ndern \u00fcber die Produktionstechnologie\/Kapazit\u00e4t, die f\u00fcr die Herstellung von HFFR-Granulat in gr\u00f6\u00dferen Mengen geeignet ist. Sowohl die Anlagen zur Kapazit\u00e4tserweiterung der aktuellen PVC-Linie als auch die Maschinen der neuen HFFR-Linie sind in der Lage, Produkte mit hohem Mehrwert zu produzieren und nutzen <\/span><b>die besten derzeit in der Branche verf\u00fcgbaren Technologien<\/b>. Diese Anlagen sind nicht nur in der Lage, wirtschaftlich, abfallarm und wartungsfreundlich zu produzieren, sondern sind auch mit digitalen L\u00f6sungen ausgestattet, die sich f\u00fcr die Umsetzung der Produktionsmethode Industrie 4.0 eignen.<br \/>Das Unternehmen wird sich diese Eigenschaften der Anlage zunutze machen, da die Anlage wie bisher in einem gemeinsamen und integrierten Produktionssteuerungssystem betrieben wird. Dank des computergesteuerten automatischen Systems erfordern die wichtigsten Produktionsphasen kein menschliches Handeln: Die Messung, die Zubereitung und das Mischen der einzelnen Rezepte und Rohstoffe sowie die Extrusion und das Granulieren werden von dem integrierten digitalen System gesteuert. Der gesamte Produktionsprozess kann vom Kontrollzentrum aus \u00fcberwacht und eingestellt werden, und falls erforderlich, kann auf der Grundlage der von den Sensoren und anderen R\u00fcckmeldevorrichtungen gelieferten Daten in den jeweiligen Produktionsprozess eingegriffen, dieser unterbrochen oder ver\u00e4ndert werden, oft ohne dass die Mitarbeiter physisch eingreifen m\u00fcssen.<\/p><p><span style=\"font-weight: 400;\">Im Rahmen des Projekts wird <\/span><b>die Flowork Industrie 4.0<\/b>-Softwaretechnologie integriert, was das Engagement des Unternehmens f\u00fcr Industrie 4.0 weiter st\u00e4rkt. Mit der Flowork Industrie 4.0-L\u00f6sung wird die Erfassung der notwendigen Daten vollst\u00e4ndig. Durch die Speicherung der generierten Daten in einem einheitlichen System ist eine kontinuierliche Qualit\u00e4tskontrolle und R\u00fcckverfolgung der Produkte m\u00f6glich. Obwohl die aktuellen Produktionseinheiten bereits \u00fcber Datenerfassungsfunktionen verf\u00fcgen, ist es notwendig, die Analyse der von ihnen generierten Daten und ihre R\u00fcckmeldung an die produktions\u00fcbergreifende Qualit\u00e4tskontrolle auf ein noch h\u00f6heres Niveau zu heben. Diese L\u00f6sung liefert umfassende Echtzeitdaten \u00fcber alle technologischen Prozesse des Granulatproduktionszyklus. Mit ihrer R\u00fcckmeldung unterst\u00fctzt sie die sofortige L\u00f6sung oder Beseitigung von Problemen, die w\u00e4hrend der Produktion aufgetreten sind. Das einzuf\u00fchrende System erm\u00f6glicht die \u00dcberwachung von mehr als 300 Messpunkten im Bereich der Produktion.<\/p>\t\t\t\t\t\t\t\t<\/div>\n\t\t\t\t<\/div>\n\t\t\t\t\t<\/div>\n\t\t<\/div>\n\t\t\t\t\t<\/div>\n\t\t<\/section>\n\t\t\t\t<section class=\"elementor-section elementor-top-section elementor-element elementor-element-84c4deb elementor-section-boxed elementor-section-height-default elementor-section-height-default\" data-id=\"84c4deb\" data-element_type=\"section\" data-e-type=\"section\">\n\t\t\t\t\t\t<div class=\"elementor-container elementor-column-gap-default\">\n\t\t\t\t\t<div class=\"elementor-column elementor-col-100 elementor-top-column elementor-element elementor-element-00700db\" data-id=\"00700db\" data-element_type=\"column\" data-e-type=\"column\">\n\t\t\t<div class=\"elementor-widget-wrap elementor-element-populated\">\n\t\t\t\t\t\t<div class=\"elementor-element elementor-element-a345560 elementor-widget__width-initial elementor-fixed elementor-widget elementor-widget-image\" data-id=\"a345560\" data-element_type=\"widget\" data-e-type=\"widget\" data-settings=\"{&quot;_position&quot;:&quot;fixed&quot;}\" data-widget_type=\"image.default\">\n\t\t\t\t<div class=\"elementor-widget-container\">\n\t\t\t\t\t\t\t\t\t\t\t\t\t\t\t<img fetchpriority=\"high\" decoding=\"async\" width=\"1024\" height=\"287\" src=\"https:\/\/szeplast.com\/wp-content\/uploads\/2024\/12\/RRF-kedvezmenyezetti-infoblokk-1-1024x287.jpg\" class=\"attachment-large size-large wp-image-26620\" alt=\"\" srcset=\"https:\/\/szeplast.com\/wp-content\/uploads\/2024\/12\/RRF-kedvezmenyezetti-infoblokk-1-1024x287.jpg 1024w, https:\/\/szeplast.com\/wp-content\/uploads\/2024\/12\/RRF-kedvezmenyezetti-infoblokk-1-300x84.jpg 300w, https:\/\/szeplast.com\/wp-content\/uploads\/2024\/12\/RRF-kedvezmenyezetti-infoblokk-1-768x215.jpg 768w, https:\/\/szeplast.com\/wp-content\/uploads\/2024\/12\/RRF-kedvezmenyezetti-infoblokk-1.jpg 1047w\" sizes=\"(max-width: 1024px) 100vw, 1024px\" \/>\t\t\t\t\t\t\t\t\t\t\t\t\t\t\t<\/div>\n\t\t\t\t<\/div>\n\t\t\t\t\t<\/div>\n\t\t<\/div>\n\t\t\t\t\t<\/div>\n\t\t<\/section>\n\t\t\t\t<\/div>\n\t\t","protected":false},"excerpt":{"rendered":"<p>HomeAusschreibungenExportorientierte Kapazit\u00e4tserweiterung und Produktdiversifizierung Projekt-Identifikationsnummer:\u00a0GINOP_PLUSZ-1.1.2-21-2022-00070 Name des Beg\u00fcnstigten: \u00a0Szeplast Zrt.Der Titel des Projekts:\u00a0Exportorientierte Kapazit\u00e4tserweiterung und Produktdiversifizierung sowie weitere Steigerung des Markenwertes von Szeplast Zrt. durch die Einf\u00fchrung einer neuen Produktlinie auf ausl\u00e4ndischen M\u00e4rkten Gesamtkosten des Projekts:1 263 211 261 Ft H\u00f6he&#8230;<\/p>\n","protected":false},"author":1,"featured_media":0,"parent":18568,"menu_order":0,"comment_status":"closed","ping_status":"closed","template":"","meta":{"om_disable_all_campaigns":false,"_monsterinsights_skip_tracking":false,"_monsterinsights_sitenote_active":false,"_monsterinsights_sitenote_note":"","_monsterinsights_sitenote_category":0,"footnotes":""},"class_list":["post-19914","page","type-page","status-publish","hentry"],"aioseo_notices":[],"_links":{"self":[{"href":"https:\/\/szeplast.com\/de\/wp-json\/wp\/v2\/pages\/19914","targetHints":{"allow":["GET"]}}],"collection":[{"href":"https:\/\/szeplast.com\/de\/wp-json\/wp\/v2\/pages"}],"about":[{"href":"https:\/\/szeplast.com\/de\/wp-json\/wp\/v2\/types\/page"}],"author":[{"embeddable":true,"href":"https:\/\/szeplast.com\/de\/wp-json\/wp\/v2\/users\/1"}],"replies":[{"embeddable":true,"href":"https:\/\/szeplast.com\/de\/wp-json\/wp\/v2\/comments?post=19914"}],"version-history":[{"count":32,"href":"https:\/\/szeplast.com\/de\/wp-json\/wp\/v2\/pages\/19914\/revisions"}],"predecessor-version":[{"id":26634,"href":"https:\/\/szeplast.com\/de\/wp-json\/wp\/v2\/pages\/19914\/revisions\/26634"}],"up":[{"embeddable":true,"href":"https:\/\/szeplast.com\/de\/wp-json\/wp\/v2\/pages\/18568"}],"wp:attachment":[{"href":"https:\/\/szeplast.com\/de\/wp-json\/wp\/v2\/media?parent=19914"}],"curies":[{"name":"wp","href":"https:\/\/api.w.org\/{rel}","templated":true}]}}