{"id":18643,"date":"2022-12-14T17:30:33","date_gmt":"2022-12-14T17:30:33","guid":{"rendered":"https:\/\/szeplast.com\/ausschreibungen\/entwicklung-und-einfuehrung-eines-unternehmensmanagementsystems-bei-szeplast-zrt\/"},"modified":"2023-10-04T13:06:02","modified_gmt":"2023-10-04T13:06:02","slug":"entwicklung-und-einfuehrung-eines-unternehmensmanagementsystems-bei-szeplast-zrt","status":"publish","type":"page","link":"https:\/\/szeplast.com\/de\/ausschreibungen\/entwicklung-und-einfuehrung-eines-unternehmensmanagementsystems-bei-szeplast-zrt\/","title":{"rendered":"Entwicklung und Einf\u00fchrung eines Unternehmensmanagementsystems bei Szeplast Zrt"},"content":{"rendered":"\t\t<div data-elementor-type=\"wp-page\" data-elementor-id=\"18643\" class=\"elementor elementor-18643 elementor-15103\">\n\t\t\t\t\t\t<section class=\"elementor-section elementor-top-section elementor-element elementor-element-a18aee9 elementor-section-height-min-height elementor-section-items-stretch elementor-section-stretched page-title elementor-section-boxed elementor-section-height-default\" data-id=\"a18aee9\" data-element_type=\"section\" data-e-type=\"section\" data-settings=\"{&quot;background_background&quot;:&quot;classic&quot;,&quot;stretch_section&quot;:&quot;section-stretched&quot;}\">\n\t\t\t\t\t\t<div class=\"elementor-container elementor-column-gap-default\">\n\t\t\t\t\t<div class=\"elementor-column elementor-col-100 elementor-top-column elementor-element elementor-element-928a4c6\" data-id=\"928a4c6\" data-element_type=\"column\" data-e-type=\"column\">\n\t\t\t<div class=\"elementor-widget-wrap elementor-element-populated\">\n\t\t\t\t\t\t<div class=\"elementor-element elementor-element-260db32 elementor-widget elementor-widget-image\" data-id=\"260db32\" data-element_type=\"widget\" data-e-type=\"widget\" data-settings=\"{&quot;_animation&quot;:&quot;none&quot;}\" data-widget_type=\"image.default\">\n\t\t\t\t<div class=\"elementor-widget-container\">\n\t\t\t\t\t\t\t\t\t\t\t\t\t\t\t<img decoding=\"async\" width=\"180\" height=\"180\" data-src=\"https:\/\/szeplast.com\/wp-content\/uploads\/2022\/11\/Logomark_Szeplast.png\" class=\"attachment-large size-large wp-image-11532 lazyload\" alt=\"Szeplast logomark\" data-srcset=\"https:\/\/szeplast.com\/wp-content\/uploads\/2022\/11\/Logomark_Szeplast.png 180w, https:\/\/szeplast.com\/wp-content\/uploads\/2022\/11\/Logomark_Szeplast-150x150.png 150w\" data-sizes=\"(max-width: 180px) 100vw, 180px\" src=\"data:image\/svg+xml;base64,PHN2ZyB3aWR0aD0iMSIgaGVpZ2h0PSIxIiB4bWxucz0iaHR0cDovL3d3dy53My5vcmcvMjAwMC9zdmciPjwvc3ZnPg==\" style=\"--smush-placeholder-width: 180px; --smush-placeholder-aspect-ratio: 180\/180;\" \/>\t\t\t\t\t\t\t\t\t\t\t\t\t\t\t<\/div>\n\t\t\t\t<\/div>\n\t\t\t\t<div class=\"elementor-element elementor-element-81fbd9b elementor-widget elementor-widget-industrium_heading\" data-id=\"81fbd9b\" data-element_type=\"widget\" data-e-type=\"widget\" data-widget_type=\"industrium_heading.default\">\n\t\t\t\t<div class=\"elementor-widget-container\">\n\t\t\t\t\t<div class=\"industrium-heading-widget\"><h1 class=\"industrium-heading\"><span class=\"industrium-heading-content\">Ausschreibungen<\/span><\/h1><\/div>\t\t\t\t<\/div>\n\t\t\t\t<\/div>\n\t\t\t\t<div class=\"elementor-element elementor-element-e5a41ff elementor-widget elementor-widget-html\" data-id=\"e5a41ff\" data-element_type=\"widget\" data-e-type=\"widget\" data-widget_type=\"html.default\">\n\t\t\t\t<div class=\"elementor-widget-container\">\n\t\t\t\t\t<nav class=\"breadcrumbs\"><a href=\"https:\/\/szeplast.com\/de\/\">Home<\/a><span class=\"delimiter\"><\/span><a href=\"https:\/\/szeplast.com\/de\/ausschreibungen\/\">Ausschreibungen<\/a><span class=\"delimiter\"><\/span><span class=\"current\" style=\"color:#fff\">Entwicklung und Einf\u00fchrung eines Unternehmensmanagementsystems bei Szeplast Zrt<\/span><\/nav>\r\n\t\t\t\t<\/div>\n\t\t\t\t<\/div>\n\t\t\t\t<div class=\"elementor-element elementor-element-8ea8485 elementor-absolute elementor-hidden-tablet elementor-hidden-mobile_extra elementor-hidden-mobile elementor-widget__width-auto animated-fast decoration-type-1 elementor-invisible elementor-widget elementor-widget-industrium_decoration\" data-id=\"8ea8485\" data-element_type=\"widget\" data-e-type=\"widget\" data-settings=\"{&quot;_position&quot;:&quot;absolute&quot;,&quot;_animation&quot;:&quot;industrium_decoration&quot;,&quot;_animation_tablet_extra&quot;:&quot;none&quot;,&quot;_animation_delay&quot;:300}\" data-widget_type=\"industrium_decoration.default\">\n\t\t\t\t<div class=\"elementor-widget-container\">\n\t\t\t\t\t        <div class=\"decoration-widget\">\n            <div class=\"decoration-container\">\n                <div class=\"industrium-decoration\">\n                    <div><\/div><div><\/div><div><\/div>\n                <\/div>\n            <\/div>\n        <\/div>\n        \t\t\t\t<\/div>\n\t\t\t\t<\/div>\n\t\t\t\t\t<\/div>\n\t\t<\/div>\n\t\t\t\t\t<\/div>\n\t\t<\/section>\n\t\t\t\t<section class=\"elementor-section elementor-top-section elementor-element elementor-element-68258b58 elementor-section-boxed elementor-section-height-default elementor-section-height-default\" data-id=\"68258b58\" data-element_type=\"section\" data-e-type=\"section\">\n\t\t\t\t\t\t<div class=\"elementor-container elementor-column-gap-default\">\n\t\t\t\t\t<div class=\"elementor-column elementor-col-100 elementor-top-column elementor-element elementor-element-129725c\" data-id=\"129725c\" data-element_type=\"column\" data-e-type=\"column\">\n\t\t\t<div class=\"elementor-widget-wrap elementor-element-populated\">\n\t\t\t\t\t\t<div class=\"elementor-element elementor-element-7324d6d0 elementor-widget elementor-widget-text-editor\" data-id=\"7324d6d0\" data-element_type=\"widget\" data-e-type=\"widget\" data-widget_type=\"text-editor.default\">\n\t\t\t\t<div class=\"elementor-widget-container\">\n\t\t\t\t\t\t\t\t\t<p><strong>Projekt-ID:<\/strong>\u00a0GINOP-322-824-16-2019-01928<\/p><p><strong>Name des Beg\u00fcnstigten:<\/strong>\u00a0Szeplast Zrt.<br \/><strong>Der Titel des Projekts: <\/strong>\u00a0Entwicklung und Einf\u00fchrung eines Unternehmensmanagementsystems bei Szeplast Art.<br \/><strong>Nicht r\u00fcckzahlbarer Zuschussbetrag:<\/strong> 15.986.800 HUF\u00a0<br \/><strong>Subventionssatz:<\/strong>\u00a040%<br \/><strong>Zur\u00fcckzuzahlender Darlehensbetrag:<\/strong>\u00a016.386.470.-<br \/><strong>H\u00f6he des zur\u00fcckzuzahlenden Darlehens:<\/strong>\u00a041%<br \/><strong>Quelle:<\/strong>\u00a0Europ\u00e4ischer Fonds f\u00fcr regionale Entwicklung<br \/><strong>End date of the project: <\/strong>\u00a04.06.2022.<\/p><h3 class=\"has-text-color\" style=\"color: #1f2428;\">Beschreibung des Projekts<\/h3><p>Im Rahmen des Projekts wurde ein integriertes und flexibles komplexes Unternehmensmanagementsystem konzipiert, entwickelt und eingef\u00fchrt, das in Verbindung mit Aus- und Weiterbildung den gesamten Betrieb des Unternehmens abdeckt und dessen Aktivit\u00e4ten unterst\u00fctzt. Das entwickelte und implementierte komplexe Unternehmensmanagementsystem umfasst die folgenden Module: Corporate CRM; Finanzbuchhaltung; Beschaffung, Logistik; Produktionsunterst\u00fctzung; Controlling und Entscheidungsunterst\u00fctzung; Elektronisches Dokumentenmanagement<\/p><div class=\"wp-block-columns\"><div class=\"wp-block-column\"><figure class=\"wp-block-image size-large\"><img fetchpriority=\"high\" decoding=\"async\" width=\"1024\" height=\"708\" class=\"wp-image-13625\" src=\"https:\/\/szeplast.com\/wp-content\/uploads\/2022\/12\/ESZA-1024x708.png\" alt=\"\" srcset=\"https:\/\/szeplast.com\/wp-content\/uploads\/2022\/12\/ESZA-1024x708.png 1024w, https:\/\/szeplast.com\/wp-content\/uploads\/2022\/12\/ESZA-300x207.png 300w, https:\/\/szeplast.com\/wp-content\/uploads\/2022\/12\/ESZA-768x531.png 768w, https:\/\/szeplast.com\/wp-content\/uploads\/2022\/12\/ESZA-835x578.png 835w, https:\/\/szeplast.com\/wp-content\/uploads\/2022\/12\/ESZA.png 1453w\" sizes=\"(max-width: 1024px) 100vw, 1024px\" \/><\/figure><\/div><\/div>\t\t\t\t\t\t\t\t<\/div>\n\t\t\t\t<\/div>\n\t\t\t\t\t<\/div>\n\t\t<\/div>\n\t\t\t\t\t<\/div>\n\t\t<\/section>\n\t\t\t\t<\/div>\n\t\t","protected":false},"excerpt":{"rendered":"<p>HomeAusschreibungenEntwicklung und Einf\u00fchrung eines Unternehmensmanagementsystems bei Szeplast Zrt Projekt-ID:\u00a0GINOP-322-824-16-2019-01928 Name des Beg\u00fcnstigten:\u00a0Szeplast Zrt.Der Titel des Projekts: \u00a0Entwicklung und Einf\u00fchrung eines Unternehmensmanagementsystems bei Szeplast Art.Nicht r\u00fcckzahlbarer Zuschussbetrag: 15.986.800 HUF\u00a0Subventionssatz:\u00a040%Zur\u00fcckzuzahlender Darlehensbetrag:\u00a016.386.470.-H\u00f6he des zur\u00fcckzuzahlenden Darlehens:\u00a041%Quelle:\u00a0Europ\u00e4ischer Fonds f\u00fcr regionale EntwicklungEnd date of the project: \u00a04.06.2022&#8230;.<\/p>\n","protected":false},"author":1,"featured_media":0,"parent":18568,"menu_order":0,"comment_status":"closed","ping_status":"closed","template":"","meta":{"om_disable_all_campaigns":false,"_monsterinsights_skip_tracking":false,"_monsterinsights_sitenote_active":false,"_monsterinsights_sitenote_note":"","_monsterinsights_sitenote_category":0,"footnotes":""},"class_list":["post-18643","page","type-page","status-publish","hentry"],"aioseo_notices":[],"_links":{"self":[{"href":"https:\/\/szeplast.com\/de\/wp-json\/wp\/v2\/pages\/18643","targetHints":{"allow":["GET"]}}],"collection":[{"href":"https:\/\/szeplast.com\/de\/wp-json\/wp\/v2\/pages"}],"about":[{"href":"https:\/\/szeplast.com\/de\/wp-json\/wp\/v2\/types\/page"}],"author":[{"embeddable":true,"href":"https:\/\/szeplast.com\/de\/wp-json\/wp\/v2\/users\/1"}],"replies":[{"embeddable":true,"href":"https:\/\/szeplast.com\/de\/wp-json\/wp\/v2\/comments?post=18643"}],"version-history":[{"count":13,"href":"https:\/\/szeplast.com\/de\/wp-json\/wp\/v2\/pages\/18643\/revisions"}],"predecessor-version":[{"id":22684,"href":"https:\/\/szeplast.com\/de\/wp-json\/wp\/v2\/pages\/18643\/revisions\/22684"}],"up":[{"embeddable":true,"href":"https:\/\/szeplast.com\/de\/wp-json\/wp\/v2\/pages\/18568"}],"wp:attachment":[{"href":"https:\/\/szeplast.com\/de\/wp-json\/wp\/v2\/media?parent=18643"}],"curies":[{"name":"wp","href":"https:\/\/api.w.org\/{rel}","templated":true}]}}