{"id":18639,"date":"2022-12-14T17:19:49","date_gmt":"2022-12-14T17:19:49","guid":{"rendered":"https:\/\/szeplast.com\/ausschreibungen\/erweiterung-der-produktionskapazitaet-bei-szeplast-zrt\/"},"modified":"2023-10-04T13:08:53","modified_gmt":"2023-10-04T13:08:53","slug":"erweiterung-der-produktionskapazitaet-bei-szeplast-zrt","status":"publish","type":"page","link":"https:\/\/szeplast.com\/de\/ausschreibungen\/erweiterung-der-produktionskapazitaet-bei-szeplast-zrt\/","title":{"rendered":"Erweiterung der Produktionskapazit\u00e4t bei Szeplast Zrt"},"content":{"rendered":"\t\t<div data-elementor-type=\"wp-page\" data-elementor-id=\"18639\" class=\"elementor elementor-18639 elementor-15083\">\n\t\t\t\t\t\t<section class=\"elementor-section elementor-top-section elementor-element elementor-element-71dd454 elementor-section-height-min-height elementor-section-items-stretch elementor-section-stretched page-title elementor-section-boxed elementor-section-height-default\" data-id=\"71dd454\" data-element_type=\"section\" data-e-type=\"section\" data-settings=\"{&quot;background_background&quot;:&quot;classic&quot;,&quot;stretch_section&quot;:&quot;section-stretched&quot;}\">\n\t\t\t\t\t\t<div class=\"elementor-container elementor-column-gap-default\">\n\t\t\t\t\t<div class=\"elementor-column elementor-col-100 elementor-top-column elementor-element elementor-element-5cdcfcb\" data-id=\"5cdcfcb\" data-element_type=\"column\" data-e-type=\"column\">\n\t\t\t<div class=\"elementor-widget-wrap elementor-element-populated\">\n\t\t\t\t\t\t<div class=\"elementor-element elementor-element-428007d elementor-widget elementor-widget-image\" data-id=\"428007d\" data-element_type=\"widget\" data-e-type=\"widget\" data-settings=\"{&quot;_animation&quot;:&quot;none&quot;}\" data-widget_type=\"image.default\">\n\t\t\t\t<div class=\"elementor-widget-container\">\n\t\t\t\t\t\t\t\t\t\t\t\t\t\t\t<img decoding=\"async\" width=\"180\" height=\"180\" data-src=\"https:\/\/szeplast.com\/wp-content\/uploads\/2022\/11\/Logomark_Szeplast.png\" class=\"attachment-large size-large wp-image-16682 lazyload\" alt=\"\" data-srcset=\"https:\/\/szeplast.com\/wp-content\/uploads\/2022\/11\/Logomark_Szeplast.png 180w, https:\/\/szeplast.com\/wp-content\/uploads\/2022\/11\/Logomark_Szeplast-150x150.png 150w\" data-sizes=\"(max-width: 180px) 100vw, 180px\" src=\"data:image\/svg+xml;base64,PHN2ZyB3aWR0aD0iMSIgaGVpZ2h0PSIxIiB4bWxucz0iaHR0cDovL3d3dy53My5vcmcvMjAwMC9zdmciPjwvc3ZnPg==\" style=\"--smush-placeholder-width: 180px; --smush-placeholder-aspect-ratio: 180\/180;\" \/>\t\t\t\t\t\t\t\t\t\t\t\t\t\t\t<\/div>\n\t\t\t\t<\/div>\n\t\t\t\t<div class=\"elementor-element elementor-element-fa5f218 elementor-widget elementor-widget-industrium_heading\" data-id=\"fa5f218\" data-element_type=\"widget\" data-e-type=\"widget\" data-widget_type=\"industrium_heading.default\">\n\t\t\t\t<div class=\"elementor-widget-container\">\n\t\t\t\t\t<div class=\"industrium-heading-widget\"><h1 class=\"industrium-heading\"><span class=\"industrium-heading-content\">Ausschreibungen<\/span><\/h1><\/div>\t\t\t\t<\/div>\n\t\t\t\t<\/div>\n\t\t\t\t<div class=\"elementor-element elementor-element-9f62d7e elementor-widget elementor-widget-html\" data-id=\"9f62d7e\" data-element_type=\"widget\" data-e-type=\"widget\" data-widget_type=\"html.default\">\n\t\t\t\t<div class=\"elementor-widget-container\">\n\t\t\t\t\t<nav class=\"breadcrumbs\"><a href=\"https:\/\/szeplast.com\/de\/\">Home<\/a><span class=\"delimiter\"><\/span><a href=\"https:\/\/szeplast.com\/de\/ausschreibungen\/\">Ausschreibungen<\/a><span class=\"delimiter\"><\/span><span class=\"current\" style=\"color:#fff\">Erweiterung der Produktionskapazit\u00e4t bei Szeplast Zrt<\/span><\/nav>\r\n\t\t\t\t<\/div>\n\t\t\t\t<\/div>\n\t\t\t\t<div class=\"elementor-element elementor-element-9fbe80e elementor-absolute elementor-hidden-tablet elementor-hidden-mobile_extra elementor-hidden-mobile elementor-widget__width-auto animated-fast decoration-type-1 elementor-invisible elementor-widget elementor-widget-industrium_decoration\" data-id=\"9fbe80e\" data-element_type=\"widget\" data-e-type=\"widget\" data-settings=\"{&quot;_position&quot;:&quot;absolute&quot;,&quot;_animation&quot;:&quot;industrium_decoration&quot;,&quot;_animation_tablet_extra&quot;:&quot;none&quot;,&quot;_animation_delay&quot;:300}\" data-widget_type=\"industrium_decoration.default\">\n\t\t\t\t<div class=\"elementor-widget-container\">\n\t\t\t\t\t        <div class=\"decoration-widget\">\n            <div class=\"decoration-container\">\n                <div class=\"industrium-decoration\">\n                    <div><\/div><div><\/div><div><\/div>\n                <\/div>\n            <\/div>\n        <\/div>\n        \t\t\t\t<\/div>\n\t\t\t\t<\/div>\n\t\t\t\t\t<\/div>\n\t\t<\/div>\n\t\t\t\t\t<\/div>\n\t\t<\/section>\n\t\t\t\t<section class=\"elementor-section elementor-top-section elementor-element elementor-element-6f0df25f elementor-section-boxed elementor-section-height-default elementor-section-height-default\" data-id=\"6f0df25f\" data-element_type=\"section\" data-e-type=\"section\">\n\t\t\t\t\t\t<div class=\"elementor-container elementor-column-gap-default\">\n\t\t\t\t\t<div class=\"elementor-column elementor-col-100 elementor-top-column elementor-element elementor-element-72bacc09\" data-id=\"72bacc09\" data-element_type=\"column\" data-e-type=\"column\">\n\t\t\t<div class=\"elementor-widget-wrap elementor-element-populated\">\n\t\t\t\t\t\t<div class=\"elementor-element elementor-element-2b8ae120 elementor-widget elementor-widget-text-editor\" data-id=\"2b8ae120\" data-element_type=\"widget\" data-e-type=\"widget\" data-widget_type=\"text-editor.default\">\n\t\t\t\t<div class=\"elementor-widget-container\">\n\t\t\t\t\t\t\t\t\t<p><strong>Projekt-ID: <\/strong>\u00a0GINOP-121-16-2017-00368<\/p><p><strong>Name des Beg\u00fcnstigten:<\/strong>\u00a0Szeplast Zrt.\u00a0<br \/><strong>Der Titel des Projekts:<\/strong>\u00a0Erweiterung der Produktionskapazit\u00e4t von Szeplast Zrt<br \/><strong>Der Betrag der vertraglich vereinbarten Unterst\u00fctzung: <\/strong>\u00a0HUF 499.976.244<br \/><strong>Subventionssatz:<\/strong>\u00a045,72 %<br \/><strong>Quelle:<\/strong>\u00a0Europ\u00e4ischer Fonds f\u00fcr regionale Entwicklung<br \/><strong>Geplantes Datum f\u00fcr den Abschluss des Projekts:<\/strong>\u00a031\/05\/2019.<\/p><h3 class=\"has-text-color\">Beschreibung des Projekts<\/h3><p>Die Investition zielt auf die Entwicklung der Hauptt\u00e4tigkeit des Unternehmens, der Produktion von Kunststoffrohstoffen. Durch das Projekt mit einem Gesamtbudget von fast 1,1 Mrd. HUF wird die Produktionskapazit\u00e4t des Unternehmens verdoppelt. Die Inbetriebnahme der in der Investition enthaltenen Produktionsanlagen tr\u00e4gt dazu bei, die Marktbed\u00fcrfnisse schneller und wirtschaftlicher zu befriedigen, die Produktionskapazit\u00e4t des Unternehmens zu erh\u00f6hen, seine Wettbewerbsf\u00e4higkeit zu erhalten und zu st\u00e4rken sowie seine F\u00e4higkeit, Einkommen zu erzielen.<\/p><figure class=\"wp-block-image size-large\"><img fetchpriority=\"high\" decoding=\"async\" width=\"1024\" height=\"708\" class=\"wp-image-13625\" src=\"https:\/\/szeplast.com\/wp-content\/uploads\/2022\/12\/ESZA-1024x708.png\" alt=\"\" srcset=\"https:\/\/szeplast.com\/wp-content\/uploads\/2022\/12\/ESZA-1024x708.png 1024w, https:\/\/szeplast.com\/wp-content\/uploads\/2022\/12\/ESZA-300x207.png 300w, https:\/\/szeplast.com\/wp-content\/uploads\/2022\/12\/ESZA-768x531.png 768w, https:\/\/szeplast.com\/wp-content\/uploads\/2022\/12\/ESZA-835x578.png 835w, https:\/\/szeplast.com\/wp-content\/uploads\/2022\/12\/ESZA.png 1453w\" sizes=\"(max-width: 1024px) 100vw, 1024px\" \/><\/figure>\t\t\t\t\t\t\t\t<\/div>\n\t\t\t\t<\/div>\n\t\t\t\t\t<\/div>\n\t\t<\/div>\n\t\t\t\t\t<\/div>\n\t\t<\/section>\n\t\t\t\t<\/div>\n\t\t","protected":false},"excerpt":{"rendered":"<p>HomeAusschreibungenErweiterung der Produktionskapazit\u00e4t bei Szeplast Zrt Projekt-ID: \u00a0GINOP-121-16-2017-00368 Name des Beg\u00fcnstigten:\u00a0Szeplast Zrt.\u00a0Der Titel des Projekts:\u00a0Erweiterung der Produktionskapazit\u00e4t von Szeplast ZrtDer Betrag der vertraglich vereinbarten Unterst\u00fctzung: \u00a0HUF 499.976.244Subventionssatz:\u00a045,72 %Quelle:\u00a0Europ\u00e4ischer Fonds f\u00fcr regionale EntwicklungGeplantes Datum f\u00fcr den Abschluss des Projekts:\u00a031\/05\/2019. Beschreibung des Projekts&#8230;<\/p>\n","protected":false},"author":1,"featured_media":0,"parent":18568,"menu_order":0,"comment_status":"closed","ping_status":"closed","template":"","meta":{"om_disable_all_campaigns":false,"_monsterinsights_skip_tracking":false,"_monsterinsights_sitenote_active":false,"_monsterinsights_sitenote_note":"","_monsterinsights_sitenote_category":0,"footnotes":""},"class_list":["post-18639","page","type-page","status-publish","hentry"],"aioseo_notices":[],"_links":{"self":[{"href":"https:\/\/szeplast.com\/de\/wp-json\/wp\/v2\/pages\/18639","targetHints":{"allow":["GET"]}}],"collection":[{"href":"https:\/\/szeplast.com\/de\/wp-json\/wp\/v2\/pages"}],"about":[{"href":"https:\/\/szeplast.com\/de\/wp-json\/wp\/v2\/types\/page"}],"author":[{"embeddable":true,"href":"https:\/\/szeplast.com\/de\/wp-json\/wp\/v2\/users\/1"}],"replies":[{"embeddable":true,"href":"https:\/\/szeplast.com\/de\/wp-json\/wp\/v2\/comments?post=18639"}],"version-history":[{"count":18,"href":"https:\/\/szeplast.com\/de\/wp-json\/wp\/v2\/pages\/18639\/revisions"}],"predecessor-version":[{"id":22693,"href":"https:\/\/szeplast.com\/de\/wp-json\/wp\/v2\/pages\/18639\/revisions\/22693"}],"up":[{"embeddable":true,"href":"https:\/\/szeplast.com\/de\/wp-json\/wp\/v2\/pages\/18568"}],"wp:attachment":[{"href":"https:\/\/szeplast.com\/de\/wp-json\/wp\/v2\/media?parent=18639"}],"curies":[{"name":"wp","href":"https:\/\/api.w.org\/{rel}","templated":true}]}}