{"id":18635,"date":"2022-12-14T17:06:55","date_gmt":"2022-12-14T17:06:55","guid":{"rendered":"https:\/\/szeplast.com\/ausschreibungen\/einfuehrung-der-flexiblen-beschaeftigung-bei-szeplast-zrt\/"},"modified":"2023-03-11T16:00:31","modified_gmt":"2023-03-11T16:00:31","slug":"einfuehrung-der-flexiblen-beschaeftigung-bei-szeplast-zrt","status":"publish","type":"page","link":"https:\/\/szeplast.com\/de\/ausschreibungen\/einfuehrung-der-flexiblen-beschaeftigung-bei-szeplast-zrt\/","title":{"rendered":"Einf\u00fchrung der flexiblen Besch\u00e4ftigung bei Szeplast Zrt"},"content":{"rendered":"\t\t<div data-elementor-type=\"wp-page\" data-elementor-id=\"18635\" class=\"elementor elementor-18635 elementor-15061\">\n\t\t\t\t\t\t<section class=\"elementor-section elementor-top-section elementor-element elementor-element-bc16cbd elementor-section-height-min-height elementor-section-items-stretch elementor-section-stretched page-title elementor-section-boxed elementor-section-height-default\" data-id=\"bc16cbd\" data-element_type=\"section\" data-e-type=\"section\" data-settings=\"{&quot;background_background&quot;:&quot;classic&quot;,&quot;stretch_section&quot;:&quot;section-stretched&quot;}\">\n\t\t\t\t\t\t<div class=\"elementor-container elementor-column-gap-default\">\n\t\t\t\t\t<div class=\"elementor-column elementor-col-100 elementor-top-column elementor-element elementor-element-fa15af3\" data-id=\"fa15af3\" data-element_type=\"column\" data-e-type=\"column\">\n\t\t\t<div class=\"elementor-widget-wrap elementor-element-populated\">\n\t\t\t\t\t\t<div class=\"elementor-element elementor-element-4899318 elementor-widget elementor-widget-image\" data-id=\"4899318\" data-element_type=\"widget\" data-e-type=\"widget\" data-settings=\"{&quot;_animation&quot;:&quot;none&quot;}\" data-widget_type=\"image.default\">\n\t\t\t\t<div class=\"elementor-widget-container\">\n\t\t\t\t\t\t\t\t\t\t\t\t\t\t\t<img decoding=\"async\" width=\"180\" height=\"180\" data-src=\"https:\/\/szeplast.com\/wp-content\/uploads\/2022\/11\/Logomark_Szeplast.png\" class=\"attachment-large size-large wp-image-16682 lazyload\" alt=\"\" data-srcset=\"https:\/\/szeplast.com\/wp-content\/uploads\/2022\/11\/Logomark_Szeplast.png 180w, https:\/\/szeplast.com\/wp-content\/uploads\/2022\/11\/Logomark_Szeplast-150x150.png 150w\" data-sizes=\"(max-width: 180px) 100vw, 180px\" src=\"data:image\/svg+xml;base64,PHN2ZyB3aWR0aD0iMSIgaGVpZ2h0PSIxIiB4bWxucz0iaHR0cDovL3d3dy53My5vcmcvMjAwMC9zdmciPjwvc3ZnPg==\" style=\"--smush-placeholder-width: 180px; --smush-placeholder-aspect-ratio: 180\/180;\" \/>\t\t\t\t\t\t\t\t\t\t\t\t\t\t\t<\/div>\n\t\t\t\t<\/div>\n\t\t\t\t<div class=\"elementor-element elementor-element-83a39c4 elementor-widget elementor-widget-industrium_heading\" data-id=\"83a39c4\" data-element_type=\"widget\" data-e-type=\"widget\" data-widget_type=\"industrium_heading.default\">\n\t\t\t\t<div class=\"elementor-widget-container\">\n\t\t\t\t\t<div class=\"industrium-heading-widget\"><h1 class=\"industrium-heading\"><span class=\"industrium-heading-content\">Ausschreibungen<\/span><\/h1><\/div>\t\t\t\t<\/div>\n\t\t\t\t<\/div>\n\t\t\t\t<div class=\"elementor-element elementor-element-809e188 elementor-widget elementor-widget-html\" data-id=\"809e188\" data-element_type=\"widget\" data-e-type=\"widget\" data-widget_type=\"html.default\">\n\t\t\t\t<div class=\"elementor-widget-container\">\n\t\t\t\t\t<nav class=\"breadcrumbs\"><a href=\"https:\/\/szeplast.com\/de\">Home<\/a><span class=\"delimiter\"><\/span><a href=\"https:\/\/szeplast.com\/de\/ausschreibungen\/\">Ausschreibungen<\/a><span class=\"delimiter\"><\/span><span class=\"current\" style=\"color:#fff\">Einf\u00fchrung der flexiblen Besch\u00e4ftigung bei Szeplast Zrt<\/span><\/nav>\r\n\t\t\t\t<\/div>\n\t\t\t\t<\/div>\n\t\t\t\t<div class=\"elementor-element elementor-element-d99d276 elementor-absolute elementor-hidden-tablet elementor-hidden-mobile_extra elementor-hidden-mobile elementor-widget__width-auto animated-fast decoration-type-1 elementor-invisible elementor-widget elementor-widget-industrium_decoration\" data-id=\"d99d276\" data-element_type=\"widget\" data-e-type=\"widget\" data-settings=\"{&quot;_position&quot;:&quot;absolute&quot;,&quot;_animation&quot;:&quot;industrium_decoration&quot;,&quot;_animation_tablet_extra&quot;:&quot;none&quot;,&quot;_animation_delay&quot;:300}\" data-widget_type=\"industrium_decoration.default\">\n\t\t\t\t<div class=\"elementor-widget-container\">\n\t\t\t\t\t        <div class=\"decoration-widget\">\n            <div class=\"decoration-container\">\n                <div class=\"industrium-decoration\">\n                    <div><\/div><div><\/div><div><\/div>\n                <\/div>\n            <\/div>\n        <\/div>\n        \t\t\t\t<\/div>\n\t\t\t\t<\/div>\n\t\t\t\t\t<\/div>\n\t\t<\/div>\n\t\t\t\t\t<\/div>\n\t\t<\/section>\n\t\t\t\t<section class=\"elementor-section elementor-top-section elementor-element elementor-element-513304c5 elementor-section-boxed elementor-section-height-default elementor-section-height-default\" data-id=\"513304c5\" data-element_type=\"section\" data-e-type=\"section\">\n\t\t\t\t\t\t<div class=\"elementor-container elementor-column-gap-default\">\n\t\t\t\t\t<div class=\"elementor-column elementor-col-100 elementor-top-column elementor-element elementor-element-6063932a\" data-id=\"6063932a\" data-element_type=\"column\" data-e-type=\"column\">\n\t\t\t<div class=\"elementor-widget-wrap elementor-element-populated\">\n\t\t\t\t\t\t<div class=\"elementor-element elementor-element-1fd3792b elementor-widget elementor-widget-text-editor\" data-id=\"1fd3792b\" data-element_type=\"widget\" data-e-type=\"widget\" data-widget_type=\"text-editor.default\">\n\t\t\t\t<div class=\"elementor-widget-container\">\n\t\t\t\t\t\t\t\t\t<p><strong>Projekt-Identifikationsnummer: <\/strong>&nbsp;GINOP\u20135.3.2.\u201316\u20132017\u201300655<\/p>\n<p><strong>Name des Beg\u00fcnstigten: <\/strong>&nbsp;Szeplast Zrt.<br>\n<strong>Der Titel des Projekts:<\/strong>&nbsp; Einf\u00fchrung der flexiblen Besch\u00e4ftigung bei Szeplast Zrt <br>\n<strong>Die H\u00f6he der vertraglich vereinbarten Unterst\u00fctzung: <\/strong>&nbsp; 12.640.770 HUF <br>\n<strong>Subventionssatz: <\/strong>&nbsp;100 %&nbsp;<br>\n<strong>Quelle:<\/strong>&nbsp;Europ\u00e4ischer Sozialfonds<br>\n<strong>Tats\u00e4chliches Datum des Projektabschlusses:<\/strong> 15.10.2018.<\/p>\n<h3 class=\"has-text-color\" style=\"color: #1f2428;\">Beschreibung des Projekts<\/h3>\n<p>F\u00fcr die derzeitigen Mitarbeiter wurden flexible Besch\u00e4ftigungsformen eingef\u00fchrt, die es ihnen erm\u00f6glichen, mit flexibleren, optimalen Zeitpl\u00e4nen zu arbeiten und so ihre Aufgaben, die sich aus ihrer Lebenssituation ergeben, zu bew\u00e4ltigen. Die wichtigsten Elemente der im Rahmen des Projekts realisierten Entwicklung sind: Neuorganisation der Arbeitspl\u00e4tze, Management- und Mitarbeiterschulung, Training, Coaching, Besch\u00e4ftigung eines Arbeitsplatzmentors, Erwerb von Sachwerten.<\/p>\n<figure class=\"wp-block-image size-large\"><img fetchpriority=\"high\" decoding=\"async\" width=\"1024\" height=\"708\" class=\"wp-image-13625\" src=\"https:\/\/szeplast.com\/wp-content\/uploads\/2022\/12\/ESZA-1024x708.png\" alt=\"\" srcset=\"https:\/\/szeplast.com\/wp-content\/uploads\/2022\/12\/ESZA-1024x708.png 1024w, https:\/\/szeplast.com\/wp-content\/uploads\/2022\/12\/ESZA-300x207.png 300w, https:\/\/szeplast.com\/wp-content\/uploads\/2022\/12\/ESZA-768x531.png 768w, https:\/\/szeplast.com\/wp-content\/uploads\/2022\/12\/ESZA-835x578.png 835w, https:\/\/szeplast.com\/wp-content\/uploads\/2022\/12\/ESZA.png 1453w\" sizes=\"(max-width: 1024px) 100vw, 1024px\" \/><\/figure>\t\t\t\t\t\t\t\t<\/div>\n\t\t\t\t<\/div>\n\t\t\t\t\t<\/div>\n\t\t<\/div>\n\t\t\t\t\t<\/div>\n\t\t<\/section>\n\t\t\t\t<\/div>\n\t\t","protected":false},"excerpt":{"rendered":"<p>HomeAusschreibungenEinf\u00fchrung der flexiblen Besch\u00e4ftigung bei Szeplast Zrt Projekt-Identifikationsnummer: &nbsp;GINOP\u20135.3.2.\u201316\u20132017\u201300655 Name des Beg\u00fcnstigten: &nbsp;Szeplast Zrt. Der Titel des Projekts:&nbsp; Einf\u00fchrung der flexiblen Besch\u00e4ftigung bei Szeplast Zrt Die H\u00f6he der vertraglich vereinbarten Unterst\u00fctzung: &nbsp; 12.640.770 HUF Subventionssatz: &nbsp;100 %&nbsp; Quelle:&nbsp;Europ\u00e4ischer Sozialfonds Tats\u00e4chliches Datum&#8230;<\/p>\n","protected":false},"author":1,"featured_media":0,"parent":18568,"menu_order":0,"comment_status":"closed","ping_status":"closed","template":"","meta":{"om_disable_all_campaigns":false,"_monsterinsights_skip_tracking":false,"_monsterinsights_sitenote_active":false,"_monsterinsights_sitenote_note":"","_monsterinsights_sitenote_category":0,"footnotes":""},"class_list":["post-18635","page","type-page","status-publish","hentry"],"aioseo_notices":[],"_links":{"self":[{"href":"https:\/\/szeplast.com\/de\/wp-json\/wp\/v2\/pages\/18635","targetHints":{"allow":["GET"]}}],"collection":[{"href":"https:\/\/szeplast.com\/de\/wp-json\/wp\/v2\/pages"}],"about":[{"href":"https:\/\/szeplast.com\/de\/wp-json\/wp\/v2\/types\/page"}],"author":[{"embeddable":true,"href":"https:\/\/szeplast.com\/de\/wp-json\/wp\/v2\/users\/1"}],"replies":[{"embeddable":true,"href":"https:\/\/szeplast.com\/de\/wp-json\/wp\/v2\/comments?post=18635"}],"version-history":[{"count":10,"href":"https:\/\/szeplast.com\/de\/wp-json\/wp\/v2\/pages\/18635\/revisions"}],"predecessor-version":[{"id":18661,"href":"https:\/\/szeplast.com\/de\/wp-json\/wp\/v2\/pages\/18635\/revisions\/18661"}],"up":[{"embeddable":true,"href":"https:\/\/szeplast.com\/de\/wp-json\/wp\/v2\/pages\/18568"}],"wp:attachment":[{"href":"https:\/\/szeplast.com\/de\/wp-json\/wp\/v2\/media?parent=18635"}],"curies":[{"name":"wp","href":"https:\/\/api.w.org\/{rel}","templated":true}]}}