{"id":18624,"date":"2022-12-14T17:22:20","date_gmt":"2022-12-14T17:22:20","guid":{"rendered":"https:\/\/szeplast.com\/ausschreibungen\/technologische-modernisierung-von-kleinst-klein-und-mittleren-unternehmen\/"},"modified":"2023-03-11T15:21:07","modified_gmt":"2023-03-11T15:21:07","slug":"technologische-modernisierung-von-kleinst-klein-und-mittleren-unternehmen","status":"publish","type":"page","link":"https:\/\/szeplast.com\/de\/ausschreibungen\/technologische-modernisierung-von-kleinst-klein-und-mittleren-unternehmen\/","title":{"rendered":"Technologische Modernisierung von Kleinst-, Klein- und mittleren Unternehmen"},"content":{"rendered":"\t\t<div data-elementor-type=\"wp-page\" data-elementor-id=\"18624\" class=\"elementor elementor-18624 elementor-15088\">\n\t\t\t\t\t\t<section class=\"elementor-section elementor-top-section elementor-element elementor-element-040fc42 elementor-section-height-min-height elementor-section-items-stretch elementor-section-stretched page-title elementor-section-boxed elementor-section-height-default\" data-id=\"040fc42\" data-element_type=\"section\" data-e-type=\"section\" data-settings=\"{&quot;background_background&quot;:&quot;classic&quot;,&quot;stretch_section&quot;:&quot;section-stretched&quot;}\">\n\t\t\t\t\t\t<div class=\"elementor-container elementor-column-gap-default\">\n\t\t\t\t\t<div class=\"elementor-column elementor-col-100 elementor-top-column elementor-element elementor-element-2d6a052\" data-id=\"2d6a052\" data-element_type=\"column\" data-e-type=\"column\">\n\t\t\t<div class=\"elementor-widget-wrap elementor-element-populated\">\n\t\t\t\t\t\t<div class=\"elementor-element elementor-element-a0e7750 elementor-widget elementor-widget-image\" data-id=\"a0e7750\" data-element_type=\"widget\" data-e-type=\"widget\" data-settings=\"{&quot;_animation&quot;:&quot;none&quot;}\" data-widget_type=\"image.default\">\n\t\t\t\t<div class=\"elementor-widget-container\">\n\t\t\t\t\t\t\t\t\t\t\t\t\t\t\t<img decoding=\"async\" width=\"180\" height=\"180\" data-src=\"https:\/\/szeplast.com\/wp-content\/uploads\/2022\/11\/Logomark_Szeplast.png\" class=\"attachment-large size-large wp-image-11532 lazyload\" alt=\"Szeplast logomark\" data-srcset=\"https:\/\/szeplast.com\/wp-content\/uploads\/2022\/11\/Logomark_Szeplast.png 180w, https:\/\/szeplast.com\/wp-content\/uploads\/2022\/11\/Logomark_Szeplast-150x150.png 150w\" data-sizes=\"(max-width: 180px) 100vw, 180px\" src=\"data:image\/svg+xml;base64,PHN2ZyB3aWR0aD0iMSIgaGVpZ2h0PSIxIiB4bWxucz0iaHR0cDovL3d3dy53My5vcmcvMjAwMC9zdmciPjwvc3ZnPg==\" style=\"--smush-placeholder-width: 180px; --smush-placeholder-aspect-ratio: 180\/180;\" \/>\t\t\t\t\t\t\t\t\t\t\t\t\t\t\t<\/div>\n\t\t\t\t<\/div>\n\t\t\t\t<div class=\"elementor-element elementor-element-74702a8 elementor-widget elementor-widget-industrium_heading\" data-id=\"74702a8\" data-element_type=\"widget\" data-e-type=\"widget\" data-widget_type=\"industrium_heading.default\">\n\t\t\t\t<div class=\"elementor-widget-container\">\n\t\t\t\t\t<div class=\"industrium-heading-widget\"><h1 class=\"industrium-heading\"><span class=\"industrium-heading-content\">Ausschreibungen<\/span><\/h1><\/div>\t\t\t\t<\/div>\n\t\t\t\t<\/div>\n\t\t\t\t<div class=\"elementor-element elementor-element-4637b17 elementor-widget elementor-widget-html\" data-id=\"4637b17\" data-element_type=\"widget\" data-e-type=\"widget\" data-widget_type=\"html.default\">\n\t\t\t\t<div class=\"elementor-widget-container\">\n\t\t\t\t\t<nav class=\"breadcrumbs\"><a href=\"https:\/\/szeplast.com\/de\/\">Home<\/a><span class=\"delimiter\"><\/span><a href=\"https:\/\/szeplast.com\/de\/ausschreibungen\/\">Ausschreibungen<\/a><span class=\"delimiter\"><\/span><span class=\"current\" style=\"color:#fff\">Technologische Modernisierung von Kleinst-, Klein- und mittleren Unternehmen<\/span><\/nav>\r\n\t\t\t\t<\/div>\n\t\t\t\t<\/div>\n\t\t\t\t<div class=\"elementor-element elementor-element-d55708d elementor-absolute elementor-hidden-tablet elementor-hidden-mobile_extra elementor-hidden-mobile elementor-widget__width-auto animated-fast decoration-type-1 elementor-invisible elementor-widget elementor-widget-industrium_decoration\" data-id=\"d55708d\" data-element_type=\"widget\" data-e-type=\"widget\" data-settings=\"{&quot;_position&quot;:&quot;absolute&quot;,&quot;_animation&quot;:&quot;industrium_decoration&quot;,&quot;_animation_tablet_extra&quot;:&quot;none&quot;,&quot;_animation_delay&quot;:300}\" data-widget_type=\"industrium_decoration.default\">\n\t\t\t\t<div class=\"elementor-widget-container\">\n\t\t\t\t\t        <div class=\"decoration-widget\">\n            <div class=\"decoration-container\">\n                <div class=\"industrium-decoration\">\n                    <div><\/div><div><\/div><div><\/div>\n                <\/div>\n            <\/div>\n        <\/div>\n        \t\t\t\t<\/div>\n\t\t\t\t<\/div>\n\t\t\t\t\t<\/div>\n\t\t<\/div>\n\t\t\t\t\t<\/div>\n\t\t<\/section>\n\t\t\t\t<section class=\"elementor-section elementor-top-section elementor-element elementor-element-293d5b2f elementor-section-boxed elementor-section-height-default elementor-section-height-default\" data-id=\"293d5b2f\" data-element_type=\"section\" data-e-type=\"section\">\n\t\t\t\t\t\t<div class=\"elementor-container elementor-column-gap-default\">\n\t\t\t\t\t<div class=\"elementor-column elementor-col-100 elementor-top-column elementor-element elementor-element-6f0d4d1e\" data-id=\"6f0d4d1e\" data-element_type=\"column\" data-e-type=\"column\">\n\t\t\t<div class=\"elementor-widget-wrap elementor-element-populated\">\n\t\t\t\t\t\t<div class=\"elementor-element elementor-element-5491558a elementor-widget elementor-widget-text-editor\" data-id=\"5491558a\" data-element_type=\"widget\" data-e-type=\"widget\" data-widget_type=\"text-editor.default\">\n\t\t\t\t<div class=\"elementor-widget-container\">\n\t\t\t\t\t\t\t\t\t<p><strong>Projektnummer:<\/strong>\u00a0GINOP-8.3.5-18<\/p><p><strong>Name des Beg\u00fcnstigten:<\/strong>\u00a0Szeplast Zrt.<br \/><strong>Titel des Projekts:<\/strong>\u00a0TECHNOLOGISCHE MODERNISIERUNG VON KLEINST-, KLEIN- UND MITTLEREN UNTERNEHMEN<br \/><strong>Die H\u00f6he der vertraglich vereinbarten Unterst\u00fctzung<\/strong> 80.000.000 HUF<br \/><strong>H\u00f6he der Unterst\u00fctzung: <\/strong>\u00a0100 %<br \/><strong>Quelle:<\/strong>\u00a0Europ\u00e4ischer Sozialfonds<br \/><strong>Geplanter Termin f\u00fcr den Abschluss des Projekts: <\/strong>\u00a008.11.2020.\u00a0<\/p><h3 class=\"has-text-color\" style=\"color: #1f2428;\">Beschreibung des Projekts<\/h3><p>Die Investition zielt auf die Entwicklung der Hauptt\u00e4tigkeit des Unternehmens, der Produktion von Kunststoffrohstoffen. Die im Rahmen des Projekts mit einem Gesamtbudget von fast 1,1 Mrd. HUF angeschafften Anlagen stellen die modernste Technologie auf dem neuesten Stand der Technik dar, mit deren Hilfe die Hauptt\u00e4tigkeiten des Unternehmens auf einem h\u00f6heren Niveau und mit einem moderneren Verfahren, mit einem Qualit\u00e4ts- und Technologiesprung durchgef\u00fchrt werden k\u00f6nnen. Die Umsetzung der Entwicklung tr\u00e4gt zur schnelleren und wirtschaftlicheren Befriedigung der Marktbed\u00fcrfnisse, zur Erh\u00f6hung der Produktionskapazit\u00e4t des Unternehmens, zur Erhaltung und St\u00e4rkung seiner Wettbewerbsf\u00e4higkeit und seiner F\u00e4higkeit, Einkommen zu erzielen, bei.<\/p><figure class=\"wp-block-image size-large\"><img fetchpriority=\"high\" decoding=\"async\" width=\"1024\" height=\"708\" class=\"wp-image-13625\" src=\"https:\/\/szeplast.com\/wp-content\/uploads\/2022\/12\/ESZA-1024x708.png\" alt=\"\" srcset=\"https:\/\/szeplast.com\/wp-content\/uploads\/2022\/12\/ESZA-1024x708.png 1024w, https:\/\/szeplast.com\/wp-content\/uploads\/2022\/12\/ESZA-300x207.png 300w, https:\/\/szeplast.com\/wp-content\/uploads\/2022\/12\/ESZA-768x531.png 768w, https:\/\/szeplast.com\/wp-content\/uploads\/2022\/12\/ESZA-835x578.png 835w, https:\/\/szeplast.com\/wp-content\/uploads\/2022\/12\/ESZA.png 1453w\" sizes=\"(max-width: 1024px) 100vw, 1024px\" \/><\/figure>\t\t\t\t\t\t\t\t<\/div>\n\t\t\t\t<\/div>\n\t\t\t\t\t<\/div>\n\t\t<\/div>\n\t\t\t\t\t<\/div>\n\t\t<\/section>\n\t\t\t\t<\/div>\n\t\t","protected":false},"excerpt":{"rendered":"<p>HomeAusschreibungenTechnologische Modernisierung von Kleinst-, Klein- und mittleren Unternehmen Projektnummer:\u00a0GINOP-8.3.5-18 Name des Beg\u00fcnstigten:\u00a0Szeplast Zrt.Titel des Projekts:\u00a0TECHNOLOGISCHE MODERNISIERUNG VON KLEINST-, KLEIN- UND MITTLEREN UNTERNEHMENDie H\u00f6he der vertraglich vereinbarten Unterst\u00fctzung 80.000.000 HUFH\u00f6he der Unterst\u00fctzung: \u00a0100 %Quelle:\u00a0Europ\u00e4ischer SozialfondsGeplanter Termin f\u00fcr den Abschluss des Projekts: \u00a008.11.2020.\u00a0&#8230;<\/p>\n","protected":false},"author":1,"featured_media":0,"parent":18568,"menu_order":0,"comment_status":"closed","ping_status":"closed","template":"","meta":{"om_disable_all_campaigns":false,"_monsterinsights_skip_tracking":false,"_monsterinsights_sitenote_active":false,"_monsterinsights_sitenote_note":"","_monsterinsights_sitenote_category":0,"footnotes":""},"class_list":["post-18624","page","type-page","status-publish","hentry"],"aioseo_notices":[],"_links":{"self":[{"href":"https:\/\/szeplast.com\/de\/wp-json\/wp\/v2\/pages\/18624","targetHints":{"allow":["GET"]}}],"collection":[{"href":"https:\/\/szeplast.com\/de\/wp-json\/wp\/v2\/pages"}],"about":[{"href":"https:\/\/szeplast.com\/de\/wp-json\/wp\/v2\/types\/page"}],"author":[{"embeddable":true,"href":"https:\/\/szeplast.com\/de\/wp-json\/wp\/v2\/users\/1"}],"replies":[{"embeddable":true,"href":"https:\/\/szeplast.com\/de\/wp-json\/wp\/v2\/comments?post=18624"}],"version-history":[{"count":10,"href":"https:\/\/szeplast.com\/de\/wp-json\/wp\/v2\/pages\/18624\/revisions"}],"predecessor-version":[{"id":18634,"href":"https:\/\/szeplast.com\/de\/wp-json\/wp\/v2\/pages\/18624\/revisions\/18634"}],"up":[{"embeddable":true,"href":"https:\/\/szeplast.com\/de\/wp-json\/wp\/v2\/pages\/18568"}],"wp:attachment":[{"href":"https:\/\/szeplast.com\/de\/wp-json\/wp\/v2\/media?parent=18624"}],"curies":[{"name":"wp","href":"https:\/\/api.w.org\/{rel}","templated":true}]}}