{"id":18608,"date":"2022-12-14T17:25:47","date_gmt":"2022-12-14T17:25:47","guid":{"rendered":"https:\/\/szeplast.com\/ausschreibungen\/verbesserung-der-technologischen-bereitschaft-und-der-ressourceneffizienz-der-logistikprozesse-bei-szeplast-zrt\/"},"modified":"2023-10-04T13:13:20","modified_gmt":"2023-10-04T13:13:20","slug":"verbesserung-der-technologischen-bereitschaft-und-der-ressourceneffizienz-der-logistikprozesse-bei-szeplast-zrt","status":"publish","type":"page","link":"https:\/\/szeplast.com\/de\/ausschreibungen\/verbesserung-der-technologischen-bereitschaft-und-der-ressourceneffizienz-der-logistikprozesse-bei-szeplast-zrt\/","title":{"rendered":"Verbesserung der technologischen Bereitschaft und der Ressourceneffizienz der Logistikprozesse bei Szeplast Zrt"},"content":{"rendered":"\t\t<div data-elementor-type=\"wp-page\" data-elementor-id=\"18608\" class=\"elementor elementor-18608 elementor-15096\">\n\t\t\t\t\t\t<section class=\"elementor-section elementor-top-section elementor-element elementor-element-ec3e0fa elementor-section-height-min-height elementor-section-items-stretch elementor-section-stretched page-title elementor-section-boxed elementor-section-height-default\" data-id=\"ec3e0fa\" data-element_type=\"section\" data-e-type=\"section\" data-settings=\"{&quot;background_background&quot;:&quot;classic&quot;,&quot;stretch_section&quot;:&quot;section-stretched&quot;}\">\n\t\t\t\t\t\t<div class=\"elementor-container elementor-column-gap-default\">\n\t\t\t\t\t<div class=\"elementor-column elementor-col-100 elementor-top-column elementor-element elementor-element-14b218b\" data-id=\"14b218b\" data-element_type=\"column\" data-e-type=\"column\">\n\t\t\t<div class=\"elementor-widget-wrap elementor-element-populated\">\n\t\t\t\t\t\t<div class=\"elementor-element elementor-element-84d959d elementor-widget elementor-widget-image\" data-id=\"84d959d\" data-element_type=\"widget\" data-e-type=\"widget\" data-settings=\"{&quot;_animation&quot;:&quot;none&quot;}\" data-widget_type=\"image.default\">\n\t\t\t\t<div class=\"elementor-widget-container\">\n\t\t\t\t\t\t\t\t\t\t\t\t\t\t\t<img decoding=\"async\" width=\"180\" height=\"180\" data-src=\"https:\/\/szeplast.com\/wp-content\/uploads\/2022\/11\/Logomark_Szeplast.png\" class=\"attachment-large size-large wp-image-11532 lazyload\" alt=\"Szeplast logomark\" data-srcset=\"https:\/\/szeplast.com\/wp-content\/uploads\/2022\/11\/Logomark_Szeplast.png 180w, https:\/\/szeplast.com\/wp-content\/uploads\/2022\/11\/Logomark_Szeplast-150x150.png 150w\" data-sizes=\"(max-width: 180px) 100vw, 180px\" src=\"data:image\/svg+xml;base64,PHN2ZyB3aWR0aD0iMSIgaGVpZ2h0PSIxIiB4bWxucz0iaHR0cDovL3d3dy53My5vcmcvMjAwMC9zdmciPjwvc3ZnPg==\" style=\"--smush-placeholder-width: 180px; --smush-placeholder-aspect-ratio: 180\/180;\" \/>\t\t\t\t\t\t\t\t\t\t\t\t\t\t\t<\/div>\n\t\t\t\t<\/div>\n\t\t\t\t<div class=\"elementor-element elementor-element-95d964d elementor-widget elementor-widget-industrium_heading\" data-id=\"95d964d\" data-element_type=\"widget\" data-e-type=\"widget\" data-widget_type=\"industrium_heading.default\">\n\t\t\t\t<div class=\"elementor-widget-container\">\n\t\t\t\t\t<div class=\"industrium-heading-widget\"><h1 class=\"industrium-heading\"><span class=\"industrium-heading-content\">Ausschreibungen<\/span><\/h1><\/div>\t\t\t\t<\/div>\n\t\t\t\t<\/div>\n\t\t\t\t<div class=\"elementor-element elementor-element-c4e6f20 elementor-widget elementor-widget-html\" data-id=\"c4e6f20\" data-element_type=\"widget\" data-e-type=\"widget\" data-widget_type=\"html.default\">\n\t\t\t\t<div class=\"elementor-widget-container\">\n\t\t\t\t\t<nav class=\"breadcrumbs\"><a href=\"https:\/\/szeplast.com\/de\/\">Home<\/a><span class=\"delimiter\"><\/span><a href=\"https:\/\/szeplast.com\/de\/ausschreibungen\/\">Ausschreibungen<\/a><span class=\"delimiter\"><\/span><span class=\"current\" style=\"color:#fff\">Verbesserung der technologischen Bereitschaft und der Ressourceneffizienz der Logistikprozesse bei Szeplast Zrt<\/span><\/nav>\r\n\t\t\t\t<\/div>\n\t\t\t\t<\/div>\n\t\t\t\t<div class=\"elementor-element elementor-element-e924de8 elementor-absolute elementor-hidden-tablet elementor-hidden-mobile_extra elementor-hidden-mobile elementor-widget__width-auto animated-fast decoration-type-1 elementor-invisible elementor-widget elementor-widget-industrium_decoration\" data-id=\"e924de8\" data-element_type=\"widget\" data-e-type=\"widget\" data-settings=\"{&quot;_position&quot;:&quot;absolute&quot;,&quot;_animation&quot;:&quot;industrium_decoration&quot;,&quot;_animation_tablet_extra&quot;:&quot;none&quot;,&quot;_animation_delay&quot;:300}\" data-widget_type=\"industrium_decoration.default\">\n\t\t\t\t<div class=\"elementor-widget-container\">\n\t\t\t\t\t        <div class=\"decoration-widget\">\n            <div class=\"decoration-container\">\n                <div class=\"industrium-decoration\">\n                    <div><\/div><div><\/div><div><\/div>\n                <\/div>\n            <\/div>\n        <\/div>\n        \t\t\t\t<\/div>\n\t\t\t\t<\/div>\n\t\t\t\t\t<\/div>\n\t\t<\/div>\n\t\t\t\t\t<\/div>\n\t\t<\/section>\n\t\t\t\t<section class=\"elementor-section elementor-top-section elementor-element elementor-element-6c67c43 elementor-section-boxed elementor-section-height-default elementor-section-height-default\" data-id=\"6c67c43\" data-element_type=\"section\" data-e-type=\"section\">\n\t\t\t\t\t\t<div class=\"elementor-container elementor-column-gap-default\">\n\t\t\t\t\t<div class=\"elementor-column elementor-col-100 elementor-top-column elementor-element elementor-element-77d38eea\" data-id=\"77d38eea\" data-element_type=\"column\" data-e-type=\"column\">\n\t\t\t<div class=\"elementor-widget-wrap elementor-element-populated\">\n\t\t\t\t\t\t<div class=\"elementor-element elementor-element-1bcec568 elementor-widget elementor-widget-text-editor\" data-id=\"1bcec568\" data-element_type=\"widget\" data-e-type=\"widget\" data-widget_type=\"text-editor.default\">\n\t\t\t\t<div class=\"elementor-widget-container\">\n\t\t\t\t\t\t\t\t\t<p><strong>Projekt-ID: <\/strong>&nbsp;GINOP\u20131.2.10\u201319\u20132020\u201300190<\/p>\n<p><strong>Name des Beg\u00fcnstigten: <\/strong>&nbsp;Szeplast Zrt.&nbsp;<br>\n<strong>Titel des Projekts: <\/strong>&nbsp;Verbesserung der technologischen Bereitschaft und der Ressourceneffizienz der Logistikprozesse bei Szeplast Zrt.<br>\n<strong>H\u00f6he des nicht r\u00fcckzahlbaren Zuschusses:<\/strong>&nbsp;21.872.853 HUF<br>\n<strong>Grant rate:<\/strong>&nbsp;70%<br>\n<strong>Quelle: <\/strong>&nbsp;Europ\u00e4ischer Sozialfonds<br>\n<strong>Tats\u00e4chliches Datum des Projektabschlusses:nyleges befejez\u00e9si d\u00e1tuma:<\/strong>&nbsp;02.09.2021<\/p>\n<p class=\"has-text-color\" style=\"color: #1f2428; font-style: normal; font-weight: 600;\">Beschreibung des Projekts<\/p>\n<p>Im Rahmen des Projekts wurden 3 Gabelstapler angeschafft, die in den Lager- und Produktionsprozessen in Betrieb genommen wurden. Durch die Inbetriebnahme der Gabelstapler wurde die Effizienz der T\u00e4tigkeit durch die Erweiterung der Logistik- und Produktionskapazit\u00e4ten verbessert, die Kosten f\u00fcr die Materialhandhabung und die f\u00fcr die Prozesse ben\u00f6tigte Zeit wurden reduziert, um die Bed\u00fcrfnisse der Kunden reibungslos zu erf\u00fcllen.<\/p>\n<figure class=\"wp-block-image size-large\"><img fetchpriority=\"high\" decoding=\"async\" width=\"1024\" height=\"708\" class=\"wp-image-13625\" src=\"https:\/\/szeplast.com\/wp-content\/uploads\/2022\/12\/ESZA-1024x708.png\" alt=\"\" srcset=\"https:\/\/szeplast.com\/wp-content\/uploads\/2022\/12\/ESZA-1024x708.png 1024w, https:\/\/szeplast.com\/wp-content\/uploads\/2022\/12\/ESZA-300x207.png 300w, https:\/\/szeplast.com\/wp-content\/uploads\/2022\/12\/ESZA-768x531.png 768w, https:\/\/szeplast.com\/wp-content\/uploads\/2022\/12\/ESZA-835x578.png 835w, https:\/\/szeplast.com\/wp-content\/uploads\/2022\/12\/ESZA.png 1453w\" sizes=\"(max-width: 1024px) 100vw, 1024px\" \/><\/figure>\t\t\t\t\t\t\t\t<\/div>\n\t\t\t\t<\/div>\n\t\t\t\t\t<\/div>\n\t\t<\/div>\n\t\t\t\t\t<\/div>\n\t\t<\/section>\n\t\t\t\t<\/div>\n\t\t","protected":false},"excerpt":{"rendered":"<p>HomeAusschreibungenVerbesserung der technologischen Bereitschaft und der Ressourceneffizienz der Logistikprozesse bei Szeplast Zrt Projekt-ID: &nbsp;GINOP\u20131.2.10\u201319\u20132020\u201300190 Name des Beg\u00fcnstigten: &nbsp;Szeplast Zrt.&nbsp; Titel des Projekts: &nbsp;Verbesserung der technologischen Bereitschaft und der Ressourceneffizienz der Logistikprozesse bei Szeplast Zrt. H\u00f6he des nicht r\u00fcckzahlbaren Zuschusses:&nbsp;21.872.853 HUF Grant&#8230;<\/p>\n","protected":false},"author":1,"featured_media":0,"parent":18568,"menu_order":0,"comment_status":"closed","ping_status":"closed","template":"","meta":{"om_disable_all_campaigns":false,"_monsterinsights_skip_tracking":false,"_monsterinsights_sitenote_active":false,"_monsterinsights_sitenote_note":"","_monsterinsights_sitenote_category":0,"footnotes":""},"class_list":["post-18608","page","type-page","status-publish","hentry"],"aioseo_notices":[],"_links":{"self":[{"href":"https:\/\/szeplast.com\/de\/wp-json\/wp\/v2\/pages\/18608","targetHints":{"allow":["GET"]}}],"collection":[{"href":"https:\/\/szeplast.com\/de\/wp-json\/wp\/v2\/pages"}],"about":[{"href":"https:\/\/szeplast.com\/de\/wp-json\/wp\/v2\/types\/page"}],"author":[{"embeddable":true,"href":"https:\/\/szeplast.com\/de\/wp-json\/wp\/v2\/users\/1"}],"replies":[{"embeddable":true,"href":"https:\/\/szeplast.com\/de\/wp-json\/wp\/v2\/comments?post=18608"}],"version-history":[{"count":17,"href":"https:\/\/szeplast.com\/de\/wp-json\/wp\/v2\/pages\/18608\/revisions"}],"predecessor-version":[{"id":22696,"href":"https:\/\/szeplast.com\/de\/wp-json\/wp\/v2\/pages\/18608\/revisions\/22696"}],"up":[{"embeddable":true,"href":"https:\/\/szeplast.com\/de\/wp-json\/wp\/v2\/pages\/18568"}],"wp:attachment":[{"href":"https:\/\/szeplast.com\/de\/wp-json\/wp\/v2\/media?parent=18608"}],"curies":[{"name":"wp","href":"https:\/\/api.w.org\/{rel}","templated":true}]}}