{"id":18561,"date":"2022-12-12T13:38:02","date_gmt":"2022-12-12T13:38:02","guid":{"rendered":"https:\/\/szeplast.com\/qualifizierung\/"},"modified":"2026-03-26T08:44:49","modified_gmt":"2026-03-26T08:44:49","slug":"qualifizierung","status":"publish","type":"page","link":"https:\/\/szeplast.com\/de\/qualifizierung\/","title":{"rendered":"Qualifizierung"},"content":{"rendered":"\t\t<div data-elementor-type=\"wp-page\" data-elementor-id=\"18561\" class=\"elementor elementor-18561 elementor-14427\">\n\t\t\t\t\t\t<section class=\"elementor-section elementor-top-section elementor-element elementor-element-551c882 elementor-section-height-min-height elementor-section-items-stretch elementor-section-stretched page-title elementor-section-boxed elementor-section-height-default\" data-id=\"551c882\" data-element_type=\"section\" data-e-type=\"section\" data-settings=\"{&quot;background_background&quot;:&quot;classic&quot;,&quot;stretch_section&quot;:&quot;section-stretched&quot;}\">\n\t\t\t\t\t\t<div class=\"elementor-container elementor-column-gap-default\">\n\t\t\t\t\t<div class=\"elementor-column elementor-col-100 elementor-top-column elementor-element elementor-element-d7793b8\" data-id=\"d7793b8\" data-element_type=\"column\" data-e-type=\"column\">\n\t\t\t<div class=\"elementor-widget-wrap elementor-element-populated\">\n\t\t\t\t\t\t<div class=\"elementor-element elementor-element-0ce7b5f elementor-widget elementor-widget-image\" data-id=\"0ce7b5f\" data-element_type=\"widget\" data-e-type=\"widget\" data-widget_type=\"image.default\">\n\t\t\t\t<div class=\"elementor-widget-container\">\n\t\t\t\t\t\t\t\t\t\t\t\t\t\t\t<img decoding=\"async\" width=\"180\" height=\"180\" data-src=\"https:\/\/szeplast.com\/wp-content\/uploads\/2022\/11\/Logomark_Szeplast.png\" class=\"attachment-large size-large wp-image-11532 lazyload\" alt=\"Szeplast logomark\" data-srcset=\"https:\/\/szeplast.com\/wp-content\/uploads\/2022\/11\/Logomark_Szeplast.png 180w, https:\/\/szeplast.com\/wp-content\/uploads\/2022\/11\/Logomark_Szeplast-150x150.png 150w\" data-sizes=\"(max-width: 180px) 100vw, 180px\" src=\"data:image\/svg+xml;base64,PHN2ZyB3aWR0aD0iMSIgaGVpZ2h0PSIxIiB4bWxucz0iaHR0cDovL3d3dy53My5vcmcvMjAwMC9zdmciPjwvc3ZnPg==\" style=\"--smush-placeholder-width: 180px; --smush-placeholder-aspect-ratio: 180\/180;\" \/>\t\t\t\t\t\t\t\t\t\t\t\t\t\t\t<\/div>\n\t\t\t\t<\/div>\n\t\t\t\t<div class=\"elementor-element elementor-element-60d936f elementor-widget elementor-widget-industrium_heading\" data-id=\"60d936f\" data-element_type=\"widget\" data-e-type=\"widget\" data-widget_type=\"industrium_heading.default\">\n\t\t\t\t<div class=\"elementor-widget-container\">\n\t\t\t\t\t<div class=\"industrium-heading-widget\"><h1 class=\"industrium-heading\"><span class=\"industrium-heading-content\">Qualifizierung<\/span><\/h1><\/div>\t\t\t\t<\/div>\n\t\t\t\t<\/div>\n\t\t\t\t<div class=\"elementor-element elementor-element-5b941c2 elementor-widget elementor-widget-html\" data-id=\"5b941c2\" data-element_type=\"widget\" data-e-type=\"widget\" data-widget_type=\"html.default\">\n\t\t\t\t<div class=\"elementor-widget-container\">\n\t\t\t\t\t<nav class=\"breadcrumbs\"><a href=\"https:\/\/szeplast.com\/de\/\">Home<\/a><span class=\"delimiter\"><\/span><span class=\"current\" style=\"color:#fff\">Qualifizierung<\/span><\/nav>\r\n\t\t\t\t<\/div>\n\t\t\t\t<\/div>\n\t\t\t\t<div class=\"elementor-element elementor-element-7f060d5 elementor-absolute elementor-hidden-tablet elementor-hidden-mobile_extra elementor-hidden-mobile elementor-widget__width-auto animated-fast decoration-type-1 elementor-invisible elementor-widget elementor-widget-industrium_decoration\" data-id=\"7f060d5\" data-element_type=\"widget\" data-e-type=\"widget\" data-settings=\"{&quot;_position&quot;:&quot;absolute&quot;,&quot;_animation&quot;:&quot;industrium_decoration&quot;,&quot;_animation_tablet_extra&quot;:&quot;none&quot;,&quot;_animation_delay&quot;:300}\" data-widget_type=\"industrium_decoration.default\">\n\t\t\t\t<div class=\"elementor-widget-container\">\n\t\t\t\t\t        <div class=\"decoration-widget\">\n            <div class=\"decoration-container\">\n                <div class=\"industrium-decoration\">\n                    <div><\/div><div><\/div><div><\/div>\n                <\/div>\n            <\/div>\n        <\/div>\n        \t\t\t\t<\/div>\n\t\t\t\t<\/div>\n\t\t\t\t\t<\/div>\n\t\t<\/div>\n\t\t\t\t\t<\/div>\n\t\t<\/section>\n\t\t\t\t<section class=\"elementor-section elementor-top-section elementor-element elementor-element-971930b elementor-section-full_width elementor-section-stretched elementor-section-height-default elementor-section-height-default\" data-id=\"971930b\" data-element_type=\"section\" data-e-type=\"section\" data-settings=\"{&quot;stretch_section&quot;:&quot;section-stretched&quot;,&quot;background_background&quot;:&quot;classic&quot;}\">\n\t\t\t\t\t\t<div class=\"elementor-container elementor-column-gap-no\">\n\t\t\t\t\t<div class=\"elementor-column elementor-col-100 elementor-top-column elementor-element elementor-element-a629c3e\" data-id=\"a629c3e\" data-element_type=\"column\" data-e-type=\"column\">\n\t\t\t<div class=\"elementor-widget-wrap elementor-element-populated\">\n\t\t\t\t\t\t<section class=\"elementor-section elementor-inner-section elementor-element elementor-element-afa3868 elementor-section-boxed elementor-section-height-default elementor-section-height-default\" data-id=\"afa3868\" data-element_type=\"section\" data-e-type=\"section\">\n\t\t\t\t\t\t<div class=\"elementor-container elementor-column-gap-default\">\n\t\t\t\t\t<div class=\"elementor-column elementor-col-100 elementor-inner-column elementor-element elementor-element-1be78b3\" data-id=\"1be78b3\" data-element_type=\"column\" data-e-type=\"column\">\n\t\t\t<div class=\"elementor-widget-wrap elementor-element-populated\">\n\t\t\t\t\t\t<div class=\"elementor-element elementor-element-c56ce83 elementor-widget elementor-widget-industrium_heading\" data-id=\"c56ce83\" data-element_type=\"widget\" data-e-type=\"widget\" data-widget_type=\"industrium_heading.default\">\n\t\t\t\t<div class=\"elementor-widget-container\">\n\t\t\t\t\t<div class=\"industrium-heading-widget\"><h2 class=\"industrium-heading\"><span class=\"industrium-subheading\">Qualifizierung<\/span><span class=\"industrium-heading-content\">In allen Prozessen unseres Unternehmens legen wir besonderes Augenmerk auf die Sicherstellung der Kunden- und Qualit\u00e4tsanforderungen.<\/span><\/h2><\/div>\t\t\t\t<\/div>\n\t\t\t\t<\/div>\n\t\t\t\t<div class=\"elementor-element elementor-element-a36f721 elementor-widget elementor-widget-text-editor\" data-id=\"a36f721\" data-element_type=\"widget\" data-e-type=\"widget\" data-widget_type=\"text-editor.default\">\n\t\t\t\t<div class=\"elementor-widget-container\">\n\t\t\t\t\t\t\t\t\t<p>Das ISO-zertifizierte Qualit\u00e4tsmanagementsystem hilft, unsere regelm\u00e4\u00dfig gepr\u00fcften und st\u00e4ndig verbesserten internen Prozesse in ein standardisiertes System zu integrieren. Das integrierte Qualit\u00e4tssicherungssystem gew\u00e4hrleistet eine konsistente Unternehmenst\u00e4tigkeit vom Eingang der Rohstoffe \u00fcber die Produktionsprozesse und Handelsbeziehungen bis hin zur Auslieferung der Waren.<\/p>\n\t\t\t\t\t\t\t\t<\/div>\n\t\t\t\t<\/div>\n\t\t\t\t\t<\/div>\n\t\t<\/div>\n\t\t\t\t\t<\/div>\n\t\t<\/section>\n\t\t\t\t<section class=\"elementor-section elementor-inner-section elementor-element elementor-element-f4702ce elementor-section-boxed elementor-section-height-default elementor-section-height-default\" data-id=\"f4702ce\" data-element_type=\"section\" data-e-type=\"section\">\n\t\t\t\t\t\t<div class=\"elementor-container elementor-column-gap-default\">\n\t\t\t\t\t<div class=\"elementor-column elementor-col-25 elementor-inner-column elementor-element elementor-element-0080b0b elementor-hidden-tablet elementor-hidden-mobile_extra elementor-hidden-mobile\" data-id=\"0080b0b\" data-element_type=\"column\" data-e-type=\"column\">\n\t\t\t<div class=\"elementor-widget-wrap\">\n\t\t\t\t\t\t\t<\/div>\n\t\t<\/div>\n\t\t\t\t<div class=\"elementor-column elementor-col-25 elementor-inner-column elementor-element elementor-element-9c80f40\" data-id=\"9c80f40\" data-element_type=\"column\" data-e-type=\"column\">\n\t\t\t<div class=\"elementor-widget-wrap elementor-element-populated\">\n\t\t\t\t\t\t<div class=\"elementor-element elementor-element-003a68b elementor-invisible elementor-widget elementor-widget-image\" data-id=\"003a68b\" data-element_type=\"widget\" data-e-type=\"widget\" data-settings=\"{&quot;_animation&quot;:&quot;industrium_clip_in_down&quot;,&quot;_animation_tablet_extra&quot;:&quot;none&quot;}\" data-widget_type=\"image.default\">\n\t\t\t\t<div class=\"elementor-widget-container\">\n\t\t\t\t\t\t\t\t\t\t\t\t\t\t\t\t<a href=\"https:\/\/szeplast.com\/wp-content\/uploads\/2026\/03\/Tanusitvany_14001_HU_20221011_Erv20281204.jpg\" data-elementor-open-lightbox=\"yes\" data-elementor-lightbox-title=\"Tan\u00fas\u00edtv\u00e1ny_14001_HU_20221011_\u00c9rv20281204\" data-e-action-hash=\"#elementor-action%3Aaction%3Dlightbox%26settings%3DeyJpZCI6MjcxODUsInVybCI6Imh0dHBzOlwvXC9zemVwbGFzdC5jb21cL3dwLWNvbnRlbnRcL3VwbG9hZHNcLzIwMjZcLzAzXC9UYW51c2l0dmFueV8xNDAwMV9IVV8yMDIyMTAxMV9FcnYyMDI4MTIwNC5qcGcifQ%3D%3D\">\n\t\t\t\t\t\t\t<img fetchpriority=\"high\" decoding=\"async\" width=\"595\" height=\"841\" src=\"https:\/\/szeplast.com\/wp-content\/uploads\/2026\/03\/Tanusitvany_14001_HU_20221011_Erv20281204.jpg\" class=\"attachment-large size-large wp-image-27185\" alt=\"\" srcset=\"https:\/\/szeplast.com\/wp-content\/uploads\/2026\/03\/Tanusitvany_14001_HU_20221011_Erv20281204.jpg 595w, https:\/\/szeplast.com\/wp-content\/uploads\/2026\/03\/Tanusitvany_14001_HU_20221011_Erv20281204-212x300.jpg 212w\" sizes=\"(max-width: 595px) 100vw, 595px\" \/>\t\t\t\t\t\t\t\t<\/a>\n\t\t\t\t\t\t\t\t\t\t\t\t\t\t\t<\/div>\n\t\t\t\t<\/div>\n\t\t\t\t\t<\/div>\n\t\t<\/div>\n\t\t\t\t<div class=\"elementor-column elementor-col-25 elementor-inner-column elementor-element elementor-element-63475ca\" data-id=\"63475ca\" data-element_type=\"column\" data-e-type=\"column\">\n\t\t\t<div class=\"elementor-widget-wrap elementor-element-populated\">\n\t\t\t\t\t\t<div class=\"elementor-element elementor-element-caa1e39 elementor-invisible elementor-widget elementor-widget-image\" data-id=\"caa1e39\" data-element_type=\"widget\" data-e-type=\"widget\" data-settings=\"{&quot;_animation&quot;:&quot;industrium_clip_in_down&quot;,&quot;_animation_tablet_extra&quot;:&quot;none&quot;}\" data-widget_type=\"image.default\">\n\t\t\t\t<div class=\"elementor-widget-container\">\n\t\t\t\t\t\t\t\t\t\t\t\t\t\t\t\t<a href=\"https:\/\/szeplast.com\/wp-content\/uploads\/2026\/03\/Tanusitvany_9001_HU_20221011_Erv20281204.jpg\" data-elementor-open-lightbox=\"yes\" data-elementor-lightbox-title=\"Tan\u00fas\u00edtv\u00e1ny_9001_HU_20221011_\u00c9rv20281204\" data-e-action-hash=\"#elementor-action%3Aaction%3Dlightbox%26settings%3DeyJpZCI6MjcxOTEsInVybCI6Imh0dHBzOlwvXC9zemVwbGFzdC5jb21cL3dwLWNvbnRlbnRcL3VwbG9hZHNcLzIwMjZcLzAzXC9UYW51c2l0dmFueV85MDAxX0hVXzIwMjIxMDExX0VydjIwMjgxMjA0LmpwZyJ9\">\n\t\t\t\t\t\t\t<img decoding=\"async\" width=\"595\" height=\"841\" data-src=\"https:\/\/szeplast.com\/wp-content\/uploads\/2026\/03\/Tanusitvany_9001_HU_20221011_Erv20281204.jpg\" class=\"attachment-large size-large wp-image-27191 lazyload\" alt=\"\" data-srcset=\"https:\/\/szeplast.com\/wp-content\/uploads\/2026\/03\/Tanusitvany_9001_HU_20221011_Erv20281204.jpg 595w, https:\/\/szeplast.com\/wp-content\/uploads\/2026\/03\/Tanusitvany_9001_HU_20221011_Erv20281204-212x300.jpg 212w\" data-sizes=\"(max-width: 595px) 100vw, 595px\" src=\"data:image\/svg+xml;base64,PHN2ZyB3aWR0aD0iMSIgaGVpZ2h0PSIxIiB4bWxucz0iaHR0cDovL3d3dy53My5vcmcvMjAwMC9zdmciPjwvc3ZnPg==\" style=\"--smush-placeholder-width: 595px; --smush-placeholder-aspect-ratio: 595\/841;\" \/>\t\t\t\t\t\t\t\t<\/a>\n\t\t\t\t\t\t\t\t\t\t\t\t\t\t\t<\/div>\n\t\t\t\t<\/div>\n\t\t\t\t\t<\/div>\n\t\t<\/div>\n\t\t\t\t<div class=\"elementor-column elementor-col-25 elementor-inner-column elementor-element elementor-element-0325709 elementor-hidden-tablet elementor-hidden-mobile\" data-id=\"0325709\" data-element_type=\"column\" data-e-type=\"column\">\n\t\t\t<div class=\"elementor-widget-wrap\">\n\t\t\t\t\t\t\t<\/div>\n\t\t<\/div>\n\t\t\t\t\t<\/div>\n\t\t<\/section>\n\t\t\t\t<section class=\"elementor-section elementor-inner-section elementor-element elementor-element-d41adf3 elementor-section-boxed elementor-section-height-default elementor-section-height-default\" data-id=\"d41adf3\" data-element_type=\"section\" data-e-type=\"section\">\n\t\t\t\t\t\t<div class=\"elementor-container elementor-column-gap-default\">\n\t\t\t\t\t<div class=\"elementor-column elementor-col-25 elementor-inner-column elementor-element elementor-element-9af6780 elementor-hidden-tablet elementor-hidden-mobile\" data-id=\"9af6780\" data-element_type=\"column\" data-e-type=\"column\">\n\t\t\t<div class=\"elementor-widget-wrap\">\n\t\t\t\t\t\t\t<\/div>\n\t\t<\/div>\n\t\t\t\t<div class=\"elementor-column elementor-col-25 elementor-inner-column elementor-element elementor-element-01330b7\" data-id=\"01330b7\" data-element_type=\"column\" data-e-type=\"column\">\n\t\t\t<div class=\"elementor-widget-wrap elementor-element-populated\">\n\t\t\t\t\t\t<div class=\"elementor-element elementor-element-65e1461 elementor-invisible elementor-widget elementor-widget-image\" data-id=\"65e1461\" data-element_type=\"widget\" data-e-type=\"widget\" data-settings=\"{&quot;_animation&quot;:&quot;industrium_clip_in_down&quot;,&quot;_animation_tablet_extra&quot;:&quot;none&quot;}\" data-widget_type=\"image.default\">\n\t\t\t\t<div class=\"elementor-widget-container\">\n\t\t\t\t\t\t\t\t\t\t\t\t\t\t\t\t<a href=\"https:\/\/szeplast.com\/wp-content\/uploads\/2026\/03\/Tanusitvany_14001_EN_20221011_Erv20281204.jpg\" data-elementor-open-lightbox=\"yes\" data-elementor-lightbox-title=\"Tan\u00fas\u00edtv\u00e1ny_14001_EN_20221011_\u00c9rv20281204\" data-e-action-hash=\"#elementor-action%3Aaction%3Dlightbox%26settings%3DeyJpZCI6MjcxOTcsInVybCI6Imh0dHBzOlwvXC9zemVwbGFzdC5jb21cL3dwLWNvbnRlbnRcL3VwbG9hZHNcLzIwMjZcLzAzXC9UYW51c2l0dmFueV8xNDAwMV9FTl8yMDIyMTAxMV9FcnYyMDI4MTIwNC5qcGcifQ%3D%3D\">\n\t\t\t\t\t\t\t<img decoding=\"async\" width=\"595\" height=\"841\" data-src=\"https:\/\/szeplast.com\/wp-content\/uploads\/2026\/03\/Tanusitvany_14001_EN_20221011_Erv20281204.jpg\" class=\"attachment-large size-large wp-image-27197 lazyload\" alt=\"\" data-srcset=\"https:\/\/szeplast.com\/wp-content\/uploads\/2026\/03\/Tanusitvany_14001_EN_20221011_Erv20281204.jpg 595w, https:\/\/szeplast.com\/wp-content\/uploads\/2026\/03\/Tanusitvany_14001_EN_20221011_Erv20281204-212x300.jpg 212w\" data-sizes=\"(max-width: 595px) 100vw, 595px\" src=\"data:image\/svg+xml;base64,PHN2ZyB3aWR0aD0iMSIgaGVpZ2h0PSIxIiB4bWxucz0iaHR0cDovL3d3dy53My5vcmcvMjAwMC9zdmciPjwvc3ZnPg==\" style=\"--smush-placeholder-width: 595px; --smush-placeholder-aspect-ratio: 595\/841;\" \/>\t\t\t\t\t\t\t\t<\/a>\n\t\t\t\t\t\t\t\t\t\t\t\t\t\t\t<\/div>\n\t\t\t\t<\/div>\n\t\t\t\t\t<\/div>\n\t\t<\/div>\n\t\t\t\t<div class=\"elementor-column elementor-col-25 elementor-inner-column elementor-element elementor-element-9b67b76\" data-id=\"9b67b76\" data-element_type=\"column\" data-e-type=\"column\">\n\t\t\t<div class=\"elementor-widget-wrap elementor-element-populated\">\n\t\t\t\t\t\t<div class=\"elementor-element elementor-element-714a2a4 elementor-invisible elementor-widget elementor-widget-image\" data-id=\"714a2a4\" data-element_type=\"widget\" data-e-type=\"widget\" data-settings=\"{&quot;_animation&quot;:&quot;industrium_clip_in_down&quot;,&quot;_animation_tablet_extra&quot;:&quot;none&quot;}\" data-widget_type=\"image.default\">\n\t\t\t\t<div class=\"elementor-widget-container\">\n\t\t\t\t\t\t\t\t\t\t\t\t\t\t\t\t<a href=\"https:\/\/szeplast.com\/wp-content\/uploads\/2026\/03\/Tanusitvany_9001_EN_20221011_Erv20281204.jpg\" data-elementor-open-lightbox=\"yes\" data-elementor-lightbox-title=\"Tan\u00fas\u00edtv\u00e1ny_9001_EN_20221011_\u00c9rv20281204\" data-e-action-hash=\"#elementor-action%3Aaction%3Dlightbox%26settings%3DeyJpZCI6MjcyMDMsInVybCI6Imh0dHBzOlwvXC9zemVwbGFzdC5jb21cL3dwLWNvbnRlbnRcL3VwbG9hZHNcLzIwMjZcLzAzXC9UYW51c2l0dmFueV85MDAxX0VOXzIwMjIxMDExX0VydjIwMjgxMjA0LmpwZyJ9\">\n\t\t\t\t\t\t\t<img decoding=\"async\" width=\"595\" height=\"841\" data-src=\"https:\/\/szeplast.com\/wp-content\/uploads\/2026\/03\/Tanusitvany_9001_EN_20221011_Erv20281204.jpg\" class=\"attachment-large size-large wp-image-27203 lazyload\" alt=\"\" data-srcset=\"https:\/\/szeplast.com\/wp-content\/uploads\/2026\/03\/Tanusitvany_9001_EN_20221011_Erv20281204.jpg 595w, https:\/\/szeplast.com\/wp-content\/uploads\/2026\/03\/Tanusitvany_9001_EN_20221011_Erv20281204-212x300.jpg 212w\" data-sizes=\"(max-width: 595px) 100vw, 595px\" src=\"data:image\/svg+xml;base64,PHN2ZyB3aWR0aD0iMSIgaGVpZ2h0PSIxIiB4bWxucz0iaHR0cDovL3d3dy53My5vcmcvMjAwMC9zdmciPjwvc3ZnPg==\" style=\"--smush-placeholder-width: 595px; --smush-placeholder-aspect-ratio: 595\/841;\" \/>\t\t\t\t\t\t\t\t<\/a>\n\t\t\t\t\t\t\t\t\t\t\t\t\t\t\t<\/div>\n\t\t\t\t<\/div>\n\t\t\t\t\t<\/div>\n\t\t<\/div>\n\t\t\t\t<div class=\"elementor-column elementor-col-25 elementor-inner-column elementor-element elementor-element-014c900 elementor-hidden-tablet elementor-hidden-mobile_extra\" data-id=\"014c900\" data-element_type=\"column\" data-e-type=\"column\">\n\t\t\t<div class=\"elementor-widget-wrap\">\n\t\t\t\t\t\t\t<\/div>\n\t\t<\/div>\n\t\t\t\t\t<\/div>\n\t\t<\/section>\n\t\t\t\t\t<\/div>\n\t\t<\/div>\n\t\t\t\t\t<\/div>\n\t\t<\/section>\n\t\t\t\t<\/div>\n\t\t","protected":false},"excerpt":{"rendered":"<p>HomeQualifizierung Das ISO-zertifizierte Qualit\u00e4tsmanagementsystem hilft, unsere regelm\u00e4\u00dfig gepr\u00fcften und st\u00e4ndig verbesserten internen Prozesse in ein standardisiertes System zu integrieren. Das integrierte Qualit\u00e4tssicherungssystem gew\u00e4hrleistet eine konsistente Unternehmenst\u00e4tigkeit vom Eingang der Rohstoffe \u00fcber die Produktionsprozesse und Handelsbeziehungen bis hin zur Auslieferung der Waren.<\/p>\n","protected":false},"author":1,"featured_media":0,"parent":0,"menu_order":0,"comment_status":"closed","ping_status":"closed","template":"","meta":{"om_disable_all_campaigns":false,"_monsterinsights_skip_tracking":false,"_monsterinsights_sitenote_active":false,"_monsterinsights_sitenote_note":"","_monsterinsights_sitenote_category":0,"footnotes":""},"class_list":["post-18561","page","type-page","status-publish","hentry"],"aioseo_notices":[],"_links":{"self":[{"href":"https:\/\/szeplast.com\/de\/wp-json\/wp\/v2\/pages\/18561","targetHints":{"allow":["GET"]}}],"collection":[{"href":"https:\/\/szeplast.com\/de\/wp-json\/wp\/v2\/pages"}],"about":[{"href":"https:\/\/szeplast.com\/de\/wp-json\/wp\/v2\/types\/page"}],"author":[{"embeddable":true,"href":"https:\/\/szeplast.com\/de\/wp-json\/wp\/v2\/users\/1"}],"replies":[{"embeddable":true,"href":"https:\/\/szeplast.com\/de\/wp-json\/wp\/v2\/comments?post=18561"}],"version-history":[{"count":18,"href":"https:\/\/szeplast.com\/de\/wp-json\/wp\/v2\/pages\/18561\/revisions"}],"predecessor-version":[{"id":27217,"href":"https:\/\/szeplast.com\/de\/wp-json\/wp\/v2\/pages\/18561\/revisions\/27217"}],"wp:attachment":[{"href":"https:\/\/szeplast.com\/de\/wp-json\/wp\/v2\/media?parent=18561"}],"curies":[{"name":"wp","href":"https:\/\/api.w.org\/{rel}","templated":true}]}}